{"id":111,"date":"2016-10-08T22:18:28","date_gmt":"2016-10-09T02:18:28","guid":{"rendered":"http:\/\/microsites.diocesemontreal.org\/micrositesues\/cathedralecatholiquedemontreal\/?page_id=111"},"modified":"2022-07-31T16:23:51","modified_gmt":"2022-07-31T20:23:51","slug":"boutique","status":"publish","type":"page","link":"https:\/\/microsites.diocesemontreal.org\/microsites\/cathedralecatholiquedemontreal\/boutique\/","title":{"rendered":"Boutique"},"content":{"rendered":"<p style=\"text-align: justify;\">La boutique de la Basilique Cath\u00e9drale Marie-Reine-du-Monde offre une grande vari\u00e9t\u00e9 d\u2019articles religieux. Elle propose des nombreux objets de d\u00e9votion \u00e0 la Vierge-Marie ainsi que les crucifix, les chapelets, les lampions, les images pieuses, les m\u00e9dailles, les statues et les ic\u00f4nes. Quelques s\u00e9lections de livres, de bibles, des pri\u00e8res, de disques, des cartes et de films vous seront pr\u00e9sent\u00e9s comme suggestions de cadeaux pour les f\u00eates et les c\u00e9l\u00e9brations religieuses.<\/p>\n<p style=\"text-align: justify;\">La boutique est situ\u00e9e dans le portique (narthex) de la cath\u00e9drale et est ouverte tous les jours de la semaine de 10h \u00e0 18h<\/p>\n<p><strong><a href=\"https:\/\/cathedrale.boutique\/\">ACC\u00c9DER \u00c0 LA BOUTIQUE EN LIGNE<\/a><\/strong><\/p>\n<p style=\"text-align: justify;\">Pour plus d&rsquo;Information<br \/>\n514 866-1661 poste 448<br \/>\nPaiement par carte bancaire et paiement par carte de cr\u00e9dit Visa, Master Card, American Express accept\u00e9s.<\/p>\n","protected":false},"excerpt":{"rendered":"<p>La boutique de la Basilique Cath\u00e9drale Marie-Reine-du-Monde offre une grande vari\u00e9t\u00e9 d\u2019articles religieux. Elle propose des nombreux objets de d\u00e9votion \u00e0 la Vierge-Marie ainsi que les crucifix, les chapelets, les lampions, les images pieuses, les m\u00e9dailles, les statues et les &hellip; <a href=\"https:\/\/microsites.diocesemontreal.org\/microsites\/cathedralecatholiquedemontreal\/boutique\/\">Continuer la lecture <span class=\"meta-nav\">&rarr;<\/span><\/a><\/p>\n","protected":false},"author":12,"featured_media":0,"parent":0,"menu_order":9,"comment_status":"closed","ping_status":"closed","template":"","meta":{"_monsterinsights_skip_tracking":false,"_monsterinsights_sitenote_active":false,"_monsterinsights_sitenote_note":"","_monsterinsights_sitenote_category":0,"footnotes":""},"class_list":["post-111","page","type-page","status-publish","hentry"],"_links":{"self":[{"href":"https:\/\/microsites.diocesemontreal.org\/microsites\/cathedralecatholiquedemontreal\/wp-json\/wp\/v2\/pages\/111","targetHints":{"allow":["GET"]}}],"collection":[{"href":"https:\/\/microsites.diocesemontreal.org\/microsites\/cathedralecatholiquedemontreal\/wp-json\/wp\/v2\/pages"}],"about":[{"href":"https:\/\/microsites.diocesemontreal.org\/microsites\/cathedralecatholiquedemontreal\/wp-json\/wp\/v2\/types\/page"}],"author":[{"embeddable":true,"href":"https:\/\/microsites.diocesemontreal.org\/microsites\/cathedralecatholiquedemontreal\/wp-json\/wp\/v2\/users\/12"}],"replies":[{"embeddable":true,"href":"https:\/\/microsites.diocesemontreal.org\/microsites\/cathedralecatholiquedemontreal\/wp-json\/wp\/v2\/comments?post=111"}],"version-history":[{"count":8,"href":"https:\/\/microsites.diocesemontreal.org\/microsites\/cathedralecatholiquedemontreal\/wp-json\/wp\/v2\/pages\/111\/revisions"}],"predecessor-version":[{"id":1311,"href":"https:\/\/microsites.diocesemontreal.org\/microsites\/cathedralecatholiquedemontreal\/wp-json\/wp\/v2\/pages\/111\/revisions\/1311"}],"wp:attachment":[{"href":"https:\/\/microsites.diocesemontreal.org\/microsites\/cathedralecatholiquedemontreal\/wp-json\/wp\/v2\/media?parent=111"}],"curies":[{"name":"wp","href":"https:\/\/api.w.org\/{rel}","templated":true}]}}