{"id":113,"date":"2016-10-08T23:23:16","date_gmt":"2016-10-09T03:23:16","guid":{"rendered":"http:\/\/microsites.diocesemontreal.org\/micrositesues\/cathedralecatholiquedemontreal\/?page_id=113"},"modified":"2019-10-28T17:41:17","modified_gmt":"2019-10-28T21:41:17","slug":"nous-joindre","status":"publish","type":"page","link":"https:\/\/microsites.diocesemontreal.org\/microsites\/cathedralecatholiquedemontreal\/nous-joindre\/","title":{"rendered":"Nous joindre"},"content":{"rendered":"<p><strong>Basilique Cath\u00e9drale Marie-Reine-du-Monde et Saint-Jacques-le-Majeur <\/strong><\/p>\n<p><em>Heures d&rsquo;ouverture<\/em><br \/>\nDu lundi au vendredi 6h30 \u00e0 19h<br \/>\nSamedi et dimanche 6h30 \u00e0 19h<\/p>\n<p><strong>Secr\u00e9tariat <\/strong><\/p>\n<p>1085, rue de la Cath\u00e9drale<br \/>\nMontr\u00e9al (Qu\u00e9bec)<br \/>\nH3B 2V3<\/p>\n<p><em>Heures d&rsquo;ouverture<\/em><br \/>\nDu lundi au vendredi 8h30 -12h et 13h00 -16h00<\/p>\n<p>T\u00e9l\u00e9phone : 514-866-1661<br \/>\nT\u00e9l\u00e9copieur : 514-864-5639<\/p>\n<p><strong>Courriel: \u00a0<a href=\"mailto:infos@cathedralecatholiquedemontreal.org\">infos@cathedralecatholiquedemontreal.org<\/a><\/strong><\/p>\n<p><strong>Facebook: <a href=\"http:\/\/www.facebook.com\/cathedraledemontreal\">www.facebook.com\/cathedraledemontreal\u00a0<\/a><\/strong><\/p>\n<p><a href=\"https:\/\/microsites.diocesemontreal.org\/microsites\/cathedralecatholiquedemontreal\/wp-admin\/\">&#8230;<\/a><\/p>\n","protected":false},"excerpt":{"rendered":"<p>Basilique Cath\u00e9drale Marie-Reine-du-Monde et Saint-Jacques-le-Majeur Heures d&rsquo;ouverture Du lundi au vendredi 6h30 \u00e0 19h Samedi et dimanche 6h30 \u00e0 19h Secr\u00e9tariat 1085, rue de la Cath\u00e9drale Montr\u00e9al (Qu\u00e9bec) H3B 2V3 Heures d&rsquo;ouverture Du lundi au vendredi 8h30 -12h et 13h00 &hellip; <a href=\"https:\/\/microsites.diocesemontreal.org\/microsites\/cathedralecatholiquedemontreal\/nous-joindre\/\">Continuer la lecture <span class=\"meta-nav\">&rarr;<\/span><\/a><\/p>\n","protected":false},"author":12,"featured_media":0,"parent":0,"menu_order":10,"comment_status":"closed","ping_status":"closed","template":"","meta":{"_monsterinsights_skip_tracking":false,"_monsterinsights_sitenote_active":false,"_monsterinsights_sitenote_note":"","_monsterinsights_sitenote_category":0,"footnotes":""},"class_list":["post-113","page","type-page","status-publish","hentry"],"_links":{"self":[{"href":"https:\/\/microsites.diocesemontreal.org\/microsites\/cathedralecatholiquedemontreal\/wp-json\/wp\/v2\/pages\/113","targetHints":{"allow":["GET"]}}],"collection":[{"href":"https:\/\/microsites.diocesemontreal.org\/microsites\/cathedralecatholiquedemontreal\/wp-json\/wp\/v2\/pages"}],"about":[{"href":"https:\/\/microsites.diocesemontreal.org\/microsites\/cathedralecatholiquedemontreal\/wp-json\/wp\/v2\/types\/page"}],"author":[{"embeddable":true,"href":"https:\/\/microsites.diocesemontreal.org\/microsites\/cathedralecatholiquedemontreal\/wp-json\/wp\/v2\/users\/12"}],"replies":[{"embeddable":true,"href":"https:\/\/microsites.diocesemontreal.org\/microsites\/cathedralecatholiquedemontreal\/wp-json\/wp\/v2\/comments?post=113"}],"version-history":[{"count":5,"href":"https:\/\/microsites.diocesemontreal.org\/microsites\/cathedralecatholiquedemontreal\/wp-json\/wp\/v2\/pages\/113\/revisions"}],"predecessor-version":[{"id":624,"href":"https:\/\/microsites.diocesemontreal.org\/microsites\/cathedralecatholiquedemontreal\/wp-json\/wp\/v2\/pages\/113\/revisions\/624"}],"wp:attachment":[{"href":"https:\/\/microsites.diocesemontreal.org\/microsites\/cathedralecatholiquedemontreal\/wp-json\/wp\/v2\/media?parent=113"}],"curies":[{"name":"wp","href":"https:\/\/api.w.org\/{rel}","templated":true}]}}