{"id":35,"date":"2016-10-07T20:43:14","date_gmt":"2016-10-08T00:43:14","guid":{"rendered":"http:\/\/microsites.diocesemontreal.org\/micrositesues\/cathedralecatholiquedemontreal\/?page_id=35"},"modified":"2018-09-16T21:24:28","modified_gmt":"2018-09-17T01:24:28","slug":"archeveque","status":"publish","type":"page","link":"https:\/\/microsites.diocesemontreal.org\/microsites\/cathedralecatholiquedemontreal\/archeveque\/","title":{"rendered":"Archev\u00eaque"},"content":{"rendered":"<div style=\"text-align: center\"><b>Son Excellence Monseigneur\u00a0Christian L\u00e9pine<br \/>\nArchev\u00eaque de Montr\u00e9al<\/b><\/div>\n<div style=\"text-align: center\"><\/div>\n<div style=\"text-align: center\"><b><img loading=\"lazy\" decoding=\"async\" class=\"aligncenter size-full wp-image-289\" src=\"https:\/\/microsites.diocesemontreal.org\/microsites\/cathedralecatholiquedemontreal\/wp-content\/uploads\/sites\/11\/2017\/03\/Mgr-Lepine_2016.jpg\" alt=\"\" width=\"250\" height=\"333\" srcset=\"https:\/\/microsites.diocesemontreal.org\/microsites\/cathedralecatholiquedemontreal\/wp-content\/uploads\/sites\/11\/2017\/03\/Mgr-Lepine_2016.jpg 250w, https:\/\/microsites.diocesemontreal.org\/microsites\/cathedralecatholiquedemontreal\/wp-content\/uploads\/sites\/11\/2017\/03\/Mgr-Lepine_2016-225x300.jpg 225w, https:\/\/microsites.diocesemontreal.org\/microsites\/cathedralecatholiquedemontreal\/wp-content\/uploads\/sites\/11\/2017\/03\/Mgr-Lepine_2016-135x180.jpg 135w\" sizes=\"auto, (max-width: 250px) 100vw, 250px\" \/><\/b><\/div>\n<div style=\"text-align: center\">Naissance : 18 septembre 1951<br \/>\nDiaconat : 17 novembre 1982<br \/>\nPr\u00eatrise : 7 septembre 1983<br \/>\n\u00c9piscopat : 10 septembre 2011<br \/>\nArchev\u00eaque de Montr\u00e9al : 20 mars 2012<\/div>\n<p>&nbsp;<\/p>\n<div style=\"text-align: justify\">Mgr L\u00e9pine a une longue exp\u00e9rience de pasteur et d\u2019enseignant. Ordonn\u00e9 pr\u00eatre en 1983, \u00e0 Saint-Andr\u00e9-Ap\u00f4tre, il a d\u2019abord exerc\u00e9 son minist\u00e8re presbyt\u00e9ral \u00e0 Saint-Joseph du Mont-Royal avant d\u2019aller faire des \u00e9tudes de philosophie \u00e0 l\u2019Universit\u00e9 pontificale gr\u00e9gorienne \u00e0 Rome, de 1986 \u00e0 1989. De retour \u00e0 Montr\u00e9al,\u00a0 il est nomm\u00e9 vicaire \u00e0 Notre-Dame-des-Neiges et cur\u00e9 de Saint-Joseph du Mont-Royal. Il y demeurera jusqu\u2019en 1996, alors qu\u2019il accepte la direction du Secr\u00e9tariat du cardinal Jean-Claude Turcotte. En 1998, il est appel\u00e9 \u00e0 Rome o\u00f9 il travaillera \u00e0 la Secr\u00e9tairerie d\u2019\u00c9tat, puis \u00e0 la Congr\u00e9gation pour le Culte divin.<\/div>\n<div style=\"text-align: justify\"><\/div>\n<p>&nbsp;<\/p>\n<div style=\"text-align: justify\">En 2000, il rentre \u00e0 Montr\u00e9al et est nomm\u00e9 directeur au Grand S\u00e9minaire, un mandat qu\u2019il assumera jusqu\u2019en 2006.\u00a0 De 2006 \u00e0 2012, il est le cur\u00e9 des paroisses de la Purification de la Bienheureuse-Vierge-Marie et de Notre-Dame-des-Champs. \u00c0 travers ses diverses activit\u00e9s, Mgr L\u00e9pine a enseign\u00e9 la philosophie et la th\u00e9ologie pendant une vingtaine d\u2019ann\u00e9es au Grand S\u00e9minaire de Montr\u00e9al.<\/div>\n<p>&nbsp;<\/p>\n<div style=\"text-align: justify\"><\/div>\n<div style=\"text-align: justify\">Ordonn\u00e9 \u00e9v\u00eaque le 10 septembre 2011 par le cardinal Jean-Claude Turcotte, il est nomm\u00e9 Vicaire \u00e9piscopal \u00e0 la famille et aux jeunes ainsi que directeur du Service de pastorale liturgique. Enfin, le 20 mars 2012, il est nomm\u00e9 archev\u00eaque de Montr\u00e9al par le pape Beno\u00eet XVI. Mgr L\u00e9pine est le dixi\u00e8me \u00e9v\u00eaque et le huiti\u00e8me archev\u00eaque de Montr\u00e9al,depuis la fondation du dioc\u00e8se en 1836.<\/div>\n<p><img loading=\"lazy\" decoding=\"async\" class=\" aligncenter\" src=\"https:\/\/www.diocesemontreal.org\/sites\/default\/files\/inline-images\/u730.jpg\" width=\"262\" height=\"327\" \/><\/p>\n<div style=\"text-align: center\"><\/div>\n<p>&nbsp;<\/p>\n","protected":false},"excerpt":{"rendered":"<p>Son Excellence Monseigneur\u00a0Christian L\u00e9pine Archev\u00eaque de Montr\u00e9al Naissance : 18 septembre 1951 Diaconat : 17 novembre 1982 Pr\u00eatrise : 7 septembre 1983 \u00c9piscopat : 10 septembre 2011 Archev\u00eaque de Montr\u00e9al : 20 mars 2012 &nbsp; Mgr L\u00e9pine a une longue &hellip; <a href=\"https:\/\/microsites.diocesemontreal.org\/microsites\/cathedralecatholiquedemontreal\/archeveque\/\">Continuer la lecture <span class=\"meta-nav\">&rarr;<\/span><\/a><\/p>\n","protected":false},"author":12,"featured_media":0,"parent":0,"menu_order":3,"comment_status":"closed","ping_status":"closed","template":"","meta":{"_monsterinsights_skip_tracking":false,"_monsterinsights_sitenote_active":false,"_monsterinsights_sitenote_note":"","_monsterinsights_sitenote_category":0,"footnotes":""},"class_list":["post-35","page","type-page","status-publish","hentry"],"_links":{"self":[{"href":"https:\/\/microsites.diocesemontreal.org\/microsites\/cathedralecatholiquedemontreal\/wp-json\/wp\/v2\/pages\/35","targetHints":{"allow":["GET"]}}],"collection":[{"href":"https:\/\/microsites.diocesemontreal.org\/microsites\/cathedralecatholiquedemontreal\/wp-json\/wp\/v2\/pages"}],"about":[{"href":"https:\/\/microsites.diocesemontreal.org\/microsites\/cathedralecatholiquedemontreal\/wp-json\/wp\/v2\/types\/page"}],"author":[{"embeddable":true,"href":"https:\/\/microsites.diocesemontreal.org\/microsites\/cathedralecatholiquedemontreal\/wp-json\/wp\/v2\/users\/12"}],"replies":[{"embeddable":true,"href":"https:\/\/microsites.diocesemontreal.org\/microsites\/cathedralecatholiquedemontreal\/wp-json\/wp\/v2\/comments?post=35"}],"version-history":[{"count":6,"href":"https:\/\/microsites.diocesemontreal.org\/microsites\/cathedralecatholiquedemontreal\/wp-json\/wp\/v2\/pages\/35\/revisions"}],"predecessor-version":[{"id":551,"href":"https:\/\/microsites.diocesemontreal.org\/microsites\/cathedralecatholiquedemontreal\/wp-json\/wp\/v2\/pages\/35\/revisions\/551"}],"wp:attachment":[{"href":"https:\/\/microsites.diocesemontreal.org\/microsites\/cathedralecatholiquedemontreal\/wp-json\/wp\/v2\/media?parent=35"}],"curies":[{"name":"wp","href":"https:\/\/api.w.org\/{rel}","templated":true}]}}