{"id":841,"date":"2020-04-08T15:34:57","date_gmt":"2020-04-08T19:34:57","guid":{"rendered":"http:\/\/microsites.diocesemontreal.org\/microsites\/cathedralecatholiquedemontreal\/?page_id=841"},"modified":"2020-05-08T16:04:56","modified_gmt":"2020-05-08T20:04:56","slug":"donner-a-la-cathedrale","status":"publish","type":"page","link":"https:\/\/microsites.diocesemontreal.org\/microsites\/cathedralecatholiquedemontreal\/donner-a-la-cathedrale\/","title":{"rendered":"Donner \u00e0 la Cath\u00e9drale \/ Donate to the Cathedral"},"content":{"rendered":"<p>Chers fid\u00e8les de la Cath\u00e9drale,<\/p>\n<p>L\u2019\u00e9glise a toujours v\u00e9cu des dons des fid\u00e8les. Son message est important aujourd\u2019hui , c\u2019est celui de la parole du Christ.<br \/>\nChaque don est important et contribue \u00e0 soutenir notre mission.<\/p>\n<p>Merci pour votre g\u00e9n\u00e9rosit\u00e9 et votre communion de pri\u00e8re qui nous permettront de subvenir aux besoins de cette basilique \u2013Cath\u00e9drale.<\/p>\n<p>Alain Vaillancourt, cur\u00e9<\/p>\n<form action=\"https:\/\/www.paypal.com\/cgi-bin\/webscr\" method=\"post\" target=\"_top\"><input name=\"cmd\" type=\"hidden\" value=\"_s-xclick\" \/><br \/>\n<input name=\"hosted_button_id\" type=\"hidden\" value=\"464WFPL53AJT8\" \/><br \/>\n<input title=\"PayPal - The safer, easier way to pay online!\" alt=\"Bouton Faire un don avec PayPal\" name=\"submit\" src=\"https:\/\/www.paypalobjects.com\/fr_CA\/i\/btn\/btn_donateCC_LG.gif\" type=\"image\" \/><br \/>\n<img loading=\"lazy\" decoding=\"async\" src=\"https:\/\/www.paypal.com\/fr_CA\/i\/scr\/pixel.gif\" alt=\"\" width=\"1\" height=\"1\" border=\"0\" \/><\/form>\n<hr \/>\n<p>Dear faithful of the Cathedral,<\/p>\n<p>The church has always lived from gifts from the faithful. His message is important today, that of the word of Christ.<br \/>\nEach donation is important and contributes to supporting our mission.<\/p>\n<p>Thank you for your generosity and your prayer communion which will allow us to provide for the needs of this basilica &#8211; Cathedral.<\/p>\n<p>Father Alain Vaillancourt<\/p>\n<form action=\"https:\/\/www.paypal.com\/cgi-bin\/webscr\" method=\"post\" target=\"_top\"><input name=\"cmd\" type=\"hidden\" value=\"_s-xclick\" \/><br \/>\n<input name=\"hosted_button_id\" type=\"hidden\" value=\"464WFPL53AJT8\" \/><br \/>\n<input title=\"PayPal - The safer, easier way to pay online!\" alt=\"Bouton Faire un don avec PayPal\" name=\"submit\" src=\"https:\/\/www.paypalobjects.com\/fr_CA\/i\/btn\/btn_donateCC_LG.gif\" type=\"image\" \/><br \/>\n<img loading=\"lazy\" decoding=\"async\" src=\"https:\/\/www.paypal.com\/fr_CA\/i\/scr\/pixel.gif\" alt=\"\" width=\"1\" height=\"1\" border=\"0\" \/><\/form>\n","protected":false},"excerpt":{"rendered":"<p>Chers fid\u00e8les de la Cath\u00e9drale, L\u2019\u00e9glise a toujours v\u00e9cu des dons des fid\u00e8les. Son message est important aujourd\u2019hui , c\u2019est celui de la parole du Christ. Chaque don est important et contribue \u00e0 soutenir notre mission. Merci pour votre g\u00e9n\u00e9rosit\u00e9 &hellip; <a href=\"https:\/\/microsites.diocesemontreal.org\/microsites\/cathedralecatholiquedemontreal\/donner-a-la-cathedrale\/\">Continuer la lecture <span class=\"meta-nav\">&rarr;<\/span><\/a><\/p>\n","protected":false},"author":1,"featured_media":0,"parent":0,"menu_order":0,"comment_status":"closed","ping_status":"closed","template":"","meta":{"_monsterinsights_skip_tracking":false,"_monsterinsights_sitenote_active":false,"_monsterinsights_sitenote_note":"","_monsterinsights_sitenote_category":0,"footnotes":""},"class_list":["post-841","page","type-page","status-publish","hentry"],"_links":{"self":[{"href":"https:\/\/microsites.diocesemontreal.org\/microsites\/cathedralecatholiquedemontreal\/wp-json\/wp\/v2\/pages\/841","targetHints":{"allow":["GET"]}}],"collection":[{"href":"https:\/\/microsites.diocesemontreal.org\/microsites\/cathedralecatholiquedemontreal\/wp-json\/wp\/v2\/pages"}],"about":[{"href":"https:\/\/microsites.diocesemontreal.org\/microsites\/cathedralecatholiquedemontreal\/wp-json\/wp\/v2\/types\/page"}],"author":[{"embeddable":true,"href":"https:\/\/microsites.diocesemontreal.org\/microsites\/cathedralecatholiquedemontreal\/wp-json\/wp\/v2\/users\/1"}],"replies":[{"embeddable":true,"href":"https:\/\/microsites.diocesemontreal.org\/microsites\/cathedralecatholiquedemontreal\/wp-json\/wp\/v2\/comments?post=841"}],"version-history":[{"count":8,"href":"https:\/\/microsites.diocesemontreal.org\/microsites\/cathedralecatholiquedemontreal\/wp-json\/wp\/v2\/pages\/841\/revisions"}],"predecessor-version":[{"id":915,"href":"https:\/\/microsites.diocesemontreal.org\/microsites\/cathedralecatholiquedemontreal\/wp-json\/wp\/v2\/pages\/841\/revisions\/915"}],"wp:attachment":[{"href":"https:\/\/microsites.diocesemontreal.org\/microsites\/cathedralecatholiquedemontreal\/wp-json\/wp\/v2\/media?parent=841"}],"curies":[{"name":"wp","href":"https:\/\/api.w.org\/{rel}","templated":true}]}}