{"id":87,"date":"2016-10-08T21:00:56","date_gmt":"2016-10-09T01:00:56","guid":{"rendered":"http:\/\/microsites.diocesemontreal.org\/micrositesues\/cathedralecatholiquedemontreal\/?page_id=87"},"modified":"2019-10-29T18:16:13","modified_gmt":"2019-10-29T22:16:13","slug":"sacrements","status":"publish","type":"page","link":"https:\/\/microsites.diocesemontreal.org\/microsites\/cathedralecatholiquedemontreal\/patorale\/sacrements\/","title":{"rendered":"Sacrements"},"content":{"rendered":"<div style=\"text-align: center\">\n<hr \/>\n<\/div>\n<div style=\"text-align: center\"><a href=\"#Bap%20enf\">ENFANTS &#8211; BAPT\u00caME<\/a><br \/>\n<a href=\"#cat%C3%A9chum%C3%A9nat\">ADULTES- BAPT\u00caME<\/a><br \/>\n<a href=\"#Pardon\">SACREMENT DU PARDON<\/a><br \/>\n<a href=\"#PCetC\">ENFANTS &#8211; PREMI\u00c8RE COMMUNION ET CONFIRMATION<\/a><br \/>\n<a href=\"#cat%C3%A9chum%C3%A9nat\">ADULTES &#8211; PREMI\u00c8RE COMMUNION ET<br \/>\nCONFIRMATION<\/a><br \/>\n<a href=\"#Mariage\">MARIAGE<\/a><\/div>\n<div style=\"text-align: center\">\n<hr \/>\n<\/div>\n<p>&nbsp;<\/p>\n<p><a id=\"Bap enf\" name=\"Bap enf\"><\/a><\/p>\n<p><b>BAPT\u00caME D\u2019ENFANTS<br \/>\n<\/b><\/p>\n<div style=\"text-align: center\"><b><img decoding=\"async\" style=\"width: 250px;height: 150px\" src=\"http:\/\/microsites.diocesemontreal.org\/microsites\/cathedralecatholiquedemontreal\/wp-content\/uploads\/sites\/11\/2019\/10\/bapteme_1.jpg\" alt=\"\" \/><\/b><\/div>\n<p>Vous d\u00e9sirez faire baptiser votre enfant \u00e0 la Cath\u00e9drale?<\/p>\n<div style=\"text-align: justify\">Voici comment proc\u00e9der :<br \/>\n1- Prendre contact avec le secr\u00e9tariat pour vous inscrire (514-866-1661).<br \/>\n2- Assister \u00e0 des rencontres pr\u00e9paratoires . Normalement 3 rencontres sont\u00a0n\u00e9cessaires.<br \/>\n3- Apporter les documents n\u00e9cessaires pour votre enregistrement lors de\u00a0cette rencontre.<br \/>\n4 &#8211; Il n&rsquo;y a pas de frais pour un bapt\u00eame mais les dons nous aident pour\u00a0l\u2019entretien de la Cath\u00e9drale.<\/div>\n<div style=\"text-align: justify\">Lorsque vous appelez le secr\u00e9tariat, on\u00a0vous donnera un premier rendez-vous. \u00c0 la fin de la premi\u00e8re rencontre, la\u00a0date du bapt\u00eame est retenue et les dates des rencontres subs\u00e9quentes sont\u00a0\u00e9galement prises. Il faut entreprendre les d\u00e9marches deux \u00e0 trois mois\u00a0d&rsquo;avance pour faire baptiser votre enfant \u00e0 la Cath\u00e9drale!<\/div>\n<div style=\"text-align: justify\">Les parrains\/marraines de l&rsquo;enfant\u00a0doivent \u00eatre des catholiques baptis\u00e9s et confirm\u00e9s, avoir 16 ans d&rsquo;\u00e2ge\u00a0et&#8230; avoir la foi !<\/div>\n<p><b><a id=\"Pardon\" name=\"Pardon\"><\/a><br \/>\n<\/b><\/p>\n<p><b>SACREMENT DU PARDON<br \/>\n<\/b><\/p>\n<div style=\"text-align: center\"><b> <img decoding=\"async\" class=\"\" style=\"width: 177px;height: 177px\" src=\"http:\/\/microsites.diocesemontreal.org\/microsites\/cathedralecatholiquedemontreal\/wp-content\/uploads\/sites\/11\/2016\/10\/IMG_4461.jpg\" alt=\"\" \/><\/b><br \/>\n<b> <\/b><\/div>\n<div style=\"text-align: justify\">Un pr\u00eatre est g\u00e9n\u00e9ralement disponible\u00a0pour c\u00e9l\u00e9brer le sacrement de la r\u00e9conciliation.\u00a0Le confessionnal est situ\u00e9 dans la Cath\u00e9drale (\u00e0 l\u2019arri\u00e8re sur votre droite lorsque vous faites face \u00e0 l&rsquo;autel).Vous pouvez \u00e9galement vous pr\u00e9senter au presbyt\u00e8re du lundi au vendredi (1085 de la Cath\u00e9drale) ou en prenant rendez-vous au 514.866.1661.<\/div>\n<p><a id=\"Mariage\" name=\"Mariage\"><\/a><\/p>\n<p><b>MARIAGE<br \/>\n<\/b><\/p>\n<div style=\"text-align: center\"><b> <img decoding=\"async\" class=\"\" style=\"width: 499px;height: 210px\" src=\"http:\/\/microsites.diocesemontreal.org\/microsites\/cathedralecatholiquedemontreal\/wp-content\/uploads\/sites\/11\/2019\/10\/Mariage.jpg\" alt=\"\" \/><\/b><br \/>\n<b> <\/b><\/div>\n<div style=\"text-align: justify\">\n<p>Vous d\u00e9sirez vous marier \u00e0 la Cath\u00e9drale?<\/p>\n<p>1- Entrez en contact avec le secr\u00e9tariat au 514-864-5640\u00a0au moins une ann\u00e9e\u00a0d&rsquo;avance.<\/p>\n<p>2- Toujours pr\u00e9ciser lors de l&rsquo;inscription si l&rsquo;un des deux n&rsquo;est pas\u00a0baptis\u00e9 catholique (autre d\u00e9nomination chr\u00e9tienne ou autre religion).\u00a0Toutes personnes ayant d\u00e9j\u00e0 \u00e9t\u00e9 mari\u00e9es religieusement ou civilement\u00a0doivent nous en aviser. Il peut y avoir des d\u00e9marches suppl\u00e9mentaires.<\/p>\n<p>3- Apr\u00e8s avoir v\u00e9rifi\u00e9 si la date qui vous convient est libre, la\u00a0secr\u00e9taire vous informera sur les documents exacts \u00e0 fournir [notamment\u00a0votre CERTIFICAT DE BAPT\u00caME et votre acte de naissance du gouvernement)\u00a0avec toutes les annotations \u00e0 la paroisse o\u00f9 vous avez \u00e9t\u00e9 baptis\u00e9s. \u00c7a\u00a0doit \u00eatre un original r\u00e9cent (moins de 6 mois).<\/p>\n<p>4- Vous devez suivre une session de pr\u00e9paration au mariage approuv\u00e9e par\u00a0notre paroisse (obligatoire).<\/p>\n<p>5- Avant votre mariage, le pr\u00eatre vous t\u00e9l\u00e9phonera pour prendre\u00a0rendez-vous pour une premi\u00e8re rencontre. Ensuite lors d\u2019une autre\u00a0rencontre, il proc\u00e9dera \u00e0 l&rsquo;enqu\u00eate pr\u00e9nuptiale. (Il s&rsquo;agit d&rsquo;un entretien\u00a0avec le pr\u00eatre pour prendre conscience de toutes les implications de votre\u00a0mariage en \u00c9glise).<\/p>\n<p>6- Environ un mois avant votre mariage, vous devez contacter l&rsquo;organiste\u00a0ou le chantre pour leur faire part de votre choix de musique et de chants\u00a0pour la c\u00e9l\u00e9bration de votre mariage (parmi une s\u00e9lection de musique que\u00a0le pr\u00eatre vous remettra lors de votre rencontre).<\/p>\n<p>7- Notre secr\u00e9taire a les d\u00e9tails concernant les co\u00fbts du mariage. Les\u00a0frais varient selon le type de c\u00e9l\u00e9bration que vous choisissez (avec ou\u00a0sans musique, avec ou sans chantre, grande \u00e9glise ou chapelle&#8230;)<\/p>\n<p>8- Quelques jours avant le mariage, vous aurez une pratique avec le\u00a0pr\u00eatre, le Sacrement du Pardon vous sera offert.<\/p>\n<\/div>\n<p><b><a id=\"PCetC\" name=\"PCetC\"><\/a><br \/>\n<\/b><\/p>\n<p><b>ENFANTS &#8211; PREMI\u00c8RE COMMUNION &amp;CONFIRMATION<br \/>\n<\/b><b><\/b><\/p>\n<p><img loading=\"lazy\" decoding=\"async\" class=\"aligncenter\" src=\"http:\/\/microsites.diocesemontreal.org\/microsites\/cathedralecatholiquedemontreal\/wp-content\/uploads\/sites\/11\/2016\/10\/Communion.jpg\" alt=\"\" width=\"229\" height=\"189\" \/> <b> <\/b><\/p>\n<div style=\"text-align: justify\">Le parcours cat\u00e9ch\u00e9tique pour les enfants\u00a0en vue de la Premi\u00e8re Communion et de la Confirmation aura lieu aux dates\u00a0suivantes :<br \/>\nLes samedis 1er octobre, 15 octobre, 29 octobre, 12 novembre, 26 novembre,\u00a010 d\u00e9cembre, 17 d\u00e9cembre 2016 \u00e0 14h30 au 1071 rue de la Cath\u00e9drale.<\/div>\n<p><b><a id=\"cat\u00e9chum\u00e9nat\" name=\"cat\u00e9chum\u00e9nat\"><\/a><br \/>\n<\/b><\/p>\n<p><b>ADULTES \u2013 CAT\u00c9CHUM\u00c9NAT :\u00a0BAPT\u00caME, PREMI\u00c8RE COMMUNION &amp; CONFIRMATION<br \/>\n<\/b><\/p>\n<div style=\"text-align: center\"><b><img decoding=\"async\" style=\"width: 251px;height: 159px\" src=\"https:\/\/www.diocesemontreal.org\/tl_files\/actualite\/manchettes\/2016-04\/messe-neophytes-2016.jpg\" alt=\"\" \/><\/b><\/div>\n<div style=\"text-align: justify\">Tous les adultes qui ne sont pas\u00a0baptis\u00e9s, n\u2019ont pas re\u00e7u la Premi\u00e8re Communion ou n\u2019ont pas \u00e9t\u00e9 confirm\u00e9s\u00a0et qui souhaiteraient compl\u00e9ter leur initiation chr\u00e9tienne peuvent\u00a0communiquer avec le secr\u00e9tariat. (514-866-1661)<\/div>\n<p>&nbsp;<\/p>\n","protected":false},"excerpt":{"rendered":"<p>ENFANTS &#8211; BAPT\u00caME ADULTES- BAPT\u00caME SACREMENT DU PARDON ENFANTS &#8211; PREMI\u00c8RE COMMUNION ET CONFIRMATION ADULTES &#8211; PREMI\u00c8RE COMMUNION ET CONFIRMATION MARIAGE &nbsp; BAPT\u00caME D\u2019ENFANTS Vous d\u00e9sirez faire baptiser votre enfant \u00e0 la Cath\u00e9drale? Voici comment proc\u00e9der : 1- Prendre contact &hellip; <a href=\"https:\/\/microsites.diocesemontreal.org\/microsites\/cathedralecatholiquedemontreal\/patorale\/sacrements\/\">Continuer la lecture <span class=\"meta-nav\">&rarr;<\/span><\/a><\/p>\n","protected":false},"author":12,"featured_media":0,"parent":195,"menu_order":6,"comment_status":"closed","ping_status":"closed","template":"","meta":{"_monsterinsights_skip_tracking":false,"_monsterinsights_sitenote_active":false,"_monsterinsights_sitenote_note":"","_monsterinsights_sitenote_category":0,"footnotes":""},"class_list":["post-87","page","type-page","status-publish","hentry"],"_links":{"self":[{"href":"https:\/\/microsites.diocesemontreal.org\/microsites\/cathedralecatholiquedemontreal\/wp-json\/wp\/v2\/pages\/87","targetHints":{"allow":["GET"]}}],"collection":[{"href":"https:\/\/microsites.diocesemontreal.org\/microsites\/cathedralecatholiquedemontreal\/wp-json\/wp\/v2\/pages"}],"about":[{"href":"https:\/\/microsites.diocesemontreal.org\/microsites\/cathedralecatholiquedemontreal\/wp-json\/wp\/v2\/types\/page"}],"author":[{"embeddable":true,"href":"https:\/\/microsites.diocesemontreal.org\/microsites\/cathedralecatholiquedemontreal\/wp-json\/wp\/v2\/users\/12"}],"replies":[{"embeddable":true,"href":"https:\/\/microsites.diocesemontreal.org\/microsites\/cathedralecatholiquedemontreal\/wp-json\/wp\/v2\/comments?post=87"}],"version-history":[{"count":6,"href":"https:\/\/microsites.diocesemontreal.org\/microsites\/cathedralecatholiquedemontreal\/wp-json\/wp\/v2\/pages\/87\/revisions"}],"predecessor-version":[{"id":662,"href":"https:\/\/microsites.diocesemontreal.org\/microsites\/cathedralecatholiquedemontreal\/wp-json\/wp\/v2\/pages\/87\/revisions\/662"}],"up":[{"embeddable":true,"href":"https:\/\/microsites.diocesemontreal.org\/microsites\/cathedralecatholiquedemontreal\/wp-json\/wp\/v2\/pages\/195"}],"wp:attachment":[{"href":"https:\/\/microsites.diocesemontreal.org\/microsites\/cathedralecatholiquedemontreal\/wp-json\/wp\/v2\/media?parent=87"}],"curies":[{"name":"wp","href":"https:\/\/api.w.org\/{rel}","templated":true}]}}