{"id":195,"date":"2023-04-02T12:27:24","date_gmt":"2023-04-02T16:27:24","guid":{"rendered":"http:\/\/microsites.diocesemontreal.org\/micrositesues\/jmj\/?page_id=195"},"modified":"2023-04-04T16:55:58","modified_gmt":"2023-04-04T20:55:58","slug":"le-sac","status":"publish","type":"page","link":"https:\/\/microsites.diocesemontreal.org\/microsites\/jmj\/le-sac\/","title":{"rendered":"Le Sac"},"content":{"rendered":"<p>[et_pb_section fb_built=&#8221;1&#8243; _builder_version=&#8221;4.18.0&#8243; _module_preset=&#8221;default&#8221; background_image=&#8221;https:\/\/microsites.diocesemontreal.org\/microsites\/jmj\/wp-content\/uploads\/sites\/5\/2022\/06\/jmjwydmtl_asset-bg_camino-red.jpg&#8221; global_colors_info=&#8221;{}&#8221;][et_pb_row _builder_version=&#8221;4.18.0&#8243; _module_preset=&#8221;default&#8221; global_colors_info=&#8221;{}&#8221;][et_pb_column type=&#8221;4_4&#8243; _builder_version=&#8221;4.18.0&#8243; _module_preset=&#8221;default&#8221; global_colors_info=&#8221;{}&#8221;][et_pb_text _builder_version=&#8221;4.18.0&#8243; _module_preset=&#8221;default&#8221; header_font=&#8221;|800||on|||||&#8221; header_text_color=&#8221;#fcf7f5&#8243; header_font_size_tablet=&#8221;5rem&#8221; global_colors_info=&#8221;{}&#8221;]<\/p>\n<h1>Ce qu&#8217;il faut apporter<\/h1>\n<p>[\/et_pb_text][\/et_pb_column][\/et_pb_row][\/et_pb_section][et_pb_section fb_built=&#8221;1&#8243; _builder_version=&#8221;4.18.0&#8243; background_color=&#8221;#f6f4f1&#8243; global_colors_info=&#8221;{}&#8221;][et_pb_row _builder_version=&#8221;4.16&#8243; background_size=&#8221;initial&#8221; background_position=&#8221;top_left&#8221; background_repeat=&#8221;repeat&#8221; global_colors_info=&#8221;{}&#8221;][et_pb_column type=&#8221;4_4&#8243; _builder_version=&#8221;4.16&#8243; custom_padding=&#8221;|||&#8221; global_colors_info=&#8221;{}&#8221; custom_padding__hover=&#8221;|||&#8221;][et_pb_text _builder_version=&#8221;4.18.0&#8243; _module_preset=&#8221;default&#8221; hover_enabled=&#8221;0&#8243; global_colors_info=&#8221;{}&#8221; sticky_enabled=&#8221;0&#8243;]<\/p>\n<h2><strong>UN SAC LEGER<\/strong><\/h2>\n<p>&nbsp;<\/p>\n<h5>\u00abIl leur ordonna de ne rien prendre pour la route, sauf un b\u00e2ton\u00a0: pas de pain, pas de sac, pas de monnaie dans la ceinture, mais pour chaussures des sandales, \u00ab\u00a0et ne mettez pas deux tuniques\u00bb Marc 6,8-9<\/h5>\n<p>Lorsque nous pr\u00e9conisons de \u00ab voyager l\u00e9ger \u00bb pour les Journ\u00e9es Mondiales de la Jeunesse internationales, ceci est PLUS QU\u2019UNE SIMPLE recommandation!\u00a0 \u00a0Ce sera peut-\u00eatre la partie la plus difficile pour vous dans la pr\u00e9paration mais \u00e7a vaut la peine! &#x263a; La belle veste en cuir noir pour les petites soir\u00e9es fra\u00eeches ne rentrera pas dans votre sac. C\u2019est le moment de faire des choix strat\u00e9giques : prenez ce dont vous avez r\u00e9ellement besoin!<\/p>\n<p><strong>Rappelez-vous que vous aurez \u00e0 porter votre sac et vous ne savez pas quel type de route vous devrez emprunter \u00e0 pied.<br \/><\/strong>De ce fait, \u00e9vitez aussi les valises.<\/p>\n<p>&nbsp;<\/p>\n<p>[\/et_pb_text][et_pb_text _builder_version=&#8221;4.18.0&#8243; _module_preset=&#8221;default&#8221; hover_enabled=&#8221;0&#8243; global_colors_info=&#8221;{}&#8221; sticky_enabled=&#8221;0&#8243;]<\/p>\n<h1><\/h1>\n<h2><strong>\u2026BIEN \u00c9QUIP\u00c9<\/strong><\/h2>\n<p>&nbsp;<\/p>\n<h5>\u00ab\u00a0Qui de vous, en effet, s\u2019il veut b\u00e2tir une tour, ne s\u2019assied d\u2019abord pour calculer la d\u00e9pense, (pour voir) s\u2019il a de quoi l\u2019achever?\u00a0\u00bb Luc 14,28<\/h5>\n<p>Comme vous le savez d\u00e9j\u00e0, les Journ\u00e9es Mondiales de la Jeunesse internationales sont un p\u00e8lerinage o\u00f9 chacun est invit\u00e9 \u00e0 vivre une vie de simplicit\u00e9. Par cons\u00e9quent, vous devrez toujours avoir sur vous un \u00ab kit de survie \u00bb pour \u00eatre pr\u00eat \u00e0 affronter n\u2019importe quelle situation. Qu\u2019est-ce que \u00ab n\u2019importe quelle situation \u00bb sugg\u00e8re? Eh bien, disons de la simple marche sous la pluie (sac sur le dos) \u00e0 l\u2019attente, sous un soleil chaud, dans une longue file pour entrer sur le site de la vigile (toujours avec le sac sur le dos &#x263a;)\u2026<\/p>\n<p>Voyez-vous ce que cela signifie? Oui, les JMJ sont un vrai p\u00e8lerinage. C\u2019est pourquoi nous avons pris soin de pr\u00e9parer une liste pour vous aider \u00e0 vous pr\u00e9parer au mieux \u00e0 cet \u00e9v\u00e8nement d\u2019envergure. Vous pouvez jeter un coup d\u2019\u0153il \u00e0 notre liste de bagages du \u00ab\u00a0parfait JMJiste\u00a0\u00bb ci-dessous.<\/p>\n<p>[\/et_pb_text][\/et_pb_column][\/et_pb_row][et_pb_row _builder_version=&#8221;4.18.0&#8243; _module_preset=&#8221;default&#8221; hover_enabled=&#8221;0&#8243; global_colors_info=&#8221;{}&#8221; title_text=&#8221;jmjwydmtl_lisboa-bg&#8221; background_enable_image=&#8221;off&#8221; sticky_enabled=&#8221;0&#8243;][et_pb_column type=&#8221;4_4&#8243; _builder_version=&#8221;4.18.0&#8243; _module_preset=&#8221;default&#8221; global_colors_info=&#8221;{}&#8221;][et_pb_text _builder_version=&#8221;4.18.0&#8243; _module_preset=&#8221;default&#8221; global_colors_info=&#8221;{}&#8221;]<\/p>\n<h1>\u00a0<\/h1>\n<h2>La liste des bagages du \u00ab parfait JMJiste \u00bb<\/h2>\n<p>que nous proposons pour les JMJ (\u00e0 votre propre discr\u00e9tion)<\/p>\n<p>[\/et_pb_text][et_pb_toggle title=&#8221;LA DOCUMENTATION&#8221; open_toggle_background_color=&#8221;#F6F4F1&#8243; _builder_version=&#8221;4.18.0&#8243; _module_preset=&#8221;default&#8221; closed_title_font=&#8221;Manrope|700|||||||&#8221; global_colors_info=&#8221;{}&#8221;]<\/p>\n<p>Les papiers indispensables (\u00e0 garder sur vous tr\u00e8s pr\u00e9cautionneusement)<\/p>\n<ul>\n<li>Passeport (gardez-lesdans un sac &#8220;ziploc&#8221; pour le garder au sec!)<\/li>\n<li>Argent et cartes d\u00e9bit\/cr\u00e9dit<\/li>\n<li>Preuve d\u2019assurance<\/li>\n<li>Carte d\u2019identit\u00e9 avec photo<\/li>\n<li>Copies des documents d\u2019identit\u00e9 (important!)<\/li>\n<\/ul>\n<p>[\/et_pb_toggle][et_pb_toggle title=&#8221;V\u00caTEMENTS&#8221; _builder_version=&#8221;4.18.0&#8243; _module_preset=&#8221;default&#8221; closed_title_font=&#8221;Manrope|700|||||||&#8221; global_colors_info=&#8221;{}&#8221;]<\/p>\n<p><strong>V\u00eatements et chaussures<\/strong><br \/><strong>(* assurez-vous d\u2019avoir assez de v\u00eatements pour 7-8 jours sans lessive)\u00a0:<\/strong><\/p>\n<p><span>Lors de la pr\u00e9paration d&#8217;un voyage de p\u00e8lerinage par temps chaud, il est recommand\u00e9 de choisir des v\u00eatements l\u00e9gers, respirants et qui s\u00e8chent rapidement, tout en \u00e9tant adapt\u00e9s \u00e0 la nature spirituelle du voyage.<\/span><\/p>\n<ul>\n<li>T-Shirts<\/li>\n<li>Chandail \u00e0 capuchon ou Chandail Manches longues<\/li>\n<li>Pantalons, shorts ou bermudas<\/li>\n<li>Ceinture (si n\u00e9cessaire)<\/li>\n<li>Sous-v\u00eatements<\/li>\n<li>Paires de bas<\/li>\n<li>Maillot de bain<\/li>\n<li>Imperm\u00e9able<\/li>\n<li>Chapeau ou casquette<\/li>\n<li>Lunettes de soleil<\/li>\n<li><span>Pyjamas adapt\u00e9s aux dortoirs ou \u00e0 des espaces de vie partag\u00e9s<\/span><\/li>\n<li>BONNE PAIRE de souliers de marche (vraiment BONNE)<\/li>\n<li>BONNE PAIRE de sandales (pouvant aller dans l\u2019eau)<\/li>\n<\/ul>\n<p>[\/et_pb_toggle][et_pb_toggle title=&#8221;PRODUITS POUR LE CORPS&#8221; _builder_version=&#8221;4.18.0&#8243; _module_preset=&#8221;default&#8221; closed_title_font=&#8221;Manrope|700|||||||&#8221; global_colors_info=&#8221;{}&#8221;]<\/p>\n<ul>\n<li>Cr\u00e8me solaire<\/li>\n<li>Baume \u00e0 l\u00e8vres<\/li>\n<li>Cr\u00e8me\u00a0OFF! et lotion anti-moustique pour le corps et\u00a0\u00ab\u00a0After-bite\u00a0\u00bb<\/li>\n<li>Savon<\/li>\n<li>D\u00e9sinfectant \u00e0 mains<\/li>\n<li>Mini kit de premiers soins<\/li>\n<li>(\u00ab\u00a0Wet ones\u00a0\u00bb ou serviettes d\u00e9sinfectantes)<\/li>\n<li>Papier mouchoir<\/li>\n<li>Shampoing (et revitalisant)<\/li>\n<li>Brosse \u00e0 cheveux<\/li>\n<li>\u00c9lastiques pour cheveux<\/li>\n<li>Brosse \u00e0 dent<\/li>\n<li>P\u00e2te dentifrice<\/li>\n<li>Soie dentaire<\/li>\n<li>Serviette hygi\u00e9nique et\/ou tampons<\/li>\n<li>Gomme<\/li>\n<li>Tylenol<\/li>\n<li>Antidiarrh\u00e9ique<\/li>\n<li>M\u00e9dicament et prescription (si n\u00e9cessaire)<\/li>\n<li>Rasoir et lames, cr\u00e8me \u00e0 raser (si n\u00e9cessaire)<\/li>\n<li>Coupe-ongles<\/li>\n<li>D\u00e9sodoriosant<\/li>\n<li>Lunettes<\/li>\n<\/ul>\n<p>[\/et_pb_toggle][et_pb_toggle title=&#8221;MAT\u00c9RIEL (L\u00e9ger, Portable)&#8221; _builder_version=&#8221;4.18.0&#8243; _module_preset=&#8221;default&#8221; closed_title_font=&#8221;Manrope|700|||||||&#8221; global_colors_info=&#8221;{}&#8221;]<\/p>\n<ul>\n<li>Sac \u00e0 dos (38 L &#8211; 60L)<\/li>\n<li>Sac \u00e0 dos de jour (16 &#8211; 20L) avec poche \u00e0 eau.<\/li>\n<li>Matelas de sol (pr\u00e9parez-vous \u00e0 dormir par terre)<\/li>\n<li>Sac de couchage (10\u00b0C &#8211; 15\u00b0C)<\/li>\n<li>Oreiller (gonflable)<\/li>\n<li>Lampe frontale \/ lampe de poche<\/li>\n<li>Bouteille d&#8217;eau<\/li>\n<li>B\u00e2che (pour la vigile, facultatif)<\/li>\n<li>T\u00e9l\u00e9phone portable<\/li>\n<li>Batterie portable (10 000 mAh)<\/li>\n<li>C\u00e2ble de charge USB<\/li>\n<li>Chargeur mural<\/li>\n<li>Adaptateur de prise murale &#8211; prise de type C europ\u00e9en (230V)<\/li>\n<li>Radio FM portable pour les traductions simultan\u00e9es (format de poche &#8211; vos applications sur vos t\u00e9l\u00e9phones cellulaires ne fonctionneront pas)<\/li>\n<li>Ecouteurs<\/li>\n<li>Appareil photo (facultatif)<\/li>\n<\/ul>\n<p>[\/et_pb_toggle][et_pb_toggle title=&#8221;AUTRES ACCESOIRES UTILES&#8221; _builder_version=&#8221;4.18.0&#8243; _module_preset=&#8221;default&#8221; closed_title_font=&#8221;Manrope|700|||||||&#8221; global_colors_info=&#8221;{}&#8221;]<\/p>\n<ul>\n<li>Parapluie<\/li>\n<li>Ceinture d&#8217;argent<\/li>\n<li>Housse pour passeport<\/li>\n<li>Montre<\/li>\n<li>Bouchons d&#8217;oreille<\/li>\n<li>Gant de toilette<\/li>\n<li>Corde \u00e0 linge et \u00e9pingles<\/li>\n<li>Savon \u00e0 lessive (pour le lavage \u00e0 la main)*Le shampoing peut \u00eatre utilis\u00e9 \u00e0 la place.<\/li>\n<li>Sac \u00e0 linge (pour les v\u00eatements sales) &#8211; Petit<\/li>\n<li>Cadenas (approuv\u00e9 par TSA)<\/li>\n<li>\u00a0\u00c9pingles de s\u00fbret\u00e9<\/li>\n<li>Sacs Zip Lock<\/li>\n<li>Drapeau du groupe<\/li>\n<li>Articles \u00e0 \u00e9changer avec d&#8217;autres p\u00e8lerins<\/li>\n<li>Journal et stylo<\/li>\n<li>Nourriture d&#8217;urgence (ex : barre prot\u00e9in\u00e9e ou de c\u00e9r\u00e9ales)<\/li>\n<\/ul>\n<p>[\/et_pb_toggle][\/et_pb_column][\/et_pb_row][\/et_pb_section]<\/p>\n","protected":false},"excerpt":{"rendered":"<p>Ce qu&#8217;il faut apporterUN SAC LEGER &nbsp; \u00abIl leur ordonna de ne rien prendre pour la route, sauf un b\u00e2ton\u00a0: pas de pain, pas de sac, pas de monnaie dans la ceinture, mais pour chaussures des sandales, \u00ab\u00a0et ne mettez pas deux tuniques\u00bb Marc 6,8-9 Lorsque nous pr\u00e9conisons de \u00ab voyager l\u00e9ger \u00bb pour les [&hellip;]<\/p>\n","protected":false},"author":6,"featured_media":0,"parent":0,"menu_order":0,"comment_status":"closed","ping_status":"open","template":"","meta":{"_et_pb_use_builder":"on","_et_pb_old_content":"<p style=\"text-align: center\"><a href=\"https:\/\/microsites.diocesemontreal.org\/micrositesues\/jmj\/files\/2014\/11\/JMJsacliste.pdf\"><img class=\"alignnone wp-image-518\" style=\"border: 0px\" src=\"https:\/\/microsites.diocesemontreal.org\/micrositesues\/jmj\/files\/2014\/09\/wyd_pdfbutton-150x150.png\" alt=\"wyd_pdfbutton\" width=\"50\" height=\"50\"><\/a><a href=\"https:\/\/microsites.diocesemontreal.org\/micrositesues\/jmj\/files\/2014\/09\/Comment-pr\u00e9parer-vos-bagages-selon-le-groupe-de-Saint-Hyacinthe.pdf\"><img class=\"alignnone wp-image-2019\" src=\"https:\/\/microsites.diocesemontreal.org\/micrositesues\/jmj\/files\/2014\/09\/Comment-pr\u00e9parer-vos-bagages-selon-le-groupe-de-Saint-Hyacinthe-1-150x150.png\" alt=\"Comment pr\u00e9parer vos bagages selon le groupe de Saint Hyacinthe\" width=\"70\" height=\"70\"><\/a><\/p>\r\n<p style=\"text-align: center\"><img class=\"alignnone size-full wp-image-688\" style=\"border: 0px\" src=\"https:\/\/microsites.diocesemontreal.org\/micrositesues\/jmj\/files\/2014\/09\/wyd_bag.png\" alt=\"wyd_bag\" width=\"1000\" height=\"450\"><\/p>\r\n<p style=\"text-align: center\"><span style=\"color: #eb1a23;font-size: 18pt\"><strong>UN SAC LEGER<\/strong><\/span><\/p>\r\n<p style=\"text-align: center\">\u00abIl leur ordonna de ne rien prendre pour la route, sauf un b\u00e2ton\u00a0: pas de pain, pas de sac, pas de monnaie dans la ceinture, mais pour chaussures des sandales, \u00ab\u00a0et ne mettez pas deux tuniques\u00bb Marc 6,8-9<\/p>\r\n<p style=\"text-align: justify\">Lorsque nous pr\u00e9conisons de \u00ab\u00a0voyager l\u00e9ger\u00a0\u00bb pour les Journ\u00e9es Mondiales de la Jeunesse internationales, ceci est PLUS QU\u2019UNE SIMPLE recommandation! Les filles, ce sera peut-\u00eatre la partie la plus difficile pour vous dans la pr\u00e9paration mais \u00e7a vaut la peine!\u00a0\u263a La belle veste en cuir noir dernier cri pour les petites soir\u00e9es fra\u00eeches ne rentrera pas dans votre sac. C\u2019est le moment de faire des choix strat\u00e9giques\u00a0: prenez ce dont vous avez r\u00e9ellement besoin! Rappelez-vous que vous aurez \u00e0 porter votre sac et vous ne savez pas quel type de route vous devrez emprunter \u00e0 pied. De ce fait, \u00e9vitez aussi les valises.<\/p>\r\n<p style=\"text-align: center\"><span style=\"color: #eb1a23;font-size: 18pt\"><strong>...BIEN \u00c9QUIP\u00c9<\/strong><\/span><\/p>\r\n<p style=\"text-align: justify\">\u00ab\u00a0Qui de vous, en effet, s'il veut b\u00e2tir une tour, ne s'assied d'abord pour calculer la d\u00e9pense, (pour voir) s'il a de quoi l'achever?\u00a0\u00bb Luc 14,28\r\nComme vous le savez d\u00e9j\u00e0, les Journ\u00e9es Mondiales de la Jeunesse internationales sont un p\u00e8lerinage o\u00f9 chacun est invit\u00e9 \u00e0 vivre une vie de simplicit\u00e9. Par cons\u00e9quent, vous devrez toujours avoir sur vous un \u00ab\u00a0kit de survie\u00a0\u00bb pour \u00eatre pr\u00eat \u00e0 affronter n\u2019importe quelle situation. Qu\u2019est-ce que \u00ab\u00a0n\u2019importe quelle situation\u00a0\u00bb sugg\u00e8re? Eh bien, disons de la simple marche sous la pluie (sac sur le dos) \u00e0 l\u2019attente, sous un soleil de plomb, dans une file kilom\u00e9trique pour entrer sur le site de la vigile (toujours avec le sac sur le dos\u00a0\u263a)\u2026 Voyez-vous ce que cela signifie? Oui, les JMJ sont un vrai p\u00e8lerinage. C\u2019est pourquoi nous avons pris soin de pr\u00e9parer une liste pour vous aider \u00e0 vous pr\u00e9parer au mieux \u00e0 cet \u00e9v\u00e8nement d\u2019envergure. Vous pouvez jeter un coup d\u2019\u0153il \u00e0 notre liste de bagages du \u00ab\u00a0parfait JMJiste\u00a0\u00bb ci-dessous.\r\n\r\n<p style=\"text-align: center\">Voici la liste des\u00a0bagages du \u00ab parfait JMJiste\u00a0\u00bb que nous proposons pour les JMJ (\u00e0 votre propre discr\u00e9tion)\u00a0:<\/p>\r\n\r\n<ul style=\"text-align: justify\">\r\n \t<li>Les Papiers indispensables (\u00e0 garder sur vous tr\u00e8s pr\u00e9cautionneusement)<\/li>\r\n \t<li>Passeport<\/li>\r\n \t<li>Argent et cartes d\u00e9bit\/Visa<\/li>\r\n \t<li>Pochette de s\u00fbret\u00e9 pour papiers importants<\/li>\r\n \t<li>Preuve d\u2019assurance<\/li>\r\n \t<li>Carte d\u2019identit\u00e9 avec photo<\/li>\r\n \t<li>Copies des documents d\u2019identit\u00e9 (important!)<\/li>\r\n \t<li>Kit du P\u00e8lerin (remis par Mission Jeunesse)\r\nLe sac du p\u00e8lerin (le JMJiste)\r\nUn bon sac de voyage (voir le mod\u00e8le ci-contre)<\/li>\r\n \t<li>Sac \u00e0 dos (assez grand pour tous les jours)<\/li>\r\n \t<li>Sac de couchage<\/li>\r\n \t<li>Matelas de sol<\/li>\r\n \t<li>Oreiller de voyage<\/li>\r\n \t<li>Sac de poubelle robuste (50L) et \/ou une toile\/b\u00e2che de protection (tr\u00e8s utile faites-nous confiance!)<\/li>\r\n \t<li>Bouteille d\u2019eau (r\u00e9utilisable)<\/li>\r\n \t<li>D\u00e9barbouillettes<\/li>\r\n \t<li>Serviette\r\nV\u00eatements et chaussures (* assurez-vous d\u2019avoir assez de v\u00eatements pour 7-8 jours sans lessive)\u00a0:\r\nBONNE PAIRE de souliers de marche (vraiment BONNE)<\/li>\r\n \t<li>BONNE PAIRE de sandales (pouvant aller dans l\u2019eau)<\/li>\r\n \t<li>V\u00eatements\u00a0:\r\n<ul>\r\n \t<li>T-Shirts<\/li>\r\n \t<li>Pantalons, shorts ou bermudas pour les hommes<\/li>\r\n \t<li>Pantalons, pantacourts,\u00a0 bermudas ou jupes-culottes pour les femmes<\/li>\r\n \t<li>Ceinture (si n\u00e9cessaire)<\/li>\r\n \t<li>Sous-v\u00eatements<\/li>\r\n \t<li>Paires de bas<\/li>\r\n \t<li>Maillot de bain<\/li>\r\n \t<li>Imperm\u00e9able<\/li>\r\n \t<li>Cotton ouat\u00e9<\/li>\r\n \t<li>Chapeau ou casquette<\/li>\r\n \t<li>Lunettes de soleil<\/li>\r\n<\/ul>\r\n<\/li>\r\n \t<li>Produits pour le corps :\r\n<ul>\r\n \t<li>Cr\u00e8me solaire<\/li>\r\n \t<li>Baume \u00e0 l\u00e8vres<\/li>\r\n \t<li>Cr\u00e8me<\/li>\r\n \t<li>OFF! et lotion anti-moustique pour le corps<\/li>\r\n \t<li>\u00ab\u00a0After-bite\u00a0\u00bb<\/li>\r\n \t<li>Savon<\/li>\r\n \t<li>D\u00e9sinfectant \u00e0 mains<\/li>\r\n \t<li>Mini kit diachilons (pansements)<\/li>\r\n \t<li>(\u00ab\u00a0Wet ones\u00a0\u00bb ou serviettes d\u00e9sinfectantes)<\/li>\r\n \t<li>Kleenex<\/li>\r\n \t<li>Shampoing (et revitalisant)<\/li>\r\n \t<li>Brosse \u00e0 cheveux<\/li>\r\n \t<li>\u00c9lastiques pour cheveux<\/li>\r\n \t<li>Brosse \u00e0 dent<\/li>\r\n \t<li>P\u00e2te dentifrice<\/li>\r\n \t<li>Soie dentaire<\/li>\r\n \t<li>Serviette hygi\u00e9nique et\/ou tampons<\/li>\r\n \t<li>Gomme<\/li>\r\n \t<li>Tylenol<\/li>\r\n \t<li>Antidiarrh\u00e9ique<\/li>\r\n \t<li>M\u00e9dicament et prescription (si n\u00e9cessaire)<\/li>\r\n \t<li>Rasoir et lames<\/li>\r\n \t<li>Cr\u00e8me \u00e0 raser<\/li>\r\n \t<li>Coupe-ongles<\/li>\r\n \t<li>D\u00e9odorant<\/li>\r\n<\/ul>\r\n<\/li>\r\n \t<li>Autres accessoires utiles:\r\n<ul>\r\n \t<li>Montre<\/li>\r\n \t<li>Bible (format poche)<\/li>\r\n \t<li>Crayons, stylos et journal<\/li>\r\n \t<li>Appareil photo\/Cam\u00e9ra, cartes m\u00e9moire et piles<\/li>\r\n \t<li>Adaptateur \u00e9lectrique (si n\u00e9cessaire)<\/li>\r\n \t<li>Sac \u00e0 linge sale<\/li>\r\n \t<li>Corde \u00e0 linge + pinces en bois<\/li>\r\n \t<li>Barres de c\u00e9r\u00e9ales (Granola)<\/li>\r\n \t<li>Cadeaux et souvenirs du Qu\u00e9bec (pour ceux qui vous accueilleront et autres rencontres!\u00a0\u263a)<\/li>\r\n<\/ul>\r\n<\/li>\r\n<\/ul>\r\n<p style=\"text-align: justify\"><\/p>","_et_gb_content_width":"","_monsterinsights_skip_tracking":false,"_monsterinsights_sitenote_active":false,"_monsterinsights_sitenote_note":"","_monsterinsights_sitenote_category":0,"footnotes":""},"class_list":["post-195","page","type-page","status-publish","hentry"],"yoast_head":"<!-- This site is optimized with the Yoast SEO plugin v26.4 - https:\/\/yoast.com\/wordpress\/plugins\/seo\/ -->\n<title>Le Sac - JMJWYDMTL<\/title>\n<meta name=\"robots\" content=\"index, follow, max-snippet:-1, max-image-preview:large, max-video-preview:-1\" \/>\n<link rel=\"canonical\" href=\"https:\/\/microsites.diocesemontreal.org\/microsites\/jmj\/le-sac\/\" \/>\n<meta property=\"og:locale\" content=\"en_US\" \/>\n<meta property=\"og:type\" content=\"article\" \/>\n<meta property=\"og:title\" content=\"Le Sac - JMJWYDMTL\" \/>\n<meta property=\"og:description\" content=\"Ce qu&#039;il faut apporterUN SAC LEGER &nbsp; \u00abIl leur ordonna de ne rien prendre pour la route, sauf un b\u00e2ton\u00a0: pas de pain, pas de sac, pas de monnaie dans la ceinture, mais pour chaussures des sandales, \u00ab\u00a0et ne mettez pas deux tuniques\u00bb Marc 6,8-9 Lorsque nous pr\u00e9conisons de \u00ab voyager l\u00e9ger \u00bb pour les [&hellip;]\" \/>\n<meta property=\"og:url\" content=\"https:\/\/microsites.diocesemontreal.org\/microsites\/jmj\/le-sac\/\" \/>\n<meta property=\"og:site_name\" content=\"JMJWYDMTL\" \/>\n<meta property=\"article:modified_time\" content=\"2023-04-04T20:55:58+00:00\" \/>\n<meta name=\"twitter:card\" content=\"summary_large_image\" \/>\n<meta name=\"twitter:label1\" content=\"Est. reading time\" \/>\n\t<meta name=\"twitter:data1\" content=\"5 minutes\" \/>\n<script type=\"application\/ld+json\" class=\"yoast-schema-graph\">{\"@context\":\"https:\/\/schema.org\",\"@graph\":[{\"@type\":\"WebPage\",\"@id\":\"https:\/\/microsites.diocesemontreal.org\/microsites\/jmj\/le-sac\/\",\"url\":\"https:\/\/microsites.diocesemontreal.org\/microsites\/jmj\/le-sac\/\",\"name\":\"Le Sac - JMJWYDMTL\",\"isPartOf\":{\"@id\":\"https:\/\/microsites.diocesemontreal.org\/microsites\/jmj\/#website\"},\"datePublished\":\"2023-04-02T16:27:24+00:00\",\"dateModified\":\"2023-04-04T20:55:58+00:00\",\"breadcrumb\":{\"@id\":\"https:\/\/microsites.diocesemontreal.org\/microsites\/jmj\/le-sac\/#breadcrumb\"},\"inLanguage\":\"en-CA\",\"potentialAction\":[{\"@type\":\"ReadAction\",\"target\":[\"https:\/\/microsites.diocesemontreal.org\/microsites\/jmj\/le-sac\/\"]}]},{\"@type\":\"BreadcrumbList\",\"@id\":\"https:\/\/microsites.diocesemontreal.org\/microsites\/jmj\/le-sac\/#breadcrumb\",\"itemListElement\":[{\"@type\":\"ListItem\",\"position\":1,\"name\":\"Accueil\",\"item\":\"https:\/\/microsites.diocesemontreal.org\/microsites\/jmj\/\"},{\"@type\":\"ListItem\",\"position\":2,\"name\":\"Le Sac\"}]},{\"@type\":\"WebSite\",\"@id\":\"https:\/\/microsites.diocesemontreal.org\/microsites\/jmj\/#website\",\"url\":\"https:\/\/microsites.diocesemontreal.org\/microsites\/jmj\/\",\"name\":\"JMJWYDMTL\",\"description\":\"D\u00e9l\u00e9gation Mission Jeunesse MTL\",\"publisher\":{\"@id\":\"https:\/\/microsites.diocesemontreal.org\/microsites\/jmj\/#organization\"},\"potentialAction\":[{\"@type\":\"SearchAction\",\"target\":{\"@type\":\"EntryPoint\",\"urlTemplate\":\"https:\/\/microsites.diocesemontreal.org\/microsites\/jmj\/?s={search_term_string}\"},\"query-input\":{\"@type\":\"PropertyValueSpecification\",\"valueRequired\":true,\"valueName\":\"search_term_string\"}}],\"inLanguage\":\"en-CA\"},{\"@type\":\"Organization\",\"@id\":\"https:\/\/microsites.diocesemontreal.org\/microsites\/jmj\/#organization\",\"name\":\"JMJWYDMTL\",\"url\":\"https:\/\/microsites.diocesemontreal.org\/microsites\/jmj\/\",\"logo\":{\"@type\":\"ImageObject\",\"inLanguage\":\"en-CA\",\"@id\":\"https:\/\/microsites.diocesemontreal.org\/microsites\/jmj\/#\/schema\/logo\/image\/\",\"url\":\"https:\/\/microsites.diocesemontreal.org\/microsites\/jmj\/wp-content\/uploads\/sites\/5\/2022\/02\/jmjwydmtl_logo-stamp-red.png\",\"contentUrl\":\"https:\/\/microsites.diocesemontreal.org\/microsites\/jmj\/wp-content\/uploads\/sites\/5\/2022\/02\/jmjwydmtl_logo-stamp-red.png\",\"width\":1280,\"height\":1280,\"caption\":\"JMJWYDMTL\"},\"image\":{\"@id\":\"https:\/\/microsites.diocesemontreal.org\/microsites\/jmj\/#\/schema\/logo\/image\/\"}}]}<\/script>\n<!-- \/ Yoast SEO plugin. -->","yoast_head_json":{"title":"Le Sac - JMJWYDMTL","robots":{"index":"index","follow":"follow","max-snippet":"max-snippet:-1","max-image-preview":"max-image-preview:large","max-video-preview":"max-video-preview:-1"},"canonical":"https:\/\/microsites.diocesemontreal.org\/microsites\/jmj\/le-sac\/","og_locale":"en_US","og_type":"article","og_title":"Le Sac - JMJWYDMTL","og_description":"Ce qu'il faut apporterUN SAC LEGER &nbsp; \u00abIl leur ordonna de ne rien prendre pour la route, sauf un b\u00e2ton\u00a0: pas de pain, pas de sac, pas de monnaie dans la ceinture, mais pour chaussures des sandales, \u00ab\u00a0et ne mettez pas deux tuniques\u00bb Marc 6,8-9 Lorsque nous pr\u00e9conisons de \u00ab voyager l\u00e9ger \u00bb pour les [&hellip;]","og_url":"https:\/\/microsites.diocesemontreal.org\/microsites\/jmj\/le-sac\/","og_site_name":"JMJWYDMTL","article_modified_time":"2023-04-04T20:55:58+00:00","twitter_card":"summary_large_image","twitter_misc":{"Est. reading time":"5 minutes"},"schema":{"@context":"https:\/\/schema.org","@graph":[{"@type":"WebPage","@id":"https:\/\/microsites.diocesemontreal.org\/microsites\/jmj\/le-sac\/","url":"https:\/\/microsites.diocesemontreal.org\/microsites\/jmj\/le-sac\/","name":"Le Sac - JMJWYDMTL","isPartOf":{"@id":"https:\/\/microsites.diocesemontreal.org\/microsites\/jmj\/#website"},"datePublished":"2023-04-02T16:27:24+00:00","dateModified":"2023-04-04T20:55:58+00:00","breadcrumb":{"@id":"https:\/\/microsites.diocesemontreal.org\/microsites\/jmj\/le-sac\/#breadcrumb"},"inLanguage":"en-CA","potentialAction":[{"@type":"ReadAction","target":["https:\/\/microsites.diocesemontreal.org\/microsites\/jmj\/le-sac\/"]}]},{"@type":"BreadcrumbList","@id":"https:\/\/microsites.diocesemontreal.org\/microsites\/jmj\/le-sac\/#breadcrumb","itemListElement":[{"@type":"ListItem","position":1,"name":"Accueil","item":"https:\/\/microsites.diocesemontreal.org\/microsites\/jmj\/"},{"@type":"ListItem","position":2,"name":"Le Sac"}]},{"@type":"WebSite","@id":"https:\/\/microsites.diocesemontreal.org\/microsites\/jmj\/#website","url":"https:\/\/microsites.diocesemontreal.org\/microsites\/jmj\/","name":"JMJWYDMTL","description":"D\u00e9l\u00e9gation Mission Jeunesse MTL","publisher":{"@id":"https:\/\/microsites.diocesemontreal.org\/microsites\/jmj\/#organization"},"potentialAction":[{"@type":"SearchAction","target":{"@type":"EntryPoint","urlTemplate":"https:\/\/microsites.diocesemontreal.org\/microsites\/jmj\/?s={search_term_string}"},"query-input":{"@type":"PropertyValueSpecification","valueRequired":true,"valueName":"search_term_string"}}],"inLanguage":"en-CA"},{"@type":"Organization","@id":"https:\/\/microsites.diocesemontreal.org\/microsites\/jmj\/#organization","name":"JMJWYDMTL","url":"https:\/\/microsites.diocesemontreal.org\/microsites\/jmj\/","logo":{"@type":"ImageObject","inLanguage":"en-CA","@id":"https:\/\/microsites.diocesemontreal.org\/microsites\/jmj\/#\/schema\/logo\/image\/","url":"https:\/\/microsites.diocesemontreal.org\/microsites\/jmj\/wp-content\/uploads\/sites\/5\/2022\/02\/jmjwydmtl_logo-stamp-red.png","contentUrl":"https:\/\/microsites.diocesemontreal.org\/microsites\/jmj\/wp-content\/uploads\/sites\/5\/2022\/02\/jmjwydmtl_logo-stamp-red.png","width":1280,"height":1280,"caption":"JMJWYDMTL"},"image":{"@id":"https:\/\/microsites.diocesemontreal.org\/microsites\/jmj\/#\/schema\/logo\/image\/"}}]}},"_links":{"self":[{"href":"https:\/\/microsites.diocesemontreal.org\/microsites\/jmj\/wp-json\/wp\/v2\/pages\/195","targetHints":{"allow":["GET"]}}],"collection":[{"href":"https:\/\/microsites.diocesemontreal.org\/microsites\/jmj\/wp-json\/wp\/v2\/pages"}],"about":[{"href":"https:\/\/microsites.diocesemontreal.org\/microsites\/jmj\/wp-json\/wp\/v2\/types\/page"}],"author":[{"embeddable":true,"href":"https:\/\/microsites.diocesemontreal.org\/microsites\/jmj\/wp-json\/wp\/v2\/users\/6"}],"replies":[{"embeddable":true,"href":"https:\/\/microsites.diocesemontreal.org\/microsites\/jmj\/wp-json\/wp\/v2\/comments?post=195"}],"version-history":[{"count":20,"href":"https:\/\/microsites.diocesemontreal.org\/microsites\/jmj\/wp-json\/wp\/v2\/pages\/195\/revisions"}],"predecessor-version":[{"id":8522,"href":"https:\/\/microsites.diocesemontreal.org\/microsites\/jmj\/wp-json\/wp\/v2\/pages\/195\/revisions\/8522"}],"wp:attachment":[{"href":"https:\/\/microsites.diocesemontreal.org\/microsites\/jmj\/wp-json\/wp\/v2\/media?parent=195"}],"curies":[{"name":"wp","href":"https:\/\/api.w.org\/{rel}","templated":true}]}}