{"id":3691,"date":"2018-01-31T16:10:39","date_gmt":"2018-01-31T21:10:39","guid":{"rendered":"http:\/\/microsites.diocesemontreal.org\/microsites\/jmj\/?page_id=3691"},"modified":"2018-10-26T11:16:34","modified_gmt":"2018-10-26T16:16:34","slug":"jmj-ressources","status":"publish","type":"page","link":"https:\/\/microsites.diocesemontreal.org\/microsites\/jmj\/en\/jmj-ressources\/","title":{"rendered":"Ressources"},"content":{"rendered":"<p>[et_pb_section bb_built=&#8221;1&#8243; _builder_version=&#8221;3.0.95&#8243; next_background_color=&#8221;#000000&#8243;][et_pb_row _builder_version=&#8221;3.0.95&#8243;][et_pb_column type=&#8221;4_4&#8243;][et_pb_text _builder_version=&#8221;3.15&#8243;]<\/p>\n<h1><strong>Ressources<\/strong><\/h1>\n<p>[\/et_pb_text][\/et_pb_column][\/et_pb_row][et_pb_row _builder_version=&#8221;3.0.95&#8243;][et_pb_column type=&#8221;4_4&#8243;][et_pb_text _builder_version=&#8221;3.15&#8243; header_5_text_color=&#8221;#000000&#8243; header_3_font_size=&#8221;30px&#8221; header_font=&#8221;|700|||||||&#8221; header_text_color=&#8221;#dd74a1&#8243; header_3_font=&#8221;|700|||||||&#8221; header_3_text_color=&#8221;#c16194&#8243;]<\/p>\n<h3>Comment s&#8217;incrire<\/h3>\n<h5><a href=\"http:\/\/microsites.diocesemontreal.org\/microsites\/jmj\/wp-content\/uploads\/sites\/5\/2018\/10\/I-1-PROC\u00c9DURES-DINSCRIPTION-JMJ_07.03.2018.pdf\">Proc\u00e9dures d&#8217;inscription<\/a><\/h5>\n<h5><a href=\"http:\/\/microsites.diocesemontreal.org\/microsites\/jmj\/wp-content\/uploads\/sites\/5\/2018\/10\/I-3-CRIT\u00c8RES-POUR-FORMER-UN-GROUPE-JMJ_02.02.2018.pdf\">Comment former un groupe<\/a><\/h5>\n<h5><a href=\"..\/wp-content\/uploads\/sites\/5\/2018\/02\/I-2-R-3-CONDITIONS-ET-POLITIQUES-SPIRITOURS-ET-MISSION-JEUNESSE-YM_06.02.2018_V2.pdf\">Conditions et politiques &#8211; Spiritours et Mission Jeunesse MTL<\/a><\/h5>\n<h5><a href=\"..\/wp-content\/uploads\/sites\/5\/2018\/02\/I-2-R-3-CONDITIONS-ET-POLITIQUES-SPIRITOURS-ET-MISSION-JEUNESSE-YM_06.02.2018_V2.pdf\" target=\"_blank\" rel=\"noopener\">\u00c9ch\u00e9ances et montants des d\u00e9p\u00f4ts<\/a><\/h5>\n<p>[\/et_pb_text][\/et_pb_column][\/et_pb_row][et_pb_row _builder_version=&#8221;3.0.95&#8243;][et_pb_column type=&#8221;4_4&#8243;][et_pb_text _builder_version=&#8221;3.15&#8243; header_5_text_color=&#8221;#000000&#8243; header_3_font_size=&#8221;30px&#8221; header_font=&#8221;||||||||&#8221; header_3_font=&#8221;|700|||||||&#8221; header_3_text_color=&#8221;#c16194&#8243;]<\/p>\n<h3>Pas de groupe? Pas de probl\u00e8me!<\/h3>\n<p><em>Pour permettre aux jeunes adultes (18 ans et plus) qui ne font pas partie d\u2019un groupe, mais qui aimeraient participer aux JMJ Panama 2019, le Service Mission Jeunesse Montr\u00e9al organise un groupe qui se nomme <strong>GROUPE JMJ MTL<\/strong>. <\/em><\/p>\n<h5><a href=\"https:\/\/microsites.diocesemontreal.org\/microsites\/jmj\/pas-de-groupe-pas-de-probleme\/\">Groupe JMJ MTL 2019 &#8211; Comment s&#8217;inscrire<\/a><\/h5>\n<h5><a href=\"https:\/\/microsites.diocesemontreal.org\/microsites\/jmj\/wp-content\/uploads\/sites\/5\/2018\/05\/JMJ-MTL-2019-Lettre-de-motivation.pdf\">Groupe JMJ MTL 2019 &#8211; Lettre de motivation<\/a><\/h5>\n<h5><a href=\"http:\/\/microsites.diocesemontreal.org\/microsites\/jmj\/wp-content\/uploads\/sites\/5\/2018\/10\/P\u00c8LERIN-GROUPE-JMJ-MTL-2019-Trois-r\u00e9f\u00e9rences.pdf\">Groupe JMJ MTL 2019 &#8211; Trois r\u00e9f\u00e9rences<\/a><\/h5>\n<h5><a href=\"..\/wp-content\/uploads\/sites\/5\/2018\/02\/I-2-R-3-CONDITIONS-ET-POLITIQUES-SPIRITOURS-ET-MISSION-JEUNESSE-YM_06.02.2018_V2.pdf\">Conditions et politiques &#8211; Spiritours et Mission Jeunesse MTL<\/a><\/h5>\n<h5><a href=\"..\/wp-content\/uploads\/sites\/5\/2018\/02\/I-2-R-3-CONDITIONS-ET-POLITIQUES-SPIRITOURS-ET-MISSION-JEUNESSE-YM_06.02.2018_V2.pdf\" target=\"_blank\" rel=\"noopener\">\u00c9ch\u00e9ances et montants des d\u00e9p\u00f4ts<\/a><\/h5>\n<p>[\/et_pb_text][\/et_pb_column][\/et_pb_row][et_pb_row _builder_version=&#8221;3.0.95&#8243;][et_pb_column type=&#8221;4_4&#8243;][et_pb_text _builder_version=&#8221;3.15&#8243; header_5_text_color=&#8221;#000000&#8243; header_3_font_size=&#8221;30px&#8221; header_font=&#8221;||||||||&#8221; header_3_font=&#8221;|700|||||||&#8221; header_3_text_color=&#8221;#c16194&#8243;]<\/p>\n<h3>Documents n\u00e9cessaires pour les inscriptions<\/h3>\n<h5><a href=\"https:\/\/microsites.diocesemontreal.org\/microsites\/jmj\/wp-content\/uploads\/sites\/5\/2018\/02\/G-1-LETTRE-DATTESTATION-GROUPE-DE-LEADERSHIP-JMJ_01.02.2018.pdf\">Lettre d&#8217;attestation &#8211; Groupe de leadership JMJ<\/a><\/h5>\n<h5><a href=\"http:\/\/microsites.diocesemontreal.org\/microsites\/jmj\/wp-content\/uploads\/sites\/5\/2018\/10\/I-1-PROC%C3%89DURES-DINSCRIPTION-JMJ_07.03.2018.pdf\">Liste de documents n\u00e9cessaires pour l&#8217;inscription<\/a><\/h5>\n<h5><a href=\"..\/wp-content\/uploads\/sites\/5\/2018\/02\/I-2-R-3-CONDITIONS-ET-POLITIQUES-SPIRITOURS-ET-MISSION-JEUNESSE-YM_06.02.2018_V2.pdf\" target=\"_blank\" rel=\"noopener\">\u00c9ch\u00e9ances et montants des d\u00e9p\u00f4ts<\/a><\/h5>\n<h5><a href=\"http:\/\/microsites.diocesemontreal.org\/microsites\/jmj\/wp-content\/uploads\/sites\/5\/2018\/10\/G-3-CRIT\u00c8RES-POUR-LA-PHOTO-DU-P\u00c8LERIN-JMJ_07.03.2018.pdf\">Photo du p\u00e8lerin JMJ &#8211; Crit\u00e8res<\/a><\/h5>\n<h5><a href=\"http:\/\/microsites.diocesemontreal.org\/microsites\/jmj\/wp-content\/uploads\/sites\/5\/2018\/10\/G-2-D\u00c9CLARATION-DE-SANT\u00c9-CBQ.pdf\">D\u00e9claration de sant\u00e9 CBQ<\/a><\/h5>\n<p>[\/et_pb_text][\/et_pb_column][\/et_pb_row][et_pb_row custom_padding=&#8221;20px|0px|27px|0px&#8221; _builder_version=&#8221;3.0.95&#8243;][et_pb_column type=&#8221;4_4&#8243;][et_pb_text _builder_version=&#8221;3.15&#8243; header_5_text_color=&#8221;#000000&#8243; header_3_font_size=&#8221;30px&#8221; header_font=&#8221;||||||||&#8221; header_3_font=&#8221;|700|||||||&#8221; header_3_text_color=&#8221;#c16194&#8243;]<\/p>\n<h3>Informations importantes<\/h3>\n<h5><a href=\"http:\/\/microsites.diocesemontreal.org\/microsites\/jmj\/wp-content\/uploads\/sites\/5\/2018\/10\/R-1-P\u00c8LERIN-JMJ-PROFIL-ET-RESPONSABILIT\u00c9S_01.02.2018.pdf\">P\u00e8lerin JMJ &#8211; Profil et responsabilit\u00e9s<\/a><\/h5>\n<h5><a href=\"http:\/\/microsites.diocesemontreal.org\/microsites\/jmj\/wp-content\/uploads\/sites\/5\/2018\/10\/R-2-\u00c9QUIPE-DE-LEADRESHIP-JMJ-PROFIL-ET-RESPONSABILIT\u00c9S_01.02.2018.pdf\">\u00c9quipe de Leadership JMJ &#8211; Profil et responsabilit\u00e9s<\/a><\/h5>\n<h5><a href=\"..\/wp-content\/uploads\/sites\/5\/2018\/02\/I-2-R-3-CONDITIONS-ET-POLITIQUES-SPIRITOURS-ET-MISSION-JEUNESSE-YM_06.02.2018_V2.pdf\">Conditions et politiques &#8211; Spiritours et Mission Jeunesse MTL<\/a><\/h5>\n<h5><a href=\"..\/wp-content\/uploads\/sites\/5\/2018\/02\/I-2-R-3-CONDITIONS-ET-POLITIQUES-SPIRITOURS-ET-MISSION-JEUNESSE-YM_06.02.2018_V2.pdf\" target=\"_blank\" rel=\"noopener\">\u00c9ch\u00e9ances et montants des d\u00e9p\u00f4ts<\/a><\/h5>\n<h5><\/h5>\n<p>[\/et_pb_text][\/et_pb_column][\/et_pb_row][et_pb_row custom_padding=&#8221;20px|0px|27px|0px&#8221; _builder_version=&#8221;3.15&#8243; module_id=&#8221;formation&#8221;][et_pb_column type=&#8221;4_4&#8243;][et_pb_text _builder_version=&#8221;3.15&#8243; header_5_text_color=&#8221;#000000&#8243; header_3_font_size=&#8221;30px&#8221; header_3_font=&#8221;|700|||||||&#8221; header_3_text_color=&#8221;#c16194&#8243;]<\/p>\n<h3>Formation JMJ 2019<\/h3>\n<h5><a href=\"http:\/\/microsites.diocesemontreal.org\/microsites\/jmj\/wp-content\/uploads\/sites\/5\/2018\/10\/AG-MJYM-JMJ-FRA.pdf\" target=\"_blank\" rel=\"noopener noreferrer\">Leadership et dynamique de groupe (29 sept 2018)<\/a><\/h5>\n<h5><a href=\"http:\/\/microsites.diocesemontreal.org\/microsites\/jmj\/wp-content\/uploads\/sites\/5\/2018\/10\/JMJWYD2019-Rencontre-des-responsables-de-groupes_29-sept-2018-1.pdf\" target=\"_blank\" rel=\"noopener\">Rencontre: responsables, assistants et accompagnateurs spirituels des groupes JMJ (29 sept 2018)<\/a><\/h5>\n<h5><\/h5>\n<p>[\/et_pb_text][\/et_pb_column][\/et_pb_row][et_pb_row custom_padding=&#8221;20px|0px|27px|0px&#8221; _builder_version=&#8221;3.0.95&#8243;][et_pb_column type=&#8221;4_4&#8243;][et_pb_text _builder_version=&#8221;3.15&#8243; header_font=&#8221;||||||||&#8221; header_5_font=&#8221;||||||||&#8221; header_5_text_color=&#8221;#000000&#8243; header_3_font_size=&#8221;30px&#8221; header_3_font=&#8221;||||||||&#8221; header_3_text_color=&#8221;#c16194&#8243;]<\/p>\n<h3>FAQ<\/h3>\n<h5><a href=\"https:\/\/microsites.diocesemontreal.org\/microsites\/jmj\/wp-content\/uploads\/sites\/5\/2018\/02\/FAQ-INSCRIPTIONS-JMJ-2019-FRA_31.01.2018.pdf\">FAQ &#8211; Inscription JMJ 2019<\/a><\/h5>\n<p>[\/et_pb_text][\/et_pb_column][\/et_pb_row][\/et_pb_section][et_pb_section bb_built=&#8221;1&#8243; module_id=&#8221;mjym&#8221; _builder_version=&#8221;3.0.47&#8243; saved_tabs=&#8221;all&#8221; prev_background_color=&#8221;#000000&#8243;][\/et_pb_section]<\/p>\n","protected":false},"excerpt":{"rendered":"<p>Ressources Comment s&#8217;incrire Proc\u00e9dures d&#8217;inscription Comment former un groupe Conditions et politiques &#8211; Spiritours et Mission Jeunesse MTL \u00c9ch\u00e9ances et montants des d\u00e9p\u00f4ts Pas de groupe? Pas de probl\u00e8me! Pour permettre aux jeunes adultes (18 ans et plus) qui ne font pas partie d\u2019un groupe, mais qui aimeraient participer aux JMJ Panama 2019, le Service [&hellip;]<\/p>\n","protected":false},"author":6,"featured_media":0,"parent":0,"menu_order":0,"comment_status":"closed","ping_status":"closed","template":"","meta":{"_et_pb_use_builder":"on","_et_pb_old_content":"","_et_gb_content_width":"","_monsterinsights_skip_tracking":false,"_monsterinsights_sitenote_active":false,"_monsterinsights_sitenote_note":"","_monsterinsights_sitenote_category":0,"footnotes":""},"class_list":["post-3691","page","type-page","status-publish","hentry"],"yoast_head":"<!-- This site is optimized with the Yoast SEO plugin v26.4 - https:\/\/yoast.com\/wordpress\/plugins\/seo\/ -->\n<title>Ressources - JMJWYDMTL<\/title>\n<meta name=\"robots\" content=\"index, follow, max-snippet:-1, max-image-preview:large, max-video-preview:-1\" \/>\n<link rel=\"canonical\" href=\"https:\/\/microsites.diocesemontreal.org\/microsites\/jmj\/en\/jmj-ressources\/\" \/>\n<meta property=\"og:locale\" content=\"en_US\" \/>\n<meta property=\"og:type\" content=\"article\" \/>\n<meta property=\"og:title\" content=\"Ressources - JMJWYDMTL\" \/>\n<meta property=\"og:description\" content=\"Ressources Comment s&#039;incrire Proc\u00e9dures d&#039;inscription Comment former un groupe Conditions et politiques - Spiritours et Mission Jeunesse MTL \u00c9ch\u00e9ances et montants des d\u00e9p\u00f4ts Pas de groupe? Pas de probl\u00e8me! Pour permettre aux jeunes adultes (18 ans et plus) qui ne font pas partie d\u2019un groupe, mais qui aimeraient participer aux JMJ Panama 2019, le Service [&hellip;]\" \/>\n<meta property=\"og:url\" content=\"https:\/\/microsites.diocesemontreal.org\/microsites\/jmj\/en\/jmj-ressources\/\" \/>\n<meta property=\"og:site_name\" content=\"JMJWYDMTL\" \/>\n<meta property=\"article:modified_time\" content=\"2018-10-26T16:16:34+00:00\" \/>\n<meta name=\"twitter:card\" content=\"summary_large_image\" \/>\n<meta name=\"twitter:label1\" content=\"Est. reading time\" \/>\n\t<meta name=\"twitter:data1\" content=\"3 minutes\" \/>\n<script type=\"application\/ld+json\" class=\"yoast-schema-graph\">{\"@context\":\"https:\/\/schema.org\",\"@graph\":[{\"@type\":\"WebPage\",\"@id\":\"https:\/\/microsites.diocesemontreal.org\/microsites\/jmj\/en\/jmj-ressources\/\",\"url\":\"https:\/\/microsites.diocesemontreal.org\/microsites\/jmj\/en\/jmj-ressources\/\",\"name\":\"Ressources - JMJWYDMTL\",\"isPartOf\":{\"@id\":\"https:\/\/microsites.diocesemontreal.org\/microsites\/jmj\/#website\"},\"datePublished\":\"2018-01-31T21:10:39+00:00\",\"dateModified\":\"2018-10-26T16:16:34+00:00\",\"breadcrumb\":{\"@id\":\"https:\/\/microsites.diocesemontreal.org\/microsites\/jmj\/en\/jmj-ressources\/#breadcrumb\"},\"inLanguage\":\"en-CA\",\"potentialAction\":[{\"@type\":\"ReadAction\",\"target\":[\"https:\/\/microsites.diocesemontreal.org\/microsites\/jmj\/en\/jmj-ressources\/\"]}]},{\"@type\":\"BreadcrumbList\",\"@id\":\"https:\/\/microsites.diocesemontreal.org\/microsites\/jmj\/en\/jmj-ressources\/#breadcrumb\",\"itemListElement\":[{\"@type\":\"ListItem\",\"position\":1,\"name\":\"Accueil\",\"item\":\"https:\/\/microsites.diocesemontreal.org\/microsites\/jmj\/\"},{\"@type\":\"ListItem\",\"position\":2,\"name\":\"Ressources\"}]},{\"@type\":\"WebSite\",\"@id\":\"https:\/\/microsites.diocesemontreal.org\/microsites\/jmj\/#website\",\"url\":\"https:\/\/microsites.diocesemontreal.org\/microsites\/jmj\/\",\"name\":\"JMJWYDMTL\",\"description\":\"D\u00e9l\u00e9gation Mission Jeunesse MTL\",\"publisher\":{\"@id\":\"https:\/\/microsites.diocesemontreal.org\/microsites\/jmj\/#organization\"},\"potentialAction\":[{\"@type\":\"SearchAction\",\"target\":{\"@type\":\"EntryPoint\",\"urlTemplate\":\"https:\/\/microsites.diocesemontreal.org\/microsites\/jmj\/?s={search_term_string}\"},\"query-input\":{\"@type\":\"PropertyValueSpecification\",\"valueRequired\":true,\"valueName\":\"search_term_string\"}}],\"inLanguage\":\"en-CA\"},{\"@type\":\"Organization\",\"@id\":\"https:\/\/microsites.diocesemontreal.org\/microsites\/jmj\/#organization\",\"name\":\"JMJWYDMTL\",\"url\":\"https:\/\/microsites.diocesemontreal.org\/microsites\/jmj\/\",\"logo\":{\"@type\":\"ImageObject\",\"inLanguage\":\"en-CA\",\"@id\":\"https:\/\/microsites.diocesemontreal.org\/microsites\/jmj\/#\/schema\/logo\/image\/\",\"url\":\"https:\/\/microsites.diocesemontreal.org\/microsites\/jmj\/wp-content\/uploads\/sites\/5\/2022\/02\/jmjwydmtl_logo-stamp-red.png\",\"contentUrl\":\"https:\/\/microsites.diocesemontreal.org\/microsites\/jmj\/wp-content\/uploads\/sites\/5\/2022\/02\/jmjwydmtl_logo-stamp-red.png\",\"width\":1280,\"height\":1280,\"caption\":\"JMJWYDMTL\"},\"image\":{\"@id\":\"https:\/\/microsites.diocesemontreal.org\/microsites\/jmj\/#\/schema\/logo\/image\/\"}}]}<\/script>\n<!-- \/ Yoast SEO plugin. -->","yoast_head_json":{"title":"Ressources - JMJWYDMTL","robots":{"index":"index","follow":"follow","max-snippet":"max-snippet:-1","max-image-preview":"max-image-preview:large","max-video-preview":"max-video-preview:-1"},"canonical":"https:\/\/microsites.diocesemontreal.org\/microsites\/jmj\/en\/jmj-ressources\/","og_locale":"en_US","og_type":"article","og_title":"Ressources - JMJWYDMTL","og_description":"Ressources Comment s'incrire Proc\u00e9dures d'inscription Comment former un groupe Conditions et politiques - Spiritours et Mission Jeunesse MTL \u00c9ch\u00e9ances et montants des d\u00e9p\u00f4ts Pas de groupe? Pas de probl\u00e8me! Pour permettre aux jeunes adultes (18 ans et plus) qui ne font pas partie d\u2019un groupe, mais qui aimeraient participer aux JMJ Panama 2019, le Service [&hellip;]","og_url":"https:\/\/microsites.diocesemontreal.org\/microsites\/jmj\/en\/jmj-ressources\/","og_site_name":"JMJWYDMTL","article_modified_time":"2018-10-26T16:16:34+00:00","twitter_card":"summary_large_image","twitter_misc":{"Est. reading time":"3 minutes"},"schema":{"@context":"https:\/\/schema.org","@graph":[{"@type":"WebPage","@id":"https:\/\/microsites.diocesemontreal.org\/microsites\/jmj\/en\/jmj-ressources\/","url":"https:\/\/microsites.diocesemontreal.org\/microsites\/jmj\/en\/jmj-ressources\/","name":"Ressources - JMJWYDMTL","isPartOf":{"@id":"https:\/\/microsites.diocesemontreal.org\/microsites\/jmj\/#website"},"datePublished":"2018-01-31T21:10:39+00:00","dateModified":"2018-10-26T16:16:34+00:00","breadcrumb":{"@id":"https:\/\/microsites.diocesemontreal.org\/microsites\/jmj\/en\/jmj-ressources\/#breadcrumb"},"inLanguage":"en-CA","potentialAction":[{"@type":"ReadAction","target":["https:\/\/microsites.diocesemontreal.org\/microsites\/jmj\/en\/jmj-ressources\/"]}]},{"@type":"BreadcrumbList","@id":"https:\/\/microsites.diocesemontreal.org\/microsites\/jmj\/en\/jmj-ressources\/#breadcrumb","itemListElement":[{"@type":"ListItem","position":1,"name":"Accueil","item":"https:\/\/microsites.diocesemontreal.org\/microsites\/jmj\/"},{"@type":"ListItem","position":2,"name":"Ressources"}]},{"@type":"WebSite","@id":"https:\/\/microsites.diocesemontreal.org\/microsites\/jmj\/#website","url":"https:\/\/microsites.diocesemontreal.org\/microsites\/jmj\/","name":"JMJWYDMTL","description":"D\u00e9l\u00e9gation Mission Jeunesse MTL","publisher":{"@id":"https:\/\/microsites.diocesemontreal.org\/microsites\/jmj\/#organization"},"potentialAction":[{"@type":"SearchAction","target":{"@type":"EntryPoint","urlTemplate":"https:\/\/microsites.diocesemontreal.org\/microsites\/jmj\/?s={search_term_string}"},"query-input":{"@type":"PropertyValueSpecification","valueRequired":true,"valueName":"search_term_string"}}],"inLanguage":"en-CA"},{"@type":"Organization","@id":"https:\/\/microsites.diocesemontreal.org\/microsites\/jmj\/#organization","name":"JMJWYDMTL","url":"https:\/\/microsites.diocesemontreal.org\/microsites\/jmj\/","logo":{"@type":"ImageObject","inLanguage":"en-CA","@id":"https:\/\/microsites.diocesemontreal.org\/microsites\/jmj\/#\/schema\/logo\/image\/","url":"https:\/\/microsites.diocesemontreal.org\/microsites\/jmj\/wp-content\/uploads\/sites\/5\/2022\/02\/jmjwydmtl_logo-stamp-red.png","contentUrl":"https:\/\/microsites.diocesemontreal.org\/microsites\/jmj\/wp-content\/uploads\/sites\/5\/2022\/02\/jmjwydmtl_logo-stamp-red.png","width":1280,"height":1280,"caption":"JMJWYDMTL"},"image":{"@id":"https:\/\/microsites.diocesemontreal.org\/microsites\/jmj\/#\/schema\/logo\/image\/"}}]}},"_links":{"self":[{"href":"https:\/\/microsites.diocesemontreal.org\/microsites\/jmj\/wp-json\/wp\/v2\/pages\/3691","targetHints":{"allow":["GET"]}}],"collection":[{"href":"https:\/\/microsites.diocesemontreal.org\/microsites\/jmj\/wp-json\/wp\/v2\/pages"}],"about":[{"href":"https:\/\/microsites.diocesemontreal.org\/microsites\/jmj\/wp-json\/wp\/v2\/types\/page"}],"author":[{"embeddable":true,"href":"https:\/\/microsites.diocesemontreal.org\/microsites\/jmj\/wp-json\/wp\/v2\/users\/6"}],"replies":[{"embeddable":true,"href":"https:\/\/microsites.diocesemontreal.org\/microsites\/jmj\/wp-json\/wp\/v2\/comments?post=3691"}],"version-history":[{"count":36,"href":"https:\/\/microsites.diocesemontreal.org\/microsites\/jmj\/wp-json\/wp\/v2\/pages\/3691\/revisions"}],"predecessor-version":[{"id":5269,"href":"https:\/\/microsites.diocesemontreal.org\/microsites\/jmj\/wp-json\/wp\/v2\/pages\/3691\/revisions\/5269"}],"wp:attachment":[{"href":"https:\/\/microsites.diocesemontreal.org\/microsites\/jmj\/wp-json\/wp\/v2\/media?parent=3691"}],"curies":[{"name":"wp","href":"https:\/\/api.w.org\/{rel}","templated":true}]}}