{"id":61,"date":"2014-09-10T13:07:08","date_gmt":"2014-09-10T17:07:08","guid":{"rendered":"http:\/\/microsites.diocesemontreal.org\/micrositesues\/jmj\/?page_id=61"},"modified":"2014-09-10T13:07:08","modified_gmt":"2014-09-10T17:07:08","slug":"saint-jean-paul-ii","status":"publish","type":"page","link":"https:\/\/microsites.diocesemontreal.org\/microsites\/jmj\/en\/saint-jean-paul-ii\/","title":{"rendered":"Saint Jean-Paul II"},"content":{"rendered":"<p style=\"text-align: center\"><a href=\"https:\/\/microsites.diocesemontreal.org\/micrositesues\/jmj\/files\/2014\/11\/IntroductionJMJ_FRA.pdf\" target=\"_blank\"><img loading=\"lazy\" decoding=\"async\" class=\"alignnone wp-image-518\" style=\"border: 0px none\" src=\"https:\/\/microsites.diocesemontreal.org\/micrositesues\/jmj\/files\/2014\/09\/wyd_pdfbutton-150x150.png\" alt=\"wyd_pdfbutton\" width=\"50\" height=\"50\" \/><\/a><a href=\"https:\/\/microsites.diocesemontreal.org\/micrositesues\/jmj\/files\/2014\/11\/Introduction-JMJ-WYD-Presentation-FRA.pdf\" target=\"_blank\"><img loading=\"lazy\" decoding=\"async\" class=\"alignnone wp-image-518\" style=\"border: 0px none\" src=\"https:\/\/microsites.diocesemontreal.org\/micrositesues\/jmj\/files\/2014\/09\/wyd_pptbutton-150x150.png\" alt=\"wyd_pptbutton\" width=\"50\" height=\"50\" \/><\/a><\/p>\n<p style=\"text-align: justify\"><span class=\"s1\"><img loading=\"lazy\" decoding=\"async\" class=\"aligncenter size-full wp-image-256\" style=\"border: 0px\" src=\"https:\/\/microsites.diocesemontreal.org\/micrositesues\/jmj\/files\/2014\/09\/JP2HEADER.png\" alt=\"JP2HEADER\" width=\"800\" height=\"350\" \/>Cracovie <\/span><span class=\"s2\">et la r\u00e9gion de Malopolska sont la terre natale de Karol Wojtyla \u2013 Pape Jean-Paul II. De l\u00e0, il s\u2019est rendu \u00e0 Rome, pour le conclave, il y revenait volontairement dans ses souvenirs et lors des p\u00e8lerinages \u00e0 sa patrie : \u00ab Ici, sur cette terre, je suis n\u00e9. Ici, \u00e0 Cracovie, j&#8217;ai pass\u00e9 la plupart de ma vie (&#8230;) Ici aussi, j\u2019ai exp\u00e9riment\u00e9 la gr\u00e2ce de la vocation sacerdotale (&#8230;). Ici aussi, dans la cath\u00e9drale de Wawel, j\u2019ai re\u00e7u la cons\u00e9cration \u00e9piscopale \u00bb\u00a0 a-t-il rappel\u00e9.<\/span><\/p>\n<p class=\"p1\" style=\"text-align: justify\"><span class=\"s2\">Karol Wojtyla est n\u00e9 \u00e0 Wadowice, le 18 mai 1920. Il y a termin\u00e9 ses \u00e9tudes coll\u00e9giales, puis, en 1938, il d\u00e9m\u00e9nagea avec son p\u00e8re \u00e0 Cracovie, o\u00f9 il entreprit ses \u00e9tudes de litt\u00e9rature polonaise \u00e0 l&#8217;Universit\u00e9 Jagellonne. En 1942, il rejoignit le s\u00e9minaire clandestin m\u00e9tropolitain de Cracovie, et fut ordonn\u00e9 pr\u00eatre le 1<\/span><span class=\"s3\"><sup>er<\/sup><\/span><span class=\"s2\"> novembre 1946. Par la suite, il se rendit \u00e0 Rome o\u00f9 il poursuivit ses \u00e9tudes jusqu&#8217;en 1948. La m\u00eame ann\u00e9e, apr\u00e8s son retour au pays, il fut envoy\u00e9 pour sept mois vers une petite paroisse \u00e0 Niegowic pr\u00e8s de Cracovie. Plus tard, il deviendra l&#8217;un des pionniers du pastorat de tourisme des jeunes dans la paroisse Saint-Florian \u00e0 Cracovie, o\u00f9 il fera de la randonn\u00e9e avec les jeunes dans les montagnes, ou naviguera en kayak avec eux.<\/span><\/p>\n<p class=\"p1\" style=\"text-align: justify\"><img loading=\"lazy\" decoding=\"async\" class=\"aligncenter size-full wp-image-257\" style=\"border: 0px\" src=\"https:\/\/microsites.diocesemontreal.org\/micrositesues\/jmj\/files\/2014\/09\/jp2ban.png\" alt=\"jp2_1948\" width=\"800\" height=\"350\" \/><\/p>\n<p class=\"p1\" style=\"text-align: justify\"><span class=\"s2\">La personnalit\u00e9 du pr\u00eatre Karol Wojtyla, sa capacit\u00e9 \u00e0 communiquer avec les jeunes, ses sermons attiraient beaucoup de personnes. Rapidement, on cr\u00e9a un groupe de gens qui non seulement participaient ensemble \u00e0 la liturgie (\u00e0 6 heures du matin!) mais aussi c\u00e9l\u00e9braient les f\u00eates et organisaient des excursions. Ils furent toujours accompagn\u00e9s par \u00ab\u00a0Wujek\u00a0\u00bb (\u00ab\u00a0oncle\u00a0\u00bb en fran\u00e7ais), \u00e0 savoir le pr\u00eatre Karol. Au fil du temps, les excursions hors de la ville se sont transform\u00e9es en voyages dans les montagnes de Bieszczady ou en sorties cano\u00eb-kayak \u00e0 Mazurie. Ces exp\u00e9ditions \u00e9taient \u00e0 cette \u00e9poque tr\u00e8s novatrices. \u00ab L&#8217;id\u00e9e est d&#8217;\u00eatre capable de parler de quoi que ce soit, de films, livres, du travail professionnel, de recherches scientifique et de jazz-bands de mani\u00e8re appropri\u00e9e \u00bb, expliquait le p\u00e8re Wojtyla.<\/span><\/p>\n<p class=\"p1\" style=\"text-align: justify\"><span class=\"s2\">Dans les ann\u00e9es suivantes, il poursuivit ses \u00e9tudes de th\u00e9ologie. En 1958, il fut nomm\u00e9\u00a0\u00e9v\u00eaque. Peu de temps apr\u00e8s, il participait activement aux travaux pr\u00e9paratoires pour le Concile Vatican II et au Concile. Apr\u00e8s la mort de l&#8217;archev\u00eaque Eugeniusz Baziak en 1963, il devint l\u2019\u00e9v\u00eaque m\u00e9tropolitain de Cracovie, et quatre ans plus tard, le pape Paul VI le nomma cardinal. Il est rapidement devenu une autorit\u00e9 de l&#8217;\u00c9glise, philosophe, penseur et th\u00e9ologien de renomm\u00e9e en Pologne et au-del\u00e0.<\/span><\/p>\n<p class=\"p1\" style=\"text-align: justify\"><span class=\"s2\"><img loading=\"lazy\" decoding=\"async\" class=\"alignright size-full wp-image-259\" style=\"border: 0px none\" src=\"https:\/\/microsites.diocesemontreal.org\/micrositesues\/jmj\/files\/2014\/09\/jp2q.png\" alt=\"jp2q\" width=\"300\" height=\"200\" \/>D\u00e9j\u00e0 en tant qu\u2019archev\u00eaque de Cracovie, Karol Wojtyla appr\u00e9ciait l&#8217;importance du mouvement de jeunes \u00ab Vie et Lumi\u00e8re \u00bb (\u201c\u015awiat\u0142o i \u017bycie\u201d) fond\u00e9 par le pr\u00eatre Franciszek Blachnicki en 1969. La formation religieuse, acquise par des jeunes lors des camps d&#8217;\u00e9t\u00e9 (appel\u00e9s oasis) a soulev\u00e9 des inqui\u00e9tudes du c\u00f4t\u00e9 des autorit\u00e9s communistes. Les activistes du mouvement ont rapidement commenc\u00e9 \u00e0 \u00eatre pers\u00e9cut\u00e9s. Pour\u00a0des raisons de s\u00e9curit\u00e9 pour l\u2019\u00c9glise et les fid\u00e8les qui la composaient, beaucoup d\u2019\u00e9v\u00eaques prirent leur distance par rapport au mouvement du pr\u00eatre Blachnicki. Le d\u00e9veloppement dynamique des \u00ab\u00a0oasis\u00a0\u00bb ne fut alors possible que lorsque le mouvement re\u00e7u une approbation officielle du cardinal Wojty\u0142a pr\u00e9sentant ceux-ci comme faisant partie des activit\u00e9s pastorales de l&#8217;archidioc\u00e8se de Cracovie. \u00c0 l&#8217;\u00e9poque du cardinal Wojtyla, le minist\u00e8re universitaire \u00e0 Cracovie s\u2019est \u00e9galement d\u00e9velopp\u00e9 de mani\u00e8re intensive. L\u2019\u00e9v\u00eaque de Cracovie participait souvent \u00e0 des rencontres avec les \u00e9tudiants, leur pr\u00eachait des retraites et participait \u00e0 d\u2019autres retraites non officielles. Aussi, sans dire mot, il s\u2019asseyait dans le confessionnal et supportait financi\u00e8rement ces centres acad\u00e9miques de mani\u00e8re officieuse. L&#8217;argent \u00e9tait principalement destin\u00e9 \u00e0 financer des camps de vacances, mais parfois aussi pour aider les \u00e9tudiants les plus n\u00e9cessiteux.<\/span><\/p>\n<p class=\"p1\" style=\"text-align: justify\"><a href=\"https:\/\/microsites.diocesemontreal.org\/micrositesues\/jmj\/files\/2014\/09\/jp2_old.png\"><img loading=\"lazy\" decoding=\"async\" class=\"aligncenter size-full wp-image-258\" style=\"border: 0px\" src=\"https:\/\/microsites.diocesemontreal.org\/micrositesues\/jmj\/files\/2014\/09\/jp2_old.png\" alt=\"jp2_old\" width=\"800\" height=\"350\" \/><\/a><\/p>\n<p class=\"p1\" style=\"text-align: justify\"><span class=\"s2\">Apr\u00e8s la mort de Jean-Paul I en septembre 1978, le 16 octobre 1978, pour la premi\u00e8re fois depuis 456 ans, le pape \u00e9lu n&#8217;\u00e9tait pas italien, mais polonais. Le pontificat de Jean-Paul II \u00e9tait d\u2019ors et d\u00e9j\u00e0 unique.<\/span><\/p>\n<p class=\"p1\" style=\"text-align: justify\"><span class=\"s2\">Le jour de l&#8217;inauguration de son pontificat, dans son premier discours donn\u00e9 de la fen\u00eatre du Palais Apostolique, avant la pri\u00e8re de l&#8217;Ang\u00e9lus, le pape Jean-Paul II a lanc\u00e9 un appel urgent aux jeunes : \u00ab \u2026 mon esp\u00e9rance, parce que vous \u00eates la promesse de demain. Vous \u00eates l\u2019esp\u00e9rance de l\u2019\u00c9glise et de la soci\u00e9t\u00e9.\u00a0\u00bb Les rencontres et r\u00e9unions avec les jeunes \u00e9taient d\u2019une grande importance pour le Pape. Il a \u00e9t\u00e9 l&#8217;initiateur et le fondateur de la Journ\u00e9e mondiale de la jeunesse.<\/span><\/p>\n<p class=\"p1\" style=\"text-align: justify\"><span class=\"s2\">Jean-Paul II a visit\u00e9 son pays natal \u00e0 neuf reprises : en 1979, 1983, 1987, 1991, 1995, 1997 et\u00a01999. Sa derni\u00e8re visite en Pologne fut en ao\u00fbt 2002. \u00c0 chaque fois, il rencontrait les jeunes polonais, comme par exemple, dans la fameuse fen\u00eatre du Pape \u00e0 Cracovie, 3, rue Franciszkanska<\/span><span class=\"s1\">.<\/span><\/p>\n<p>&nbsp;<\/p>\n<p>&nbsp;<\/p>\n","protected":false},"excerpt":{"rendered":"<p>Cracovie et la r\u00e9gion de Malopolska sont la terre natale de Karol Wojtyla \u2013 Pape Jean-Paul II. De l\u00e0, il s\u2019est rendu \u00e0 Rome, pour le conclave, il y revenait volontairement dans ses souvenirs et lors des p\u00e8lerinages \u00e0 sa patrie : \u00ab Ici, sur cette terre, je suis n\u00e9. Ici, \u00e0 Cracovie, j&#8217;ai pass\u00e9 [&hellip;]<\/p>\n","protected":false},"author":6,"featured_media":0,"parent":0,"menu_order":0,"comment_status":"closed","ping_status":"open","template":"","meta":{"_et_pb_use_builder":"","_et_pb_old_content":"","_et_gb_content_width":"","_monsterinsights_skip_tracking":false,"_monsterinsights_sitenote_active":false,"_monsterinsights_sitenote_note":"","_monsterinsights_sitenote_category":0,"footnotes":""},"class_list":["post-61","page","type-page","status-publish","hentry"],"yoast_head":"<!-- This site is optimized with the Yoast SEO plugin v26.4 - https:\/\/yoast.com\/wordpress\/plugins\/seo\/ -->\n<title>Saint Jean-Paul II - JMJWYDMTL<\/title>\n<meta name=\"robots\" content=\"index, follow, max-snippet:-1, max-image-preview:large, max-video-preview:-1\" \/>\n<link rel=\"canonical\" href=\"https:\/\/microsites.diocesemontreal.org\/microsites\/jmj\/en\/saint-jean-paul-ii\/\" \/>\n<meta property=\"og:locale\" content=\"en_US\" \/>\n<meta property=\"og:type\" content=\"article\" \/>\n<meta property=\"og:title\" content=\"Saint Jean-Paul II - JMJWYDMTL\" \/>\n<meta property=\"og:description\" content=\"Cracovie et la r\u00e9gion de Malopolska sont la terre natale de Karol Wojtyla \u2013 Pape Jean-Paul II. De l\u00e0, il s\u2019est rendu \u00e0 Rome, pour le conclave, il y revenait volontairement dans ses souvenirs et lors des p\u00e8lerinages \u00e0 sa patrie : \u00ab Ici, sur cette terre, je suis n\u00e9. Ici, \u00e0 Cracovie, j&#8217;ai pass\u00e9 [&hellip;]\" \/>\n<meta property=\"og:url\" content=\"https:\/\/microsites.diocesemontreal.org\/microsites\/jmj\/en\/saint-jean-paul-ii\/\" \/>\n<meta property=\"og:site_name\" content=\"JMJWYDMTL\" \/>\n<meta name=\"twitter:card\" content=\"summary_large_image\" \/>\n<meta name=\"twitter:label1\" content=\"Est. reading time\" \/>\n\t<meta name=\"twitter:data1\" content=\"4 minutes\" \/>\n<script type=\"application\/ld+json\" class=\"yoast-schema-graph\">{\"@context\":\"https:\/\/schema.org\",\"@graph\":[{\"@type\":\"WebPage\",\"@id\":\"https:\/\/microsites.diocesemontreal.org\/microsites\/jmj\/en\/saint-jean-paul-ii\/\",\"url\":\"https:\/\/microsites.diocesemontreal.org\/microsites\/jmj\/en\/saint-jean-paul-ii\/\",\"name\":\"Saint Jean-Paul II - JMJWYDMTL\",\"isPartOf\":{\"@id\":\"https:\/\/microsites.diocesemontreal.org\/microsites\/jmj\/#website\"},\"primaryImageOfPage\":{\"@id\":\"https:\/\/microsites.diocesemontreal.org\/microsites\/jmj\/en\/saint-jean-paul-ii\/#primaryimage\"},\"image\":{\"@id\":\"https:\/\/microsites.diocesemontreal.org\/microsites\/jmj\/en\/saint-jean-paul-ii\/#primaryimage\"},\"thumbnailUrl\":\"https:\/\/microsites.diocesemontreal.org\/micrositesues\/jmj\/files\/2014\/09\/wyd_pdfbutton-150x150.png\",\"datePublished\":\"2014-09-10T17:07:08+00:00\",\"breadcrumb\":{\"@id\":\"https:\/\/microsites.diocesemontreal.org\/microsites\/jmj\/en\/saint-jean-paul-ii\/#breadcrumb\"},\"inLanguage\":\"en-CA\",\"potentialAction\":[{\"@type\":\"ReadAction\",\"target\":[\"https:\/\/microsites.diocesemontreal.org\/microsites\/jmj\/en\/saint-jean-paul-ii\/\"]}]},{\"@type\":\"ImageObject\",\"inLanguage\":\"en-CA\",\"@id\":\"https:\/\/microsites.diocesemontreal.org\/microsites\/jmj\/en\/saint-jean-paul-ii\/#primaryimage\",\"url\":\"https:\/\/microsites.diocesemontreal.org\/micrositesues\/jmj\/files\/2014\/09\/wyd_pdfbutton-150x150.png\",\"contentUrl\":\"https:\/\/microsites.diocesemontreal.org\/micrositesues\/jmj\/files\/2014\/09\/wyd_pdfbutton-150x150.png\"},{\"@type\":\"BreadcrumbList\",\"@id\":\"https:\/\/microsites.diocesemontreal.org\/microsites\/jmj\/en\/saint-jean-paul-ii\/#breadcrumb\",\"itemListElement\":[{\"@type\":\"ListItem\",\"position\":1,\"name\":\"Accueil\",\"item\":\"https:\/\/microsites.diocesemontreal.org\/microsites\/jmj\/\"},{\"@type\":\"ListItem\",\"position\":2,\"name\":\"Saint Jean-Paul II\"}]},{\"@type\":\"WebSite\",\"@id\":\"https:\/\/microsites.diocesemontreal.org\/microsites\/jmj\/#website\",\"url\":\"https:\/\/microsites.diocesemontreal.org\/microsites\/jmj\/\",\"name\":\"JMJWYDMTL\",\"description\":\"D\u00e9l\u00e9gation Mission Jeunesse MTL\",\"publisher\":{\"@id\":\"https:\/\/microsites.diocesemontreal.org\/microsites\/jmj\/#organization\"},\"potentialAction\":[{\"@type\":\"SearchAction\",\"target\":{\"@type\":\"EntryPoint\",\"urlTemplate\":\"https:\/\/microsites.diocesemontreal.org\/microsites\/jmj\/?s={search_term_string}\"},\"query-input\":{\"@type\":\"PropertyValueSpecification\",\"valueRequired\":true,\"valueName\":\"search_term_string\"}}],\"inLanguage\":\"en-CA\"},{\"@type\":\"Organization\",\"@id\":\"https:\/\/microsites.diocesemontreal.org\/microsites\/jmj\/#organization\",\"name\":\"JMJWYDMTL\",\"url\":\"https:\/\/microsites.diocesemontreal.org\/microsites\/jmj\/\",\"logo\":{\"@type\":\"ImageObject\",\"inLanguage\":\"en-CA\",\"@id\":\"https:\/\/microsites.diocesemontreal.org\/microsites\/jmj\/#\/schema\/logo\/image\/\",\"url\":\"https:\/\/microsites.diocesemontreal.org\/microsites\/jmj\/wp-content\/uploads\/sites\/5\/2022\/02\/jmjwydmtl_logo-stamp-red.png\",\"contentUrl\":\"https:\/\/microsites.diocesemontreal.org\/microsites\/jmj\/wp-content\/uploads\/sites\/5\/2022\/02\/jmjwydmtl_logo-stamp-red.png\",\"width\":1280,\"height\":1280,\"caption\":\"JMJWYDMTL\"},\"image\":{\"@id\":\"https:\/\/microsites.diocesemontreal.org\/microsites\/jmj\/#\/schema\/logo\/image\/\"}}]}<\/script>\n<!-- \/ Yoast SEO plugin. -->","yoast_head_json":{"title":"Saint Jean-Paul II - JMJWYDMTL","robots":{"index":"index","follow":"follow","max-snippet":"max-snippet:-1","max-image-preview":"max-image-preview:large","max-video-preview":"max-video-preview:-1"},"canonical":"https:\/\/microsites.diocesemontreal.org\/microsites\/jmj\/en\/saint-jean-paul-ii\/","og_locale":"en_US","og_type":"article","og_title":"Saint Jean-Paul II - JMJWYDMTL","og_description":"Cracovie et la r\u00e9gion de Malopolska sont la terre natale de Karol Wojtyla \u2013 Pape Jean-Paul II. De l\u00e0, il s\u2019est rendu \u00e0 Rome, pour le conclave, il y revenait volontairement dans ses souvenirs et lors des p\u00e8lerinages \u00e0 sa patrie : \u00ab Ici, sur cette terre, je suis n\u00e9. Ici, \u00e0 Cracovie, j&#8217;ai pass\u00e9 [&hellip;]","og_url":"https:\/\/microsites.diocesemontreal.org\/microsites\/jmj\/en\/saint-jean-paul-ii\/","og_site_name":"JMJWYDMTL","twitter_card":"summary_large_image","twitter_misc":{"Est. reading time":"4 minutes"},"schema":{"@context":"https:\/\/schema.org","@graph":[{"@type":"WebPage","@id":"https:\/\/microsites.diocesemontreal.org\/microsites\/jmj\/en\/saint-jean-paul-ii\/","url":"https:\/\/microsites.diocesemontreal.org\/microsites\/jmj\/en\/saint-jean-paul-ii\/","name":"Saint Jean-Paul II - JMJWYDMTL","isPartOf":{"@id":"https:\/\/microsites.diocesemontreal.org\/microsites\/jmj\/#website"},"primaryImageOfPage":{"@id":"https:\/\/microsites.diocesemontreal.org\/microsites\/jmj\/en\/saint-jean-paul-ii\/#primaryimage"},"image":{"@id":"https:\/\/microsites.diocesemontreal.org\/microsites\/jmj\/en\/saint-jean-paul-ii\/#primaryimage"},"thumbnailUrl":"https:\/\/microsites.diocesemontreal.org\/micrositesues\/jmj\/files\/2014\/09\/wyd_pdfbutton-150x150.png","datePublished":"2014-09-10T17:07:08+00:00","breadcrumb":{"@id":"https:\/\/microsites.diocesemontreal.org\/microsites\/jmj\/en\/saint-jean-paul-ii\/#breadcrumb"},"inLanguage":"en-CA","potentialAction":[{"@type":"ReadAction","target":["https:\/\/microsites.diocesemontreal.org\/microsites\/jmj\/en\/saint-jean-paul-ii\/"]}]},{"@type":"ImageObject","inLanguage":"en-CA","@id":"https:\/\/microsites.diocesemontreal.org\/microsites\/jmj\/en\/saint-jean-paul-ii\/#primaryimage","url":"https:\/\/microsites.diocesemontreal.org\/micrositesues\/jmj\/files\/2014\/09\/wyd_pdfbutton-150x150.png","contentUrl":"https:\/\/microsites.diocesemontreal.org\/micrositesues\/jmj\/files\/2014\/09\/wyd_pdfbutton-150x150.png"},{"@type":"BreadcrumbList","@id":"https:\/\/microsites.diocesemontreal.org\/microsites\/jmj\/en\/saint-jean-paul-ii\/#breadcrumb","itemListElement":[{"@type":"ListItem","position":1,"name":"Accueil","item":"https:\/\/microsites.diocesemontreal.org\/microsites\/jmj\/"},{"@type":"ListItem","position":2,"name":"Saint Jean-Paul II"}]},{"@type":"WebSite","@id":"https:\/\/microsites.diocesemontreal.org\/microsites\/jmj\/#website","url":"https:\/\/microsites.diocesemontreal.org\/microsites\/jmj\/","name":"JMJWYDMTL","description":"D\u00e9l\u00e9gation Mission Jeunesse MTL","publisher":{"@id":"https:\/\/microsites.diocesemontreal.org\/microsites\/jmj\/#organization"},"potentialAction":[{"@type":"SearchAction","target":{"@type":"EntryPoint","urlTemplate":"https:\/\/microsites.diocesemontreal.org\/microsites\/jmj\/?s={search_term_string}"},"query-input":{"@type":"PropertyValueSpecification","valueRequired":true,"valueName":"search_term_string"}}],"inLanguage":"en-CA"},{"@type":"Organization","@id":"https:\/\/microsites.diocesemontreal.org\/microsites\/jmj\/#organization","name":"JMJWYDMTL","url":"https:\/\/microsites.diocesemontreal.org\/microsites\/jmj\/","logo":{"@type":"ImageObject","inLanguage":"en-CA","@id":"https:\/\/microsites.diocesemontreal.org\/microsites\/jmj\/#\/schema\/logo\/image\/","url":"https:\/\/microsites.diocesemontreal.org\/microsites\/jmj\/wp-content\/uploads\/sites\/5\/2022\/02\/jmjwydmtl_logo-stamp-red.png","contentUrl":"https:\/\/microsites.diocesemontreal.org\/microsites\/jmj\/wp-content\/uploads\/sites\/5\/2022\/02\/jmjwydmtl_logo-stamp-red.png","width":1280,"height":1280,"caption":"JMJWYDMTL"},"image":{"@id":"https:\/\/microsites.diocesemontreal.org\/microsites\/jmj\/#\/schema\/logo\/image\/"}}]}},"_links":{"self":[{"href":"https:\/\/microsites.diocesemontreal.org\/microsites\/jmj\/wp-json\/wp\/v2\/pages\/61","targetHints":{"allow":["GET"]}}],"collection":[{"href":"https:\/\/microsites.diocesemontreal.org\/microsites\/jmj\/wp-json\/wp\/v2\/pages"}],"about":[{"href":"https:\/\/microsites.diocesemontreal.org\/microsites\/jmj\/wp-json\/wp\/v2\/types\/page"}],"author":[{"embeddable":true,"href":"https:\/\/microsites.diocesemontreal.org\/microsites\/jmj\/wp-json\/wp\/v2\/users\/6"}],"replies":[{"embeddable":true,"href":"https:\/\/microsites.diocesemontreal.org\/microsites\/jmj\/wp-json\/wp\/v2\/comments?post=61"}],"version-history":[{"count":0,"href":"https:\/\/microsites.diocesemontreal.org\/microsites\/jmj\/wp-json\/wp\/v2\/pages\/61\/revisions"}],"wp:attachment":[{"href":"https:\/\/microsites.diocesemontreal.org\/microsites\/jmj\/wp-json\/wp\/v2\/media?parent=61"}],"curies":[{"name":"wp","href":"https:\/\/api.w.org\/{rel}","templated":true}]}}