{"id":41123,"date":"2022-08-22T16:39:49","date_gmt":"2022-08-22T20:39:49","guid":{"rendered":"https:\/\/microsites.diocesemontreal.org\/microsites\/missionjeunesse-mtl\/?page_id=41123"},"modified":"2023-02-06T14:01:40","modified_gmt":"2023-02-06T19:01:40","slug":"rencontres-mj","status":"publish","type":"page","link":"https:\/\/microsites.diocesemontreal.org\/microsites\/missionjeunesse-mtl\/rencontres-mj\/","title":{"rendered":"Rencontres Mission Jeunesse"},"content":{"rendered":"<p>[et_pb_section fb_built=&#8221;1&#8243; _builder_version=&#8221;4.16&#8243; _module_preset=&#8221;137b3a87-c123-46d5-ac78-4065473ca227&#8243; background_color=&#8221;#00798c&#8221; background_position=&#8221;bottom_center&#8221; background_blend=&#8221;normal&#8221; bottom_divider_height=&#8221;20px&#8221; bottom_divider_arrangement=&#8221;above_content&#8221; locked=&#8221;off&#8221; global_colors_info=&#8221;{}&#8221; title_text_phone=&#8221;mj_viva2020-STD-1509_post-1&#8243; title_text_tablet=&#8221;mj_viva-2021_bg_HD&#8221;][et_pb_row _builder_version=&#8221;4.16&#8243; _module_preset=&#8221;default&#8221; locked=&#8221;off&#8221; global_colors_info=&#8221;{}&#8221;][et_pb_column type=&#8221;4_4&#8243; _builder_version=&#8221;4.16&#8243; _module_preset=&#8221;default&#8221; global_colors_info=&#8221;{}&#8221;][et_pb_text _builder_version=&#8221;4.18.0&#8243; _module_preset=&#8221;25b7943b-3a1f-413e-94ae-62da21441aa1&#8243; text_text_color=&#8221;#e5e3d1&#8243; link_font=&#8221;||||on||||&#8221; link_text_color=&#8221;#112f31&#8243; header_text_color=&#8221;#e5e3d1&#8243; header_3_text_color=&#8221;#e5e3d1&#8243; hover_enabled=&#8221;0&#8243; global_colors_info=&#8221;{}&#8221; sticky_enabled=&#8221;0&#8243;]<\/p>\n<h3>21 MARS 2022 \u2013 19H<\/h3>\n<h1>Rencontres des Intervenants jeunesse<\/h1>\n<p>Cath\u00e9drale Marie-Reine-du-Monde (M\u00e9tro\u00a0: Bonaventure)<br \/><a href=\"https:\/\/www.google.com\/maps\/place\/1110+Mansfield+St,+Montreal,+QC+H3B+2Y3\/@45.4991864,-73.5700376,17z\/data=!3m1!4b1!4m5!3m4!1s0x4cc91a4338280465:0x8abc7cadb3ed0ffa!8m2!3d45.4991864!4d-73.5678436\">Salles paroissiales (1110 rue Mansfield)<\/a><\/p>\n<p>[\/et_pb_text][et_pb_button button_url=&#8221;#inscription&#8221; button_text=&#8221;S&#8217;inscrire&#8221; disabled_on=&#8221;off|off|off&#8221; _builder_version=&#8221;4.18.0&#8243; _module_preset=&#8221;cb7b3c06-7269-4a1e-97b2-a98da29db33f&#8221; button_bg_color=&#8221;#fa824c&#8221; button_border_color=&#8221;#fa824c&#8221; global_colors_info=&#8221;{}&#8221;][\/et_pb_button][\/et_pb_column][\/et_pb_row][\/et_pb_section][et_pb_section fb_built=&#8221;1&#8243; _builder_version=&#8221;4.16&#8243; _module_preset=&#8221;default&#8221; background_color=&#8221;#e5e3d1&#8243; global_colors_info=&#8221;{}&#8221;][et_pb_row column_structure=&#8221;1_2,1_2&#8243; _builder_version=&#8221;4.16&#8243; _module_preset=&#8221;default&#8221; custom_css_main_element=&#8221;display: flex;||flex-direction: row;||align-items: center&#8221; global_colors_info=&#8221;{}&#8221; custom_css_main_element_tablet=&#8221;display: flex;||||align-items: center&#8221; custom_css_main_element_phone=&#8221;display: block;&#8221; custom_css_main_element_last_edited=&#8221;on|desktop&#8221;][et_pb_column type=&#8221;1_2&#8243; _builder_version=&#8221;4.16&#8243; _module_preset=&#8221;default&#8221; global_colors_info=&#8221;{}&#8221;][et_pb_image src=&#8221;https:\/\/microsites.diocesemontreal.org\/microsites\/missionjeunesse-mtl\/wp-content\/uploads\/sites\/39\/2022\/08\/rmj_assets-group-photo.png&#8221; title_text=&#8221;rmj_assets-group-photo&#8221; _builder_version=&#8221;4.16&#8243; _module_preset=&#8221;default&#8221; width_tablet=&#8221;90%&#8221; width_phone=&#8221;100%&#8221; width_last_edited=&#8221;on|phone&#8221; global_colors_info=&#8221;{}&#8221;][\/et_pb_image][\/et_pb_column][et_pb_column type=&#8221;1_2&#8243; _builder_version=&#8221;4.16&#8243; _module_preset=&#8221;default&#8221; global_colors_info=&#8221;{}&#8221;][et_pb_text _builder_version=&#8221;4.16&#8243; _module_preset=&#8221;70ef4d10-a3c9-457e-9e8e-8b1b024ff468&#8243; header_2_text_color=&#8221;#00798c&#8221; global_colors_info=&#8221;{}&#8221;]<\/p>\n<h2>Un Montr\u00e9al plus dynamique et plus missionnaire<\/h2>\n<p>Les Rencontres Mission Jeunesse rassemblent le divers r\u00e9seau de missionnaires dynamiques qui travaillent avec les jeunes de 13 \u00e0 35 ans.<\/p>\n<p>L&#8217;objectif principal est de renforcer ce r\u00e9seau dioc\u00e9sain de leaders pour cr\u00e9er une communaut\u00e9 plus dynamique et missionnaire qui r\u00e9pond plus pleinement \u00e0 la mission de notre \u00c9glise.<\/p>\n<p>Ces Rencontres favorisent la communion entre ces intervenants jeunesse tout en les renouvelant et en les \u00e9quipant pour mieux r\u00e9pondre \u00e0 la mission dans leur milieu.<\/p>\n<p>[\/et_pb_text][\/et_pb_column][\/et_pb_row][\/et_pb_section][et_pb_section fb_built=&#8221;1&#8243; _builder_version=&#8221;4.16&#8243; _module_preset=&#8221;default&#8221; background_color=&#8221;#f0efe5&#8243; global_colors_info=&#8221;{}&#8221;][et_pb_row column_structure=&#8221;1_2,1_2&#8243; _builder_version=&#8221;4.16&#8243; _module_preset=&#8221;default&#8221; custom_css_main_element=&#8221;display: flex;||flex-direction: row;||align-items: center&#8221; global_colors_info=&#8221;{}&#8221; custom_css_main_element_last_edited=&#8221;on|desktop&#8221; custom_css_main_element_tablet=&#8221;display: flex;||||align-items: center&#8221; custom_css_main_element_phone=&#8221;display: block;&#8221;][et_pb_column type=&#8221;1_2&#8243; _builder_version=&#8221;4.16&#8243; _module_preset=&#8221;default&#8221; global_colors_info=&#8221;{}&#8221;][et_pb_text _builder_version=&#8221;4.16&#8243; _module_preset=&#8221;39d8162e-987a-423f-af06-6793cd959d72&#8243; header_2_text_color=&#8221;#00798c&#8221; text_text_align=&#8221;center&#8221; global_colors_info=&#8221;{}&#8221; text_text_align_phone=&#8221;left&#8221; text_text_align_last_edited=&#8221;on|phone&#8221; text_text_align_tablet=&#8221;center&#8221;]<\/p>\n<h2>Qui est intervenant jeunesse?<\/h2>\n<p>Un intervenant jeunesse est une personne qui travaille avec les jeunes (13-35 ans) \u00e0 titre de b\u00e9n\u00e9vole, pr\u00eatre, agent de pastorale paroissiale, parents, coordonnateur de mouvements de jeunes dans les milieux scolaires, les groupes paroissiaux, les associations ou les responsables de mouvements.<\/p>\n<p>[\/et_pb_text][\/et_pb_column][et_pb_column type=&#8221;1_2&#8243; _builder_version=&#8221;4.16&#8243; _module_preset=&#8221;default&#8221; global_colors_info=&#8221;{}&#8221;][et_pb_image src=&#8221;https:\/\/microsites.diocesemontreal.org\/microsites\/missionjeunesse-mtl\/wp-content\/uploads\/sites\/39\/2022\/08\/rmj_assets-guitar-man.png&#8221; title_text=&#8221;rmj_assets-guitar-man&#8221; align=&#8221;center&#8221; _builder_version=&#8221;4.16&#8243; _module_preset=&#8221;default&#8221; width_tablet=&#8221;90%&#8221; width_phone=&#8221;100%&#8221; width_last_edited=&#8221;on|phone&#8221; global_colors_info=&#8221;{}&#8221;][\/et_pb_image][\/et_pb_column][\/et_pb_row][\/et_pb_section][et_pb_section fb_built=&#8221;1&#8243; _builder_version=&#8221;4.16&#8243; _module_preset=&#8221;default&#8221; background_color=&#8221;#f0efe5&#8243; global_colors_info=&#8221;{}&#8221;][et_pb_row column_structure=&#8221;1_2,1_2&#8243; _builder_version=&#8221;4.16&#8243; _module_preset=&#8221;0588d1e0-92dc-4fe5-bc32-a1641622744d&#8221; custom_css_main_element=&#8221;display: flex;||flex-direction: row;||align-items: center&#8221; global_colors_info=&#8221;{}&#8221; custom_css_main_element_tablet=&#8221;display: flex;||||align-items: center&#8221; custom_css_main_element_phone=&#8221;display: block;&#8221; custom_css_main_element_last_edited=&#8221;on|desktop&#8221;][et_pb_column type=&#8221;1_2&#8243; _builder_version=&#8221;4.16&#8243; _module_preset=&#8221;default&#8221; global_colors_info=&#8221;{}&#8221;][et_pb_image src=&#8221;https:\/\/microsites.diocesemontreal.org\/microsites\/missionjeunesse-mtl\/wp-content\/uploads\/sites\/39\/2022\/08\/rmj_assets-theme-2022_FR-1.png&#8221; title_text=&#8221;rmj_assets-theme-2022_FR (1)&#8221; _builder_version=&#8221;4.16&#8243; _module_preset=&#8221;default&#8221; width_tablet=&#8221;90%&#8221; width_phone=&#8221;100%&#8221; width_last_edited=&#8221;on|phone&#8221; global_colors_info=&#8221;{}&#8221;][\/et_pb_image][\/et_pb_column][et_pb_column type=&#8221;1_2&#8243; _builder_version=&#8221;4.16&#8243; _module_preset=&#8221;default&#8221; global_colors_info=&#8221;{}&#8221;][et_pb_text _builder_version=&#8221;4.16&#8243; _module_preset=&#8221;39d8162e-987a-423f-af06-6793cd959d72&#8243; header_2_text_color=&#8221;#00798c&#8221; global_colors_info=&#8221;{}&#8221;]<\/p>\n<h2>S\u00e9rie 2022\u20132023<\/h2>\n<p>[\/et_pb_text][et_pb_text module_id=&#8221;intervenant&#8221; _builder_version=&#8221;4.18.0&#8243; _module_preset=&#8221;70ef4d10-a3c9-457e-9e8e-8b1b024ff468&#8243; header_2_text_color=&#8221;#00798c&#8221; header_3_font=&#8221;Inter|500|||||||&#8221; global_colors_info=&#8221;{}&#8221;]<\/p>\n<h3>5 oct 2022<br \/>19\u201320h30<\/h3>\n<p>[\/et_pb_text][et_pb_text module_id=&#8221;intervenant&#8221; _builder_version=&#8221;4.16&#8243; _module_preset=&#8221;default&#8221; header_2_text_color=&#8221;#00798c&#8221; header_3_font=&#8221;Inter|500|||||||&#8221; global_colors_info=&#8221;{}&#8221;]<\/p>\n<h3>21 mars 2023<br \/>14\u201315h30<\/h3>\n<p>[\/et_pb_text][et_pb_text module_id=&#8221;intervenant&#8221; _builder_version=&#8221;4.16&#8243; _module_preset=&#8221;default&#8221; header_2_text_color=&#8221;#00798c&#8221; header_3_font=&#8221;Inter|500|||||||&#8221; global_colors_info=&#8221;{}&#8221;]<\/p>\n<h3>3 mai 2023<br \/>19\u201320h30<\/h3>\n<p>[\/et_pb_text][\/et_pb_column][\/et_pb_row][\/et_pb_section][et_pb_section fb_built=&#8221;1&#8243; _builder_version=&#8221;4.16&#8243; _module_preset=&#8221;default&#8221; background_color=&#8221;#f0efe5&#8243; locked=&#8221;off&#8221; global_colors_info=&#8221;{}&#8221;][et_pb_row _builder_version=&#8221;4.16&#8243; _module_preset=&#8221;0588d1e0-92dc-4fe5-bc32-a1641622744d&#8221; custom_margin=&#8221;||1rem||false|false&#8221; global_colors_info=&#8221;{}&#8221;][et_pb_column type=&#8221;4_4&#8243; _builder_version=&#8221;4.16&#8243; _module_preset=&#8221;default&#8221; global_colors_info=&#8221;{}&#8221;][et_pb_text _builder_version=&#8221;4.16&#8243; _module_preset=&#8221;39d8162e-987a-423f-af06-6793cd959d72&#8243; header_text_color=&#8221;#00798c&#8221; header_2_text_color=&#8221;#00798c&#8221; custom_margin=&#8221;||2vw||false|false&#8221; global_colors_info=&#8221;{}&#8221;]<\/p>\n<h2>S\u00e9ries pr\u00e9c\u00e9dentes<\/h2>\n<p>[\/et_pb_text][\/et_pb_column][\/et_pb_row][et_pb_row column_structure=&#8221;1_2,1_2&#8243; _builder_version=&#8221;4.16&#8243; _module_preset=&#8221;default&#8221; global_colors_info=&#8221;{}&#8221;][et_pb_column type=&#8221;1_2&#8243; _builder_version=&#8221;4.16&#8243; _module_preset=&#8221;d002bcb3-3adc-4b2c-a13d-84697b40446a&#8221; global_colors_info=&#8221;{}&#8221;][et_pb_video src=&#8221;https:\/\/youtu.be\/3NWS3l9bY0U&#8221; _builder_version=&#8221;4.16&#8243; _module_preset=&#8221;default&#8221; global_colors_info=&#8221;{}&#8221;][\/et_pb_video][et_pb_text _builder_version=&#8221;4.16&#8243; _module_preset=&#8221;f743a7dc-e8df-4ae7-b7bb-b74254b2e964&#8243; locked=&#8221;off&#8221; global_colors_info=&#8221;{}&#8221;]<\/p>\n<h3>2020-2021<\/h3>\n<p>\u00ab\u00a0Jeune homme, je te le dis, l\u00e8ve-toi !\u00a0\u00bb (Lc\u00a07,14)<\/p>\n<p>[\/et_pb_text][\/et_pb_column][et_pb_column type=&#8221;1_2&#8243; _builder_version=&#8221;4.16&#8243; _module_preset=&#8221;d002bcb3-3adc-4b2c-a13d-84697b40446a&#8221; global_colors_info=&#8221;{}&#8221;][et_pb_video src=&#8221;https:\/\/youtu.be\/K_DGd9ZH_Qk&#8221; _builder_version=&#8221;4.16&#8243; _module_preset=&#8221;default&#8221; global_colors_info=&#8221;{}&#8221;][\/et_pb_video][et_pb_text _builder_version=&#8221;4.16&#8243; _module_preset=&#8221;f743a7dc-e8df-4ae7-b7bb-b74254b2e964&#8243; locked=&#8221;off&#8221; global_colors_info=&#8221;{}&#8221;]<\/p>\n<h3>2021-2022<\/h3>\n<p>\u00ab L\u00e8ve-toi : car je t\u2019\u00e9tablis t\u00e9moin des choses que tu as vues ! \u00bb (Actes 26, 16)<\/p>\n<p>&nbsp;<\/p>\n<p>[\/et_pb_text][\/et_pb_column][\/et_pb_row][\/et_pb_section][et_pb_section fb_built=&#8221;1&#8243; admin_label=&#8221;Inscription&#8221; module_id=&#8221;inscription&#8221; _builder_version=&#8221;4.18.0&#8243; _module_preset=&#8221;default&#8221; background_color=&#8221;#00798c&#8221; locked=&#8221;off&#8221; global_colors_info=&#8221;{}&#8221;][et_pb_row _builder_version=&#8221;4.16&#8243; _module_preset=&#8221;default&#8221; custom_margin=&#8221;||1rem||false|false&#8221; global_colors_info=&#8221;{}&#8221;][et_pb_column type=&#8221;4_4&#8243; _builder_version=&#8221;4.16&#8243; _module_preset=&#8221;default&#8221; global_colors_info=&#8221;{}&#8221;][et_pb_divider color=&#8221;#fa824d&#8221; divider_position=&#8221;center&#8221; divider_weight=&#8221;8px&#8221; _builder_version=&#8221;4.16&#8243; _module_preset=&#8221;default&#8221; width=&#8221;3rem&#8221; global_colors_info=&#8221;{}&#8221;][\/et_pb_divider][et_pb_text _builder_version=&#8221;4.16&#8243; _module_preset=&#8221;70ef4d10-a3c9-457e-9e8e-8b1b024ff468&#8243; header_text_color=&#8221;#f0efe5&#8243; custom_margin=&#8221;||1rem||false|false&#8221; locked=&#8221;off&#8221; global_colors_info=&#8221;{}&#8221;]<\/p>\n<h1>S&#8217;inscrire<\/h1>\n<p>[\/et_pb_text][\/et_pb_column][\/et_pb_row][et_pb_row column_structure=&#8221;1_2,1_2&#8243; _builder_version=&#8221;4.16&#8243; _module_preset=&#8221;default&#8221; global_colors_info=&#8221;{}&#8221;][et_pb_column type=&#8221;1_2&#8243; _builder_version=&#8221;4.16&#8243; _module_preset=&#8221;default&#8221; global_colors_info=&#8221;{}&#8221;][et_pb_text _builder_version=&#8221;4.18.0&#8243; _module_preset=&#8221;abc07d88-a16d-46f8-9fbd-1e82f4caa88a&#8221; text_text_color=&#8221;#f0efe5&#8243; sticky_offset_surrounding=&#8221;off&#8221; saved_tabs=&#8221;all&#8221; locked=&#8221;off&#8221; global_colors_info=&#8221;{}&#8221;]<\/p>\n<p>Toute communication concernant votre inscription sera faite via le courriel fourni lors de votre inscription:<br \/>&#8211; Lien \u00e0 la salle Zoom pour la rencontre virtuelle ou lieux de la rencontre en pr\u00e9sentiel\u00a0<br \/>&#8211; Consignes<br \/>&#8211; Etc.<\/p>\n<p>Pour vous assurer de bien recevoir ces informations, merci de sauvegarder missionjeunesse@diocesemontreal.org dans vos contacts comme adresse courriel reconnu.<\/p>\n<p>Si vous ne trouvez aucun courriel de notre part. Veuillez v\u00e9rifier vos bo\u00eetes de spam \/ junk courriels \/ courriels non-d\u00e9sir\u00e9s \/ publicit\u00e9 car il se peut que vous ayez des filtres.<\/p>\n<p>N\u2019h\u00e9sitez pas de nous envoyer un courriel si vous ne trouvez toujours pas nos courriels.<\/p>\n<p>[\/et_pb_text][\/et_pb_column][et_pb_column type=&#8221;1_2&#8243; _builder_version=&#8221;4.16&#8243; _module_preset=&#8221;default&#8221; global_colors_info=&#8221;{}&#8221;][et_pb_text _builder_version=&#8221;4.18.0&#8243; _module_preset=&#8221;f8a755d4-b957-4345-a3af-1dcc6c55d58d&#8221; background_color=&#8221;#f0efe5&#8243; global_colors_info=&#8221;{}&#8221;]<\/p>\n\n<p>[\/et_pb_text][\/et_pb_column][\/et_pb_row][\/et_pb_section]<\/p>\n","protected":false},"excerpt":{"rendered":"<p>21 MARS 2022 \u2013 19H Rencontres des Intervenants jeunesse Cath\u00e9drale Marie-Reine-du-Monde (M\u00e9tro\u00a0: Bonaventure)Salles paroissiales (1110 rue Mansfield)Un Montr\u00e9al plus dynamique et plus missionnaire Les Rencontres Mission Jeunesse rassemblent le divers r\u00e9seau de missionnaires dynamiques qui travaillent avec les jeunes de 13 \u00e0 35 ans. L&#8217;objectif principal est de renforcer ce r\u00e9seau dioc\u00e9sain de leaders pour [&hellip;]<\/p>\n","protected":false},"author":9,"featured_media":48954,"parent":0,"menu_order":0,"comment_status":"closed","ping_status":"closed","template":"","meta":{"_et_pb_use_builder":"on","_et_pb_old_content":"","_et_gb_content_width":"","_monsterinsights_skip_tracking":false,"_monsterinsights_sitenote_active":false,"_monsterinsights_sitenote_note":"","_monsterinsights_sitenote_category":0,"footnotes":""},"class_list":["post-41123","page","type-page","status-publish","has-post-thumbnail","hentry"],"yoast_head":"<!-- This site is optimized with the Yoast SEO plugin v26.4 - https:\/\/yoast.com\/wordpress\/plugins\/seo\/ -->\n<title>Rencontres Mission Jeunesse - Mission Jeunesse Montr\u00e9al<\/title>\n<meta name=\"robots\" content=\"index, follow, max-snippet:-1, max-image-preview:large, max-video-preview:-1\" \/>\n<link rel=\"canonical\" href=\"https:\/\/microsites.diocesemontreal.org\/microsites\/missionjeunesse-mtl\/rencontres-mj\/\" \/>\n<meta property=\"og:locale\" content=\"fr_FR\" \/>\n<meta property=\"og:type\" content=\"article\" \/>\n<meta property=\"og:title\" content=\"Rencontres Mission Jeunesse - Mission Jeunesse Montr\u00e9al\" \/>\n<meta property=\"og:description\" content=\"21 MARS 2022 \u2013 19H Rencontres des Intervenants jeunesse Cath\u00e9drale Marie-Reine-du-Monde (M\u00e9tro\u00a0: Bonaventure)Salles paroissiales (1110 rue Mansfield)Un Montr\u00e9al plus dynamique et plus missionnaire Les Rencontres Mission Jeunesse rassemblent le divers r\u00e9seau de missionnaires dynamiques qui travaillent avec les jeunes de 13 \u00e0 35 ans. L&#039;objectif principal est de renforcer ce r\u00e9seau dioc\u00e9sain de leaders pour [&hellip;]\" \/>\n<meta property=\"og:url\" content=\"https:\/\/microsites.diocesemontreal.org\/microsites\/missionjeunesse-mtl\/rencontres-mj\/\" \/>\n<meta property=\"og:site_name\" content=\"Mission Jeunesse Montr\u00e9al\" \/>\n<meta property=\"article:modified_time\" content=\"2023-02-06T19:01:40+00:00\" \/>\n<meta property=\"og:image\" content=\"https:\/\/microsites.diocesemontreal.org\/microsites\/missionjeunesse-mtl\/wp-content\/uploads\/sites\/39\/2022\/08\/rmj_cover.jpg\" \/>\n\t<meta property=\"og:image:width\" content=\"1920\" \/>\n\t<meta property=\"og:image:height\" content=\"1080\" \/>\n\t<meta property=\"og:image:type\" content=\"image\/jpeg\" \/>\n<meta name=\"twitter:card\" content=\"summary_large_image\" \/>\n<meta name=\"twitter:label1\" content=\"Dur\u00e9e de lecture estim\u00e9e\" \/>\n\t<meta name=\"twitter:data1\" content=\"3 minutes\" \/>\n<script type=\"application\/ld+json\" class=\"yoast-schema-graph\">{\"@context\":\"https:\/\/schema.org\",\"@graph\":[{\"@type\":\"WebPage\",\"@id\":\"https:\/\/microsites.diocesemontreal.org\/microsites\/missionjeunesse-mtl\/rencontres-mj\/\",\"url\":\"https:\/\/microsites.diocesemontreal.org\/microsites\/missionjeunesse-mtl\/rencontres-mj\/\",\"name\":\"Rencontres Mission Jeunesse - Mission Jeunesse Montr\u00e9al\",\"isPartOf\":{\"@id\":\"https:\/\/microsites.diocesemontreal.org\/microsites\/missionjeunesse-mtl\/#website\"},\"primaryImageOfPage\":{\"@id\":\"https:\/\/microsites.diocesemontreal.org\/microsites\/missionjeunesse-mtl\/rencontres-mj\/#primaryimage\"},\"image\":{\"@id\":\"https:\/\/microsites.diocesemontreal.org\/microsites\/missionjeunesse-mtl\/rencontres-mj\/#primaryimage\"},\"thumbnailUrl\":\"https:\/\/microsites.diocesemontreal.org\/microsites\/missionjeunesse-mtl\/wp-content\/uploads\/sites\/39\/2022\/08\/rmj_cover.jpg\",\"datePublished\":\"2022-08-22T20:39:49+00:00\",\"dateModified\":\"2023-02-06T19:01:40+00:00\",\"breadcrumb\":{\"@id\":\"https:\/\/microsites.diocesemontreal.org\/microsites\/missionjeunesse-mtl\/rencontres-mj\/#breadcrumb\"},\"inLanguage\":\"fr-FR\",\"potentialAction\":[{\"@type\":\"ReadAction\",\"target\":[\"https:\/\/microsites.diocesemontreal.org\/microsites\/missionjeunesse-mtl\/rencontres-mj\/\"]}]},{\"@type\":\"ImageObject\",\"inLanguage\":\"fr-FR\",\"@id\":\"https:\/\/microsites.diocesemontreal.org\/microsites\/missionjeunesse-mtl\/rencontres-mj\/#primaryimage\",\"url\":\"https:\/\/microsites.diocesemontreal.org\/microsites\/missionjeunesse-mtl\/wp-content\/uploads\/sites\/39\/2022\/08\/rmj_cover.jpg\",\"contentUrl\":\"https:\/\/microsites.diocesemontreal.org\/microsites\/missionjeunesse-mtl\/wp-content\/uploads\/sites\/39\/2022\/08\/rmj_cover.jpg\",\"width\":1920,\"height\":1080},{\"@type\":\"BreadcrumbList\",\"@id\":\"https:\/\/microsites.diocesemontreal.org\/microsites\/missionjeunesse-mtl\/rencontres-mj\/#breadcrumb\",\"itemListElement\":[{\"@type\":\"ListItem\",\"position\":1,\"name\":\"Accueil\",\"item\":\"https:\/\/microsites.diocesemontreal.org\/microsites\/missionjeunesse-mtl\/\"},{\"@type\":\"ListItem\",\"position\":2,\"name\":\"Rencontres Mission Jeunesse\"}]},{\"@type\":\"WebSite\",\"@id\":\"https:\/\/microsites.diocesemontreal.org\/microsites\/missionjeunesse-mtl\/#website\",\"url\":\"https:\/\/microsites.diocesemontreal.org\/microsites\/missionjeunesse-mtl\/\",\"name\":\"Mission Jeunesse Montr\u00e9al\",\"description\":\"Vivre, aimer, servir dans la joie\",\"potentialAction\":[{\"@type\":\"SearchAction\",\"target\":{\"@type\":\"EntryPoint\",\"urlTemplate\":\"https:\/\/microsites.diocesemontreal.org\/microsites\/missionjeunesse-mtl\/?s={search_term_string}\"},\"query-input\":{\"@type\":\"PropertyValueSpecification\",\"valueRequired\":true,\"valueName\":\"search_term_string\"}}],\"inLanguage\":\"fr-FR\"}]}<\/script>\n<!-- \/ Yoast SEO plugin. -->","yoast_head_json":{"title":"Rencontres Mission Jeunesse - Mission Jeunesse Montr\u00e9al","robots":{"index":"index","follow":"follow","max-snippet":"max-snippet:-1","max-image-preview":"max-image-preview:large","max-video-preview":"max-video-preview:-1"},"canonical":"https:\/\/microsites.diocesemontreal.org\/microsites\/missionjeunesse-mtl\/rencontres-mj\/","og_locale":"fr_FR","og_type":"article","og_title":"Rencontres Mission Jeunesse - Mission Jeunesse Montr\u00e9al","og_description":"21 MARS 2022 \u2013 19H Rencontres des Intervenants jeunesse Cath\u00e9drale Marie-Reine-du-Monde (M\u00e9tro\u00a0: Bonaventure)Salles paroissiales (1110 rue Mansfield)Un Montr\u00e9al plus dynamique et plus missionnaire Les Rencontres Mission Jeunesse rassemblent le divers r\u00e9seau de missionnaires dynamiques qui travaillent avec les jeunes de 13 \u00e0 35 ans. L'objectif principal est de renforcer ce r\u00e9seau dioc\u00e9sain de leaders pour [&hellip;]","og_url":"https:\/\/microsites.diocesemontreal.org\/microsites\/missionjeunesse-mtl\/rencontres-mj\/","og_site_name":"Mission Jeunesse Montr\u00e9al","article_modified_time":"2023-02-06T19:01:40+00:00","og_image":[{"width":1920,"height":1080,"url":"https:\/\/microsites.diocesemontreal.org\/microsites\/missionjeunesse-mtl\/wp-content\/uploads\/sites\/39\/2022\/08\/rmj_cover.jpg","type":"image\/jpeg"}],"twitter_card":"summary_large_image","twitter_misc":{"Dur\u00e9e de lecture estim\u00e9e":"3 minutes"},"schema":{"@context":"https:\/\/schema.org","@graph":[{"@type":"WebPage","@id":"https:\/\/microsites.diocesemontreal.org\/microsites\/missionjeunesse-mtl\/rencontres-mj\/","url":"https:\/\/microsites.diocesemontreal.org\/microsites\/missionjeunesse-mtl\/rencontres-mj\/","name":"Rencontres Mission Jeunesse - Mission Jeunesse Montr\u00e9al","isPartOf":{"@id":"https:\/\/microsites.diocesemontreal.org\/microsites\/missionjeunesse-mtl\/#website"},"primaryImageOfPage":{"@id":"https:\/\/microsites.diocesemontreal.org\/microsites\/missionjeunesse-mtl\/rencontres-mj\/#primaryimage"},"image":{"@id":"https:\/\/microsites.diocesemontreal.org\/microsites\/missionjeunesse-mtl\/rencontres-mj\/#primaryimage"},"thumbnailUrl":"https:\/\/microsites.diocesemontreal.org\/microsites\/missionjeunesse-mtl\/wp-content\/uploads\/sites\/39\/2022\/08\/rmj_cover.jpg","datePublished":"2022-08-22T20:39:49+00:00","dateModified":"2023-02-06T19:01:40+00:00","breadcrumb":{"@id":"https:\/\/microsites.diocesemontreal.org\/microsites\/missionjeunesse-mtl\/rencontres-mj\/#breadcrumb"},"inLanguage":"fr-FR","potentialAction":[{"@type":"ReadAction","target":["https:\/\/microsites.diocesemontreal.org\/microsites\/missionjeunesse-mtl\/rencontres-mj\/"]}]},{"@type":"ImageObject","inLanguage":"fr-FR","@id":"https:\/\/microsites.diocesemontreal.org\/microsites\/missionjeunesse-mtl\/rencontres-mj\/#primaryimage","url":"https:\/\/microsites.diocesemontreal.org\/microsites\/missionjeunesse-mtl\/wp-content\/uploads\/sites\/39\/2022\/08\/rmj_cover.jpg","contentUrl":"https:\/\/microsites.diocesemontreal.org\/microsites\/missionjeunesse-mtl\/wp-content\/uploads\/sites\/39\/2022\/08\/rmj_cover.jpg","width":1920,"height":1080},{"@type":"BreadcrumbList","@id":"https:\/\/microsites.diocesemontreal.org\/microsites\/missionjeunesse-mtl\/rencontres-mj\/#breadcrumb","itemListElement":[{"@type":"ListItem","position":1,"name":"Accueil","item":"https:\/\/microsites.diocesemontreal.org\/microsites\/missionjeunesse-mtl\/"},{"@type":"ListItem","position":2,"name":"Rencontres Mission Jeunesse"}]},{"@type":"WebSite","@id":"https:\/\/microsites.diocesemontreal.org\/microsites\/missionjeunesse-mtl\/#website","url":"https:\/\/microsites.diocesemontreal.org\/microsites\/missionjeunesse-mtl\/","name":"Mission Jeunesse Montr\u00e9al","description":"Vivre, aimer, servir dans la joie","potentialAction":[{"@type":"SearchAction","target":{"@type":"EntryPoint","urlTemplate":"https:\/\/microsites.diocesemontreal.org\/microsites\/missionjeunesse-mtl\/?s={search_term_string}"},"query-input":{"@type":"PropertyValueSpecification","valueRequired":true,"valueName":"search_term_string"}}],"inLanguage":"fr-FR"}]}},"_links":{"self":[{"href":"https:\/\/microsites.diocesemontreal.org\/microsites\/missionjeunesse-mtl\/wp-json\/wp\/v2\/pages\/41123","targetHints":{"allow":["GET"]}}],"collection":[{"href":"https:\/\/microsites.diocesemontreal.org\/microsites\/missionjeunesse-mtl\/wp-json\/wp\/v2\/pages"}],"about":[{"href":"https:\/\/microsites.diocesemontreal.org\/microsites\/missionjeunesse-mtl\/wp-json\/wp\/v2\/types\/page"}],"author":[{"embeddable":true,"href":"https:\/\/microsites.diocesemontreal.org\/microsites\/missionjeunesse-mtl\/wp-json\/wp\/v2\/users\/9"}],"replies":[{"embeddable":true,"href":"https:\/\/microsites.diocesemontreal.org\/microsites\/missionjeunesse-mtl\/wp-json\/wp\/v2\/comments?post=41123"}],"version-history":[{"count":136,"href":"https:\/\/microsites.diocesemontreal.org\/microsites\/missionjeunesse-mtl\/wp-json\/wp\/v2\/pages\/41123\/revisions"}],"predecessor-version":[{"id":50253,"href":"https:\/\/microsites.diocesemontreal.org\/microsites\/missionjeunesse-mtl\/wp-json\/wp\/v2\/pages\/41123\/revisions\/50253"}],"wp:featuredmedia":[{"embeddable":true,"href":"https:\/\/microsites.diocesemontreal.org\/microsites\/missionjeunesse-mtl\/wp-json\/wp\/v2\/media\/48954"}],"wp:attachment":[{"href":"https:\/\/microsites.diocesemontreal.org\/microsites\/missionjeunesse-mtl\/wp-json\/wp\/v2\/media?parent=41123"}],"curies":[{"name":"wp","href":"https:\/\/api.w.org\/{rel}","templated":true}]}}