{"id":42034,"date":"2020-10-16T12:00:58","date_gmt":"2020-10-16T16:00:58","guid":{"rendered":"https:\/\/microsites.diocesemontreal.org\/microsites\/missionjeunesse-mtl\/?page_id=42034"},"modified":"2022-08-13T14:00:38","modified_gmt":"2022-08-13T18:00:38","slug":"a-propos","status":"publish","type":"page","link":"https:\/\/microsites.diocesemontreal.org\/microsites\/missionjeunesse-mtl\/a-propos\/","title":{"rendered":"\u00c0 propos"},"content":{"rendered":"<p>[et_pb_section fb_built=&#8221;1&#8243; _builder_version=&#8221;4.11.4&#8243; _module_preset=&#8221;137b3a87-c123-46d5-ac78-4065473ca227&#8243; background_image=&#8221;https:\/\/microsites.diocesemontreal.org\/microsites\/missionjeunesse-mtl\/wp-content\/uploads\/sites\/39\/2019\/04\/mj_photo_walk-girl.jpg&#8221; background_enable_image=&#8221;on&#8221; min_height=&#8221;648px&#8221; global_colors_info=&#8221;{}&#8221;][et_pb_row _builder_version=&#8221;4.11.4&#8243; _module_preset=&#8221;default&#8221; global_colors_info=&#8221;{}&#8221;][et_pb_column type=&#8221;4_4&#8243; _builder_version=&#8221;4.11.4&#8243; _module_preset=&#8221;default&#8221; global_colors_info=&#8221;{}&#8221;][et_pb_text _builder_version=&#8221;4.11.4&#8243; _module_preset=&#8221;25b7943b-3a1f-413e-94ae-62da21441aa1&#8243; header_text_color=&#8221;#F5F5F5&#8243; header_font_size=&#8221;6rem&#8221; hover_enabled=&#8221;0&#8243; header_font_size_tablet=&#8221;4.8rem&#8221; header_font_size_phone=&#8221;3.6rem&#8221; global_colors_info=&#8221;{}&#8221; sticky_enabled=&#8221;0&#8243;]<\/p>\n<h1>Vivre, aimer, servir dans la joie<\/h1>\n<p>[\/et_pb_text][\/et_pb_column][\/et_pb_row][\/et_pb_section][et_pb_section fb_built=&#8221;1&#8243; _builder_version=&#8221;4.11.4&#8243; _module_preset=&#8221;34d2baf7-d8f6-44e0-b5a4-1f5abddb8061&#8243; background_color=&#8221;#DA2128&#8243; global_colors_info=&#8221;{}&#8221;][et_pb_row column_structure=&#8221;1_2,1_2&#8243; _builder_version=&#8221;4.11.4&#8243; _module_preset=&#8221;default&#8221; global_colors_info=&#8221;{}&#8221;][et_pb_column type=&#8221;1_2&#8243; _builder_version=&#8221;4.11.4&#8243; _module_preset=&#8221;default&#8221; global_colors_info=&#8221;{}&#8221;][et_pb_text _builder_version=&#8221;4.11.4&#8243; _module_preset=&#8221;70ef4d10-a3c9-457e-9e8e-8b1b024ff468&#8243; header_text_color=&#8221;#F5F5F5&#8243; global_colors_info=&#8221;{}&#8221;]<\/p>\n<h1>Notre mission<\/h1>\n<p>[\/et_pb_text][\/et_pb_column][et_pb_column type=&#8221;1_2&#8243; _builder_version=&#8221;4.11.4&#8243; _module_preset=&#8221;default&#8221; global_colors_info=&#8221;{}&#8221;][et_pb_text _builder_version=&#8221;4.11.4&#8243; _module_preset=&#8221;25b7943b-3a1f-413e-94ae-62da21441aa1&#8243; text_text_color=&#8221;#F5F5F5&#8243; global_colors_info=&#8221;{}&#8221;]<\/p>\n<p>Mission Jeunesse Montr\u00e9al place les jeunes \u00e0 l\u2019avant-plan de la vie et de la mission de l\u2019\u00c9glise, et les habilite \u00e0 offrir le meilleur d\u2019eux-m\u00eames dans l\u2019Archidioc\u00e8se de Montr\u00e9al.<\/p>\n<p>[\/et_pb_text][et_pb_text _builder_version=&#8221;4.11.4&#8243; _module_preset=&#8221;70ef4d10-a3c9-457e-9e8e-8b1b024ff468&#8243; text_text_color=&#8221;#F5F5F5&#8243; global_colors_info=&#8221;{}&#8221;]<\/p>\n<p>Mandat\u00e9s par l&#8217;Archev\u00eaque de Montr\u00e9al, nous servons diff\u00e9rentes communaut\u00e9s dans leur mission aupr\u00e8s des adolescents (13-17) et des jeunes adultes \u00e0 travers des \u00e9v\u00e8nements, des formations, du soutien et des consultations. Nous \u0153uvrons \u00e0 bien \u00e9quiper tous ceux qui partagent notre mission de former de jeunes disciples missionnaires qui vivent, aiment et servent dans la joie.<\/p>\n<p>[\/et_pb_text][\/et_pb_column][\/et_pb_row][\/et_pb_section][et_pb_section fb_built=&#8221;1&#8243; _builder_version=&#8221;4.11.4&#8243; _module_preset=&#8221;b7dc9f08-99bb-4386-bca0-485be3f223ba&#8221; background_image=&#8221;https:\/\/microsites.diocesemontreal.org\/microsites\/missionjeunesse-mtl\/wp-content\/uploads\/sites\/39\/2021\/12\/mj_photo-group-francisiscans.jpeg&#8221; height=&#8221;70vh&#8221; max_height=&#8221;720px&#8221; global_colors_info=&#8221;{}&#8221;][et_pb_row _builder_version=&#8221;4.11.4&#8243; _module_preset=&#8221;default&#8221; global_colors_info=&#8221;{}&#8221;][et_pb_column type=&#8221;4_4&#8243; _builder_version=&#8221;4.11.4&#8243; _module_preset=&#8221;default&#8221; global_colors_info=&#8221;{}&#8221;][\/et_pb_column][\/et_pb_row][\/et_pb_section][et_pb_section fb_built=&#8221;1&#8243; _builder_version=&#8221;4.11.4&#8243; _module_preset=&#8221;default&#8221; background_color=&#8221;#F5F5F5&#8243; global_colors_info=&#8221;{}&#8221;][et_pb_row _builder_version=&#8221;4.11.4&#8243; _module_preset=&#8221;default&#8221; custom_margin=&#8221;||0rem||false|false&#8221; global_colors_info=&#8221;{}&#8221;][et_pb_column type=&#8221;4_4&#8243; _builder_version=&#8221;4.11.4&#8243; _module_preset=&#8221;default&#8221; global_colors_info=&#8221;{}&#8221;][et_pb_text _builder_version=&#8221;4.11.4&#8243; _module_preset=&#8221;70ef4d10-a3c9-457e-9e8e-8b1b024ff468&#8243; global_colors_info=&#8221;{}&#8221;]<\/p>\n<h1>Une approche multidimensionnelle<\/h1>\n<p>[\/et_pb_text][\/et_pb_column][\/et_pb_row][et_pb_row column_structure=&#8221;1_2,1_2&#8243; _builder_version=&#8221;4.11.4&#8243; _module_preset=&#8221;aeae984f-8856-40f1-9447-b0c14a336e68&#8243; custom_css_main_element=&#8221;display: flex;||flex-wrap: wrap;&#8221; global_colors_info=&#8221;{}&#8221;][et_pb_column type=&#8221;1_2&#8243; _builder_version=&#8221;4.11.4&#8243; _module_preset=&#8221;default&#8221; global_colors_info=&#8221;{}&#8221; custom_css_main_element_last_edited=&#8221;on|tablet&#8221; custom_css_main_element_tablet=&#8221;order: 2;&#8221; custom_css_main_element_phone=&#8221;order: 2;&#8221;][et_pb_text _builder_version=&#8221;4.11.4&#8243; _module_preset=&#8221;25b7943b-3a1f-413e-94ae-62da21441aa1&#8243; global_colors_info=&#8221;{}&#8221;]<\/p>\n<p>Nous encourageons une approche plus multidimensionnelle qui nous permet, en tant qu\u2019\u00c9glise, de mieux r\u00e9pondre aux besoins sociaux, culturels et religieux des jeunes d\u2019aujourd\u2019hui.<\/p>\n<p>[\/et_pb_text][\/et_pb_column][et_pb_column type=&#8221;1_2&#8243; _builder_version=&#8221;4.11.4&#8243; _module_preset=&#8221;default&#8221; global_colors_info=&#8221;{}&#8221; custom_css_main_element_last_edited=&#8221;on|tablet&#8221; custom_css_main_element_tablet=&#8221;order: 2;&#8221; custom_css_main_element_phone=&#8221;order: 2;&#8221;][et_pb_text _builder_version=&#8221;4.11.4&#8243; _module_preset=&#8221;70ef4d10-a3c9-457e-9e8e-8b1b024ff468&#8243; global_colors_info=&#8221;{}&#8221;]<\/p>\n<p>Les jeunes jouent un r\u00f4le essentiel dans tous les domaines de la vie avec les amis, la famille, \u00e0 l\u2019\u00e9cole, au travail, etc.. Ils sont appel\u00e9s par Dieu \u00e0 \u00eatre des catalyseurs partout o\u00f9 ils sont pr\u00e9sents.<\/p>\n<p>Cette vision multidimensionnelle de la mission aupr\u00e8s des jeunes vise \u00e0 r\u00e9v\u00e9ler J\u00e9sus-Christ aux jeunes et \u00e0 les accompagner dans leur croissance personnelle et spirituelle en tant que disciples.<\/p>\n<p>[\/et_pb_text][\/et_pb_column][\/et_pb_row][\/et_pb_section][et_pb_section fb_built=&#8221;1&#8243; _builder_version=&#8221;4.11.4&#8243; _module_preset=&#8221;34d2baf7-d8f6-44e0-b5a4-1f5abddb8061&#8243; background_color=&#8221;#f0f0f1&#8243; global_colors_info=&#8221;{}&#8221;][et_pb_row custom_padding_last_edited=&#8221;off|tablet&#8221; _builder_version=&#8221;4.11.4&#8243; _module_preset=&#8221;default&#8221; global_colors_info=&#8221;{}&#8221;][et_pb_column type=&#8221;4_4&#8243; _builder_version=&#8221;4.11.4&#8243; _module_preset=&#8221;default&#8221; global_colors_info=&#8221;{}&#8221;][et_pb_text _builder_version=&#8221;4.11.4&#8243; _module_preset=&#8221;70ef4d10-a3c9-457e-9e8e-8b1b024ff468&#8243; global_colors_info=&#8221;{}&#8221;]<\/p>\n<h1>Nos valeurs fondamentales<\/h1>\n<p>[\/et_pb_text][et_pb_image src=&#8221;https:\/\/microsites.diocesemontreal.org\/microsites\/missionjeunesse-mtl\/wp-content\/uploads\/sites\/39\/2021\/12\/mj_photo-hockey-celebration.jpeg&#8221; title_text=&#8221;mj_photo-hockey-celebration&#8221; _builder_version=&#8221;4.11.4&#8243; _module_preset=&#8221;default&#8221; custom_margin=&#8221;6rem||3rem||false|false&#8221; custom_margin_tablet=&#8221;6rem||0rem||false|false&#8221; custom_margin_phone=&#8221;3rem||0rem||false|false&#8221; custom_margin_last_edited=&#8221;on|phone&#8221; global_colors_info=&#8221;{}&#8221;][\/et_pb_image][\/et_pb_column][\/et_pb_row][et_pb_row column_structure=&#8221;1_2,1_2&#8243; _builder_version=&#8221;4.11.4&#8243; _module_preset=&#8221;default&#8221; global_colors_info=&#8221;{}&#8221;][et_pb_column type=&#8221;1_2&#8243; _builder_version=&#8221;4.11.4&#8243; _module_preset=&#8221;default&#8221; global_colors_info=&#8221;{}&#8221;][et_pb_text _builder_version=&#8221;4.11.4&#8243; _module_preset=&#8221;70ef4d10-a3c9-457e-9e8e-8b1b024ff468&#8243; global_colors_info=&#8221;{}&#8221;]<\/p>\n<h2>Leadership dynamique<\/h2>\n<p>Nous travaillons pour et avec les jeunes. Nous voulons former des leaders magnanimes qui vivent l&#8217;\u00c9vangile au quotidien, en paroles et en actes.<\/p>\n<p>Chaque ann\u00e9e, des centaines de jeunes b\u00e9n\u00e9voles engag\u00e9s de diff\u00e9rentes communaut\u00e9s sont int\u00e9gr\u00e9s \u00e0 la planification et \u00e0 l&#8217;ex\u00e9cution de toutes nos initiatives et se voient confier des r\u00f4les et des responsabilit\u00e9s de direction.<\/p>\n<p>[\/et_pb_text][\/et_pb_column][et_pb_column type=&#8221;1_2&#8243; _builder_version=&#8221;4.11.4&#8243; _module_preset=&#8221;default&#8221; global_colors_info=&#8221;{}&#8221;][et_pb_text _builder_version=&#8221;4.11.4&#8243; _module_preset=&#8221;70ef4d10-a3c9-457e-9e8e-8b1b024ff468&#8243; global_colors_info=&#8221;{}&#8221;]<\/p>\n<h2>Relations authentiques<\/h2>\n<p>L&#8217;appartenance est essentielle \u00e0 la survie et \u00e0 la d\u00e9couverte de soi. Nous abordons chaque jeune non seulement en tant qu&#8217;individus, mais aussi en tant que membre d&#8217;une communaut\u00e9 plus large. Nous nous effor\u00e7ons donc de cr\u00e9er des environnements sains et s\u00e9curitaires o\u00f9 ils sont libres d&#8217;\u00eatre eux-m\u00eames et d&#8217;\u00e9tablir des relations authentiques avec d&#8217;autres personnes.<\/p>\n<p>[\/et_pb_text][\/et_pb_column][\/et_pb_row][et_pb_row column_structure=&#8221;1_2,1_2&#8243; _builder_version=&#8221;4.11.4&#8243; _module_preset=&#8221;default&#8221; global_colors_info=&#8221;{}&#8221;][et_pb_column type=&#8221;1_2&#8243; _builder_version=&#8221;4.11.4&#8243; _module_preset=&#8221;default&#8221; global_colors_info=&#8221;{}&#8221;][et_pb_text _builder_version=&#8221;4.11.4&#8243; _module_preset=&#8221;70ef4d10-a3c9-457e-9e8e-8b1b024ff468&#8243; global_colors_info=&#8221;{}&#8221;]<\/p>\n<h2>Esprit de collaboration<\/h2>\n<p>Former une nouvelle g\u00e9n\u00e9ration de disciples missionnaires n&#8217;est pas une t\u00e2che facile; c&#8217;est un effort collectif. Nous comptons sur le talent, l&#8217;enthousiasme, la cr\u00e9ativit\u00e9 et la g\u00e9n\u00e9rosit\u00e9 de tout notre r\u00e9seau de collaborateurs. Nous croyons en la force de la communaut\u00e9.<\/p>\n<p>[\/et_pb_text][\/et_pb_column][et_pb_column type=&#8221;1_2&#8243; _builder_version=&#8221;4.11.4&#8243; _module_preset=&#8221;default&#8221; global_colors_info=&#8221;{}&#8221;][et_pb_text _builder_version=&#8221;4.11.4&#8243; _module_preset=&#8221;70ef4d10-a3c9-457e-9e8e-8b1b024ff468&#8243; global_colors_info=&#8221;{}&#8221;]<\/p>\n<h2>Diversit\u00e9 rayonnante<\/h2>\n<p>Nous c\u00e9l\u00e9brons la richesse de la diversit\u00e9 de Montr\u00e9al. Travailler avec un vaste r\u00e9seau multiculturel, multilingue, interg\u00e9n\u00e9rationnel et inter-vocationnel de communaut\u00e9s nous permet de mettre en valeur la beaut\u00e9 universelle de notre \u00c9glise.<\/p>\n<p>[\/et_pb_text][\/et_pb_column][\/et_pb_row][\/et_pb_section][et_pb_section fb_built=&#8221;1&#8243; _builder_version=&#8221;4.11.4&#8243; _module_preset=&#8221;default&#8221; background_color=&#8221;#231F20&#8243; locked=&#8221;off&#8221; global_colors_info=&#8221;{}&#8221;][et_pb_row column_structure=&#8221;1_2,1_2&#8243; _builder_version=&#8221;4.11.4&#8243; _module_preset=&#8221;default&#8221; global_colors_info=&#8221;{}&#8221;][et_pb_column type=&#8221;1_2&#8243; _builder_version=&#8221;4.11.4&#8243; _module_preset=&#8221;default&#8221; global_colors_info=&#8221;{}&#8221;][et_pb_text _builder_version=&#8221;4.11.4&#8243; _module_preset=&#8221;70ef4d10-a3c9-457e-9e8e-8b1b024ff468&#8243; header_text_color=&#8221;#F5F5F5&#8243; global_colors_info=&#8221;{}&#8221;]<\/p>\n<h1>Nos initiatives<\/h1>\n<p>[\/et_pb_text][\/et_pb_column][et_pb_column type=&#8221;1_2&#8243; _builder_version=&#8221;4.11.4&#8243; _module_preset=&#8221;default&#8221; global_colors_info=&#8221;{}&#8221;][et_pb_text _builder_version=&#8221;4.11.4&#8243; _module_preset=&#8221;25b7943b-3a1f-413e-94ae-62da21441aa1&#8243; text_text_color=&#8221;#F5F5F5&#8243; width=&#8221;100%&#8221; width_tablet=&#8221;100%&#8221; width_phone=&#8221;&#8221; width_last_edited=&#8221;on|phone&#8221; global_colors_info=&#8221;{}&#8221;]<\/p>\n<p>Du sport \u00e0 la th\u00e9ologie, chaque projet vise \u00e0 b\u00e2tir des ponts entre les communaut\u00e9s, et \u00e0 r\u00e9pondre aux besoins et aux int\u00e9r\u00eats des jeunes.<\/p>\n<p>[\/et_pb_text][et_pb_text _builder_version=&#8221;4.11.4&#8243; _module_preset=&#8221;70ef4d10-a3c9-457e-9e8e-8b1b024ff468&#8243; text_text_color=&#8221;#F5F5F5&#8243; width=&#8221;100%&#8221; text_font_size_tablet=&#8221;&#8221; text_font_size_phone=&#8221;&#8221; text_font_size_last_edited=&#8221;on|desktop&#8221; global_colors_info=&#8221;{}&#8221;]<\/p>\n<p>Nos \u00e9v\u00e9nements visent \u00e0 amener les gens \u00e0 la rencontre du Christ et de son peuple, et \u00e0 promouvoir la communion sur une plus grande \u00e9chelle. Ils sont toujours con\u00e7us avec une vision plus globale.<\/p>\n<p>[\/et_pb_text][\/et_pb_column][\/et_pb_row][\/et_pb_section]<\/p>\n","protected":false},"excerpt":{"rendered":"<p>Vivre, aimer, servir dans la joieNotre missionMission Jeunesse Montr\u00e9al place les jeunes \u00e0 l\u2019avant-plan de la vie et de la mission de l\u2019\u00c9glise, et les habilite \u00e0 offrir le meilleur d\u2019eux-m\u00eames dans l\u2019Archidioc\u00e8se de Montr\u00e9al.Mandat\u00e9s par l&#8217;Archev\u00eaque de Montr\u00e9al, nous servons diff\u00e9rentes communaut\u00e9s dans leur mission aupr\u00e8s des adolescents (13-17) et des jeunes adultes \u00e0 [&hellip;]<\/p>\n","protected":false},"author":9,"featured_media":0,"parent":0,"menu_order":0,"comment_status":"closed","ping_status":"closed","template":"","meta":{"_et_pb_use_builder":"on","_et_pb_old_content":"","_et_gb_content_width":"","_monsterinsights_skip_tracking":false,"_monsterinsights_sitenote_active":false,"_monsterinsights_sitenote_note":"","_monsterinsights_sitenote_category":0,"footnotes":""},"class_list":["post-42034","page","type-page","status-publish","hentry"],"yoast_head":"<!-- This site is optimized with the Yoast SEO plugin v26.4 - https:\/\/yoast.com\/wordpress\/plugins\/seo\/ -->\n<title>\u00c0 propos - Mission Jeunesse Montr\u00e9al<\/title>\n<meta name=\"robots\" content=\"index, follow, max-snippet:-1, max-image-preview:large, max-video-preview:-1\" \/>\n<link rel=\"canonical\" href=\"https:\/\/microsites.diocesemontreal.org\/microsites\/missionjeunesse-mtl\/a-propos\/\" \/>\n<meta property=\"og:locale\" content=\"fr_FR\" \/>\n<meta property=\"og:type\" content=\"article\" \/>\n<meta property=\"og:title\" content=\"\u00c0 propos - Mission Jeunesse Montr\u00e9al\" \/>\n<meta property=\"og:description\" content=\"Vivre, aimer, servir dans la joieNotre missionMission Jeunesse Montr\u00e9al place les jeunes \u00e0 l\u2019avant-plan de la vie et de la mission de l\u2019\u00c9glise, et les habilite \u00e0 offrir le meilleur d\u2019eux-m\u00eames dans l\u2019Archidioc\u00e8se de Montr\u00e9al.Mandat\u00e9s par l&#039;Archev\u00eaque de Montr\u00e9al, nous servons diff\u00e9rentes communaut\u00e9s dans leur mission aupr\u00e8s des adolescents (13-17) et des jeunes adultes \u00e0 [&hellip;]\" \/>\n<meta property=\"og:url\" content=\"https:\/\/microsites.diocesemontreal.org\/microsites\/missionjeunesse-mtl\/a-propos\/\" \/>\n<meta property=\"og:site_name\" content=\"Mission Jeunesse Montr\u00e9al\" \/>\n<meta property=\"article:modified_time\" content=\"2022-08-13T18:00:38+00:00\" \/>\n<meta name=\"twitter:card\" content=\"summary_large_image\" \/>\n<meta name=\"twitter:label1\" content=\"Dur\u00e9e de lecture estim\u00e9e\" \/>\n\t<meta name=\"twitter:data1\" content=\"8 minutes\" \/>\n<script type=\"application\/ld+json\" class=\"yoast-schema-graph\">{\"@context\":\"https:\/\/schema.org\",\"@graph\":[{\"@type\":\"WebPage\",\"@id\":\"https:\/\/microsites.diocesemontreal.org\/microsites\/missionjeunesse-mtl\/a-propos\/\",\"url\":\"https:\/\/microsites.diocesemontreal.org\/microsites\/missionjeunesse-mtl\/a-propos\/\",\"name\":\"\u00c0 propos - Mission Jeunesse Montr\u00e9al\",\"isPartOf\":{\"@id\":\"https:\/\/microsites.diocesemontreal.org\/microsites\/missionjeunesse-mtl\/#website\"},\"datePublished\":\"2020-10-16T16:00:58+00:00\",\"dateModified\":\"2022-08-13T18:00:38+00:00\",\"breadcrumb\":{\"@id\":\"https:\/\/microsites.diocesemontreal.org\/microsites\/missionjeunesse-mtl\/a-propos\/#breadcrumb\"},\"inLanguage\":\"fr-FR\",\"potentialAction\":[{\"@type\":\"ReadAction\",\"target\":[\"https:\/\/microsites.diocesemontreal.org\/microsites\/missionjeunesse-mtl\/a-propos\/\"]}]},{\"@type\":\"BreadcrumbList\",\"@id\":\"https:\/\/microsites.diocesemontreal.org\/microsites\/missionjeunesse-mtl\/a-propos\/#breadcrumb\",\"itemListElement\":[{\"@type\":\"ListItem\",\"position\":1,\"name\":\"Accueil\",\"item\":\"https:\/\/microsites.diocesemontreal.org\/microsites\/missionjeunesse-mtl\/\"},{\"@type\":\"ListItem\",\"position\":2,\"name\":\"\u00c0 propos\"}]},{\"@type\":\"WebSite\",\"@id\":\"https:\/\/microsites.diocesemontreal.org\/microsites\/missionjeunesse-mtl\/#website\",\"url\":\"https:\/\/microsites.diocesemontreal.org\/microsites\/missionjeunesse-mtl\/\",\"name\":\"Mission Jeunesse Montr\u00e9al\",\"description\":\"Vivre, aimer, servir dans la joie\",\"potentialAction\":[{\"@type\":\"SearchAction\",\"target\":{\"@type\":\"EntryPoint\",\"urlTemplate\":\"https:\/\/microsites.diocesemontreal.org\/microsites\/missionjeunesse-mtl\/?s={search_term_string}\"},\"query-input\":{\"@type\":\"PropertyValueSpecification\",\"valueRequired\":true,\"valueName\":\"search_term_string\"}}],\"inLanguage\":\"fr-FR\"}]}<\/script>\n<!-- \/ Yoast SEO plugin. -->","yoast_head_json":{"title":"\u00c0 propos - Mission Jeunesse Montr\u00e9al","robots":{"index":"index","follow":"follow","max-snippet":"max-snippet:-1","max-image-preview":"max-image-preview:large","max-video-preview":"max-video-preview:-1"},"canonical":"https:\/\/microsites.diocesemontreal.org\/microsites\/missionjeunesse-mtl\/a-propos\/","og_locale":"fr_FR","og_type":"article","og_title":"\u00c0 propos - Mission Jeunesse Montr\u00e9al","og_description":"Vivre, aimer, servir dans la joieNotre missionMission Jeunesse Montr\u00e9al place les jeunes \u00e0 l\u2019avant-plan de la vie et de la mission de l\u2019\u00c9glise, et les habilite \u00e0 offrir le meilleur d\u2019eux-m\u00eames dans l\u2019Archidioc\u00e8se de Montr\u00e9al.Mandat\u00e9s par l'Archev\u00eaque de Montr\u00e9al, nous servons diff\u00e9rentes communaut\u00e9s dans leur mission aupr\u00e8s des adolescents (13-17) et des jeunes adultes \u00e0 [&hellip;]","og_url":"https:\/\/microsites.diocesemontreal.org\/microsites\/missionjeunesse-mtl\/a-propos\/","og_site_name":"Mission Jeunesse Montr\u00e9al","article_modified_time":"2022-08-13T18:00:38+00:00","twitter_card":"summary_large_image","twitter_misc":{"Dur\u00e9e de lecture estim\u00e9e":"8 minutes"},"schema":{"@context":"https:\/\/schema.org","@graph":[{"@type":"WebPage","@id":"https:\/\/microsites.diocesemontreal.org\/microsites\/missionjeunesse-mtl\/a-propos\/","url":"https:\/\/microsites.diocesemontreal.org\/microsites\/missionjeunesse-mtl\/a-propos\/","name":"\u00c0 propos - Mission Jeunesse Montr\u00e9al","isPartOf":{"@id":"https:\/\/microsites.diocesemontreal.org\/microsites\/missionjeunesse-mtl\/#website"},"datePublished":"2020-10-16T16:00:58+00:00","dateModified":"2022-08-13T18:00:38+00:00","breadcrumb":{"@id":"https:\/\/microsites.diocesemontreal.org\/microsites\/missionjeunesse-mtl\/a-propos\/#breadcrumb"},"inLanguage":"fr-FR","potentialAction":[{"@type":"ReadAction","target":["https:\/\/microsites.diocesemontreal.org\/microsites\/missionjeunesse-mtl\/a-propos\/"]}]},{"@type":"BreadcrumbList","@id":"https:\/\/microsites.diocesemontreal.org\/microsites\/missionjeunesse-mtl\/a-propos\/#breadcrumb","itemListElement":[{"@type":"ListItem","position":1,"name":"Accueil","item":"https:\/\/microsites.diocesemontreal.org\/microsites\/missionjeunesse-mtl\/"},{"@type":"ListItem","position":2,"name":"\u00c0 propos"}]},{"@type":"WebSite","@id":"https:\/\/microsites.diocesemontreal.org\/microsites\/missionjeunesse-mtl\/#website","url":"https:\/\/microsites.diocesemontreal.org\/microsites\/missionjeunesse-mtl\/","name":"Mission Jeunesse Montr\u00e9al","description":"Vivre, aimer, servir dans la joie","potentialAction":[{"@type":"SearchAction","target":{"@type":"EntryPoint","urlTemplate":"https:\/\/microsites.diocesemontreal.org\/microsites\/missionjeunesse-mtl\/?s={search_term_string}"},"query-input":{"@type":"PropertyValueSpecification","valueRequired":true,"valueName":"search_term_string"}}],"inLanguage":"fr-FR"}]}},"_links":{"self":[{"href":"https:\/\/microsites.diocesemontreal.org\/microsites\/missionjeunesse-mtl\/wp-json\/wp\/v2\/pages\/42034","targetHints":{"allow":["GET"]}}],"collection":[{"href":"https:\/\/microsites.diocesemontreal.org\/microsites\/missionjeunesse-mtl\/wp-json\/wp\/v2\/pages"}],"about":[{"href":"https:\/\/microsites.diocesemontreal.org\/microsites\/missionjeunesse-mtl\/wp-json\/wp\/v2\/types\/page"}],"author":[{"embeddable":true,"href":"https:\/\/microsites.diocesemontreal.org\/microsites\/missionjeunesse-mtl\/wp-json\/wp\/v2\/users\/9"}],"replies":[{"embeddable":true,"href":"https:\/\/microsites.diocesemontreal.org\/microsites\/missionjeunesse-mtl\/wp-json\/wp\/v2\/comments?post=42034"}],"version-history":[{"count":80,"href":"https:\/\/microsites.diocesemontreal.org\/microsites\/missionjeunesse-mtl\/wp-json\/wp\/v2\/pages\/42034\/revisions"}],"predecessor-version":[{"id":49196,"href":"https:\/\/microsites.diocesemontreal.org\/microsites\/missionjeunesse-mtl\/wp-json\/wp\/v2\/pages\/42034\/revisions\/49196"}],"wp:attachment":[{"href":"https:\/\/microsites.diocesemontreal.org\/microsites\/missionjeunesse-mtl\/wp-json\/wp\/v2\/media?parent=42034"}],"curies":[{"name":"wp","href":"https:\/\/api.w.org\/{rel}","templated":true}]}}