{"id":42301,"date":"2020-12-02T12:29:14","date_gmt":"2020-12-02T17:29:14","guid":{"rendered":"https:\/\/microsites.diocesemontreal.org\/microsites\/missionjeunesse-mtl\/?page_id=42301"},"modified":"2021-02-03T16:44:39","modified_gmt":"2021-02-03T21:44:39","slug":"equipe-danimation","status":"publish","type":"page","link":"https:\/\/microsites.diocesemontreal.org\/microsites\/missionjeunesse-mtl\/pastorale-hybride\/equipe-danimation\/","title":{"rendered":"\u00c9quipe d&#8217;animation"},"content":{"rendered":"<p>[et_pb_section fb_built=&#8221;1&#8243; _builder_version=&#8221;4.6.0&#8243; _module_preset=&#8221;29a19210-8eea-4dae-977b-3dba1b9b0201&#8243; hover_enabled=&#8221;0&#8243; sticky_enabled=&#8221;0&#8243;][et_pb_row _builder_version=&#8221;4.6.0&#8243; _module_preset=&#8221;default&#8221;][et_pb_column _builder_version=&#8221;4.6.0&#8243; _module_preset=&#8221;default&#8221; type=&#8221;4_4&#8243;][et_pb_text _builder_version=&#8221;4.6.0&#8243; _module_preset=&#8221;41e23fa1-e94b-4dd5-b1ea-f796a971ad97&#8243; hover_enabled=&#8221;0&#8243; sticky_enabled=&#8221;0&#8243;]Approche pastorale hybride[\/et_pb_text][et_pb_text _builder_version=&#8221;4.6.0&#8243; _module_preset=&#8221;13f3cb56-62b0-456f-8ea9-91fa17a9f6d0&#8243; hover_enabled=&#8221;0&#8243; sticky_enabled=&#8221;0&#8243;]<\/p>\n<h1>\u00c9quipe d&#8217;animation<\/h1>\n<p>[\/et_pb_text][\/et_pb_column][\/et_pb_row][\/et_pb_section][et_pb_section fb_built=&#8221;1&#8243; fullwidth=&#8221;on&#8221; _builder_version=&#8221;4.6.0&#8243; _module_preset=&#8221;default&#8221; sticky_position_tablet=&#8221;&#8221; sticky_position_phone=&#8221;&#8221; sticky_position_last_edited=&#8221;on|desktop&#8221;][et_pb_fullwidth_menu menu_id=&#8221;33&#8243; menu_style=&#8221;centered&#8221; menu_icon_color=&#8221;#000000&#8243; menu_icon_font_size=&#8221;1.5em&#8221; menu_icon_font_size_tablet=&#8221;&#8221; menu_icon_font_size_phone=&#8221;2.5em&#8221; menu_icon_font_size_last_edited=&#8221;on|phone&#8221; _builder_version=&#8221;4.6.0&#8243; _module_preset=&#8221;default&#8221; menu_font_size=&#8221;18px&#8221; background_color=&#8221;#f4f4e6&#8243; sticky_position=&#8221;top&#8221; background__sticky_enabled=&#8221;off|sticky&#8221; background_enable_color__sticky=&#8221;off&#8221;][\/et_pb_fullwidth_menu][\/et_pb_section][et_pb_section fb_built=&#8221;1&#8243; module_id=&#8221;animation&#8221; _builder_version=&#8221;4.6.0&#8243; _module_preset=&#8221;default&#8221; background_color=&#8221;#f4f4e6&#8243;][et_pb_row column_structure=&#8221;1_4,1_4,1_4,1_4&#8243; use_custom_gutter=&#8221;on&#8221; _builder_version=&#8221;4.6.0&#8243; _module_preset=&#8221;default&#8221;][et_pb_column type=&#8221;1_4&#8243; _builder_version=&#8221;4.5.7&#8243; _module_preset=&#8221;default&#8221;][et_pb_team_member name=&#8221;Alessandra Santopadre&#8221; image_url=&#8221;https:\/\/microsites.diocesemontreal.org\/microsites\/missionjeunesse-mtl\/wp-content\/uploads\/sites\/39\/2020\/09\/mj_pastohybride-Alessandra-Santopadre.jpg&#8221; _builder_version=&#8221;4.6.0&#8243; _module_preset=&#8221;default&#8221; header_font=&#8221;||||||||&#8221; header_text_align=&#8221;left&#8221; body_font=&#8221;||||||||&#8221; body_text_align=&#8221;left&#8221; body_font_size=&#8221;16px&#8221; text_orientation=&#8221;left&#8221; custom_css_title=&#8221;margin-top: 20px;||&#8221; custom_css_member_position=&#8221;margin-top: -15px;&#8221;]Adjointe, Office des Communaut\u00e9s Culturelles et Rituelles[\/et_pb_team_member][\/et_pb_column][et_pb_column type=&#8221;1_4&#8243; _builder_version=&#8221;4.5.7&#8243; _module_preset=&#8221;default&#8221;][et_pb_team_member name=&#8221;Corey Jolly&#8221; image_url=&#8221;https:\/\/microsites.diocesemontreal.org\/microsites\/missionjeunesse-mtl\/wp-content\/uploads\/sites\/39\/2020\/10\/Corey-Jolly-scaled.jpg&#8221; _builder_version=&#8221;4.6.0&#8243; _module_preset=&#8221;default&#8221; header_font=&#8221;||||||||&#8221; header_text_align=&#8221;left&#8221; body_font=&#8221;||||||||&#8221; body_text_align=&#8221;left&#8221; body_font_size=&#8221;16px&#8221; text_orientation=&#8221;left&#8221; custom_css_title=&#8221;margin-top: 20px;||&#8221; custom_css_member_position=&#8221;margin-top: -15px;&#8221;]Lay Evangelist, Office for English Pastoral Services [\/et_pb_team_member][\/et_pb_column][et_pb_column type=&#8221;1_4&#8243; _builder_version=&#8221;4.5.7&#8243; _module_preset=&#8221;default&#8221;][et_pb_team_member name=&#8221;Eliana Jaramillo&#8221; image_url=&#8221;https:\/\/microsites.diocesemontreal.org\/microsites\/missionjeunesse-mtl\/wp-content\/uploads\/sites\/39\/2020\/09\/mj_pastohybride-Eliana-Jaramillo.jpg&#8221; _builder_version=&#8221;4.6.0&#8243; _module_preset=&#8221;default&#8221; header_font=&#8221;||||||||&#8221; header_text_align=&#8221;left&#8221; body_font=&#8221;||||||||&#8221; body_text_align=&#8221;left&#8221; body_font_size=&#8221;16px&#8221; text_orientation=&#8221;left&#8221; custom_css_title=&#8221;margin-top: 20px;||&#8221; custom_css_member_position=&#8221;margin-top: -15px;&#8221;]Adjointe, Office des Communaut\u00e9s Culturelles et Rituelles[\/et_pb_team_member][\/et_pb_column][et_pb_column type=&#8221;1_4&#8243; _builder_version=&#8221;4.5.7&#8243; _module_preset=&#8221;default&#8221;][et_pb_team_member name=&#8221;Holly-Kirsten Eugenio&#8221; image_url=&#8221;https:\/\/microsites.diocesemontreal.org\/microsites\/missionjeunesse-mtl\/wp-content\/uploads\/sites\/39\/2020\/09\/mj_pastohybride-Holly-Eugenio.jpg&#8221; _builder_version=&#8221;4.6.0&#8243; _module_preset=&#8221;default&#8221; header_font=&#8221;||||||||&#8221; header_text_align=&#8221;left&#8221; body_font=&#8221;||||||||&#8221; body_text_align=&#8221;left&#8221; body_font_size=&#8221;16px&#8221; text_orientation=&#8221;left&#8221; custom_css_title=&#8221;margin-top: 20px;||&#8221; custom_css_member_position=&#8221;margin-top: -15px;&#8221;]Adjointe, Mission Jeunesse[\/et_pb_team_member][\/et_pb_column][\/et_pb_row][et_pb_row column_structure=&#8221;1_4,1_4,1_4,1_4&#8243; use_custom_gutter=&#8221;on&#8221; _builder_version=&#8221;4.6.0&#8243; _module_preset=&#8221;default&#8221;][et_pb_column type=&#8221;1_4&#8243; _builder_version=&#8221;4.5.7&#8243; _module_preset=&#8221;default&#8221;][et_pb_team_member name=&#8221;Isabel Correa&#8221; image_url=&#8221;https:\/\/microsites.diocesemontreal.org\/microsites\/missionjeunesse-mtl\/wp-content\/uploads\/sites\/39\/2020\/09\/mj_pastohybride-Isabel-Correa.jpg&#8221; _builder_version=&#8221;4.6.0&#8243; _module_preset=&#8221;default&#8221; header_font=&#8221;||||||||&#8221; header_text_align=&#8221;left&#8221; body_font=&#8221;||||||||&#8221; body_text_align=&#8221;left&#8221; body_font_size=&#8221;16px&#8221; text_orientation=&#8221;left&#8221; custom_css_title=&#8221;margin-top: 20px;||&#8221; custom_css_member_position=&#8221;margin-top: -15px;&#8221;]Directrice, Mission Jeunesse[\/et_pb_team_member][\/et_pb_column][et_pb_column type=&#8221;1_4&#8243; _builder_version=&#8221;4.5.7&#8243; _module_preset=&#8221;default&#8221;][et_pb_team_member name=&#8221;Lucie McElligott&#8221; image_url=&#8221;https:\/\/microsites.diocesemontreal.org\/microsites\/missionjeunesse-mtl\/wp-content\/uploads\/sites\/39\/2020\/09\/mj_pastohybride-Lucie-McElligott.jpg&#8221; _builder_version=&#8221;4.6.0&#8243; _module_preset=&#8221;default&#8221; header_font=&#8221;||||||||&#8221; header_text_align=&#8221;left&#8221; body_font=&#8221;||||||||&#8221; body_text_align=&#8221;left&#8221; body_font_size=&#8221;16px&#8221; text_orientation=&#8221;left&#8221; custom_css_title=&#8221;margin-top: 20px;||&#8221; custom_css_member_position=&#8221;margin-top: -15px;&#8221;]Adjointe, Office de l&#8217;\u00e9ducation \u00e0 la foi[\/et_pb_team_member][\/et_pb_column][et_pb_column type=&#8221;1_4&#8243; _builder_version=&#8221;4.5.7&#8243; _module_preset=&#8221;default&#8221;][et_pb_team_member name=&#8221;P. Pierangelo Paternieri&#8221; image_url=&#8221;https:\/\/microsites.diocesemontreal.org\/microsites\/missionjeunesse-mtl\/wp-content\/uploads\/sites\/39\/2020\/09\/mj_pastohybride-Pierangelo-Paternieri.jpg&#8221; _builder_version=&#8221;4.6.0&#8243; _module_preset=&#8221;default&#8221; header_font=&#8221;||||||||&#8221; header_text_align=&#8221;left&#8221; body_font=&#8221;||||||||&#8221; body_text_align=&#8221;left&#8221; body_font_size=&#8221;16px&#8221; text_orientation=&#8221;left&#8221; custom_css_title=&#8221;margin-top: 20px;||&#8221; custom_css_member_position=&#8221;margin-top: -15px;&#8221;]Directeur, Office des Communaut\u00e9s Culturelles et Rituelles[\/et_pb_team_member][\/et_pb_column][et_pb_column type=&#8221;1_4&#8243; _builder_version=&#8221;4.5.7&#8243; _module_preset=&#8221;default&#8221;][et_pb_team_member name=&#8221;St\u00e9phanie Ranavalonarivo&#8221; image_url=&#8221;https:\/\/microsites.diocesemontreal.org\/microsites\/missionjeunesse-mtl\/wp-content\/uploads\/sites\/39\/2020\/10\/Ste\u0301phanie-Ranavaloanrivo.jpg&#8221; _builder_version=&#8221;4.6.0&#8243; _module_preset=&#8221;default&#8221; header_font=&#8221;||||||||&#8221; header_text_align=&#8221;left&#8221; body_font=&#8221;||||||||&#8221; body_text_align=&#8221;left&#8221; body_font_size=&#8221;16px&#8221; text_orientation=&#8221;left&#8221; custom_css_title=&#8221;margin-top: 20px;||&#8221; custom_css_member_position=&#8221;margin-top: -15px;&#8221;]Coordonnatrice par int\u00e9rim,\u00a0<br \/>\nService de la pastorale responsable\/ OPP[\/et_pb_team_member][\/et_pb_column][\/et_pb_row][\/et_pb_section]<\/p>\n","protected":false},"excerpt":{"rendered":"<p>Approche pastorale hybride\u00c9quipe d&#8217;animationAdjointe, Office des Communaut\u00e9s Culturelles et RituellesLay Evangelist, Office for English Pastoral Services Adjointe, Office des Communaut\u00e9s Culturelles et RituellesAdjointe, Mission JeunesseDirectrice, Mission JeunesseAdjointe, Office de l&#8217;\u00e9ducation \u00e0 la foiDirecteur, Office des Communaut\u00e9s Culturelles et RituellesCoordonnatrice par int\u00e9rim,\u00a0 Service de la pastorale responsable\/ OPP<\/p>\n","protected":false},"author":9,"featured_media":0,"parent":18,"menu_order":0,"comment_status":"closed","ping_status":"closed","template":"","meta":{"_et_pb_use_builder":"on","_et_pb_old_content":"","_et_gb_content_width":"","_monsterinsights_skip_tracking":false,"_monsterinsights_sitenote_active":false,"_monsterinsights_sitenote_note":"","_monsterinsights_sitenote_category":0,"footnotes":""},"class_list":["post-42301","page","type-page","status-publish","hentry"],"yoast_head":"<!-- This site is optimized with the Yoast SEO plugin v26.4 - https:\/\/yoast.com\/wordpress\/plugins\/seo\/ -->\n<title>\u00c9quipe d&#039;animation - Mission Jeunesse Montr\u00e9al<\/title>\n<meta name=\"robots\" content=\"index, follow, max-snippet:-1, max-image-preview:large, max-video-preview:-1\" \/>\n<link rel=\"canonical\" href=\"https:\/\/microsites.diocesemontreal.org\/microsites\/missionjeunesse-mtl\/pastorale-hybride\/equipe-danimation\/\" \/>\n<meta property=\"og:locale\" content=\"fr_FR\" \/>\n<meta property=\"og:type\" content=\"article\" \/>\n<meta property=\"og:title\" content=\"\u00c9quipe d&#039;animation - Mission Jeunesse Montr\u00e9al\" \/>\n<meta property=\"og:description\" content=\"Approche pastorale hybride\u00c9quipe d&#039;animationAdjointe, Office des Communaut\u00e9s Culturelles et RituellesLay Evangelist, Office for English Pastoral Services Adjointe, Office des Communaut\u00e9s Culturelles et RituellesAdjointe, Mission JeunesseDirectrice, Mission JeunesseAdjointe, Office de l&#039;\u00e9ducation \u00e0 la foiDirecteur, Office des Communaut\u00e9s Culturelles et RituellesCoordonnatrice par int\u00e9rim,\u00a0 Service de la pastorale responsable\/ OPP\" \/>\n<meta property=\"og:url\" content=\"https:\/\/microsites.diocesemontreal.org\/microsites\/missionjeunesse-mtl\/pastorale-hybride\/equipe-danimation\/\" \/>\n<meta property=\"og:site_name\" content=\"Mission Jeunesse Montr\u00e9al\" \/>\n<meta property=\"article:modified_time\" content=\"2021-02-03T21:44:39+00:00\" \/>\n<meta name=\"twitter:card\" content=\"summary_large_image\" \/>\n<meta name=\"twitter:label1\" content=\"Dur\u00e9e de lecture estim\u00e9e\" \/>\n\t<meta name=\"twitter:data1\" content=\"4 minutes\" \/>\n<script type=\"application\/ld+json\" class=\"yoast-schema-graph\">{\"@context\":\"https:\/\/schema.org\",\"@graph\":[{\"@type\":\"WebPage\",\"@id\":\"https:\/\/microsites.diocesemontreal.org\/microsites\/missionjeunesse-mtl\/pastorale-hybride\/equipe-danimation\/\",\"url\":\"https:\/\/microsites.diocesemontreal.org\/microsites\/missionjeunesse-mtl\/pastorale-hybride\/equipe-danimation\/\",\"name\":\"\u00c9quipe d'animation - Mission Jeunesse Montr\u00e9al\",\"isPartOf\":{\"@id\":\"https:\/\/microsites.diocesemontreal.org\/microsites\/missionjeunesse-mtl\/#website\"},\"datePublished\":\"2020-12-02T17:29:14+00:00\",\"dateModified\":\"2021-02-03T21:44:39+00:00\",\"breadcrumb\":{\"@id\":\"https:\/\/microsites.diocesemontreal.org\/microsites\/missionjeunesse-mtl\/pastorale-hybride\/equipe-danimation\/#breadcrumb\"},\"inLanguage\":\"fr-FR\",\"potentialAction\":[{\"@type\":\"ReadAction\",\"target\":[\"https:\/\/microsites.diocesemontreal.org\/microsites\/missionjeunesse-mtl\/pastorale-hybride\/equipe-danimation\/\"]}]},{\"@type\":\"BreadcrumbList\",\"@id\":\"https:\/\/microsites.diocesemontreal.org\/microsites\/missionjeunesse-mtl\/pastorale-hybride\/equipe-danimation\/#breadcrumb\",\"itemListElement\":[{\"@type\":\"ListItem\",\"position\":1,\"name\":\"Accueil\",\"item\":\"https:\/\/microsites.diocesemontreal.org\/microsites\/missionjeunesse-mtl\/\"},{\"@type\":\"ListItem\",\"position\":2,\"name\":\"Pastorale Hybride\",\"item\":\"https:\/\/microsites.diocesemontreal.org\/microsites\/missionjeunesse-mtl\/pastorale-hybride\/\"},{\"@type\":\"ListItem\",\"position\":3,\"name\":\"\u00c9quipe d&#8217;animation\"}]},{\"@type\":\"WebSite\",\"@id\":\"https:\/\/microsites.diocesemontreal.org\/microsites\/missionjeunesse-mtl\/#website\",\"url\":\"https:\/\/microsites.diocesemontreal.org\/microsites\/missionjeunesse-mtl\/\",\"name\":\"Mission Jeunesse Montr\u00e9al\",\"description\":\"Vivre, aimer, servir dans la joie\",\"potentialAction\":[{\"@type\":\"SearchAction\",\"target\":{\"@type\":\"EntryPoint\",\"urlTemplate\":\"https:\/\/microsites.diocesemontreal.org\/microsites\/missionjeunesse-mtl\/?s={search_term_string}\"},\"query-input\":{\"@type\":\"PropertyValueSpecification\",\"valueRequired\":true,\"valueName\":\"search_term_string\"}}],\"inLanguage\":\"fr-FR\"}]}<\/script>\n<!-- \/ Yoast SEO plugin. -->","yoast_head_json":{"title":"\u00c9quipe d'animation - Mission Jeunesse Montr\u00e9al","robots":{"index":"index","follow":"follow","max-snippet":"max-snippet:-1","max-image-preview":"max-image-preview:large","max-video-preview":"max-video-preview:-1"},"canonical":"https:\/\/microsites.diocesemontreal.org\/microsites\/missionjeunesse-mtl\/pastorale-hybride\/equipe-danimation\/","og_locale":"fr_FR","og_type":"article","og_title":"\u00c9quipe d'animation - Mission Jeunesse Montr\u00e9al","og_description":"Approche pastorale hybride\u00c9quipe d'animationAdjointe, Office des Communaut\u00e9s Culturelles et RituellesLay Evangelist, Office for English Pastoral Services Adjointe, Office des Communaut\u00e9s Culturelles et RituellesAdjointe, Mission JeunesseDirectrice, Mission JeunesseAdjointe, Office de l'\u00e9ducation \u00e0 la foiDirecteur, Office des Communaut\u00e9s Culturelles et RituellesCoordonnatrice par int\u00e9rim,\u00a0 Service de la pastorale responsable\/ OPP","og_url":"https:\/\/microsites.diocesemontreal.org\/microsites\/missionjeunesse-mtl\/pastorale-hybride\/equipe-danimation\/","og_site_name":"Mission Jeunesse Montr\u00e9al","article_modified_time":"2021-02-03T21:44:39+00:00","twitter_card":"summary_large_image","twitter_misc":{"Dur\u00e9e de lecture estim\u00e9e":"4 minutes"},"schema":{"@context":"https:\/\/schema.org","@graph":[{"@type":"WebPage","@id":"https:\/\/microsites.diocesemontreal.org\/microsites\/missionjeunesse-mtl\/pastorale-hybride\/equipe-danimation\/","url":"https:\/\/microsites.diocesemontreal.org\/microsites\/missionjeunesse-mtl\/pastorale-hybride\/equipe-danimation\/","name":"\u00c9quipe d'animation - Mission Jeunesse Montr\u00e9al","isPartOf":{"@id":"https:\/\/microsites.diocesemontreal.org\/microsites\/missionjeunesse-mtl\/#website"},"datePublished":"2020-12-02T17:29:14+00:00","dateModified":"2021-02-03T21:44:39+00:00","breadcrumb":{"@id":"https:\/\/microsites.diocesemontreal.org\/microsites\/missionjeunesse-mtl\/pastorale-hybride\/equipe-danimation\/#breadcrumb"},"inLanguage":"fr-FR","potentialAction":[{"@type":"ReadAction","target":["https:\/\/microsites.diocesemontreal.org\/microsites\/missionjeunesse-mtl\/pastorale-hybride\/equipe-danimation\/"]}]},{"@type":"BreadcrumbList","@id":"https:\/\/microsites.diocesemontreal.org\/microsites\/missionjeunesse-mtl\/pastorale-hybride\/equipe-danimation\/#breadcrumb","itemListElement":[{"@type":"ListItem","position":1,"name":"Accueil","item":"https:\/\/microsites.diocesemontreal.org\/microsites\/missionjeunesse-mtl\/"},{"@type":"ListItem","position":2,"name":"Pastorale Hybride","item":"https:\/\/microsites.diocesemontreal.org\/microsites\/missionjeunesse-mtl\/pastorale-hybride\/"},{"@type":"ListItem","position":3,"name":"\u00c9quipe d&#8217;animation"}]},{"@type":"WebSite","@id":"https:\/\/microsites.diocesemontreal.org\/microsites\/missionjeunesse-mtl\/#website","url":"https:\/\/microsites.diocesemontreal.org\/microsites\/missionjeunesse-mtl\/","name":"Mission Jeunesse Montr\u00e9al","description":"Vivre, aimer, servir dans la joie","potentialAction":[{"@type":"SearchAction","target":{"@type":"EntryPoint","urlTemplate":"https:\/\/microsites.diocesemontreal.org\/microsites\/missionjeunesse-mtl\/?s={search_term_string}"},"query-input":{"@type":"PropertyValueSpecification","valueRequired":true,"valueName":"search_term_string"}}],"inLanguage":"fr-FR"}]}},"_links":{"self":[{"href":"https:\/\/microsites.diocesemontreal.org\/microsites\/missionjeunesse-mtl\/wp-json\/wp\/v2\/pages\/42301","targetHints":{"allow":["GET"]}}],"collection":[{"href":"https:\/\/microsites.diocesemontreal.org\/microsites\/missionjeunesse-mtl\/wp-json\/wp\/v2\/pages"}],"about":[{"href":"https:\/\/microsites.diocesemontreal.org\/microsites\/missionjeunesse-mtl\/wp-json\/wp\/v2\/types\/page"}],"author":[{"embeddable":true,"href":"https:\/\/microsites.diocesemontreal.org\/microsites\/missionjeunesse-mtl\/wp-json\/wp\/v2\/users\/9"}],"replies":[{"embeddable":true,"href":"https:\/\/microsites.diocesemontreal.org\/microsites\/missionjeunesse-mtl\/wp-json\/wp\/v2\/comments?post=42301"}],"version-history":[{"count":6,"href":"https:\/\/microsites.diocesemontreal.org\/microsites\/missionjeunesse-mtl\/wp-json\/wp\/v2\/pages\/42301\/revisions"}],"predecessor-version":[{"id":43036,"href":"https:\/\/microsites.diocesemontreal.org\/microsites\/missionjeunesse-mtl\/wp-json\/wp\/v2\/pages\/42301\/revisions\/43036"}],"up":[{"embeddable":true,"href":"https:\/\/microsites.diocesemontreal.org\/microsites\/missionjeunesse-mtl\/wp-json\/wp\/v2\/pages\/18"}],"wp:attachment":[{"href":"https:\/\/microsites.diocesemontreal.org\/microsites\/missionjeunesse-mtl\/wp-json\/wp\/v2\/media?parent=42301"}],"curies":[{"name":"wp","href":"https:\/\/api.w.org\/{rel}","templated":true}]}}