{"id":42326,"date":"2020-12-02T14:30:45","date_gmt":"2020-12-02T19:30:45","guid":{"rendered":"https:\/\/microsites.diocesemontreal.org\/microsites\/missionjeunesse-mtl\/?page_id=42326"},"modified":"2021-02-03T14:46:44","modified_gmt":"2021-02-03T19:46:44","slug":"accompagnement","status":"publish","type":"page","link":"https:\/\/microsites.diocesemontreal.org\/microsites\/missionjeunesse-mtl\/pastorale-hybride\/accompagnement\/","title":{"rendered":"Accompagnement"},"content":{"rendered":"<p>[et_pb_section fb_built=&#8221;1&#8243; admin_label=&#8221;Hero Section&#8221; _builder_version=&#8221;4.6.0&#8243; _module_preset=&#8221;29a19210-8eea-4dae-977b-3dba1b9b0201&#8243; background_image=&#8221;https:\/\/microsites.diocesemontreal.org\/microsites\/missionjeunesse-mtl\/wp-content\/uploads\/sites\/39\/2020\/12\/mj_pastohybride-bg.png&#8221; height_last_edited=&#8221;off|tablet&#8221; hover_enabled=&#8221;0&#8243; locked=&#8221;off&#8221; collapsed=&#8221;off&#8221; sticky_enabled=&#8221;0&#8243;][et_pb_row _builder_version=&#8221;4.6.0&#8243; _module_preset=&#8221;76f2744f-7b59-4dd8-ae17-7f8101c29eb1&#8243; locked=&#8221;off&#8221;][et_pb_column type=&#8221;4_4&#8243; _builder_version=&#8221;4.5.0&#8243; _module_preset=&#8221;default&#8221;][et_pb_text _builder_version=&#8221;4.6.0&#8243; _module_preset=&#8221;41e23fa1-e94b-4dd5-b1ea-f796a971ad97&#8243; hover_enabled=&#8221;0&#8243; locked=&#8221;off&#8221; sticky_enabled=&#8221;0&#8243;]Pastorale Hybride[\/et_pb_text][et_pb_text _builder_version=&#8221;4.6.0&#8243; _module_preset=&#8221;13f3cb56-62b0-456f-8ea9-91fa17a9f6d0&#8243; hover_enabled=&#8221;0&#8243; locked=&#8221;off&#8221; sticky_enabled=&#8221;0&#8243;]<\/p>\n<h1>Accompagnement<\/h1>\n<p>[\/et_pb_text][\/et_pb_column][\/et_pb_row][\/et_pb_section][et_pb_section fb_built=&#8221;1&#8243; fullwidth=&#8221;on&#8221; _builder_version=&#8221;4.6.0&#8243; _module_preset=&#8221;default&#8221; sticky_position_tablet=&#8221;&#8221; sticky_position_phone=&#8221;&#8221; sticky_position_last_edited=&#8221;on|desktop&#8221; locked=&#8221;off&#8221;][et_pb_fullwidth_menu menu_id=&#8221;33&#8243; menu_style=&#8221;centered&#8221; menu_icon_color=&#8221;#000000&#8243; menu_icon_font_size=&#8221;1.5em&#8221; menu_icon_font_size_tablet=&#8221;&#8221; menu_icon_font_size_phone=&#8221;2.5em&#8221; menu_icon_font_size_last_edited=&#8221;on|phone&#8221; _builder_version=&#8221;4.6.0&#8243; _module_preset=&#8221;default&#8221; menu_font_size=&#8221;18px&#8221; background_color=&#8221;#f4f4e6&#8243; sticky_position=&#8221;top&#8221; background__sticky_enabled=&#8221;off|sticky&#8221; background_enable_color__sticky=&#8221;off&#8221;][\/et_pb_fullwidth_menu][\/et_pb_section][et_pb_section fb_built=&#8221;1&#8243; module_id=&#8221;accompagnement&#8221; _builder_version=&#8221;4.6.0&#8243; _module_preset=&#8221;default&#8221; background_color=&#8221;#fffff3&#8243; locked=&#8221;off&#8221;][et_pb_row column_structure=&#8221;1_2,1_2&#8243; _builder_version=&#8221;4.6.0&#8243; _module_preset=&#8221;6cef63db-fd96-409a-9359-ce14def9dc40&#8243;][et_pb_column type=&#8221;1_2&#8243; _builder_version=&#8221;4.5.0&#8243; _module_preset=&#8221;default&#8221;][et_pb_video src=&#8221;https:\/\/youtu.be\/ZgUP2OJmInU&#8221; _builder_version=&#8221;4.5.7&#8243; _module_preset=&#8221;default&#8221;][\/et_pb_video][et_pb_button button_url=&#8221;https:\/\/www.dropbox.com\/s\/74mqocmin9i0ri6\/Pastorale%20hybride%20-%20Accompagnement%20FR.pdf?dl=1&#8243; button_text=&#8221;T\u00e9l\u00e9charger PDF&#8221; _builder_version=&#8221;4.6.0&#8243; _module_preset=&#8221;default&#8221;][\/et_pb_button][\/et_pb_column][et_pb_column type=&#8221;1_2&#8243; _builder_version=&#8221;4.5.0&#8243; _module_preset=&#8221;default&#8221;][et_pb_text _builder_version=&#8221;4.6.0&#8243; _module_preset=&#8221;default&#8221; text_text_color=&#8221;#333333&#8243; header_text_color=&#8221;#d3744c&#8221; header_font_size=&#8221;3em&#8221; header_2_text_color=&#8221;#d39276&#8243; header_2_font_size=&#8221;2em&#8221; header_3_font=&#8221;|300|||||||&#8221; header_3_text_color=&#8221;#808080&#8243; header_3_font_size=&#8221;1.66em&#8221; header_4_font=&#8221;|600|||||||&#8221; header_4_text_color=&#8221;#808080&#8243; header_4_font_size=&#8221;1.33em&#8221; header_4_line_height=&#8221;1.2em&#8221;]<\/p>\n<h3>Post-pand\u00e9mie &#8211; Quel type de pr\u00e9sence pastorale ?<\/h3>\n<p>[\/et_pb_text][et_pb_text _builder_version=&#8221;4.6.0&#8243; _module_preset=&#8221;default&#8221; text_text_color=&#8221;#333333&#8243; header_text_color=&#8221;#d3744c&#8221; header_font_size=&#8221;3em&#8221; header_2_text_color=&#8221;#d39276&#8243; header_2_font_size=&#8221;2em&#8221; header_3_font=&#8221;|300|||||||&#8221; header_3_text_color=&#8221;#808080&#8243; header_3_font_size=&#8221;1.66em&#8221; header_4_font=&#8221;|600|||||||&#8221; header_4_text_color=&#8221;#808080&#8243; header_4_font_size=&#8221;1.33em&#8221; header_4_line_height=&#8221;1.2em&#8221;]<\/p>\n<p>Cette session se concentrera sur le d\u00e9veloppement et le renforcement de notre \/ nos:<\/p>\n<p>\u2022 Sensibilisation au multiculturalisme<br \/> \u2022 Comp\u00e9tences en \u00e9coute active<br \/> \u2022 Mise en valeur et promotion du r\u00f4le de la famille<br \/> \u2022 Dialogue interg\u00e9n\u00e9rationnel et communautaire<\/p>\n<p>[\/et_pb_text][et_pb_button _builder_version=&#8221;4.5.7&#8243; _module_preset=&#8221;default&#8221;][\/et_pb_button][\/et_pb_column][\/et_pb_row][\/et_pb_section]<\/p>\n","protected":false},"excerpt":{"rendered":"<p>Pastorale HybrideAccompagnementPost-pand\u00e9mie &#8211; Quel type de pr\u00e9sence pastorale ?Cette session se concentrera sur le d\u00e9veloppement et le renforcement de notre \/ nos: \u2022 Sensibilisation au multiculturalisme \u2022 Comp\u00e9tences en \u00e9coute active \u2022 Mise en valeur et promotion du r\u00f4le de la famille \u2022 Dialogue interg\u00e9n\u00e9rationnel et communautaire<\/p>\n","protected":false},"author":9,"featured_media":0,"parent":18,"menu_order":0,"comment_status":"closed","ping_status":"closed","template":"","meta":{"_et_pb_use_builder":"on","_et_pb_old_content":"","_et_gb_content_width":"","_monsterinsights_skip_tracking":false,"_monsterinsights_sitenote_active":false,"_monsterinsights_sitenote_note":"","_monsterinsights_sitenote_category":0,"footnotes":""},"class_list":["post-42326","page","type-page","status-publish","hentry"],"yoast_head":"<!-- This site is optimized with the Yoast SEO plugin v26.4 - https:\/\/yoast.com\/wordpress\/plugins\/seo\/ -->\n<title>Accompagnement - Mission Jeunesse Montr\u00e9al<\/title>\n<meta name=\"robots\" content=\"index, follow, max-snippet:-1, max-image-preview:large, max-video-preview:-1\" \/>\n<link rel=\"canonical\" href=\"https:\/\/microsites.diocesemontreal.org\/microsites\/missionjeunesse-mtl\/pastorale-hybride\/accompagnement\/\" \/>\n<meta property=\"og:locale\" content=\"fr_FR\" \/>\n<meta property=\"og:type\" content=\"article\" \/>\n<meta property=\"og:title\" content=\"Accompagnement - Mission Jeunesse Montr\u00e9al\" \/>\n<meta property=\"og:description\" content=\"Pastorale HybrideAccompagnementPost-pand\u00e9mie - Quel type de pr\u00e9sence pastorale ?Cette session se concentrera sur le d\u00e9veloppement et le renforcement de notre \/ nos: \u2022 Sensibilisation au multiculturalisme \u2022 Comp\u00e9tences en \u00e9coute active \u2022 Mise en valeur et promotion du r\u00f4le de la famille \u2022 Dialogue interg\u00e9n\u00e9rationnel et communautaire\" \/>\n<meta property=\"og:url\" content=\"https:\/\/microsites.diocesemontreal.org\/microsites\/missionjeunesse-mtl\/pastorale-hybride\/accompagnement\/\" \/>\n<meta property=\"og:site_name\" content=\"Mission Jeunesse Montr\u00e9al\" \/>\n<meta property=\"article:modified_time\" content=\"2021-02-03T19:46:44+00:00\" \/>\n<meta name=\"twitter:card\" content=\"summary_large_image\" \/>\n<meta name=\"twitter:label1\" content=\"Dur\u00e9e de lecture estim\u00e9e\" \/>\n\t<meta name=\"twitter:data1\" content=\"3 minutes\" \/>\n<script type=\"application\/ld+json\" class=\"yoast-schema-graph\">{\"@context\":\"https:\/\/schema.org\",\"@graph\":[{\"@type\":\"WebPage\",\"@id\":\"https:\/\/microsites.diocesemontreal.org\/microsites\/missionjeunesse-mtl\/pastorale-hybride\/accompagnement\/\",\"url\":\"https:\/\/microsites.diocesemontreal.org\/microsites\/missionjeunesse-mtl\/pastorale-hybride\/accompagnement\/\",\"name\":\"Accompagnement - Mission Jeunesse Montr\u00e9al\",\"isPartOf\":{\"@id\":\"https:\/\/microsites.diocesemontreal.org\/microsites\/missionjeunesse-mtl\/#website\"},\"datePublished\":\"2020-12-02T19:30:45+00:00\",\"dateModified\":\"2021-02-03T19:46:44+00:00\",\"breadcrumb\":{\"@id\":\"https:\/\/microsites.diocesemontreal.org\/microsites\/missionjeunesse-mtl\/pastorale-hybride\/accompagnement\/#breadcrumb\"},\"inLanguage\":\"fr-FR\",\"potentialAction\":[{\"@type\":\"ReadAction\",\"target\":[\"https:\/\/microsites.diocesemontreal.org\/microsites\/missionjeunesse-mtl\/pastorale-hybride\/accompagnement\/\"]}]},{\"@type\":\"BreadcrumbList\",\"@id\":\"https:\/\/microsites.diocesemontreal.org\/microsites\/missionjeunesse-mtl\/pastorale-hybride\/accompagnement\/#breadcrumb\",\"itemListElement\":[{\"@type\":\"ListItem\",\"position\":1,\"name\":\"Accueil\",\"item\":\"https:\/\/microsites.diocesemontreal.org\/microsites\/missionjeunesse-mtl\/\"},{\"@type\":\"ListItem\",\"position\":2,\"name\":\"Pastorale Hybride\",\"item\":\"https:\/\/microsites.diocesemontreal.org\/microsites\/missionjeunesse-mtl\/pastorale-hybride\/\"},{\"@type\":\"ListItem\",\"position\":3,\"name\":\"Accompagnement\"}]},{\"@type\":\"WebSite\",\"@id\":\"https:\/\/microsites.diocesemontreal.org\/microsites\/missionjeunesse-mtl\/#website\",\"url\":\"https:\/\/microsites.diocesemontreal.org\/microsites\/missionjeunesse-mtl\/\",\"name\":\"Mission Jeunesse Montr\u00e9al\",\"description\":\"Vivre, aimer, servir dans la joie\",\"potentialAction\":[{\"@type\":\"SearchAction\",\"target\":{\"@type\":\"EntryPoint\",\"urlTemplate\":\"https:\/\/microsites.diocesemontreal.org\/microsites\/missionjeunesse-mtl\/?s={search_term_string}\"},\"query-input\":{\"@type\":\"PropertyValueSpecification\",\"valueRequired\":true,\"valueName\":\"search_term_string\"}}],\"inLanguage\":\"fr-FR\"}]}<\/script>\n<!-- \/ Yoast SEO plugin. -->","yoast_head_json":{"title":"Accompagnement - Mission Jeunesse Montr\u00e9al","robots":{"index":"index","follow":"follow","max-snippet":"max-snippet:-1","max-image-preview":"max-image-preview:large","max-video-preview":"max-video-preview:-1"},"canonical":"https:\/\/microsites.diocesemontreal.org\/microsites\/missionjeunesse-mtl\/pastorale-hybride\/accompagnement\/","og_locale":"fr_FR","og_type":"article","og_title":"Accompagnement - Mission Jeunesse Montr\u00e9al","og_description":"Pastorale HybrideAccompagnementPost-pand\u00e9mie - Quel type de pr\u00e9sence pastorale ?Cette session se concentrera sur le d\u00e9veloppement et le renforcement de notre \/ nos: \u2022 Sensibilisation au multiculturalisme \u2022 Comp\u00e9tences en \u00e9coute active \u2022 Mise en valeur et promotion du r\u00f4le de la famille \u2022 Dialogue interg\u00e9n\u00e9rationnel et communautaire","og_url":"https:\/\/microsites.diocesemontreal.org\/microsites\/missionjeunesse-mtl\/pastorale-hybride\/accompagnement\/","og_site_name":"Mission Jeunesse Montr\u00e9al","article_modified_time":"2021-02-03T19:46:44+00:00","twitter_card":"summary_large_image","twitter_misc":{"Dur\u00e9e de lecture estim\u00e9e":"3 minutes"},"schema":{"@context":"https:\/\/schema.org","@graph":[{"@type":"WebPage","@id":"https:\/\/microsites.diocesemontreal.org\/microsites\/missionjeunesse-mtl\/pastorale-hybride\/accompagnement\/","url":"https:\/\/microsites.diocesemontreal.org\/microsites\/missionjeunesse-mtl\/pastorale-hybride\/accompagnement\/","name":"Accompagnement - Mission Jeunesse Montr\u00e9al","isPartOf":{"@id":"https:\/\/microsites.diocesemontreal.org\/microsites\/missionjeunesse-mtl\/#website"},"datePublished":"2020-12-02T19:30:45+00:00","dateModified":"2021-02-03T19:46:44+00:00","breadcrumb":{"@id":"https:\/\/microsites.diocesemontreal.org\/microsites\/missionjeunesse-mtl\/pastorale-hybride\/accompagnement\/#breadcrumb"},"inLanguage":"fr-FR","potentialAction":[{"@type":"ReadAction","target":["https:\/\/microsites.diocesemontreal.org\/microsites\/missionjeunesse-mtl\/pastorale-hybride\/accompagnement\/"]}]},{"@type":"BreadcrumbList","@id":"https:\/\/microsites.diocesemontreal.org\/microsites\/missionjeunesse-mtl\/pastorale-hybride\/accompagnement\/#breadcrumb","itemListElement":[{"@type":"ListItem","position":1,"name":"Accueil","item":"https:\/\/microsites.diocesemontreal.org\/microsites\/missionjeunesse-mtl\/"},{"@type":"ListItem","position":2,"name":"Pastorale Hybride","item":"https:\/\/microsites.diocesemontreal.org\/microsites\/missionjeunesse-mtl\/pastorale-hybride\/"},{"@type":"ListItem","position":3,"name":"Accompagnement"}]},{"@type":"WebSite","@id":"https:\/\/microsites.diocesemontreal.org\/microsites\/missionjeunesse-mtl\/#website","url":"https:\/\/microsites.diocesemontreal.org\/microsites\/missionjeunesse-mtl\/","name":"Mission Jeunesse Montr\u00e9al","description":"Vivre, aimer, servir dans la joie","potentialAction":[{"@type":"SearchAction","target":{"@type":"EntryPoint","urlTemplate":"https:\/\/microsites.diocesemontreal.org\/microsites\/missionjeunesse-mtl\/?s={search_term_string}"},"query-input":{"@type":"PropertyValueSpecification","valueRequired":true,"valueName":"search_term_string"}}],"inLanguage":"fr-FR"}]}},"_links":{"self":[{"href":"https:\/\/microsites.diocesemontreal.org\/microsites\/missionjeunesse-mtl\/wp-json\/wp\/v2\/pages\/42326","targetHints":{"allow":["GET"]}}],"collection":[{"href":"https:\/\/microsites.diocesemontreal.org\/microsites\/missionjeunesse-mtl\/wp-json\/wp\/v2\/pages"}],"about":[{"href":"https:\/\/microsites.diocesemontreal.org\/microsites\/missionjeunesse-mtl\/wp-json\/wp\/v2\/types\/page"}],"author":[{"embeddable":true,"href":"https:\/\/microsites.diocesemontreal.org\/microsites\/missionjeunesse-mtl\/wp-json\/wp\/v2\/users\/9"}],"replies":[{"embeddable":true,"href":"https:\/\/microsites.diocesemontreal.org\/microsites\/missionjeunesse-mtl\/wp-json\/wp\/v2\/comments?post=42326"}],"version-history":[{"count":5,"href":"https:\/\/microsites.diocesemontreal.org\/microsites\/missionjeunesse-mtl\/wp-json\/wp\/v2\/pages\/42326\/revisions"}],"predecessor-version":[{"id":42988,"href":"https:\/\/microsites.diocesemontreal.org\/microsites\/missionjeunesse-mtl\/wp-json\/wp\/v2\/pages\/42326\/revisions\/42988"}],"up":[{"embeddable":true,"href":"https:\/\/microsites.diocesemontreal.org\/microsites\/missionjeunesse-mtl\/wp-json\/wp\/v2\/pages\/18"}],"wp:attachment":[{"href":"https:\/\/microsites.diocesemontreal.org\/microsites\/missionjeunesse-mtl\/wp-json\/wp\/v2\/media?parent=42326"}],"curies":[{"name":"wp","href":"https:\/\/api.w.org\/{rel}","templated":true}]}}