{"id":46834,"date":"2021-12-14T14:55:51","date_gmt":"2021-12-14T19:55:51","guid":{"rendered":"https:\/\/microsites.diocesemontreal.org\/microsites\/missionjeunesse-mtl\/?page_id=46834"},"modified":"2023-11-01T17:37:13","modified_gmt":"2023-11-01T21:37:13","slug":"home","status":"publish","type":"page","link":"https:\/\/microsites.diocesemontreal.org\/microsites\/missionjeunesse-mtl\/en\/home\/","title":{"rendered":"Home"},"content":{"rendered":"<p>[et_pb_section fb_built=&#8221;1&#8243; _builder_version=&#8221;4.18.0&#8243; _module_preset=&#8221;137b3a87-c123-46d5-ac78-4065473ca227&#8243; background_enable_color=&#8221;off&#8221; background_image=&#8221;https:\/\/microsites.diocesemontreal.org\/microsites\/missionjeunesse-mtl\/wp-content\/uploads\/sites\/39\/2023\/10\/JMJMTL_dateannouncement_banner_EN-1-scaled.jpg&#8221; background_enable_image=&#8221;on&#8221; background_position=&#8221;bottom_center&#8221; locked=&#8221;off&#8221; global_colors_info=&#8221;{}&#8221;][et_pb_row _builder_version=&#8221;4.18.0&#8243; _module_preset=&#8221;default&#8221; background_enable_color=&#8221;off&#8221; global_colors_info=&#8221;{}&#8221;][et_pb_column type=&#8221;4_4&#8243; _builder_version=&#8221;4.16&#8243; _module_preset=&#8221;default&#8221; global_colors_info=&#8221;{}&#8221;][et_pb_button button_url=&#8221;https:\/\/microsites.diocesemontreal.org\/microsites\/missionjeunesse-mtl\/en\/wyd-montreal\/&#8221; button_text=&#8221;Learn more&#8221; _builder_version=&#8221;4.18.0&#8243; _module_preset=&#8221;default&#8221; global_colors_info=&#8221;{}&#8221;][\/et_pb_button][\/et_pb_column][\/et_pb_row][\/et_pb_section][et_pb_section fb_built=&#8221;1&#8243; admin_label=&#8221;Activities&#8221; _builder_version=&#8221;4.16&#8243; _module_preset=&#8221;34d2baf7-d8f6-44e0-b5a4-1f5abddb8061&#8243; background_color=&#8221;#f5f5f5&#8243; locked=&#8221;off&#8221; global_colors_info=&#8221;{}&#8221;][et_pb_row column_structure=&#8221;1_2,1_2&#8243; admin_label=&#8221;Section Title Row&#8221; _builder_version=&#8221;4.16&#8243; _module_preset=&#8221;default&#8221; custom_margin=&#8221;0vw||0rem||false|false&#8221; custom_margin_phone=&#8221;0px||0px||true|false&#8221; custom_padding=&#8221;|0vw|0px|0vw|false|true&#8221; custom_padding_tablet=&#8221;|0vw|0px|0vw|false|true&#8221; custom_css_main_element=&#8221;display: flex;||flex-direction: row;||align-items: baseline;&#8221; global_colors_info=&#8221;{}&#8221; custom_css_main_element_last_edited=&#8221;on|tablet&#8221; custom_css_main_element_tablet=&#8221;display: flex;||flex-direction: row;||align-items: flex-start&#8221; custom_css_main_element_phone=&#8221;display: flex;||flex-direction: row;||align-items: baseline;&#8221; border_width_top__hover_enabled=&#8221;off|desktop&#8221;][et_pb_column type=&#8221;1_2&#8243; _builder_version=&#8221;4.16&#8243; _module_preset=&#8221;default&#8221; global_colors_info=&#8221;{}&#8221;][et_pb_text _builder_version=&#8221;4.16&#8243; _module_preset=&#8221;b80e337c-709f-4b48-a0c7-eda09f9e5aaa&#8221; custom_margin=&#8221;||0rem||false|false&#8221; hover_enabled=&#8221;0&#8243; global_colors_info=&#8221;{}&#8221; sticky_enabled=&#8221;0&#8243;]<\/p>\n<h2>Featured activities<\/h2>\n<p>[\/et_pb_text][\/et_pb_column][et_pb_column type=&#8221;1_2&#8243; _builder_version=&#8221;4.16&#8243; _module_preset=&#8221;default&#8221; global_colors_info=&#8221;{}&#8221;][\/et_pb_column][\/et_pb_row][et_pb_row column_structure=&#8221;1_6,1_6,1_6,1_6,1_6,1_6&#8243; admin_label=&#8221;Section Title Row&#8221; _builder_version=&#8221;4.16&#8243; _module_preset=&#8221;default&#8221; custom_margin=&#8221;0vw||0rem||false|false&#8221; custom_margin_phone=&#8221;0px||0px||true|false&#8221; custom_padding=&#8221;|0vw|0px|0vw|false|true&#8221; custom_padding_tablet=&#8221;|0vw|0px|0vw|false|true&#8221; custom_css_main_element=&#8221;display: flex;||flex-direction: row;||align-items: baseline;&#8221; global_colors_info=&#8221;{}&#8221; custom_css_main_element_last_edited=&#8221;on|tablet&#8221; custom_css_main_element_tablet=&#8221;display: flex;||flex-direction: row;||align-items: flex-start&#8221; custom_css_main_element_phone=&#8221;display: flex;||flex-direction: row;||align-items: baseline;&#8221; border_width_top__hover_enabled=&#8221;off|desktop&#8221;][et_pb_column type=&#8221;1_6&#8243; _builder_version=&#8221;4.16&#8243; _module_preset=&#8221;default&#8221; global_colors_info=&#8221;{}&#8221;][et_pb_image _builder_version=&#8221;4.18.0&#8243; _module_preset=&#8221;default&#8221; title_text=&#8221;JMJMTL_teenfest_savedate_EN&#8221; src=&#8221;https:\/\/microsites.diocesemontreal.org\/microsites\/missionjeunesse-mtl\/wp-content\/uploads\/sites\/39\/2023\/10\/JMJMTL_teenfest_savedate_EN-1.jpg&#8221; hover_enabled=&#8221;0&#8243; sticky_enabled=&#8221;0&#8243;][\/et_pb_image][\/et_pb_column][et_pb_column type=&#8221;1_6&#8243; _builder_version=&#8221;4.16&#8243; _module_preset=&#8221;default&#8221; global_colors_info=&#8221;{}&#8221;][et_pb_image _builder_version=&#8221;4.18.0&#8243; _module_preset=&#8221;default&#8221; title_text=&#8221;JMJMTL_lebiencach\u00e9_EN&#8221; src=&#8221;https:\/\/microsites.diocesemontreal.org\/microsites\/missionjeunesse-mtl\/wp-content\/uploads\/sites\/39\/2023\/10\/JMJMTL_lebiencache_EN-1.jpg&#8221; hover_enabled=&#8221;0&#8243; sticky_enabled=&#8221;0&#8243;][\/et_pb_image][\/et_pb_column][et_pb_column type=&#8221;1_6&#8243; _builder_version=&#8221;4.16&#8243; _module_preset=&#8221;default&#8221; global_colors_info=&#8221;{}&#8221;][et_pb_image _builder_version=&#8221;4.18.0&#8243; _module_preset=&#8221;default&#8221; title_text=&#8221;JMJMTL_retrouvaillesinter_EN&#8221; src=&#8221;https:\/\/microsites.diocesemontreal.org\/microsites\/missionjeunesse-mtl\/wp-content\/uploads\/sites\/39\/2023\/10\/JMJMTL_retrouvaillesinter_EN-2.jpg&#8221; hover_enabled=&#8221;0&#8243; sticky_enabled=&#8221;0&#8243;][\/et_pb_image][\/et_pb_column][et_pb_column type=&#8221;1_6&#8243; _builder_version=&#8221;4.16&#8243; _module_preset=&#8221;default&#8221; global_colors_info=&#8221;{}&#8221;][et_pb_image _builder_version=&#8221;4.18.0&#8243; _module_preset=&#8221;default&#8221; title_text=&#8221;JMJMTL_retrouvaillesjmj_FR&#8221; src=&#8221;https:\/\/microsites.diocesemontreal.org\/microsites\/missionjeunesse-mtl\/wp-content\/uploads\/sites\/39\/2023\/10\/JMJMTL_retrouvaillesjmj_FR-2.jpg&#8221; hover_enabled=&#8221;0&#8243; sticky_enabled=&#8221;0&#8243;][\/et_pb_image][\/et_pb_column][et_pb_column type=&#8221;1_6&#8243; _builder_version=&#8221;4.16&#8243; _module_preset=&#8221;default&#8221; global_colors_info=&#8221;{}&#8221;][et_pb_image _builder_version=&#8221;4.18.0&#8243; _module_preset=&#8221;default&#8221; title_text=&#8221;JMJMTL_viva_banner_EN&#8221; src=&#8221;https:\/\/microsites.diocesemontreal.org\/microsites\/missionjeunesse-mtl\/wp-content\/uploads\/sites\/39\/2023\/10\/JMJMTL_viva_banner_EN-1-scaled.jpg&#8221; hover_enabled=&#8221;0&#8243; sticky_enabled=&#8221;0&#8243;][\/et_pb_image][\/et_pb_column][et_pb_column type=&#8221;1_6&#8243; _builder_version=&#8221;4.16&#8243; _module_preset=&#8221;default&#8221; global_colors_info=&#8221;{}&#8221;][et_pb_image _builder_version=&#8221;4.18.0&#8243; _module_preset=&#8221;default&#8221; title_text=&#8221;JMJMTL_messechristroi_EN&#8221; src=&#8221;https:\/\/microsites.diocesemontreal.org\/microsites\/missionjeunesse-mtl\/wp-content\/uploads\/sites\/39\/2023\/11\/JMJMTL_messechristroi_EN.jpg&#8221; hover_enabled=&#8221;0&#8243; sticky_enabled=&#8221;0&#8243;][\/et_pb_image][\/et_pb_column][\/et_pb_row][et_pb_row disabled_on=&#8221;on|on|on&#8221; admin_label=&#8221;Activity Row&#8221; _builder_version=&#8221;4.16&#8243; _module_preset=&#8221;2a6ccb78-41da-4d75-ad10-7c67381d0a03&#8243; custom_padding=&#8221;||27px|||&#8221; disabled=&#8221;on&#8221; global_colors_info=&#8221;{}&#8221;][et_pb_column type=&#8221;4_4&#8243; _builder_version=&#8221;4.16&#8243; _module_preset=&#8221;bdbb03b8-6c62-4076-a38c-9039e20efe1f&#8221; global_colors_info=&#8221;{}&#8221; custom_css_main_element_last_edited=&#8221;on|phone&#8221; transform_scale__hover_enabled=&#8221;on|hover&#8221; transform_styles__hover_enabled=&#8221;on|desktop&#8221; transform_translate__hover_enabled=&#8221;on|desktop&#8221; box_shadow_spread__hover_enabled=&#8221;on|desktop&#8221;][et_pb_image src=&#8221;https:\/\/microsites.diocesemontreal.org\/microsites\/missionjeunesse-mtl\/wp-content\/uploads\/sites\/39\/2023\/09\/JMJ-Info-Session-2023-BIL-1.png&#8221; title_text=&#8221;JMJ Info Session 2023 BIL&#8221; url=&#8221;https:\/\/microsites.diocesemontreal.org\/microsites\/missionjeunesse-mtl\/jmj-montreal\/festival-ados\/veillee-planification\/&#8221; _builder_version=&#8221;4.18.0&#8243; _module_preset=&#8221;581764ff-79dd-4eaa-b7aa-5be7dfea1bd5&#8243; max_height=&#8221;1000px&#8221; global_colors_info=&#8221;{}&#8221;][\/et_pb_image][et_pb_text _builder_version=&#8221;4.18.0&#8243; _module_preset=&#8221;f743a7dc-e8df-4ae7-b7bb-b74254b2e964&#8243; link_option_url=&#8221;https:\/\/microsites.diocesemontreal.org\/microsites\/missionjeunesse-mtl\/jmj-montreal\/festival-ados\/veillee-planification\/&#8221; global_colors_info=&#8221;{}&#8221;]<\/p>\n<h3>Diocesan WYD 2023 INFO SESSION (ZOOM)<\/h3>\n<h5>October 4, 2023<\/h5>\n<h5>6:00 P.M.<\/h5>\n<p>[\/et_pb_text][\/et_pb_column][\/et_pb_row][\/et_pb_section][et_pb_section fb_built=&#8221;1&#8243; disabled_on=&#8221;on|on|on&#8221; admin_label=&#8221;Big Hero Section&#8221; _builder_version=&#8221;4.18.0&#8243; _module_preset=&#8221;137b3a87-c123-46d5-ac78-4065473ca227&#8243; background_color=&#8221;#eb423d&#8221; use_background_color_gradient=&#8221;on&#8221; background_color_gradient_stops=&#8221;rgba(0,0,0,0) 70%|rgba(0,0,0,0.2) 100%&#8221; background_color_gradient_start=&#8221;rgba(0,0,0,0)&#8221; background_color_gradient_start_position=&#8221;70%&#8221; background_color_gradient_end=&#8221;rgba(0,0,0,0.2)&#8221; background_image=&#8221;https:\/\/microsites.diocesemontreal.org\/microsites\/missionjeunesse-mtl\/wp-content\/uploads\/sites\/39\/2022\/08\/jmjmtl-2022_assets_cover.png&#8221; background_enable_image=&#8221;on&#8221; height_tablet=&#8221;90vh&#8221; background_last_edited=&#8221;on|phone&#8221; background_position_tablet=&#8221;center_right&#8221; background_position_phone=&#8221;center_right&#8221; custom_css_main_element=&#8221;display: flex;||flex-direction: column;||justify-content: flex-end;&#8221; disabled=&#8221;on&#8221; locked=&#8221;off&#8221; global_colors_info=&#8221;{}&#8221;][et_pb_row _builder_version=&#8221;4.16&#8243; _module_preset=&#8221;2a6ccb78-41da-4d75-ad10-7c67381d0a03&#8243; global_colors_info=&#8221;{}&#8221;][et_pb_column type=&#8221;4_4&#8243; _builder_version=&#8221;4.16&#8243; _module_preset=&#8221;default&#8221; global_colors_info=&#8221;{}&#8221;][et_pb_text _builder_version=&#8221;4.18.0&#8243; _module_preset=&#8221;25b7943b-3a1f-413e-94ae-62da21441aa1&#8243; header_font_size=&#8221;6.6rem&#8221; background_layout=&#8221;dark&#8221; max_width=&#8221;900px&#8221; global_colors_info=&#8221;{}&#8221;]<\/p>\n<h1>WYD\u00a0 Montr\u00e9al<\/h1>\n<p>18\u201326 NOV 2023<\/p>\n<p>[\/et_pb_text][et_pb_button button_url=&#8221;@ET-DC@eyJkeW5hbWljIjp0cnVlLCJjb250ZW50IjoicG9zdF9saW5rX3VybF9wYWdlIiwic2V0dGluZ3MiOnsicG9zdF9pZCI6IjQ5MzQ1In19@&#8221; button_text=&#8221;Find out more&#8221; _builder_version=&#8221;4.18.0&#8243; _dynamic_attributes=&#8221;button_url&#8221; _module_preset=&#8221;cb7b3c06-7269-4a1e-97b2-a98da29db33f&#8221; global_colors_info=&#8221;{}&#8221;][\/et_pb_button][\/et_pb_column][\/et_pb_row][\/et_pb_section][et_pb_section fb_built=&#8221;1&#8243; specialty=&#8221;on&#8221; custom_padding_last_edited=&#8221;on|phone&#8221; padding_right_1=&#8221;6rem&#8221; padding_top_bottom_link_1=&#8221;false&#8221; padding_left_right_link_1=&#8221;false&#8221; padding_1_tablet=&#8221;&#8221; padding_1_phone=&#8221;|0px||0px|false|false&#8221; padding_1_last_edited=&#8221;on|phone&#8221; admin_label=&#8221;News&#8221; _builder_version=&#8221;4.16&#8243; _module_preset=&#8221;default&#8221; background_color=&#8221;#fefefe&#8221; module_alignment=&#8221;right&#8221; inner_width=&#8221;70vw&#8221; inner_width_tablet=&#8221;90vw&#8221; inner_width_phone=&#8221;88vw&#8221; inner_width_last_edited=&#8221;on|tablet&#8221; inner_max_width=&#8221;1920px&#8221; inner_max_width_tablet=&#8221;90vw&#8221; inner_max_width_phone=&#8221;88vw&#8221; inner_max_width_last_edited=&#8221;on|phone&#8221; custom_padding=&#8221;6rem||6rem||true|false&#8221; custom_padding_tablet=&#8221;4rem||4rem||true|false&#8221; custom_padding_phone=&#8221;3rem||3rem||true|false&#8221; locked=&#8221;off&#8221; global_colors_info=&#8221;{}&#8221;][et_pb_column type=&#8221;2_3&#8243; specialty_columns=&#8221;2&#8243; _builder_version=&#8221;4.16&#8243; custom_padding=&#8221;|||&#8221; global_colors_info=&#8221;{}&#8221; custom_padding__hover=&#8221;|||&#8221;][et_pb_row_inner column_structure=&#8221;1_2,1_2&#8243; _builder_version=&#8221;4.16&#8243; _module_preset=&#8221;default&#8221; custom_margin=&#8221;0vw||0rem||false|false&#8221; custom_margin_tablet=&#8221;0vw||0rem||false|false&#8221; custom_margin_phone=&#8221;0px||0px||true|false&#8221; custom_margin_last_edited=&#8221;on|phone&#8221; custom_padding=&#8221;|0vw|0px|0vw|false|true&#8221; custom_css_main_element=&#8221;display: flex;||flex-direction: row;||align-items: baseline;&#8221; global_colors_info=&#8221;{}&#8221;][et_pb_column_inner type=&#8221;1_2&#8243; saved_specialty_column_type=&#8221;2_3&#8243; _builder_version=&#8221;4.16&#8243; _module_preset=&#8221;default&#8221; global_colors_info=&#8221;{}&#8221;][et_pb_text _builder_version=&#8221;4.16&#8243; _module_preset=&#8221;b80e337c-709f-4b48-a0c7-eda09f9e5aaa&#8221; custom_margin=&#8221;0vw||0rem||false|false&#8221; custom_margin_phone=&#8221;0px||0px||true|false&#8221; custom_padding=&#8221;|0vw|0px|0vw|false|true&#8221; global_colors_info=&#8221;{}&#8221;]<\/p>\n<h2>News<\/h2>\n<p>[\/et_pb_text][\/et_pb_column_inner][et_pb_column_inner type=&#8221;1_2&#8243; saved_specialty_column_type=&#8221;2_3&#8243; _builder_version=&#8221;4.16&#8243; _module_preset=&#8221;default&#8221; global_colors_info=&#8221;{}&#8221;][et_pb_button button_text=&#8221;VOIR TOUT&#8221; button_alignment=&#8221;right&#8221; _builder_version=&#8221;4.16&#8243; _module_preset=&#8221;98c234cb-a854-4831-aca5-746c74ede853&#8243; button_text_color=&#8221;#777777&#8243; button_icon_color=&#8221;#777777&#8243; custom_margin=&#8221;|1rem|||false|false&#8221; global_colors_info=&#8221;{}&#8221;][\/et_pb_button][\/et_pb_column_inner][\/et_pb_row_inner][et_pb_row_inner disabled_on=&#8221;on|on|on&#8221; _builder_version=&#8221;4.16&#8243; _module_preset=&#8221;default&#8221; disabled=&#8221;on&#8221; global_colors_info=&#8221;{}&#8221;][et_pb_column_inner saved_specialty_column_type=&#8221;2_3&#8243; _builder_version=&#8221;4.16&#8243; _module_preset=&#8221;default&#8221; global_colors_info=&#8221;{}&#8221;][et_pb_blog posts_number=&#8221;7&#8243; _builder_version=&#8221;4.16&#8243; _module_preset=&#8221;_initial&#8221; header_font=&#8221;Inter||||||||&#8221; header_font_size=&#8221;1.5rem&#8221; header_letter_spacing=&#8221;-0.6px&#8221; meta_font=&#8221;Inter|500||on|||||&#8221; global_colors_info=&#8221;{}&#8221;][\/et_pb_blog][\/et_pb_column_inner][\/et_pb_row_inner][\/et_pb_column][et_pb_column type=&#8221;1_3&#8243; _builder_version=&#8221;4.16&#8243; custom_padding=&#8221;|||&#8221; global_colors_info=&#8221;{}&#8221; custom_padding__hover=&#8221;|||&#8221;][et_pb_cta title=&#8221;Always be in the loop&#8221; button_url=&#8221;http:\/\/eepurl.com\/duvoKz&#8221; button_text=&#8221;Sign-up&#8221; _builder_version=&#8221;4.18.0&#8243; _module_preset=&#8221;43ee7a9d-8b68-4866-8307-a8e2ba897081&#8243; global_colors_info=&#8221;{}&#8221;]<\/p>\n<p>Sign up to our newsletter<\/p>\n<p>[\/et_pb_cta][\/et_pb_column][\/et_pb_section]<\/p>\n","protected":false},"excerpt":{"rendered":"<p>Featured activitiesDiocesan WYD 2023 INFO SESSION (ZOOM) October 4, 2023 6:00 P.M.WYD\u00a0 Montr\u00e9al 18\u201326 NOV 2023NewsSign up to our newsletter<\/p>\n","protected":false},"author":9,"featured_media":0,"parent":0,"menu_order":0,"comment_status":"closed","ping_status":"closed","template":"","meta":{"_et_pb_use_builder":"on","_et_pb_old_content":"","_et_gb_content_width":"","_monsterinsights_skip_tracking":false,"_monsterinsights_sitenote_active":false,"_monsterinsights_sitenote_note":"","_monsterinsights_sitenote_category":0,"footnotes":""},"class_list":["post-46834","page","type-page","status-publish","hentry"],"yoast_head":"<!-- This site is optimized with the Yoast SEO plugin v26.4 - https:\/\/yoast.com\/wordpress\/plugins\/seo\/ -->\n<title>Home - Mission Jeunesse Montr\u00e9al<\/title>\n<meta name=\"robots\" content=\"index, follow, max-snippet:-1, max-image-preview:large, max-video-preview:-1\" \/>\n<link rel=\"canonical\" href=\"https:\/\/microsites.diocesemontreal.org\/microsites\/missionjeunesse-mtl\/en\/home\/\" \/>\n<meta property=\"og:locale\" content=\"fr_FR\" \/>\n<meta property=\"og:type\" content=\"article\" \/>\n<meta property=\"og:title\" content=\"Home - Mission Jeunesse Montr\u00e9al\" \/>\n<meta property=\"og:description\" content=\"Featured activitiesDiocesan WYD 2023 INFO SESSION (ZOOM) October 4, 2023 6:00 P.M.WYD\u00a0 Montr\u00e9al 18\u201326 NOV 2023NewsSign up to our newsletter\" \/>\n<meta property=\"og:url\" content=\"https:\/\/microsites.diocesemontreal.org\/microsites\/missionjeunesse-mtl\/en\/home\/\" \/>\n<meta property=\"og:site_name\" content=\"Mission Jeunesse Montr\u00e9al\" \/>\n<meta property=\"article:modified_time\" content=\"2023-11-01T21:37:13+00:00\" \/>\n<meta name=\"twitter:card\" content=\"summary_large_image\" \/>\n<meta name=\"twitter:label1\" content=\"Dur\u00e9e de lecture estim\u00e9e\" \/>\n\t<meta name=\"twitter:data1\" content=\"2 minutes\" \/>\n<script type=\"application\/ld+json\" class=\"yoast-schema-graph\">{\"@context\":\"https:\/\/schema.org\",\"@graph\":[{\"@type\":\"WebPage\",\"@id\":\"https:\/\/microsites.diocesemontreal.org\/microsites\/missionjeunesse-mtl\/en\/home\/\",\"url\":\"https:\/\/microsites.diocesemontreal.org\/microsites\/missionjeunesse-mtl\/en\/home\/\",\"name\":\"Home - Mission Jeunesse Montr\u00e9al\",\"isPartOf\":{\"@id\":\"https:\/\/microsites.diocesemontreal.org\/microsites\/missionjeunesse-mtl\/#website\"},\"datePublished\":\"2021-12-14T19:55:51+00:00\",\"dateModified\":\"2023-11-01T21:37:13+00:00\",\"breadcrumb\":{\"@id\":\"https:\/\/microsites.diocesemontreal.org\/microsites\/missionjeunesse-mtl\/en\/home\/#breadcrumb\"},\"inLanguage\":\"fr-FR\",\"potentialAction\":[{\"@type\":\"ReadAction\",\"target\":[\"https:\/\/microsites.diocesemontreal.org\/microsites\/missionjeunesse-mtl\/en\/home\/\"]}]},{\"@type\":\"BreadcrumbList\",\"@id\":\"https:\/\/microsites.diocesemontreal.org\/microsites\/missionjeunesse-mtl\/en\/home\/#breadcrumb\",\"itemListElement\":[{\"@type\":\"ListItem\",\"position\":1,\"name\":\"Accueil\",\"item\":\"https:\/\/microsites.diocesemontreal.org\/microsites\/missionjeunesse-mtl\/\"},{\"@type\":\"ListItem\",\"position\":2,\"name\":\"Home\"}]},{\"@type\":\"WebSite\",\"@id\":\"https:\/\/microsites.diocesemontreal.org\/microsites\/missionjeunesse-mtl\/#website\",\"url\":\"https:\/\/microsites.diocesemontreal.org\/microsites\/missionjeunesse-mtl\/\",\"name\":\"Mission Jeunesse Montr\u00e9al\",\"description\":\"Vivre, aimer, servir dans la joie\",\"potentialAction\":[{\"@type\":\"SearchAction\",\"target\":{\"@type\":\"EntryPoint\",\"urlTemplate\":\"https:\/\/microsites.diocesemontreal.org\/microsites\/missionjeunesse-mtl\/?s={search_term_string}\"},\"query-input\":{\"@type\":\"PropertyValueSpecification\",\"valueRequired\":true,\"valueName\":\"search_term_string\"}}],\"inLanguage\":\"fr-FR\"}]}<\/script>\n<!-- \/ Yoast SEO plugin. -->","yoast_head_json":{"title":"Home - Mission Jeunesse Montr\u00e9al","robots":{"index":"index","follow":"follow","max-snippet":"max-snippet:-1","max-image-preview":"max-image-preview:large","max-video-preview":"max-video-preview:-1"},"canonical":"https:\/\/microsites.diocesemontreal.org\/microsites\/missionjeunesse-mtl\/en\/home\/","og_locale":"fr_FR","og_type":"article","og_title":"Home - Mission Jeunesse Montr\u00e9al","og_description":"Featured activitiesDiocesan WYD 2023 INFO SESSION (ZOOM) October 4, 2023 6:00 P.M.WYD\u00a0 Montr\u00e9al 18\u201326 NOV 2023NewsSign up to our newsletter","og_url":"https:\/\/microsites.diocesemontreal.org\/microsites\/missionjeunesse-mtl\/en\/home\/","og_site_name":"Mission Jeunesse Montr\u00e9al","article_modified_time":"2023-11-01T21:37:13+00:00","twitter_card":"summary_large_image","twitter_misc":{"Dur\u00e9e de lecture estim\u00e9e":"2 minutes"},"schema":{"@context":"https:\/\/schema.org","@graph":[{"@type":"WebPage","@id":"https:\/\/microsites.diocesemontreal.org\/microsites\/missionjeunesse-mtl\/en\/home\/","url":"https:\/\/microsites.diocesemontreal.org\/microsites\/missionjeunesse-mtl\/en\/home\/","name":"Home - Mission Jeunesse Montr\u00e9al","isPartOf":{"@id":"https:\/\/microsites.diocesemontreal.org\/microsites\/missionjeunesse-mtl\/#website"},"datePublished":"2021-12-14T19:55:51+00:00","dateModified":"2023-11-01T21:37:13+00:00","breadcrumb":{"@id":"https:\/\/microsites.diocesemontreal.org\/microsites\/missionjeunesse-mtl\/en\/home\/#breadcrumb"},"inLanguage":"fr-FR","potentialAction":[{"@type":"ReadAction","target":["https:\/\/microsites.diocesemontreal.org\/microsites\/missionjeunesse-mtl\/en\/home\/"]}]},{"@type":"BreadcrumbList","@id":"https:\/\/microsites.diocesemontreal.org\/microsites\/missionjeunesse-mtl\/en\/home\/#breadcrumb","itemListElement":[{"@type":"ListItem","position":1,"name":"Accueil","item":"https:\/\/microsites.diocesemontreal.org\/microsites\/missionjeunesse-mtl\/"},{"@type":"ListItem","position":2,"name":"Home"}]},{"@type":"WebSite","@id":"https:\/\/microsites.diocesemontreal.org\/microsites\/missionjeunesse-mtl\/#website","url":"https:\/\/microsites.diocesemontreal.org\/microsites\/missionjeunesse-mtl\/","name":"Mission Jeunesse Montr\u00e9al","description":"Vivre, aimer, servir dans la joie","potentialAction":[{"@type":"SearchAction","target":{"@type":"EntryPoint","urlTemplate":"https:\/\/microsites.diocesemontreal.org\/microsites\/missionjeunesse-mtl\/?s={search_term_string}"},"query-input":{"@type":"PropertyValueSpecification","valueRequired":true,"valueName":"search_term_string"}}],"inLanguage":"fr-FR"}]}},"_links":{"self":[{"href":"https:\/\/microsites.diocesemontreal.org\/microsites\/missionjeunesse-mtl\/wp-json\/wp\/v2\/pages\/46834","targetHints":{"allow":["GET"]}}],"collection":[{"href":"https:\/\/microsites.diocesemontreal.org\/microsites\/missionjeunesse-mtl\/wp-json\/wp\/v2\/pages"}],"about":[{"href":"https:\/\/microsites.diocesemontreal.org\/microsites\/missionjeunesse-mtl\/wp-json\/wp\/v2\/types\/page"}],"author":[{"embeddable":true,"href":"https:\/\/microsites.diocesemontreal.org\/microsites\/missionjeunesse-mtl\/wp-json\/wp\/v2\/users\/9"}],"replies":[{"embeddable":true,"href":"https:\/\/microsites.diocesemontreal.org\/microsites\/missionjeunesse-mtl\/wp-json\/wp\/v2\/comments?post=46834"}],"version-history":[{"count":56,"href":"https:\/\/microsites.diocesemontreal.org\/microsites\/missionjeunesse-mtl\/wp-json\/wp\/v2\/pages\/46834\/revisions"}],"predecessor-version":[{"id":50893,"href":"https:\/\/microsites.diocesemontreal.org\/microsites\/missionjeunesse-mtl\/wp-json\/wp\/v2\/pages\/46834\/revisions\/50893"}],"wp:attachment":[{"href":"https:\/\/microsites.diocesemontreal.org\/microsites\/missionjeunesse-mtl\/wp-json\/wp\/v2\/media?parent=46834"}],"curies":[{"name":"wp","href":"https:\/\/api.w.org\/{rel}","templated":true}]}}