{"id":49626,"date":"2022-10-13T16:38:20","date_gmt":"2022-10-13T20:38:20","guid":{"rendered":"https:\/\/microsites.diocesemontreal.org\/microsites\/missionjeunesse-mtl\/?page_id=49626"},"modified":"2023-02-07T10:25:13","modified_gmt":"2023-02-07T15:25:13","slug":"le-leadership-et-lart-de-la-delegation","status":"publish","type":"page","link":"https:\/\/microsites.diocesemontreal.org\/microsites\/missionjeunesse-mtl\/naviguer\/le-leadership-et-lart-de-la-delegation\/","title":{"rendered":"Le leadership et l&#8217;art de la d\u00e9l\u00e9gation"},"content":{"rendered":"<p>[et_pb_section fb_built=&#8221;1&#8243; _builder_version=&#8221;4.18.0&#8243; _module_preset=&#8221;137b3a87-c123-46d5-ac78-4065473ca227&#8243; background_color=&#8221;#c69a19&#8243; use_background_color_gradient=&#8221;on&#8221; background_color_gradient_stops=&#8221;rgba(0,0,0,0) 70%|rgba(17,47,49,0.15) 100%&#8221; background_color_gradient_start=&#8221;rgba(0,0,0,0)&#8221; background_color_gradient_start_position=&#8221;70%&#8221; background_color_gradient_end=&#8221;rgba(17,47,49,0.15)&#8221; global_colors_info=&#8221;{}&#8221;][et_pb_row _builder_version=&#8221;4.18.0&#8243; _module_preset=&#8221;default&#8221; global_colors_info=&#8221;{}&#8221;][et_pb_column type=&#8221;4_4&#8243; _builder_version=&#8221;4.16&#8243; _module_preset=&#8221;default&#8221; global_colors_info=&#8221;{}&#8221;][et_pb_text _builder_version=&#8221;4.18.0&#8243; _module_preset=&#8221;5a53814f-5918-4064-a5cf-2eafb826e948&#8243; header_text_color=&#8221;#255789&#8243; header_font_size=&#8221;5rem&#8221; position_origin_a=&#8221;center_right&#8221; position_origin_a_tablet=&#8221;center_right&#8221; position_origin_a_phone=&#8221;center_right&#8221; position_origin_a_last_edited=&#8221;on|phone&#8221; position_origin_f_tablet=&#8221;&#8221; position_origin_f_phone=&#8221;&#8221; position_origin_f_last_edited=&#8221;on|phone&#8221; position_origin_r_tablet=&#8221;&#8221; position_origin_r_phone=&#8221;&#8221; position_origin_r_last_edited=&#8221;on|phone&#8221; width=&#8221;100%&#8221; module_alignment=&#8221;left&#8221; mix_blend_mode=&#8221;difference&#8221; header_font_size_tablet=&#8221;6.6rem&#8221; header_font_size_phone=&#8221;4.2rem&#8221; header_font_size_last_edited=&#8221;on|phone&#8221; positioning_tablet=&#8221;&#8221; positioning_phone=&#8221;relative&#8221; positioning_last_edited=&#8221;on|phone&#8221; locked=&#8221;off&#8221; global_colors_info=&#8221;{}&#8221;]<\/p>\n<h1>Le leadership et l&#8217;art de la d\u00e9l\u00e9gation<\/h1>\n<p>[\/et_pb_text][et_pb_image _builder_version=&#8221;4.18.0&#8243; _module_preset=&#8221;default&#8221; global_colors_info=&#8221;{}&#8221;][\/et_pb_image][\/et_pb_column][\/et_pb_row][\/et_pb_section][et_pb_section fb_built=&#8221;1&#8243; _builder_version=&#8221;4.18.0&#8243; _module_preset=&#8221;default&#8221; background_color=&#8221;#255789&#8243; background_enable_image=&#8221;off&#8221; parallax=&#8221;on&#8221; z_index=&#8221;999&#8243; locked=&#8221;off&#8221; global_colors_info=&#8221;{}&#8221;][et_pb_row column_structure=&#8221;1_3,2_3&#8243; _builder_version=&#8221;4.16&#8243; _module_preset=&#8221;default&#8221; custom_padding=&#8221;||0px||false|false&#8221; global_colors_info=&#8221;{}&#8221;][et_pb_column type=&#8221;1_3&#8243; _builder_version=&#8221;4.16&#8243; _module_preset=&#8221;default&#8221; custom_padding=&#8221;|30px|||false|false&#8221; global_colors_info=&#8221;{}&#8221;][et_pb_text _builder_version=&#8221;4.18.0&#8243; _module_preset=&#8221;13f3cb56-62b0-456f-8ea9-91fa17a9f6d0&#8243; text_text_color=&#8221;#f8f8f1&#8243; header_3_text_color=&#8221;#f8f8f1&#8243; header_5_text_color=&#8221;#f8f8f1&#8243; custom_margin=&#8221;||2rem||false|false&#8221; hover_enabled=&#8221;0&#8243; global_colors_info=&#8221;{}&#8221; sticky_enabled=&#8221;0&#8243;]<\/p>\n<p>DATE ET HEURE<\/p>\n<h3>1 MARS<br \/>18h00 &#8211; 20h00<\/h3>\n<p>[\/et_pb_text][et_pb_text _builder_version=&#8221;4.18.0&#8243; _module_preset=&#8221;13f3cb56-62b0-456f-8ea9-91fa17a9f6d0&#8243; text_text_color=&#8221;#f8f8f1&#8243; header_3_text_color=&#8221;#f8f8f1&#8243; custom_margin=&#8221;||2rem||false|false&#8221; global_colors_info=&#8221;{}&#8221;]<\/p>\n<p>LIEU<\/p>\n<h3>VIA ZOOM<\/h3>\n<p>[\/et_pb_text][et_pb_text _builder_version=&#8221;4.18.0&#8243; _module_preset=&#8221;13f3cb56-62b0-456f-8ea9-91fa17a9f6d0&#8243; text_text_color=&#8221;#f8f8f1&#8243; header_3_text_color=&#8221;#f8f8f1&#8243; custom_margin=&#8221;||2rem||false|false&#8221; global_colors_info=&#8221;{}&#8221;]<\/p>\n<p>LANGUE D&#8217;ANIMATION<\/p>\n<h3>Fran\u00e7ais<\/h3>\n<p>[\/et_pb_text][et_pb_text _builder_version=&#8221;4.18.0&#8243; _module_preset=&#8221;70ef4d10-a3c9-457e-9e8e-8b1b024ff468&#8243; text_text_color=&#8221;#f8f8f1&#8243; header_3_text_color=&#8221;#f8f8f1&#8243; custom_margin=&#8221;||2rem||false|false&#8221; global_colors_info=&#8221;{}&#8221;]<\/p>\n<p>CO\u00dbT<\/p>\n<h3>Contribution libre<\/h3>\n<p>[\/et_pb_text][\/et_pb_column][et_pb_column type=&#8221;2_3&#8243; _builder_version=&#8221;4.16&#8243; _module_preset=&#8221;default&#8221; custom_padding=&#8221;|||60px|false|false&#8221; border_width_left=&#8221;1px&#8221; border_color_left=&#8221;rgba(17,47,49,0.3)&#8221; global_colors_info=&#8221;{}&#8221;][et_pb_text _builder_version=&#8221;4.18.0&#8243; _module_preset=&#8221;70ef4d10-a3c9-457e-9e8e-8b1b024ff468&#8243; text_text_color=&#8221;#f8f8f1&#8243; header_3_text_color=&#8221;#f8f8f1&#8243; global_colors_info=&#8221;{}&#8221;]<\/p>\n<div class=\"ewa-rteLine\">\n<div class=\"ewa-rteLine\">\n<div class=\"ewa-rteLine\">\n<div class=\"ewa-rteLine\">\n<div class=\"ewa-rteLine\">Construire sur le potentiel de l&#8217;aide des autres!<\/div>\n<div class=\"ewa-rteLine\">Il n&#8217;y a qu&#8217;une quantit\u00e9 limit\u00e9e de travail que vous pouvez accomplir par vous-m\u00eame, malgr\u00e9 le nombre d\u2019heures que vous y consacrez.<\/div>\n<div class=\"ewa-rteLine\">Si vous \u00eates bon dans votre travail, les gens voudront beaucoup plus de votre part. Cela peut conduire \u00e0 un sentiment de pression et de surcharge de travail: vous ne pouvez pas faire ce que tout le monde veut, et cela peut vous stresser, vous rendre malheureux et vous donner l&#8217;impression de d\u00e9cevoir les autres.<\/div>\n<div class=\"ewa-rteLine\">Apprendre \u00e0 d\u00e9l\u00e9guer votre travail \u00e0 d&#8217;autres vous permettra de b\u00e2tir rapidement une \u00e9quipe unie et efficace. Ensemble, vous serez en mesure d&#8217;offrir et d&#8217;accomplir plus.<\/div>\n<div class=\"ewa-rteLine\">D\u00e9couvrez le qui, le comment et le quand de la d\u00e9l\u00e9gation ainsi que les comp\u00e9tences n\u00e9cessaire pour exercer un leadership partag\u00e9.<\/div>\n<div class=\"ewa-rteLine\">\u00a0<\/div>\n<h3 class=\"ewa-rteLine\">Nous couvrirons les sujets suivants :<\/h3>\n<ul>\n<li class=\"ewa-rteLine\">Quand d\u00e9l\u00e9guer?<\/li>\n<li class=\"ewa-rteLine\">\u00c0 qui devriez-vous d\u00e9l\u00e9guer?<\/li>\n<li class=\"ewa-rteLine\">Comment d\u00e9l\u00e9guer?<\/li>\n<li class=\"ewa-rteLine\">Comment rester au courant des t\u00e2ches d\u00e9l\u00e9gu\u00e9es?<\/li>\n<li class=\"ewa-rteLine\">Les meilleures pratiques?<\/li>\n<li class=\"ewa-rteLine\">Quoi \u00e9viter?<\/li>\n<li class=\"ewa-rteLine\">Quels sont les freins qui peuvent nous pousser \u00e0 ne pas d\u00e9l\u00e9guer?<\/li>\n<\/ul>\n<\/div>\n<\/div>\n<\/div>\n<\/div>\n<p>[\/et_pb_text][et_pb_button button_text=&#8221;Pour s&#8217;inscrire&#8221; module_id=&#8221;#inscription&#8221; _builder_version=&#8221;4.18.0&#8243; _module_preset=&#8221;default&#8221; global_colors_info=&#8221;{}&#8221;][\/et_pb_button][\/et_pb_column][\/et_pb_row][\/et_pb_section][et_pb_section fb_built=&#8221;1&#8243; _builder_version=&#8221;4.18.0&#8243; _module_preset=&#8221;default&#8221; background_color=&#8221;#e16554&#8243; background_enable_image=&#8221;off&#8221; locked=&#8221;off&#8221; global_colors_info=&#8221;{}&#8221;][et_pb_row _builder_version=&#8221;4.16&#8243; _module_preset=&#8221;default&#8221; custom_margin=&#8221;||1rem||false|false&#8221; custom_padding=&#8221;||0px||false|false&#8221; global_colors_info=&#8221;{}&#8221;][et_pb_column type=&#8221;4_4&#8243; _builder_version=&#8221;4.16&#8243; _module_preset=&#8221;default&#8221; global_colors_info=&#8221;{}&#8221;][et_pb_text _builder_version=&#8221;4.18.0&#8243; _module_preset=&#8221;default&#8221; header_text_color=&#8221;#255789&#8243; header_2_text_color=&#8221;#F4E2D2&#8243; custom_margin=&#8221;||1rem||false|false&#8221; global_colors_info=&#8221;{}&#8221;]<\/p>\n<h1>Inscriptions<\/h1>\n<p>[\/et_pb_text][\/et_pb_column][\/et_pb_row][et_pb_row column_structure=&#8221;2_5,3_5&#8243; module_id=&#8221;inscription&#8221; _builder_version=&#8221;4.18.0&#8243; _module_preset=&#8221;default&#8221; background_color=&#8221;#f8f8f1&#8243; custom_margin=&#8221;||0rem||false|false&#8221; custom_padding=&#8221;|15px||15px|false|false&#8221; global_colors_info=&#8221;{}&#8221;][et_pb_column type=&#8221;2_5&#8243; _builder_version=&#8221;4.16&#8243; _module_preset=&#8221;default&#8221; global_colors_info=&#8221;{}&#8221;][et_pb_text _builder_version=&#8221;4.18.0&#8243; _module_preset=&#8221;default&#8221; header_6_font=&#8221;Inter|300||on|||||&#8221; global_colors_info=&#8221;{}&#8221;]<\/p>\n<h6><strong>S\u2019inscrire<\/strong><br \/>TOUTE COMMUNICATION CONCERNANT VOTRE INSCRIPTION SERA FAITE VIA LE COURRIEL FOURNI LORS DE VOTRE INSCRIPTION:<br \/>\u2013 LIEN \u00c0 LA SALLE ZOOM POUR LA RENCONTRE VIRTUELLE OU LIEUX DE LA RENCONTRE EN PR\u00c9SENTIEL<br \/>\u2013 CONSIGNES<br \/>\u2013 ETC.<\/h6>\n<h6>POUR VOUS ASSURER DE BIEN RECEVOIR CES INFORMATIONS, MERCI DE SAUVEGARDER MISSIONJEUNESSE@DIOCESEMONTREAL.ORG DANS VOS CONTACTS COMME ADRESSE COURRIEL RECONNU.<\/h6>\n<h6>SI VOUS NE TROUVEZ AUCUN COURRIEL DE NOTRE PART. VEUILLEZ V\u00c9RIFIER VOS BO\u00ceTES DE SPAM \/ JUNK COURRIELS \/ COURRIELS NON-D\u00c9SIR\u00c9S \/ PUBLICIT\u00c9 CAR IL SE PEUT QUE VOUS AYEZ DES FILTRES.<\/h6>\n<h6>N\u2019H\u00c9SITEZ PAS DE NOUS ENVOYER UN COURRIEL SI VOUS NE TROUVEZ TOUJOURS PAS NOS COURRIELS.<\/h6>\n<p>[\/et_pb_text][\/et_pb_column][et_pb_column type=&#8221;3_5&#8243; _builder_version=&#8221;4.16&#8243; _module_preset=&#8221;default&#8221; global_colors_info=&#8221;{}&#8221;][et_pb_text _builder_version=&#8221;4.18.0&#8243; _module_preset=&#8221;default&#8221; global_colors_info=&#8221;{}&#8221;]<\/p>\n\n<p>[\/et_pb_text][\/et_pb_column][\/et_pb_row][\/et_pb_section]<\/p>\n","protected":false},"excerpt":{"rendered":"<p>Le leadership et l&#8217;art de la d\u00e9l\u00e9gationDATE ET HEURE 1 MARS18h00 &#8211; 20h00LIEU VIA ZOOMLANGUE D&#8217;ANIMATION Fran\u00e7aisCO\u00dbT Contribution libre Construire sur le potentiel de l&#8217;aide des autres! Il n&#8217;y a qu&#8217;une quantit\u00e9 limit\u00e9e de travail que vous pouvez accomplir par vous-m\u00eame, malgr\u00e9 le nombre d\u2019heures que vous y consacrez. Si vous \u00eates bon dans votre [&hellip;]<\/p>\n","protected":false},"author":6,"featured_media":49546,"parent":49538,"menu_order":0,"comment_status":"closed","ping_status":"closed","template":"","meta":{"_et_pb_use_builder":"on","_et_pb_old_content":"","_et_gb_content_width":"","_monsterinsights_skip_tracking":false,"_monsterinsights_sitenote_active":false,"_monsterinsights_sitenote_note":"","_monsterinsights_sitenote_category":0,"footnotes":""},"class_list":["post-49626","page","type-page","status-publish","has-post-thumbnail","hentry"],"yoast_head":"<!-- This site is optimized with the Yoast SEO plugin v26.4 - https:\/\/yoast.com\/wordpress\/plugins\/seo\/ -->\n<title>Le leadership et l&#039;art de la d\u00e9l\u00e9gation - Mission Jeunesse Montr\u00e9al<\/title>\n<meta name=\"robots\" content=\"index, follow, max-snippet:-1, max-image-preview:large, max-video-preview:-1\" \/>\n<link rel=\"canonical\" href=\"https:\/\/microsites.diocesemontreal.org\/microsites\/missionjeunesse-mtl\/naviguer\/le-leadership-et-lart-de-la-delegation\/\" \/>\n<meta property=\"og:locale\" content=\"fr_FR\" \/>\n<meta property=\"og:type\" content=\"article\" \/>\n<meta property=\"og:title\" content=\"Le leadership et l&#039;art de la d\u00e9l\u00e9gation - Mission Jeunesse Montr\u00e9al\" \/>\n<meta property=\"og:description\" content=\"Le leadership et l&#039;art de la d\u00e9l\u00e9gationDATE ET HEURE 1 MARS18h00 - 20h00LIEU VIA ZOOMLANGUE D&#039;ANIMATION Fran\u00e7aisCO\u00dbT Contribution libre Construire sur le potentiel de l&#039;aide des autres! Il n&#039;y a qu&#039;une quantit\u00e9 limit\u00e9e de travail que vous pouvez accomplir par vous-m\u00eame, malgr\u00e9 le nombre d\u2019heures que vous y consacrez. Si vous \u00eates bon dans votre [&hellip;]\" \/>\n<meta property=\"og:url\" content=\"https:\/\/microsites.diocesemontreal.org\/microsites\/missionjeunesse-mtl\/naviguer\/le-leadership-et-lart-de-la-delegation\/\" \/>\n<meta property=\"og:site_name\" content=\"Mission Jeunesse Montr\u00e9al\" \/>\n<meta property=\"article:modified_time\" content=\"2023-02-07T15:25:13+00:00\" \/>\n<meta property=\"og:image\" content=\"https:\/\/microsites.diocesemontreal.org\/microsites\/missionjeunesse-mtl\/wp-content\/uploads\/sites\/39\/2022\/10\/FR-Banner-3.png\" \/>\n\t<meta property=\"og:image:width\" content=\"634\" \/>\n\t<meta property=\"og:image:height\" content=\"356\" \/>\n\t<meta property=\"og:image:type\" content=\"image\/png\" \/>\n<meta name=\"twitter:card\" content=\"summary_large_image\" \/>\n<meta name=\"twitter:label1\" content=\"Dur\u00e9e de lecture estim\u00e9e\" \/>\n\t<meta name=\"twitter:data1\" content=\"3 minutes\" \/>\n<script type=\"application\/ld+json\" class=\"yoast-schema-graph\">{\"@context\":\"https:\/\/schema.org\",\"@graph\":[{\"@type\":\"WebPage\",\"@id\":\"https:\/\/microsites.diocesemontreal.org\/microsites\/missionjeunesse-mtl\/naviguer\/le-leadership-et-lart-de-la-delegation\/\",\"url\":\"https:\/\/microsites.diocesemontreal.org\/microsites\/missionjeunesse-mtl\/naviguer\/le-leadership-et-lart-de-la-delegation\/\",\"name\":\"Le leadership et l'art de la d\u00e9l\u00e9gation - Mission Jeunesse Montr\u00e9al\",\"isPartOf\":{\"@id\":\"https:\/\/microsites.diocesemontreal.org\/microsites\/missionjeunesse-mtl\/#website\"},\"primaryImageOfPage\":{\"@id\":\"https:\/\/microsites.diocesemontreal.org\/microsites\/missionjeunesse-mtl\/naviguer\/le-leadership-et-lart-de-la-delegation\/#primaryimage\"},\"image\":{\"@id\":\"https:\/\/microsites.diocesemontreal.org\/microsites\/missionjeunesse-mtl\/naviguer\/le-leadership-et-lart-de-la-delegation\/#primaryimage\"},\"thumbnailUrl\":\"https:\/\/microsites.diocesemontreal.org\/microsites\/missionjeunesse-mtl\/wp-content\/uploads\/sites\/39\/2022\/10\/FR-Banner-3.png\",\"datePublished\":\"2022-10-13T20:38:20+00:00\",\"dateModified\":\"2023-02-07T15:25:13+00:00\",\"breadcrumb\":{\"@id\":\"https:\/\/microsites.diocesemontreal.org\/microsites\/missionjeunesse-mtl\/naviguer\/le-leadership-et-lart-de-la-delegation\/#breadcrumb\"},\"inLanguage\":\"fr-FR\",\"potentialAction\":[{\"@type\":\"ReadAction\",\"target\":[\"https:\/\/microsites.diocesemontreal.org\/microsites\/missionjeunesse-mtl\/naviguer\/le-leadership-et-lart-de-la-delegation\/\"]}]},{\"@type\":\"ImageObject\",\"inLanguage\":\"fr-FR\",\"@id\":\"https:\/\/microsites.diocesemontreal.org\/microsites\/missionjeunesse-mtl\/naviguer\/le-leadership-et-lart-de-la-delegation\/#primaryimage\",\"url\":\"https:\/\/microsites.diocesemontreal.org\/microsites\/missionjeunesse-mtl\/wp-content\/uploads\/sites\/39\/2022\/10\/FR-Banner-3.png\",\"contentUrl\":\"https:\/\/microsites.diocesemontreal.org\/microsites\/missionjeunesse-mtl\/wp-content\/uploads\/sites\/39\/2022\/10\/FR-Banner-3.png\",\"width\":634,\"height\":356},{\"@type\":\"BreadcrumbList\",\"@id\":\"https:\/\/microsites.diocesemontreal.org\/microsites\/missionjeunesse-mtl\/naviguer\/le-leadership-et-lart-de-la-delegation\/#breadcrumb\",\"itemListElement\":[{\"@type\":\"ListItem\",\"position\":1,\"name\":\"Accueil\",\"item\":\"https:\/\/microsites.diocesemontreal.org\/microsites\/missionjeunesse-mtl\/\"},{\"@type\":\"ListItem\",\"position\":2,\"name\":\"Naviguer\",\"item\":\"https:\/\/microsites.diocesemontreal.org\/microsites\/missionjeunesse-mtl\/naviguer\/\"},{\"@type\":\"ListItem\",\"position\":3,\"name\":\"Le leadership et l&#8217;art de la d\u00e9l\u00e9gation\"}]},{\"@type\":\"WebSite\",\"@id\":\"https:\/\/microsites.diocesemontreal.org\/microsites\/missionjeunesse-mtl\/#website\",\"url\":\"https:\/\/microsites.diocesemontreal.org\/microsites\/missionjeunesse-mtl\/\",\"name\":\"Mission Jeunesse Montr\u00e9al\",\"description\":\"Vivre, aimer, servir dans la joie\",\"potentialAction\":[{\"@type\":\"SearchAction\",\"target\":{\"@type\":\"EntryPoint\",\"urlTemplate\":\"https:\/\/microsites.diocesemontreal.org\/microsites\/missionjeunesse-mtl\/?s={search_term_string}\"},\"query-input\":{\"@type\":\"PropertyValueSpecification\",\"valueRequired\":true,\"valueName\":\"search_term_string\"}}],\"inLanguage\":\"fr-FR\"}]}<\/script>\n<!-- \/ Yoast SEO plugin. -->","yoast_head_json":{"title":"Le leadership et l'art de la d\u00e9l\u00e9gation - Mission Jeunesse Montr\u00e9al","robots":{"index":"index","follow":"follow","max-snippet":"max-snippet:-1","max-image-preview":"max-image-preview:large","max-video-preview":"max-video-preview:-1"},"canonical":"https:\/\/microsites.diocesemontreal.org\/microsites\/missionjeunesse-mtl\/naviguer\/le-leadership-et-lart-de-la-delegation\/","og_locale":"fr_FR","og_type":"article","og_title":"Le leadership et l'art de la d\u00e9l\u00e9gation - Mission Jeunesse Montr\u00e9al","og_description":"Le leadership et l'art de la d\u00e9l\u00e9gationDATE ET HEURE 1 MARS18h00 - 20h00LIEU VIA ZOOMLANGUE D'ANIMATION Fran\u00e7aisCO\u00dbT Contribution libre Construire sur le potentiel de l'aide des autres! Il n'y a qu'une quantit\u00e9 limit\u00e9e de travail que vous pouvez accomplir par vous-m\u00eame, malgr\u00e9 le nombre d\u2019heures que vous y consacrez. Si vous \u00eates bon dans votre [&hellip;]","og_url":"https:\/\/microsites.diocesemontreal.org\/microsites\/missionjeunesse-mtl\/naviguer\/le-leadership-et-lart-de-la-delegation\/","og_site_name":"Mission Jeunesse Montr\u00e9al","article_modified_time":"2023-02-07T15:25:13+00:00","og_image":[{"width":634,"height":356,"url":"https:\/\/microsites.diocesemontreal.org\/microsites\/missionjeunesse-mtl\/wp-content\/uploads\/sites\/39\/2022\/10\/FR-Banner-3.png","type":"image\/png"}],"twitter_card":"summary_large_image","twitter_misc":{"Dur\u00e9e de lecture estim\u00e9e":"3 minutes"},"schema":{"@context":"https:\/\/schema.org","@graph":[{"@type":"WebPage","@id":"https:\/\/microsites.diocesemontreal.org\/microsites\/missionjeunesse-mtl\/naviguer\/le-leadership-et-lart-de-la-delegation\/","url":"https:\/\/microsites.diocesemontreal.org\/microsites\/missionjeunesse-mtl\/naviguer\/le-leadership-et-lart-de-la-delegation\/","name":"Le leadership et l'art de la d\u00e9l\u00e9gation - Mission Jeunesse Montr\u00e9al","isPartOf":{"@id":"https:\/\/microsites.diocesemontreal.org\/microsites\/missionjeunesse-mtl\/#website"},"primaryImageOfPage":{"@id":"https:\/\/microsites.diocesemontreal.org\/microsites\/missionjeunesse-mtl\/naviguer\/le-leadership-et-lart-de-la-delegation\/#primaryimage"},"image":{"@id":"https:\/\/microsites.diocesemontreal.org\/microsites\/missionjeunesse-mtl\/naviguer\/le-leadership-et-lart-de-la-delegation\/#primaryimage"},"thumbnailUrl":"https:\/\/microsites.diocesemontreal.org\/microsites\/missionjeunesse-mtl\/wp-content\/uploads\/sites\/39\/2022\/10\/FR-Banner-3.png","datePublished":"2022-10-13T20:38:20+00:00","dateModified":"2023-02-07T15:25:13+00:00","breadcrumb":{"@id":"https:\/\/microsites.diocesemontreal.org\/microsites\/missionjeunesse-mtl\/naviguer\/le-leadership-et-lart-de-la-delegation\/#breadcrumb"},"inLanguage":"fr-FR","potentialAction":[{"@type":"ReadAction","target":["https:\/\/microsites.diocesemontreal.org\/microsites\/missionjeunesse-mtl\/naviguer\/le-leadership-et-lart-de-la-delegation\/"]}]},{"@type":"ImageObject","inLanguage":"fr-FR","@id":"https:\/\/microsites.diocesemontreal.org\/microsites\/missionjeunesse-mtl\/naviguer\/le-leadership-et-lart-de-la-delegation\/#primaryimage","url":"https:\/\/microsites.diocesemontreal.org\/microsites\/missionjeunesse-mtl\/wp-content\/uploads\/sites\/39\/2022\/10\/FR-Banner-3.png","contentUrl":"https:\/\/microsites.diocesemontreal.org\/microsites\/missionjeunesse-mtl\/wp-content\/uploads\/sites\/39\/2022\/10\/FR-Banner-3.png","width":634,"height":356},{"@type":"BreadcrumbList","@id":"https:\/\/microsites.diocesemontreal.org\/microsites\/missionjeunesse-mtl\/naviguer\/le-leadership-et-lart-de-la-delegation\/#breadcrumb","itemListElement":[{"@type":"ListItem","position":1,"name":"Accueil","item":"https:\/\/microsites.diocesemontreal.org\/microsites\/missionjeunesse-mtl\/"},{"@type":"ListItem","position":2,"name":"Naviguer","item":"https:\/\/microsites.diocesemontreal.org\/microsites\/missionjeunesse-mtl\/naviguer\/"},{"@type":"ListItem","position":3,"name":"Le leadership et l&#8217;art de la d\u00e9l\u00e9gation"}]},{"@type":"WebSite","@id":"https:\/\/microsites.diocesemontreal.org\/microsites\/missionjeunesse-mtl\/#website","url":"https:\/\/microsites.diocesemontreal.org\/microsites\/missionjeunesse-mtl\/","name":"Mission Jeunesse Montr\u00e9al","description":"Vivre, aimer, servir dans la joie","potentialAction":[{"@type":"SearchAction","target":{"@type":"EntryPoint","urlTemplate":"https:\/\/microsites.diocesemontreal.org\/microsites\/missionjeunesse-mtl\/?s={search_term_string}"},"query-input":{"@type":"PropertyValueSpecification","valueRequired":true,"valueName":"search_term_string"}}],"inLanguage":"fr-FR"}]}},"_links":{"self":[{"href":"https:\/\/microsites.diocesemontreal.org\/microsites\/missionjeunesse-mtl\/wp-json\/wp\/v2\/pages\/49626","targetHints":{"allow":["GET"]}}],"collection":[{"href":"https:\/\/microsites.diocesemontreal.org\/microsites\/missionjeunesse-mtl\/wp-json\/wp\/v2\/pages"}],"about":[{"href":"https:\/\/microsites.diocesemontreal.org\/microsites\/missionjeunesse-mtl\/wp-json\/wp\/v2\/types\/page"}],"author":[{"embeddable":true,"href":"https:\/\/microsites.diocesemontreal.org\/microsites\/missionjeunesse-mtl\/wp-json\/wp\/v2\/users\/6"}],"replies":[{"embeddable":true,"href":"https:\/\/microsites.diocesemontreal.org\/microsites\/missionjeunesse-mtl\/wp-json\/wp\/v2\/comments?post=49626"}],"version-history":[{"count":4,"href":"https:\/\/microsites.diocesemontreal.org\/microsites\/missionjeunesse-mtl\/wp-json\/wp\/v2\/pages\/49626\/revisions"}],"predecessor-version":[{"id":50259,"href":"https:\/\/microsites.diocesemontreal.org\/microsites\/missionjeunesse-mtl\/wp-json\/wp\/v2\/pages\/49626\/revisions\/50259"}],"up":[{"embeddable":true,"href":"https:\/\/microsites.diocesemontreal.org\/microsites\/missionjeunesse-mtl\/wp-json\/wp\/v2\/pages\/49538"}],"wp:featuredmedia":[{"embeddable":true,"href":"https:\/\/microsites.diocesemontreal.org\/microsites\/missionjeunesse-mtl\/wp-json\/wp\/v2\/media\/49546"}],"wp:attachment":[{"href":"https:\/\/microsites.diocesemontreal.org\/microsites\/missionjeunesse-mtl\/wp-json\/wp\/v2\/media?parent=49626"}],"curies":[{"name":"wp","href":"https:\/\/api.w.org\/{rel}","templated":true}]}}