{"id":49638,"date":"2022-10-13T16:46:15","date_gmt":"2022-10-13T20:46:15","guid":{"rendered":"https:\/\/microsites.diocesemontreal.org\/microsites\/missionjeunesse-mtl\/?page_id=49638"},"modified":"2022-10-13T18:08:23","modified_gmt":"2022-10-13T22:08:23","slug":"gestion-des-emotions","status":"publish","type":"page","link":"https:\/\/microsites.diocesemontreal.org\/microsites\/missionjeunesse-mtl\/naviguer\/gestion-des-emotions\/","title":{"rendered":"Gestion des \u00e9motions"},"content":{"rendered":"<p>[et_pb_section fb_built=&#8221;1&#8243; _builder_version=&#8221;4.18.0&#8243; _module_preset=&#8221;137b3a87-c123-46d5-ac78-4065473ca227&#8243; background_color=&#8221;#c69a19&#8243; use_background_color_gradient=&#8221;on&#8221; background_color_gradient_stops=&#8221;rgba(0,0,0,0) 70%|rgba(17,47,49,0.15) 100%&#8221; background_color_gradient_start=&#8221;rgba(0,0,0,0)&#8221; background_color_gradient_start_position=&#8221;70%&#8221; background_color_gradient_end=&#8221;rgba(17,47,49,0.15)&#8221; global_colors_info=&#8221;{}&#8221;][et_pb_row _builder_version=&#8221;4.18.0&#8243; _module_preset=&#8221;default&#8221; global_colors_info=&#8221;{}&#8221;][et_pb_column type=&#8221;4_4&#8243; _builder_version=&#8221;4.16&#8243; _module_preset=&#8221;default&#8221; global_colors_info=&#8221;{}&#8221;][et_pb_text _builder_version=&#8221;4.18.0&#8243; _module_preset=&#8221;5a53814f-5918-4064-a5cf-2eafb826e948&#8243; header_text_color=&#8221;#255789&#8243; header_font_size=&#8221;5rem&#8221; position_origin_a=&#8221;center_right&#8221; position_origin_a_tablet=&#8221;center_right&#8221; position_origin_a_phone=&#8221;center_right&#8221; position_origin_a_last_edited=&#8221;on|phone&#8221; position_origin_f_tablet=&#8221;&#8221; position_origin_f_phone=&#8221;&#8221; position_origin_f_last_edited=&#8221;on|phone&#8221; position_origin_r_tablet=&#8221;&#8221; position_origin_r_phone=&#8221;&#8221; position_origin_r_last_edited=&#8221;on|phone&#8221; width=&#8221;100%&#8221; module_alignment=&#8221;left&#8221; mix_blend_mode=&#8221;difference&#8221; header_font_size_tablet=&#8221;6.6rem&#8221; header_font_size_phone=&#8221;4.2rem&#8221; header_font_size_last_edited=&#8221;on|phone&#8221; positioning_tablet=&#8221;&#8221; positioning_phone=&#8221;relative&#8221; positioning_last_edited=&#8221;on|phone&#8221; locked=&#8221;off&#8221; global_colors_info=&#8221;{}&#8221;]<\/p>\n<h1>Gestion des \u00e9motions<\/h1>\n<p>[\/et_pb_text][et_pb_image _builder_version=&#8221;4.18.0&#8243; _module_preset=&#8221;default&#8221; global_colors_info=&#8221;{}&#8221;][\/et_pb_image][\/et_pb_column][\/et_pb_row][\/et_pb_section][et_pb_section fb_built=&#8221;1&#8243; _builder_version=&#8221;4.18.0&#8243; _module_preset=&#8221;default&#8221; background_color=&#8221;#255789&#8243; background_enable_image=&#8221;off&#8221; parallax=&#8221;on&#8221; z_index=&#8221;999&#8243; locked=&#8221;off&#8221; global_colors_info=&#8221;{}&#8221;][et_pb_row column_structure=&#8221;1_3,2_3&#8243; _builder_version=&#8221;4.16&#8243; _module_preset=&#8221;default&#8221; custom_padding=&#8221;||0px||false|false&#8221; global_colors_info=&#8221;{}&#8221;][et_pb_column type=&#8221;1_3&#8243; _builder_version=&#8221;4.16&#8243; _module_preset=&#8221;default&#8221; custom_padding=&#8221;|30px|||false|false&#8221; global_colors_info=&#8221;{}&#8221;][et_pb_text _builder_version=&#8221;4.18.0&#8243; _module_preset=&#8221;13f3cb56-62b0-456f-8ea9-91fa17a9f6d0&#8243; text_text_color=&#8221;#f8f8f1&#8243; header_3_text_color=&#8221;#f8f8f1&#8243; header_5_text_color=&#8221;#f8f8f1&#8243; custom_margin=&#8221;||2rem||false|false&#8221; global_colors_info=&#8221;{}&#8221;]<\/p>\n<p>DATE ET HEURE<\/p>\n<h3>22 MARS<br \/>18h00 &#8211; 20h00<\/h3>\n<p>[\/et_pb_text][et_pb_text _builder_version=&#8221;4.18.0&#8243; _module_preset=&#8221;13f3cb56-62b0-456f-8ea9-91fa17a9f6d0&#8243; text_text_color=&#8221;#f8f8f1&#8243; header_3_text_color=&#8221;#f8f8f1&#8243; custom_margin=&#8221;||2rem||false|false&#8221; global_colors_info=&#8221;{}&#8221;]<\/p>\n<p>LIEU<\/p>\n<h3>VIA ZOOM<\/h3>\n<p>[\/et_pb_text][et_pb_text _builder_version=&#8221;4.18.0&#8243; _module_preset=&#8221;13f3cb56-62b0-456f-8ea9-91fa17a9f6d0&#8243; text_text_color=&#8221;#f8f8f1&#8243; header_3_text_color=&#8221;#f8f8f1&#8243; custom_margin=&#8221;||2rem||false|false&#8221; global_colors_info=&#8221;{}&#8221;]<\/p>\n<p>LANGUE D&#8217;ANIMATION<\/p>\n<h3>Fran\u00e7ais<\/h3>\n<p>[\/et_pb_text][et_pb_text _builder_version=&#8221;4.18.0&#8243; _module_preset=&#8221;70ef4d10-a3c9-457e-9e8e-8b1b024ff468&#8243; text_text_color=&#8221;#f8f8f1&#8243; header_3_text_color=&#8221;#f8f8f1&#8243; custom_margin=&#8221;||2rem||false|false&#8221; global_colors_info=&#8221;{}&#8221;]<\/p>\n<p>CO\u00dbT<\/p>\n<h3>Contribution libre<\/h3>\n<p>[\/et_pb_text][\/et_pb_column][et_pb_column type=&#8221;2_3&#8243; _builder_version=&#8221;4.16&#8243; _module_preset=&#8221;default&#8221; custom_padding=&#8221;|||60px|false|false&#8221; border_width_left=&#8221;1px&#8221; border_color_left=&#8221;rgba(17,47,49,0.3)&#8221; global_colors_info=&#8221;{}&#8221;][et_pb_text _builder_version=&#8221;4.18.0&#8243; _module_preset=&#8221;70ef4d10-a3c9-457e-9e8e-8b1b024ff468&#8243; text_text_color=&#8221;#f8f8f1&#8243; text_font_size=&#8221;18px&#8221; header_3_text_color=&#8221;#f8f8f1&#8243; global_colors_info=&#8221;{}&#8221;]<\/p>\n<div class=\"ewa-rteLine\">\n<div class=\"ewa-rteLine\">\n<div class=\"ewa-rteLine\">\n<div class=\"ewa-rteLine\">\n<div class=\"ewa-rteLine\">\n<div class=\"ewa-rteLine\">Ce que vous promettent certainement les JMJ peu importe vos attentes, c\u2019est de vivre des \u00e9motions. Et comme nous le savons d\u00e9j\u00e0 \u00e0 l\u2019avance, vous ne serez pas uniquement transport\u00e9 par de moments de joie. Nous sommes en tant qu\u2019\u00eatre humain port\u00e9s \u00e0 vivre 6 \u00e9motions de base: la joie, la col\u00e8re, la tristesse, la surprise, la peur et le d\u00e9go\u00fbt. Ces \u00e9motions se conjuguent de diff\u00e9rentes fa\u00e7ons pour donner des choses plus complexes.<\/div>\n<div class=\"ewa-rteLine\">\u00a0<\/div>\n<div class=\"ewa-rteLine\">Il est donc possible qu\u2019apr\u00e8s un moment de joie vous viviez de la frustration de devoir attendre des heures en file, qu\u2019apr\u00e8s un grand moment de saisissement face \u00e0 un paysage magnifique ou \u00e0 l\u2019adoration vous soyez pris par l\u2019anxi\u00e9t\u00e9 parce que vous ne retrouvez plus votre sac qui contient votre passeport..<\/div>\n<div class=\"ewa-rteLine\">\u00a0<\/div>\n<div class=\"ewa-rteLine\">Comment bien g\u00e9rer ses \u00e9motions? Cet atelier vous sera aussi utile pour votre vie au quotidien<\/div>\n<h3 class=\"ewa-rteLine\">Th\u00e8mes abord\u00e9s :<\/h3>\n<ul>\n<li class=\"ewa-rteLine\">Les principes de base d\u2019une saine gestion des \u00e9motions<\/li>\n<li class=\"ewa-rteLine\">Les techniques de gestion des \u00e9motions<\/li>\n<li class=\"ewa-rteLine\">Que nous disent nos \u00e9motions sur nous?<\/li>\n<\/ul>\n<\/div>\n<\/div>\n<\/div>\n<\/div>\n<\/div>\n<p>[\/et_pb_text][et_pb_button button_text=&#8221;Pour s&#8217;inscrire&#8221; module_id=&#8221;#inscription&#8221; _builder_version=&#8221;4.18.0&#8243; _module_preset=&#8221;default&#8221; global_colors_info=&#8221;{}&#8221;][\/et_pb_button][\/et_pb_column][\/et_pb_row][\/et_pb_section][et_pb_section fb_built=&#8221;1&#8243; _builder_version=&#8221;4.18.0&#8243; _module_preset=&#8221;default&#8221; background_color=&#8221;#e16554&#8243; background_enable_image=&#8221;off&#8221; locked=&#8221;off&#8221; global_colors_info=&#8221;{}&#8221;][et_pb_row _builder_version=&#8221;4.16&#8243; _module_preset=&#8221;default&#8221; custom_margin=&#8221;||1rem||false|false&#8221; custom_padding=&#8221;||0px||false|false&#8221; global_colors_info=&#8221;{}&#8221;][et_pb_column type=&#8221;4_4&#8243; _builder_version=&#8221;4.16&#8243; _module_preset=&#8221;default&#8221; global_colors_info=&#8221;{}&#8221;][et_pb_text _builder_version=&#8221;4.18.0&#8243; _module_preset=&#8221;default&#8221; header_text_color=&#8221;#255789&#8243; header_2_text_color=&#8221;#F4E2D2&#8243; custom_margin=&#8221;||1rem||false|false&#8221; global_colors_info=&#8221;{}&#8221;]<\/p>\n<h1>Inscriptions<\/h1>\n<p>[\/et_pb_text][\/et_pb_column][\/et_pb_row][et_pb_row column_structure=&#8221;2_5,3_5&#8243; module_id=&#8221;inscription&#8221; _builder_version=&#8221;4.18.0&#8243; _module_preset=&#8221;default&#8221; background_color=&#8221;#f8f8f1&#8243; custom_margin=&#8221;||0rem||false|false&#8221; custom_padding=&#8221;|15px||15px|false|false&#8221; global_colors_info=&#8221;{}&#8221;][et_pb_column type=&#8221;2_5&#8243; _builder_version=&#8221;4.16&#8243; _module_preset=&#8221;default&#8221; global_colors_info=&#8221;{}&#8221;][et_pb_text _builder_version=&#8221;4.18.0&#8243; _module_preset=&#8221;default&#8221; header_6_font=&#8221;Inter|300||on|||||&#8221; global_colors_info=&#8221;{}&#8221;]<\/p>\n<h6><strong>S\u2019inscrire<\/strong><br \/>TOUTE COMMUNICATION CONCERNANT VOTRE INSCRIPTION SERA FAITE VIA LE COURRIEL FOURNI LORS DE VOTRE INSCRIPTION:<br \/>\u2013 LIEN \u00c0 LA SALLE ZOOM POUR LA RENCONTRE VIRTUELLE OU LIEUX DE LA RENCONTRE EN PR\u00c9SENTIEL<br \/>\u2013 CONSIGNES<br \/>\u2013 ETC.<\/h6>\n<h6>POUR VOUS ASSURER DE BIEN RECEVOIR CES INFORMATIONS, MERCI DE SAUVEGARDER MISSIONJEUNESSE@DIOCESEMONTREAL.ORG DANS VOS CONTACTS COMME ADRESSE COURRIEL RECONNU.<\/h6>\n<h6>SI VOUS NE TROUVEZ AUCUN COURRIEL DE NOTRE PART. VEUILLEZ V\u00c9RIFIER VOS BO\u00ceTES DE SPAM \/ JUNK COURRIELS \/ COURRIELS NON-D\u00c9SIR\u00c9S \/ PUBLICIT\u00c9 CAR IL SE PEUT QUE VOUS AYEZ DES FILTRES.<\/h6>\n<h6>N\u2019H\u00c9SITEZ PAS DE NOUS ENVOYER UN COURRIEL SI VOUS NE TROUVEZ TOUJOURS PAS NOS COURRIELS.<\/h6>\n<p>[\/et_pb_text][\/et_pb_column][et_pb_column type=&#8221;3_5&#8243; _builder_version=&#8221;4.16&#8243; _module_preset=&#8221;default&#8221; global_colors_info=&#8221;{}&#8221;][et_pb_text _builder_version=&#8221;4.18.0&#8243; _module_preset=&#8221;default&#8221; global_colors_info=&#8221;{}&#8221;]<\/p>\n\n<p>[\/et_pb_text][\/et_pb_column][\/et_pb_row][\/et_pb_section]<\/p>\n","protected":false},"excerpt":{"rendered":"<p>Gestion des \u00e9motionsDATE ET HEURE 22 MARS18h00 &#8211; 20h00LIEU VIA ZOOMLANGUE D&#8217;ANIMATION Fran\u00e7aisCO\u00dbT Contribution libre Ce que vous promettent certainement les JMJ peu importe vos attentes, c\u2019est de vivre des \u00e9motions. Et comme nous le savons d\u00e9j\u00e0 \u00e0 l\u2019avance, vous ne serez pas uniquement transport\u00e9 par de moments de joie. Nous sommes en tant qu\u2019\u00eatre [&hellip;]<\/p>\n","protected":false},"author":6,"featured_media":49547,"parent":49538,"menu_order":0,"comment_status":"closed","ping_status":"closed","template":"","meta":{"_et_pb_use_builder":"on","_et_pb_old_content":"","_et_gb_content_width":"","_monsterinsights_skip_tracking":false,"_monsterinsights_sitenote_active":false,"_monsterinsights_sitenote_note":"","_monsterinsights_sitenote_category":0,"footnotes":""},"class_list":["post-49638","page","type-page","status-publish","has-post-thumbnail","hentry"],"yoast_head":"<!-- This site is optimized with the Yoast SEO plugin v26.4 - https:\/\/yoast.com\/wordpress\/plugins\/seo\/ -->\n<title>Gestion des \u00e9motions - Mission Jeunesse Montr\u00e9al<\/title>\n<meta name=\"robots\" content=\"index, follow, max-snippet:-1, max-image-preview:large, max-video-preview:-1\" \/>\n<link rel=\"canonical\" href=\"https:\/\/microsites.diocesemontreal.org\/microsites\/missionjeunesse-mtl\/naviguer\/gestion-des-emotions\/\" \/>\n<meta property=\"og:locale\" content=\"fr_FR\" \/>\n<meta property=\"og:type\" content=\"article\" \/>\n<meta property=\"og:title\" content=\"Gestion des \u00e9motions - Mission Jeunesse Montr\u00e9al\" \/>\n<meta property=\"og:description\" content=\"Gestion des \u00e9motionsDATE ET HEURE 22 MARS18h00 - 20h00LIEU VIA ZOOMLANGUE D&#039;ANIMATION Fran\u00e7aisCO\u00dbT Contribution libre Ce que vous promettent certainement les JMJ peu importe vos attentes, c\u2019est de vivre des \u00e9motions. Et comme nous le savons d\u00e9j\u00e0 \u00e0 l\u2019avance, vous ne serez pas uniquement transport\u00e9 par de moments de joie. Nous sommes en tant qu\u2019\u00eatre [&hellip;]\" \/>\n<meta property=\"og:url\" content=\"https:\/\/microsites.diocesemontreal.org\/microsites\/missionjeunesse-mtl\/naviguer\/gestion-des-emotions\/\" \/>\n<meta property=\"og:site_name\" content=\"Mission Jeunesse Montr\u00e9al\" \/>\n<meta property=\"article:modified_time\" content=\"2022-10-13T22:08:23+00:00\" \/>\n<meta property=\"og:image\" content=\"https:\/\/microsites.diocesemontreal.org\/microsites\/missionjeunesse-mtl\/wp-content\/uploads\/sites\/39\/2022\/10\/FR-Banner-4.png\" \/>\n\t<meta property=\"og:image:width\" content=\"634\" \/>\n\t<meta property=\"og:image:height\" content=\"356\" \/>\n\t<meta property=\"og:image:type\" content=\"image\/png\" \/>\n<meta name=\"twitter:card\" content=\"summary_large_image\" \/>\n<meta name=\"twitter:label1\" content=\"Dur\u00e9e de lecture estim\u00e9e\" \/>\n\t<meta name=\"twitter:data1\" content=\"3 minutes\" \/>\n<script type=\"application\/ld+json\" class=\"yoast-schema-graph\">{\"@context\":\"https:\/\/schema.org\",\"@graph\":[{\"@type\":\"WebPage\",\"@id\":\"https:\/\/microsites.diocesemontreal.org\/microsites\/missionjeunesse-mtl\/naviguer\/gestion-des-emotions\/\",\"url\":\"https:\/\/microsites.diocesemontreal.org\/microsites\/missionjeunesse-mtl\/naviguer\/gestion-des-emotions\/\",\"name\":\"Gestion des \u00e9motions - Mission Jeunesse Montr\u00e9al\",\"isPartOf\":{\"@id\":\"https:\/\/microsites.diocesemontreal.org\/microsites\/missionjeunesse-mtl\/#website\"},\"primaryImageOfPage\":{\"@id\":\"https:\/\/microsites.diocesemontreal.org\/microsites\/missionjeunesse-mtl\/naviguer\/gestion-des-emotions\/#primaryimage\"},\"image\":{\"@id\":\"https:\/\/microsites.diocesemontreal.org\/microsites\/missionjeunesse-mtl\/naviguer\/gestion-des-emotions\/#primaryimage\"},\"thumbnailUrl\":\"https:\/\/microsites.diocesemontreal.org\/microsites\/missionjeunesse-mtl\/wp-content\/uploads\/sites\/39\/2022\/10\/FR-Banner-4.png\",\"datePublished\":\"2022-10-13T20:46:15+00:00\",\"dateModified\":\"2022-10-13T22:08:23+00:00\",\"breadcrumb\":{\"@id\":\"https:\/\/microsites.diocesemontreal.org\/microsites\/missionjeunesse-mtl\/naviguer\/gestion-des-emotions\/#breadcrumb\"},\"inLanguage\":\"fr-FR\",\"potentialAction\":[{\"@type\":\"ReadAction\",\"target\":[\"https:\/\/microsites.diocesemontreal.org\/microsites\/missionjeunesse-mtl\/naviguer\/gestion-des-emotions\/\"]}]},{\"@type\":\"ImageObject\",\"inLanguage\":\"fr-FR\",\"@id\":\"https:\/\/microsites.diocesemontreal.org\/microsites\/missionjeunesse-mtl\/naviguer\/gestion-des-emotions\/#primaryimage\",\"url\":\"https:\/\/microsites.diocesemontreal.org\/microsites\/missionjeunesse-mtl\/wp-content\/uploads\/sites\/39\/2022\/10\/FR-Banner-4.png\",\"contentUrl\":\"https:\/\/microsites.diocesemontreal.org\/microsites\/missionjeunesse-mtl\/wp-content\/uploads\/sites\/39\/2022\/10\/FR-Banner-4.png\",\"width\":634,\"height\":356},{\"@type\":\"BreadcrumbList\",\"@id\":\"https:\/\/microsites.diocesemontreal.org\/microsites\/missionjeunesse-mtl\/naviguer\/gestion-des-emotions\/#breadcrumb\",\"itemListElement\":[{\"@type\":\"ListItem\",\"position\":1,\"name\":\"Accueil\",\"item\":\"https:\/\/microsites.diocesemontreal.org\/microsites\/missionjeunesse-mtl\/\"},{\"@type\":\"ListItem\",\"position\":2,\"name\":\"Naviguer\",\"item\":\"https:\/\/microsites.diocesemontreal.org\/microsites\/missionjeunesse-mtl\/naviguer\/\"},{\"@type\":\"ListItem\",\"position\":3,\"name\":\"Gestion des \u00e9motions\"}]},{\"@type\":\"WebSite\",\"@id\":\"https:\/\/microsites.diocesemontreal.org\/microsites\/missionjeunesse-mtl\/#website\",\"url\":\"https:\/\/microsites.diocesemontreal.org\/microsites\/missionjeunesse-mtl\/\",\"name\":\"Mission Jeunesse Montr\u00e9al\",\"description\":\"Vivre, aimer, servir dans la joie\",\"potentialAction\":[{\"@type\":\"SearchAction\",\"target\":{\"@type\":\"EntryPoint\",\"urlTemplate\":\"https:\/\/microsites.diocesemontreal.org\/microsites\/missionjeunesse-mtl\/?s={search_term_string}\"},\"query-input\":{\"@type\":\"PropertyValueSpecification\",\"valueRequired\":true,\"valueName\":\"search_term_string\"}}],\"inLanguage\":\"fr-FR\"}]}<\/script>\n<!-- \/ Yoast SEO plugin. -->","yoast_head_json":{"title":"Gestion des \u00e9motions - Mission Jeunesse Montr\u00e9al","robots":{"index":"index","follow":"follow","max-snippet":"max-snippet:-1","max-image-preview":"max-image-preview:large","max-video-preview":"max-video-preview:-1"},"canonical":"https:\/\/microsites.diocesemontreal.org\/microsites\/missionjeunesse-mtl\/naviguer\/gestion-des-emotions\/","og_locale":"fr_FR","og_type":"article","og_title":"Gestion des \u00e9motions - Mission Jeunesse Montr\u00e9al","og_description":"Gestion des \u00e9motionsDATE ET HEURE 22 MARS18h00 - 20h00LIEU VIA ZOOMLANGUE D'ANIMATION Fran\u00e7aisCO\u00dbT Contribution libre Ce que vous promettent certainement les JMJ peu importe vos attentes, c\u2019est de vivre des \u00e9motions. Et comme nous le savons d\u00e9j\u00e0 \u00e0 l\u2019avance, vous ne serez pas uniquement transport\u00e9 par de moments de joie. Nous sommes en tant qu\u2019\u00eatre [&hellip;]","og_url":"https:\/\/microsites.diocesemontreal.org\/microsites\/missionjeunesse-mtl\/naviguer\/gestion-des-emotions\/","og_site_name":"Mission Jeunesse Montr\u00e9al","article_modified_time":"2022-10-13T22:08:23+00:00","og_image":[{"width":634,"height":356,"url":"https:\/\/microsites.diocesemontreal.org\/microsites\/missionjeunesse-mtl\/wp-content\/uploads\/sites\/39\/2022\/10\/FR-Banner-4.png","type":"image\/png"}],"twitter_card":"summary_large_image","twitter_misc":{"Dur\u00e9e de lecture estim\u00e9e":"3 minutes"},"schema":{"@context":"https:\/\/schema.org","@graph":[{"@type":"WebPage","@id":"https:\/\/microsites.diocesemontreal.org\/microsites\/missionjeunesse-mtl\/naviguer\/gestion-des-emotions\/","url":"https:\/\/microsites.diocesemontreal.org\/microsites\/missionjeunesse-mtl\/naviguer\/gestion-des-emotions\/","name":"Gestion des \u00e9motions - Mission Jeunesse Montr\u00e9al","isPartOf":{"@id":"https:\/\/microsites.diocesemontreal.org\/microsites\/missionjeunesse-mtl\/#website"},"primaryImageOfPage":{"@id":"https:\/\/microsites.diocesemontreal.org\/microsites\/missionjeunesse-mtl\/naviguer\/gestion-des-emotions\/#primaryimage"},"image":{"@id":"https:\/\/microsites.diocesemontreal.org\/microsites\/missionjeunesse-mtl\/naviguer\/gestion-des-emotions\/#primaryimage"},"thumbnailUrl":"https:\/\/microsites.diocesemontreal.org\/microsites\/missionjeunesse-mtl\/wp-content\/uploads\/sites\/39\/2022\/10\/FR-Banner-4.png","datePublished":"2022-10-13T20:46:15+00:00","dateModified":"2022-10-13T22:08:23+00:00","breadcrumb":{"@id":"https:\/\/microsites.diocesemontreal.org\/microsites\/missionjeunesse-mtl\/naviguer\/gestion-des-emotions\/#breadcrumb"},"inLanguage":"fr-FR","potentialAction":[{"@type":"ReadAction","target":["https:\/\/microsites.diocesemontreal.org\/microsites\/missionjeunesse-mtl\/naviguer\/gestion-des-emotions\/"]}]},{"@type":"ImageObject","inLanguage":"fr-FR","@id":"https:\/\/microsites.diocesemontreal.org\/microsites\/missionjeunesse-mtl\/naviguer\/gestion-des-emotions\/#primaryimage","url":"https:\/\/microsites.diocesemontreal.org\/microsites\/missionjeunesse-mtl\/wp-content\/uploads\/sites\/39\/2022\/10\/FR-Banner-4.png","contentUrl":"https:\/\/microsites.diocesemontreal.org\/microsites\/missionjeunesse-mtl\/wp-content\/uploads\/sites\/39\/2022\/10\/FR-Banner-4.png","width":634,"height":356},{"@type":"BreadcrumbList","@id":"https:\/\/microsites.diocesemontreal.org\/microsites\/missionjeunesse-mtl\/naviguer\/gestion-des-emotions\/#breadcrumb","itemListElement":[{"@type":"ListItem","position":1,"name":"Accueil","item":"https:\/\/microsites.diocesemontreal.org\/microsites\/missionjeunesse-mtl\/"},{"@type":"ListItem","position":2,"name":"Naviguer","item":"https:\/\/microsites.diocesemontreal.org\/microsites\/missionjeunesse-mtl\/naviguer\/"},{"@type":"ListItem","position":3,"name":"Gestion des \u00e9motions"}]},{"@type":"WebSite","@id":"https:\/\/microsites.diocesemontreal.org\/microsites\/missionjeunesse-mtl\/#website","url":"https:\/\/microsites.diocesemontreal.org\/microsites\/missionjeunesse-mtl\/","name":"Mission Jeunesse Montr\u00e9al","description":"Vivre, aimer, servir dans la joie","potentialAction":[{"@type":"SearchAction","target":{"@type":"EntryPoint","urlTemplate":"https:\/\/microsites.diocesemontreal.org\/microsites\/missionjeunesse-mtl\/?s={search_term_string}"},"query-input":{"@type":"PropertyValueSpecification","valueRequired":true,"valueName":"search_term_string"}}],"inLanguage":"fr-FR"}]}},"_links":{"self":[{"href":"https:\/\/microsites.diocesemontreal.org\/microsites\/missionjeunesse-mtl\/wp-json\/wp\/v2\/pages\/49638","targetHints":{"allow":["GET"]}}],"collection":[{"href":"https:\/\/microsites.diocesemontreal.org\/microsites\/missionjeunesse-mtl\/wp-json\/wp\/v2\/pages"}],"about":[{"href":"https:\/\/microsites.diocesemontreal.org\/microsites\/missionjeunesse-mtl\/wp-json\/wp\/v2\/types\/page"}],"author":[{"embeddable":true,"href":"https:\/\/microsites.diocesemontreal.org\/microsites\/missionjeunesse-mtl\/wp-json\/wp\/v2\/users\/6"}],"replies":[{"embeddable":true,"href":"https:\/\/microsites.diocesemontreal.org\/microsites\/missionjeunesse-mtl\/wp-json\/wp\/v2\/comments?post=49638"}],"version-history":[{"count":3,"href":"https:\/\/microsites.diocesemontreal.org\/microsites\/missionjeunesse-mtl\/wp-json\/wp\/v2\/pages\/49638\/revisions"}],"predecessor-version":[{"id":49672,"href":"https:\/\/microsites.diocesemontreal.org\/microsites\/missionjeunesse-mtl\/wp-json\/wp\/v2\/pages\/49638\/revisions\/49672"}],"up":[{"embeddable":true,"href":"https:\/\/microsites.diocesemontreal.org\/microsites\/missionjeunesse-mtl\/wp-json\/wp\/v2\/pages\/49538"}],"wp:featuredmedia":[{"embeddable":true,"href":"https:\/\/microsites.diocesemontreal.org\/microsites\/missionjeunesse-mtl\/wp-json\/wp\/v2\/media\/49547"}],"wp:attachment":[{"href":"https:\/\/microsites.diocesemontreal.org\/microsites\/missionjeunesse-mtl\/wp-json\/wp\/v2\/media?parent=49638"}],"curies":[{"name":"wp","href":"https:\/\/api.w.org\/{rel}","templated":true}]}}