{"id":49642,"date":"2022-10-13T16:46:15","date_gmt":"2022-10-13T20:46:15","guid":{"rendered":"https:\/\/microsites.diocesemontreal.org\/microsites\/missionjeunesse-mtl\/?page_id=49642"},"modified":"2022-10-13T16:46:47","modified_gmt":"2022-10-13T20:46:47","slug":"managing-emotions","status":"publish","type":"page","link":"https:\/\/microsites.diocesemontreal.org\/microsites\/missionjeunesse-mtl\/en\/navigate\/managing-emotions\/","title":{"rendered":"Managing Emotions"},"content":{"rendered":"<p>[et_pb_section fb_built=&#8221;1&#8243; _builder_version=&#8221;4.18.0&#8243; _module_preset=&#8221;137b3a87-c123-46d5-ac78-4065473ca227&#8243; background_color=&#8221;#c69a19&#8243; use_background_color_gradient=&#8221;on&#8221; background_color_gradient_stops=&#8221;rgba(0,0,0,0) 70%|rgba(17,47,49,0.15) 100%&#8221; background_color_gradient_start=&#8221;rgba(0,0,0,0)&#8221; background_color_gradient_start_position=&#8221;70%&#8221; background_color_gradient_end=&#8221;rgba(17,47,49,0.15)&#8221; global_colors_info=&#8221;{}&#8221;][et_pb_row _builder_version=&#8221;4.18.0&#8243; _module_preset=&#8221;default&#8221; global_colors_info=&#8221;{}&#8221;][et_pb_column type=&#8221;4_4&#8243; _builder_version=&#8221;4.16&#8243; _module_preset=&#8221;default&#8221; global_colors_info=&#8221;{}&#8221;][et_pb_text _builder_version=&#8221;4.18.0&#8243; _module_preset=&#8221;5a53814f-5918-4064-a5cf-2eafb826e948&#8243; header_text_color=&#8221;#255789&#8243; header_font_size=&#8221;5rem&#8221; position_origin_a=&#8221;center_right&#8221; position_origin_a_tablet=&#8221;center_right&#8221; position_origin_a_phone=&#8221;center_right&#8221; position_origin_a_last_edited=&#8221;on|phone&#8221; position_origin_f_tablet=&#8221;&#8221; position_origin_f_phone=&#8221;&#8221; position_origin_f_last_edited=&#8221;on|phone&#8221; position_origin_r_tablet=&#8221;&#8221; position_origin_r_phone=&#8221;&#8221; position_origin_r_last_edited=&#8221;on|phone&#8221; width=&#8221;100%&#8221; module_alignment=&#8221;left&#8221; mix_blend_mode=&#8221;difference&#8221; header_font_size_tablet=&#8221;6.6rem&#8221; header_font_size_phone=&#8221;4.2rem&#8221; header_font_size_last_edited=&#8221;on|phone&#8221; positioning_tablet=&#8221;&#8221; positioning_phone=&#8221;relative&#8221; positioning_last_edited=&#8221;on|phone&#8221; locked=&#8221;off&#8221; global_colors_info=&#8221;{}&#8221;]<\/p>\n<h1>Managing Emotions<\/h1>\n<p>[\/et_pb_text][et_pb_image _builder_version=&#8221;4.18.0&#8243; _module_preset=&#8221;default&#8221; global_colors_info=&#8221;{}&#8221;][\/et_pb_image][\/et_pb_column][\/et_pb_row][\/et_pb_section][et_pb_section fb_built=&#8221;1&#8243; _builder_version=&#8221;4.18.0&#8243; _module_preset=&#8221;default&#8221; background_color=&#8221;#255789&#8243; background_enable_image=&#8221;off&#8221; parallax=&#8221;on&#8221; z_index=&#8221;999&#8243; locked=&#8221;off&#8221; global_colors_info=&#8221;{}&#8221;][et_pb_row column_structure=&#8221;1_3,2_3&#8243; _builder_version=&#8221;4.16&#8243; _module_preset=&#8221;default&#8221; custom_padding=&#8221;||0px||false|false&#8221; global_colors_info=&#8221;{}&#8221;][et_pb_column type=&#8221;1_3&#8243; _builder_version=&#8221;4.16&#8243; _module_preset=&#8221;default&#8221; custom_padding=&#8221;|30px|||false|false&#8221; global_colors_info=&#8221;{}&#8221;][et_pb_text _builder_version=&#8221;4.18.0&#8243; _module_preset=&#8221;13f3cb56-62b0-456f-8ea9-91fa17a9f6d0&#8243; text_text_color=&#8221;#f8f8f1&#8243; header_3_text_color=&#8221;#f8f8f1&#8243; header_5_text_color=&#8221;#f8f8f1&#8243; custom_margin=&#8221;||2rem||false|false&#8221; global_colors_info=&#8221;{}&#8221;]<\/p>\n<p>DATE AND TIME<\/p>\n<h3>MARCH 23<br \/>6:00 P.M &#8211; 8:00 P.M<\/h3>\n<p>[\/et_pb_text][et_pb_text _builder_version=&#8221;4.18.0&#8243; _module_preset=&#8221;13f3cb56-62b0-456f-8ea9-91fa17a9f6d0&#8243; text_text_color=&#8221;#f8f8f1&#8243; header_3_text_color=&#8221;#f8f8f1&#8243; custom_margin=&#8221;||2rem||false|false&#8221; global_colors_info=&#8221;{}&#8221;]<\/p>\n<p>LOCATION<\/p>\n<h3>VIA ZOOM<\/h3>\n<p>[\/et_pb_text][et_pb_text _builder_version=&#8221;4.18.0&#8243; _module_preset=&#8221;13f3cb56-62b0-456f-8ea9-91fa17a9f6d0&#8243; text_text_color=&#8221;#f8f8f1&#8243; header_3_text_color=&#8221;#f8f8f1&#8243; custom_margin=&#8221;||2rem||false|false&#8221; global_colors_info=&#8221;{}&#8221;]<\/p>\n<p>LANGUAGE OF ANIMATION<\/p>\n<h3>ENGLISH<\/h3>\n<p>[\/et_pb_text][et_pb_text _builder_version=&#8221;4.18.0&#8243; _module_preset=&#8221;70ef4d10-a3c9-457e-9e8e-8b1b024ff468&#8243; text_text_color=&#8221;#f8f8f1&#8243; header_3_text_color=&#8221;#f8f8f1&#8243; custom_margin=&#8221;||2rem||false|false&#8221; global_colors_info=&#8221;{}&#8221;]<\/p>\n<p>COST<\/p>\n<h3>FREEWILL CONTRIBUTION<\/h3>\n<p>[\/et_pb_text][\/et_pb_column][et_pb_column type=&#8221;2_3&#8243; _builder_version=&#8221;4.16&#8243; _module_preset=&#8221;default&#8221; custom_padding=&#8221;|||60px|false|false&#8221; border_width_left=&#8221;1px&#8221; border_color_left=&#8221;rgba(17,47,49,0.3)&#8221; global_colors_info=&#8221;{}&#8221;][et_pb_text _builder_version=&#8221;4.18.0&#8243; _module_preset=&#8221;70ef4d10-a3c9-457e-9e8e-8b1b024ff468&#8243; text_text_color=&#8221;#f8f8f1&#8243; text_font_size=&#8221;18px&#8221; header_3_text_color=&#8221;#f8f8f1&#8243; global_colors_info=&#8221;{}&#8221;]<\/p>\n<div class=\"ewa-rteLine\">\n<div class=\"ewa-rteLine\">\n<div class=\"ewa-rteLine\">\n<div class=\"ewa-rteLine\">\n<div class=\"ewa-rteLine\">\n<div class=\"ewa-rteLine\">\n<div class=\"ewa-rteLine\">The promise of WYD, no matter what your expectations are, is that you will experience emotions. And as we already know in advance, you will not only be transported by moments of joy. As human beings, we are inclined to experience 6 basic emotions: joy, anger, sadness, surprise, fear and disgust. These emotions combine in different ways to give more complex things.<\/div>\n<div class=\"ewa-rteLine\">\u00a0<\/div>\n<div class=\"ewa-rteLine\">It is therefore possible that after a moment of joy you experience frustration at having to wait for hours in line, that after a great moment of amazement at a magnificent landscape or adoration you are taken by anxiety because you can no longer find your bag containing your passport.<\/div>\n<div class=\"ewa-rteLine\">\u00a0<\/div>\n<div class=\"ewa-rteLine\">How to manage your emotions? This workshop will also be useful for your daily life.<\/div>\n<div class=\"ewa-rteLine\">\u00a0<\/div>\n<h3 class=\"ewa-rteLine\">Topics covered :<\/h3>\n<ul>\n<li class=\"ewa-rteLine\">The basic principles of healthy emotional management<\/li>\n<li class=\"ewa-rteLine\">Techniques for managing emotions<\/li>\n<li class=\"ewa-rteLine\">What do our emotions tell us about ourselves?<\/li>\n<\/ul>\n<\/div>\n<\/div>\n<\/div>\n<\/div>\n<\/div>\n<\/div>\n<p>[\/et_pb_text][et_pb_button button_text=&#8221;To Register&#8221; module_id=&#8221;#inscription&#8221; _builder_version=&#8221;4.18.0&#8243; _module_preset=&#8221;default&#8221; global_colors_info=&#8221;{}&#8221;][\/et_pb_button][\/et_pb_column][\/et_pb_row][\/et_pb_section][et_pb_section fb_built=&#8221;1&#8243; _builder_version=&#8221;4.18.0&#8243; _module_preset=&#8221;default&#8221; background_color=&#8221;#e16554&#8243; background_enable_image=&#8221;off&#8221; locked=&#8221;off&#8221; global_colors_info=&#8221;{}&#8221;][et_pb_row _builder_version=&#8221;4.16&#8243; _module_preset=&#8221;default&#8221; custom_margin=&#8221;||1rem||false|false&#8221; custom_padding=&#8221;||0px||false|false&#8221; global_colors_info=&#8221;{}&#8221;][et_pb_column type=&#8221;4_4&#8243; _builder_version=&#8221;4.16&#8243; _module_preset=&#8221;default&#8221; global_colors_info=&#8221;{}&#8221;][et_pb_text _builder_version=&#8221;4.18.0&#8243; _module_preset=&#8221;default&#8221; header_text_color=&#8221;#255789&#8243; header_2_text_color=&#8221;#F4E2D2&#8243; custom_margin=&#8221;||1rem||false|false&#8221; global_colors_info=&#8221;{}&#8221;]<\/p>\n<h1>Registration<\/h1>\n<p>[\/et_pb_text][\/et_pb_column][\/et_pb_row][et_pb_row column_structure=&#8221;2_5,3_5&#8243; module_id=&#8221;inscription&#8221; _builder_version=&#8221;4.18.0&#8243; _module_preset=&#8221;default&#8221; background_color=&#8221;#f8f8f1&#8243; custom_margin=&#8221;||0rem||false|false&#8221; custom_padding=&#8221;|15px||15px|false|false&#8221; global_colors_info=&#8221;{}&#8221;][et_pb_column type=&#8221;2_5&#8243; _builder_version=&#8221;4.16&#8243; _module_preset=&#8221;default&#8221; global_colors_info=&#8221;{}&#8221;][et_pb_text _builder_version=&#8221;4.18.0&#8243; _module_preset=&#8221;default&#8221; text_font=&#8221;|300|||||||&#8221; header_6_font=&#8221;Inter|300||on|||||&#8221; global_colors_info=&#8221;{}&#8221;]<\/p>\n<h6>ALL COMMUNICATION REGARDING YOUR REGISTRATION WILL BE DONE VIA THE EMAIL PROVIDED AT REGISTRATION:<br \/>\u2013 LINK TO THE ZOOM ROOM FOR THE MEETING OR THE ADDRESS OF THE PHYSICAL LOCATION.<br \/>\u2013 INSTRUCTIONS<br \/>\u2013 ETC.<\/h6>\n<h6>TO ENSURE THAT YOU RECEIVE THIS INFORMATION, PLEASE SAVE MISSIONJEUNESSE@DIOCESEMONTREAL.ORG IN YOUR CONTACTS AS A RECOGNIZED EMAIL ADDRESS.<\/h6>\n<h6>IF YOU DO NOT FIND AN EMAIL FROM US. PLEASE CHECK YOUR SPAM\/JUNK MAIL\/UNWANTED MAIL\/ADVERTISING BOXES AS YOU MAY HAVE FILTERS IN PLACE.<\/h6>\n<h6>FEEL FREE TO SEND US AN EMAIL IF YOU STILL CAN\u2019T FIND OUR EMAILS.<\/h6>\n<p>[\/et_pb_text][\/et_pb_column][et_pb_column type=&#8221;3_5&#8243; _builder_version=&#8221;4.16&#8243; _module_preset=&#8221;default&#8221; global_colors_info=&#8221;{}&#8221;][et_pb_text _builder_version=&#8221;4.18.0&#8243; _module_preset=&#8221;default&#8221; global_colors_info=&#8221;{}&#8221;]<\/p>\n\n<p>[\/et_pb_text][\/et_pb_column][\/et_pb_row][\/et_pb_section]<\/p>\n","protected":false},"excerpt":{"rendered":"<p>Managing EmotionsDATE AND TIME MARCH 236:00 P.M &#8211; 8:00 P.MLOCATION VIA ZOOMLANGUAGE OF ANIMATION ENGLISHCOST FREEWILL CONTRIBUTION The promise of WYD, no matter what your expectations are, is that you will experience emotions. And as we already know in advance, you will not only be transported by moments of joy. As human beings, we are [&hellip;]<\/p>\n","protected":false},"author":6,"featured_media":49547,"parent":49586,"menu_order":0,"comment_status":"closed","ping_status":"closed","template":"","meta":{"_et_pb_use_builder":"on","_et_pb_old_content":"","_et_gb_content_width":"","_monsterinsights_skip_tracking":false,"_monsterinsights_sitenote_active":false,"_monsterinsights_sitenote_note":"","_monsterinsights_sitenote_category":0,"footnotes":""},"class_list":["post-49642","page","type-page","status-publish","has-post-thumbnail","hentry"],"yoast_head":"<!-- This site is optimized with the Yoast SEO plugin v26.4 - https:\/\/yoast.com\/wordpress\/plugins\/seo\/ -->\n<title>Managing Emotions - Mission Jeunesse Montr\u00e9al<\/title>\n<meta name=\"robots\" content=\"index, follow, max-snippet:-1, max-image-preview:large, max-video-preview:-1\" \/>\n<link rel=\"canonical\" href=\"https:\/\/microsites.diocesemontreal.org\/microsites\/missionjeunesse-mtl\/en\/navigate\/managing-emotions\/\" \/>\n<meta property=\"og:locale\" content=\"fr_FR\" \/>\n<meta property=\"og:type\" content=\"article\" \/>\n<meta property=\"og:title\" content=\"Managing Emotions - Mission Jeunesse Montr\u00e9al\" \/>\n<meta property=\"og:description\" content=\"Managing EmotionsDATE AND TIME MARCH 236:00 P.M - 8:00 P.MLOCATION VIA ZOOMLANGUAGE OF ANIMATION ENGLISHCOST FREEWILL CONTRIBUTION The promise of WYD, no matter what your expectations are, is that you will experience emotions. And as we already know in advance, you will not only be transported by moments of joy. As human beings, we are [&hellip;]\" \/>\n<meta property=\"og:url\" content=\"https:\/\/microsites.diocesemontreal.org\/microsites\/missionjeunesse-mtl\/en\/navigate\/managing-emotions\/\" \/>\n<meta property=\"og:site_name\" content=\"Mission Jeunesse Montr\u00e9al\" \/>\n<meta property=\"article:modified_time\" content=\"2022-10-13T20:46:47+00:00\" \/>\n<meta name=\"twitter:card\" content=\"summary_large_image\" \/>\n<meta name=\"twitter:label1\" content=\"Dur\u00e9e de lecture estim\u00e9e\" \/>\n\t<meta name=\"twitter:data1\" content=\"3 minutes\" \/>\n<script type=\"application\/ld+json\" class=\"yoast-schema-graph\">{\"@context\":\"https:\/\/schema.org\",\"@graph\":[{\"@type\":\"WebPage\",\"@id\":\"https:\/\/microsites.diocesemontreal.org\/microsites\/missionjeunesse-mtl\/en\/navigate\/managing-emotions\/\",\"url\":\"https:\/\/microsites.diocesemontreal.org\/microsites\/missionjeunesse-mtl\/en\/navigate\/managing-emotions\/\",\"name\":\"Managing Emotions - Mission Jeunesse Montr\u00e9al\",\"isPartOf\":{\"@id\":\"https:\/\/microsites.diocesemontreal.org\/microsites\/missionjeunesse-mtl\/#website\"},\"primaryImageOfPage\":{\"@id\":\"https:\/\/microsites.diocesemontreal.org\/microsites\/missionjeunesse-mtl\/en\/navigate\/managing-emotions\/#primaryimage\"},\"image\":{\"@id\":\"https:\/\/microsites.diocesemontreal.org\/microsites\/missionjeunesse-mtl\/en\/navigate\/managing-emotions\/#primaryimage\"},\"thumbnailUrl\":\"https:\/\/microsites.diocesemontreal.org\/microsites\/missionjeunesse-mtl\/wp-content\/uploads\/sites\/39\/2022\/10\/FR-Banner-4.png\",\"datePublished\":\"2022-10-13T20:46:15+00:00\",\"dateModified\":\"2022-10-13T20:46:47+00:00\",\"breadcrumb\":{\"@id\":\"https:\/\/microsites.diocesemontreal.org\/microsites\/missionjeunesse-mtl\/en\/navigate\/managing-emotions\/#breadcrumb\"},\"inLanguage\":\"fr-FR\",\"potentialAction\":[{\"@type\":\"ReadAction\",\"target\":[\"https:\/\/microsites.diocesemontreal.org\/microsites\/missionjeunesse-mtl\/en\/navigate\/managing-emotions\/\"]}]},{\"@type\":\"ImageObject\",\"inLanguage\":\"fr-FR\",\"@id\":\"https:\/\/microsites.diocesemontreal.org\/microsites\/missionjeunesse-mtl\/en\/navigate\/managing-emotions\/#primaryimage\",\"url\":\"https:\/\/microsites.diocesemontreal.org\/microsites\/missionjeunesse-mtl\/wp-content\/uploads\/sites\/39\/2022\/10\/FR-Banner-4.png\",\"contentUrl\":\"https:\/\/microsites.diocesemontreal.org\/microsites\/missionjeunesse-mtl\/wp-content\/uploads\/sites\/39\/2022\/10\/FR-Banner-4.png\",\"width\":634,\"height\":356},{\"@type\":\"BreadcrumbList\",\"@id\":\"https:\/\/microsites.diocesemontreal.org\/microsites\/missionjeunesse-mtl\/en\/navigate\/managing-emotions\/#breadcrumb\",\"itemListElement\":[{\"@type\":\"ListItem\",\"position\":1,\"name\":\"Accueil\",\"item\":\"https:\/\/microsites.diocesemontreal.org\/microsites\/missionjeunesse-mtl\/\"},{\"@type\":\"ListItem\",\"position\":2,\"name\":\"Navigate\",\"item\":\"https:\/\/microsites.diocesemontreal.org\/microsites\/missionjeunesse-mtl\/en\/navigate\/\"},{\"@type\":\"ListItem\",\"position\":3,\"name\":\"Managing Emotions\"}]},{\"@type\":\"WebSite\",\"@id\":\"https:\/\/microsites.diocesemontreal.org\/microsites\/missionjeunesse-mtl\/#website\",\"url\":\"https:\/\/microsites.diocesemontreal.org\/microsites\/missionjeunesse-mtl\/\",\"name\":\"Mission Jeunesse Montr\u00e9al\",\"description\":\"Vivre, aimer, servir dans la joie\",\"potentialAction\":[{\"@type\":\"SearchAction\",\"target\":{\"@type\":\"EntryPoint\",\"urlTemplate\":\"https:\/\/microsites.diocesemontreal.org\/microsites\/missionjeunesse-mtl\/?s={search_term_string}\"},\"query-input\":{\"@type\":\"PropertyValueSpecification\",\"valueRequired\":true,\"valueName\":\"search_term_string\"}}],\"inLanguage\":\"fr-FR\"}]}<\/script>\n<!-- \/ Yoast SEO plugin. -->","yoast_head_json":{"title":"Managing Emotions - Mission Jeunesse Montr\u00e9al","robots":{"index":"index","follow":"follow","max-snippet":"max-snippet:-1","max-image-preview":"max-image-preview:large","max-video-preview":"max-video-preview:-1"},"canonical":"https:\/\/microsites.diocesemontreal.org\/microsites\/missionjeunesse-mtl\/en\/navigate\/managing-emotions\/","og_locale":"fr_FR","og_type":"article","og_title":"Managing Emotions - Mission Jeunesse Montr\u00e9al","og_description":"Managing EmotionsDATE AND TIME MARCH 236:00 P.M - 8:00 P.MLOCATION VIA ZOOMLANGUAGE OF ANIMATION ENGLISHCOST FREEWILL CONTRIBUTION The promise of WYD, no matter what your expectations are, is that you will experience emotions. And as we already know in advance, you will not only be transported by moments of joy. As human beings, we are [&hellip;]","og_url":"https:\/\/microsites.diocesemontreal.org\/microsites\/missionjeunesse-mtl\/en\/navigate\/managing-emotions\/","og_site_name":"Mission Jeunesse Montr\u00e9al","article_modified_time":"2022-10-13T20:46:47+00:00","twitter_card":"summary_large_image","twitter_misc":{"Dur\u00e9e de lecture estim\u00e9e":"3 minutes"},"schema":{"@context":"https:\/\/schema.org","@graph":[{"@type":"WebPage","@id":"https:\/\/microsites.diocesemontreal.org\/microsites\/missionjeunesse-mtl\/en\/navigate\/managing-emotions\/","url":"https:\/\/microsites.diocesemontreal.org\/microsites\/missionjeunesse-mtl\/en\/navigate\/managing-emotions\/","name":"Managing Emotions - Mission Jeunesse Montr\u00e9al","isPartOf":{"@id":"https:\/\/microsites.diocesemontreal.org\/microsites\/missionjeunesse-mtl\/#website"},"primaryImageOfPage":{"@id":"https:\/\/microsites.diocesemontreal.org\/microsites\/missionjeunesse-mtl\/en\/navigate\/managing-emotions\/#primaryimage"},"image":{"@id":"https:\/\/microsites.diocesemontreal.org\/microsites\/missionjeunesse-mtl\/en\/navigate\/managing-emotions\/#primaryimage"},"thumbnailUrl":"https:\/\/microsites.diocesemontreal.org\/microsites\/missionjeunesse-mtl\/wp-content\/uploads\/sites\/39\/2022\/10\/FR-Banner-4.png","datePublished":"2022-10-13T20:46:15+00:00","dateModified":"2022-10-13T20:46:47+00:00","breadcrumb":{"@id":"https:\/\/microsites.diocesemontreal.org\/microsites\/missionjeunesse-mtl\/en\/navigate\/managing-emotions\/#breadcrumb"},"inLanguage":"fr-FR","potentialAction":[{"@type":"ReadAction","target":["https:\/\/microsites.diocesemontreal.org\/microsites\/missionjeunesse-mtl\/en\/navigate\/managing-emotions\/"]}]},{"@type":"ImageObject","inLanguage":"fr-FR","@id":"https:\/\/microsites.diocesemontreal.org\/microsites\/missionjeunesse-mtl\/en\/navigate\/managing-emotions\/#primaryimage","url":"https:\/\/microsites.diocesemontreal.org\/microsites\/missionjeunesse-mtl\/wp-content\/uploads\/sites\/39\/2022\/10\/FR-Banner-4.png","contentUrl":"https:\/\/microsites.diocesemontreal.org\/microsites\/missionjeunesse-mtl\/wp-content\/uploads\/sites\/39\/2022\/10\/FR-Banner-4.png","width":634,"height":356},{"@type":"BreadcrumbList","@id":"https:\/\/microsites.diocesemontreal.org\/microsites\/missionjeunesse-mtl\/en\/navigate\/managing-emotions\/#breadcrumb","itemListElement":[{"@type":"ListItem","position":1,"name":"Accueil","item":"https:\/\/microsites.diocesemontreal.org\/microsites\/missionjeunesse-mtl\/"},{"@type":"ListItem","position":2,"name":"Navigate","item":"https:\/\/microsites.diocesemontreal.org\/microsites\/missionjeunesse-mtl\/en\/navigate\/"},{"@type":"ListItem","position":3,"name":"Managing Emotions"}]},{"@type":"WebSite","@id":"https:\/\/microsites.diocesemontreal.org\/microsites\/missionjeunesse-mtl\/#website","url":"https:\/\/microsites.diocesemontreal.org\/microsites\/missionjeunesse-mtl\/","name":"Mission Jeunesse Montr\u00e9al","description":"Vivre, aimer, servir dans la joie","potentialAction":[{"@type":"SearchAction","target":{"@type":"EntryPoint","urlTemplate":"https:\/\/microsites.diocesemontreal.org\/microsites\/missionjeunesse-mtl\/?s={search_term_string}"},"query-input":{"@type":"PropertyValueSpecification","valueRequired":true,"valueName":"search_term_string"}}],"inLanguage":"fr-FR"}]}},"_links":{"self":[{"href":"https:\/\/microsites.diocesemontreal.org\/microsites\/missionjeunesse-mtl\/wp-json\/wp\/v2\/pages\/49642","targetHints":{"allow":["GET"]}}],"collection":[{"href":"https:\/\/microsites.diocesemontreal.org\/microsites\/missionjeunesse-mtl\/wp-json\/wp\/v2\/pages"}],"about":[{"href":"https:\/\/microsites.diocesemontreal.org\/microsites\/missionjeunesse-mtl\/wp-json\/wp\/v2\/types\/page"}],"author":[{"embeddable":true,"href":"https:\/\/microsites.diocesemontreal.org\/microsites\/missionjeunesse-mtl\/wp-json\/wp\/v2\/users\/6"}],"replies":[{"embeddable":true,"href":"https:\/\/microsites.diocesemontreal.org\/microsites\/missionjeunesse-mtl\/wp-json\/wp\/v2\/comments?post=49642"}],"version-history":[{"count":3,"href":"https:\/\/microsites.diocesemontreal.org\/microsites\/missionjeunesse-mtl\/wp-json\/wp\/v2\/pages\/49642\/revisions"}],"predecessor-version":[{"id":49646,"href":"https:\/\/microsites.diocesemontreal.org\/microsites\/missionjeunesse-mtl\/wp-json\/wp\/v2\/pages\/49642\/revisions\/49646"}],"up":[{"embeddable":true,"href":"https:\/\/microsites.diocesemontreal.org\/microsites\/missionjeunesse-mtl\/wp-json\/wp\/v2\/pages\/49586"}],"wp:featuredmedia":[{"embeddable":true,"href":"https:\/\/microsites.diocesemontreal.org\/microsites\/missionjeunesse-mtl\/wp-json\/wp\/v2\/media\/49547"}],"wp:attachment":[{"href":"https:\/\/microsites.diocesemontreal.org\/microsites\/missionjeunesse-mtl\/wp-json\/wp\/v2\/media?parent=49642"}],"curies":[{"name":"wp","href":"https:\/\/api.w.org\/{rel}","templated":true}]}}