{"id":50203,"date":"2022-12-14T16:53:29","date_gmt":"2022-12-14T21:53:29","guid":{"rendered":"https:\/\/microsites.diocesemontreal.org\/microsites\/missionjeunesse-mtl\/?page_id=50203"},"modified":"2022-12-21T18:53:17","modified_gmt":"2022-12-21T23:53:17","slug":"gathering-on-intercultural-pastoral-care","status":"publish","type":"page","link":"https:\/\/microsites.diocesemontreal.org\/microsites\/missionjeunesse-mtl\/en\/gathering-on-intercultural-pastoral-care\/","title":{"rendered":"Gathering on Intercultural Pastoral Care"},"content":{"rendered":"<p>[et_pb_section fb_built=&#8221;1&#8243; _builder_version=&#8221;4.16&#8243; _module_preset=&#8221;3e3238de-a58c-415b-a09c-a37c47cb1a32&#8243; background_color=&#8221;rgba(0,0,0,0.4)&#8221; background_image=&#8221;https:\/\/microsites.diocesemontreal.org\/microsites\/missionjeunesse-mtl\/wp-content\/uploads\/sites\/39\/2021\/10\/clay-banks-LjqARJaJotc-unsplash.jpeg&#8221; global_colors_info=&#8221;{}&#8221;][et_pb_row _builder_version=&#8221;4.16&#8243; _module_preset=&#8221;default&#8221; global_colors_info=&#8221;{}&#8221;][et_pb_column type=&#8221;4_4&#8243; _builder_version=&#8221;4.16&#8243; _module_preset=&#8221;default&#8221; global_colors_info=&#8221;{}&#8221;][et_pb_text _builder_version=&#8221;4.18.0&#8243; _module_preset=&#8221;13f3cb56-62b0-456f-8ea9-91fa17a9f6d0&#8243; header_font=&#8221;|800|||||||&#8221; header_text_color=&#8221;#F5F5F5&#8243; header_4_font=&#8221;|300||on|||||&#8221; header_4_text_color=&#8221;#FCFCFC&#8221; header_4_letter_spacing=&#8221;0.5px&#8221; width=&#8221;78.7%&#8221; width_tablet=&#8221;100%&#8221; global_colors_info=&#8221;{}&#8221;]<\/p>\n<h4>\u00a0<\/h4>\n<h1>Gathering on Intercultural <br \/>Pastoral Care<\/h1>\n<p>[\/et_pb_text][\/et_pb_column][\/et_pb_row][\/et_pb_section][et_pb_section fb_built=&#8221;1&#8243; _builder_version=&#8221;4.18.0&#8243; _module_preset=&#8221;default&#8221; saved_tabs=&#8221;all&#8221; locked=&#8221;off&#8221; global_colors_info=&#8221;{}&#8221;][et_pb_row column_structure=&#8221;1_2,1_2&#8243; _builder_version=&#8221;4.16&#8243; _module_preset=&#8221;default&#8221; custom_margin=&#8221;0vw||0vw||false|false&#8221; global_colors_info=&#8221;{}&#8221;][et_pb_column type=&#8221;1_2&#8243; _builder_version=&#8221;4.16&#8243; _module_preset=&#8221;default&#8221; global_colors_info=&#8221;{}&#8221;][et_pb_text _builder_version=&#8221;4.18.0&#8243; _module_preset=&#8221;default&#8221; max_width=&#8221;1246px&#8221; global_colors_info=&#8221;{}&#8221;]<\/p>\n<h1>The challenges of an Intercultural Parish<\/h1>\n<div>\n<p>Our communities are enriched by many people who carry their own culture and who are eager to integrate harmoniously into life here&#8230;<\/p>\n<p>How can we foster a healthy integration? What attitudes can we develop in order to grow together towards <strong>&#8220;an ever greater us&#8221;?<\/strong><\/p>\n<\/div>\n<p>[\/et_pb_text][et_pb_text _builder_version=&#8221;4.18.0&#8243; _module_preset=&#8221;default&#8221; global_colors_info=&#8221;{}&#8221;]<\/p>\n<p>We will have sessions in French, English and Spanish.<\/p>\n<p>Open to ALL<\/p>\n<p>[\/et_pb_text][\/et_pb_column][et_pb_column type=&#8221;1_2&#8243; _builder_version=&#8221;4.16&#8243; _module_preset=&#8221;default&#8221; global_colors_info=&#8221;{}&#8221;][et_pb_testimonial company_name=&#8221;Orientations on Intercultural Migration Ministry&#8221; portrait_url=&#8221;https:\/\/microsites.diocesemontreal.org\/microsites\/missionjeunesse-mtl\/wp-content\/uploads\/sites\/39\/2022\/12\/Orientations-on-Intercultural-Migration-Ministry.png&#8221; quote_icon_color=&#8221;#112F31&#8243; portrait_width=&#8221;200px&#8221; portrait_height=&#8221;200px&#8221; _builder_version=&#8221;4.18.0&#8243; _module_preset=&#8221;default&#8221; company_font=&#8221;|700|||||||&#8221; company_font_size=&#8221;17px&#8221; company_line_height=&#8221;2em&#8221; border_radii_portrait=&#8221;off|4px|4px|4px|4px&#8221; border_color_all_portrait=&#8221;#FCFCFC&#8221; global_colors_info=&#8221;{}&#8221;]<\/p>\n<p><em>\u201cThe visible expression of the life of the Church in concrete particular com\u00admunities should reflect the diversity of her members. (\u2026) It is not a question of assimilation but rather an enrichment and a path towards transformation of all members of the community; for those arriving in a country should not feel like second class citizens but rather as part of the community, a unique \u201cwe\u201d as full members of the Church.\u201d\u00a0<\/em><\/p>\n<p>[\/et_pb_testimonial][\/et_pb_column][\/et_pb_row][\/et_pb_section][et_pb_section fb_built=&#8221;1&#8243; module_id=&#8221;programmation&#8221; _builder_version=&#8221;4.18.0&#8243; _module_preset=&#8221;default&#8221; background_color=&#8221;#112f31&#8243; global_colors_info=&#8221;{}&#8221;][et_pb_row _builder_version=&#8221;4.16&#8243; _module_preset=&#8221;default&#8221; custom_margin=&#8221;0vw||0rem||false|false&#8221; global_colors_info=&#8221;{}&#8221;][et_pb_column type=&#8221;4_4&#8243; _builder_version=&#8221;4.16&#8243; _module_preset=&#8221;default&#8221; global_colors_info=&#8221;{}&#8221;][et_pb_text _builder_version=&#8221;4.18.0&#8243; _module_preset=&#8221;5a53814f-5918-4064-a5cf-2eafb826e948&#8243; header_text_color=&#8221;#f3e1d2&#8243; header_font_size=&#8221;6.6rem&#8221; position_origin_a=&#8221;center_right&#8221; position_origin_a_tablet=&#8221;center_right&#8221; position_origin_a_phone=&#8221;center_right&#8221; position_origin_a_last_edited=&#8221;on|phone&#8221; position_origin_f_tablet=&#8221;&#8221; position_origin_f_phone=&#8221;&#8221; position_origin_f_last_edited=&#8221;on|phone&#8221; position_origin_r_tablet=&#8221;&#8221; position_origin_r_phone=&#8221;&#8221; position_origin_r_last_edited=&#8221;on|phone&#8221; width=&#8221;100%&#8221; max_width=&#8221;1920px&#8221; mix_blend_mode=&#8221;difference&#8221; header_font_size_phone=&#8221;3.6rem&#8221; positioning_tablet=&#8221;&#8221; positioning_phone=&#8221;relative&#8221; positioning_last_edited=&#8221;on|phone&#8221; global_colors_info=&#8221;{}&#8221;]<\/p>\n<h1>Program<\/h1>\n<p>[\/et_pb_text][\/et_pb_column][\/et_pb_row][et_pb_row column_structure=&#8221;1_3,1_3,1_3&#8243; _builder_version=&#8221;4.18.0&#8243; _module_preset=&#8221;default&#8221; global_colors_info=&#8221;{}&#8221;][et_pb_column type=&#8221;1_3&#8243; _builder_version=&#8221;4.16&#8243; _module_preset=&#8221;bdbb03b8-6c62-4076-a38c-9039e20efe1f&#8221; background_color=&#8221;#284345&#8243; background_color_tablet=&#8221;#284345&#8243; background_color_phone=&#8221;#284345&#8243; background_last_edited=&#8221;on|phone&#8221; global_colors_info=&#8221;{}&#8221; background__hover_enabled=&#8221;on|desktop&#8221; background_color__hover=&#8221;#40585a&#8221;][et_pb_image src=&#8221;https:\/\/microsites.diocesemontreal.org\/microsites\/missionjeunesse-mtl\/wp-content\/uploads\/sites\/39\/2022\/12\/319812490_1113063529355886_9146599966787607323_n.jpg&#8221; title_text=&#8221;319812490_1113063529355886_9146599966787607323_n&#8221; url=&#8221;http:\/\/bit.ly\/IPC4thfeb&#8221; url_new_window=&#8221;on&#8221; _builder_version=&#8221;4.18.0&#8243; _module_preset=&#8221;581764ff-79dd-4eaa-b7aa-5be7dfea1bd5&#8243; global_colors_info=&#8221;{}&#8221;][\/et_pb_image][et_pb_text _builder_version=&#8221;4.18.0&#8243; _module_preset=&#8221;f743a7dc-e8df-4ae7-b7bb-b74254b2e964&#8243; header_3_font=&#8221;Inter|500||on|||||&#8221; header_3_text_color=&#8221;#f4e2d2&#8243; header_4_text_color=&#8221;#75B38B&#8221; link_option_url=&#8221;bit.ly\/IPC4thfeb&#8221; link_option_url_new_window=&#8221;on&#8221; global_colors_info=&#8221;{}&#8221;]<\/p>\n<h3>in english<\/h3>\n<h3>4 feb 2023\u20139 A.M.-12 P.M.<\/h3>\n<h4><strong>Welcome is at 8:45A.M.<\/strong><\/h4>\n<h3><a href=\"https:\/\/www.diocesemontreal.org\/en\/lets-connect\/churches-parishes\/our-lady-fatima\">Our Lady of Fatima Parish<\/a><\/h3>\n<p>[\/et_pb_text][et_pb_button button_url=&#8221;http:\/\/bit.ly\/IPC4thfeb&#8221; url_new_window=&#8221;on&#8221; button_text=&#8221;To register for session in ENGLISH&#8221; _builder_version=&#8221;4.18.0&#8243; _module_preset=&#8221;default&#8221; button_text_color=&#8221;#231F20&#8243; button_bg_color=&#8221;#F4E2D2&#8243; button_border_color=&#8221;#F4E2D2&#8243; button_border_radius=&#8221;18px&#8221; button_font=&#8221;|700|||||||&#8221; button_use_icon=&#8221;off&#8221; global_colors_info=&#8221;{}&#8221;][\/et_pb_button][\/et_pb_column][et_pb_column type=&#8221;1_3&#8243; _builder_version=&#8221;4.16&#8243; _module_preset=&#8221;bdbb03b8-6c62-4076-a38c-9039e20efe1f&#8221; background_color=&#8221;#284345&#8243; background_color_tablet=&#8221;#284345&#8243; background_color_phone=&#8221;#284345&#8243; background_last_edited=&#8221;on|phone&#8221; global_colors_info=&#8221;{}&#8221; background__hover_enabled=&#8221;on|desktop&#8221; background_color__hover=&#8221;#40585a&#8221;][et_pb_image src=&#8221;https:\/\/microsites.diocesemontreal.org\/microsites\/missionjeunesse-mtl\/wp-content\/uploads\/sites\/39\/2022\/12\/318502041_685995623051402_1858577153306281088_n.jpg&#8221; title_text=&#8221;318502041_685995623051402_1858577153306281088_n&#8221; url=&#8221;http:\/\/bit.ly\/PInterculturelle11fevrier&#8221; _builder_version=&#8221;4.18.0&#8243; _module_preset=&#8221;581764ff-79dd-4eaa-b7aa-5be7dfea1bd5&#8243; width=&#8221;100%&#8221; module_alignment=&#8221;center&#8221; global_colors_info=&#8221;{}&#8221;][\/et_pb_image][et_pb_text _builder_version=&#8221;4.18.0&#8243; _module_preset=&#8221;f743a7dc-e8df-4ae7-b7bb-b74254b2e964&#8243; header_3_font=&#8221;Inter|500||on|||||&#8221; header_3_text_color=&#8221;#F4E2D2&#8243; header_4_text_color=&#8221;#75b38b&#8221; header_5_text_align=&#8221;left&#8221; link_option_url=&#8221; bit.ly\/PInterculturelle11fevrier&#8221; link_option_url_new_window=&#8221;on&#8221; hover_enabled=&#8221;0&#8243; global_colors_info=&#8221;{}&#8221; sticky_enabled=&#8221;0&#8243;]<\/p>\n<h3>IN FRENCH<\/h3>\n<h3>11 FEB 2023 \u2013 9h-12h00<\/h3>\n<h4><strong>Accueil \u00e0 8h45<\/strong><\/h4>\n<h3><a href=\"https:\/\/www.diocesemontreal.org\/fr\/vie-communautaire\/eglises-paroisses\/dame-dafrique\">\u00c9glise Notre Dame d\u2019Afrique<\/a><\/h3>\n<p>[\/et_pb_text][et_pb_button button_url=&#8221;http:\/\/bit.ly\/PInterculturelle11fevrier&#8221; url_new_window=&#8221;on&#8221; button_text=&#8221;To register for session in FRENCH&#8221; _builder_version=&#8221;4.18.0&#8243; _module_preset=&#8221;default&#8221; button_text_color=&#8221;#231F20&#8243; button_bg_color=&#8221;#F4E2D2&#8243; button_border_color=&#8221;#F4E2D2&#8243; button_border_radius=&#8221;18px&#8221; button_font=&#8221;|700|||||||&#8221; button_use_icon=&#8221;off&#8221; global_colors_info=&#8221;{}&#8221;][\/et_pb_button][\/et_pb_column][et_pb_column type=&#8221;1_3&#8243; _builder_version=&#8221;4.16&#8243; _module_preset=&#8221;bdbb03b8-6c62-4076-a38c-9039e20efe1f&#8221; background_color=&#8221;#284345&#8243; background_color_tablet=&#8221;#284345&#8243; background_color_phone=&#8221;#284345&#8243; background_last_edited=&#8221;on|phone&#8221; global_colors_info=&#8221;{}&#8221; background__hover_enabled=&#8221;on|desktop&#8221; background_color__hover=&#8221;#40585a&#8221;][et_pb_image src=&#8221;https:\/\/microsites.diocesemontreal.org\/microsites\/missionjeunesse-mtl\/wp-content\/uploads\/sites\/39\/2022\/12\/319896430_703519754410387_4797751261910097872_n.jpg&#8221; title_text=&#8221;319896430_703519754410387_4797751261910097872_n&#8221; url=&#8221;http:\/\/bit.ly\/PasInt28enero&#8221; _builder_version=&#8221;4.18.0&#8243; _module_preset=&#8221;581764ff-79dd-4eaa-b7aa-5be7dfea1bd5&#8243; global_colors_info=&#8221;{}&#8221;][\/et_pb_image][et_pb_text _builder_version=&#8221;4.18.0&#8243; _module_preset=&#8221;f743a7dc-e8df-4ae7-b7bb-b74254b2e964&#8243; header_text_color=&#8221;#75B38B&#8221; header_3_font=&#8221;Inter|500||on|||||&#8221; header_3_text_color=&#8221;#F4E2D2&#8243; header_4_text_color=&#8221;#75B38B&#8221; header_5_text_color=&#8221;#75B38B&#8221; link_option_url=&#8221;bit.ly\/PasInt28enero&#8221; link_option_url_new_window=&#8221;on&#8221; global_colors_info=&#8221;{}&#8221;]<\/p>\n<h3>In Spanish<\/h3>\n<h3>28 JAN 2023 \u2013 9h-12h<\/h3>\n<h4>Acogida a las 8:45 AM<\/h4>\n<h3 class=\"page-title\"><a href=\"https:\/\/www.diocesemontreal.org\/fr\/vie-communautaire\/eglises-paroisses\/dame-guadalupe-mission-latino-americaine\">Notre-Dame-de-Guadalupe (Mission latino-am\u00e9ricaine)<\/a><\/h3>\n<p>[\/et_pb_text][et_pb_button button_url=&#8221;http:\/\/bit.ly\/PasInt28enero&#8221; url_new_window=&#8221;on&#8221; button_text=&#8221;To register for session in SPANISH&#8221; _builder_version=&#8221;4.18.0&#8243; _module_preset=&#8221;default&#8221; button_text_color=&#8221;#231F20&#8243; button_bg_color=&#8221;#F4E2D2&#8243; button_border_color=&#8221;#F4E2D2&#8243; button_border_radius=&#8221;18px&#8221; button_font=&#8221;|700|||||||&#8221; button_use_icon=&#8221;off&#8221; custom_margin=&#8221;1rem||||false|false&#8221; global_colors_info=&#8221;{}&#8221;][\/et_pb_button][\/et_pb_column][\/et_pb_row][\/et_pb_section][et_pb_section fb_built=&#8221;1&#8243; _builder_version=&#8221;4.18.0&#8243; _module_preset=&#8221;default&#8221; background_color=&#8221;#F4E2D2&#8243; saved_tabs=&#8221;all&#8221; locked=&#8221;off&#8221; global_colors_info=&#8221;{}&#8221;][et_pb_row _builder_version=&#8221;4.18.0&#8243; _module_preset=&#8221;default&#8221; global_colors_info=&#8221;{}&#8221;][et_pb_column type=&#8221;4_4&#8243; _builder_version=&#8221;4.18.0&#8243; _module_preset=&#8221;default&#8221; global_colors_info=&#8221;{}&#8221;][et_pb_text _builder_version=&#8221;4.18.0&#8243; _module_preset=&#8221;default&#8221; header_text_color=&#8221;#756a67&#8243; global_colors_info=&#8221;{}&#8221;]<\/p>\n<h1>In Collaboration with<\/h1>\n<p>[\/et_pb_text][\/et_pb_column][\/et_pb_row][et_pb_row column_structure=&#8221;1_4,1_4,1_4,1_4&#8243; _builder_version=&#8221;4.18.0&#8243; _module_preset=&#8221;default&#8221; global_colors_info=&#8221;{}&#8221;][et_pb_column type=&#8221;1_4&#8243; _builder_version=&#8221;4.18.0&#8243; _module_preset=&#8221;default&#8221; global_colors_info=&#8221;{}&#8221;][\/et_pb_column][et_pb_column type=&#8221;1_4&#8243; _builder_version=&#8221;4.18.0&#8243; _module_preset=&#8221;default&#8221; global_colors_info=&#8221;{}&#8221;][et_pb_image src=&#8221;https:\/\/microsites.diocesemontreal.org\/microsites\/missionjeunesse-mtl\/wp-content\/uploads\/sites\/39\/2022\/12\/Off_Cultural_Ritual_Communities_EN_RGB.png&#8221; title_text=&#8221;Off_Cultural_Ritual_Communities_EN_RGB&#8221; _builder_version=&#8221;4.18.0&#8243; _module_preset=&#8221;default&#8221; global_colors_info=&#8221;{}&#8221;][\/et_pb_image][\/et_pb_column][et_pb_column type=&#8221;1_4&#8243; _builder_version=&#8221;4.18.0&#8243; _module_preset=&#8221;default&#8221; global_colors_info=&#8221;{}&#8221;][et_pb_image src=&#8221;https:\/\/microsites.diocesemontreal.org\/microsites\/missionjeunesse-mtl\/wp-content\/uploads\/sites\/39\/2022\/12\/Off_Faith_Education_EN_RGB.png&#8221; title_text=&#8221;Off_Faith_Education_EN_RGB&#8221; _builder_version=&#8221;4.18.0&#8243; _module_preset=&#8221;default&#8221; global_colors_info=&#8221;{}&#8221;][\/et_pb_image][\/et_pb_column][et_pb_column type=&#8221;1_4&#8243; _builder_version=&#8221;4.18.0&#8243; _module_preset=&#8221;default&#8221; global_colors_info=&#8221;{}&#8221;][\/et_pb_column][\/et_pb_row][\/et_pb_section]<\/p>\n","protected":false},"excerpt":{"rendered":"<p>\u00a0 Gathering on Intercultural Pastoral CareThe challenges of an Intercultural Parish Our communities are enriched by many people who carry their own culture and who are eager to integrate harmoniously into life here&#8230; How can we foster a healthy integration? What attitudes can we develop in order to grow together towards &#8220;an ever greater us&#8221;? [&hellip;]<\/p>\n","protected":false},"author":6,"featured_media":44621,"parent":0,"menu_order":0,"comment_status":"closed","ping_status":"closed","template":"","meta":{"_et_pb_use_builder":"on","_et_pb_old_content":"","_et_gb_content_width":"","_monsterinsights_skip_tracking":false,"_monsterinsights_sitenote_active":false,"_monsterinsights_sitenote_note":"","_monsterinsights_sitenote_category":0,"footnotes":""},"class_list":["post-50203","page","type-page","status-publish","has-post-thumbnail","hentry"],"yoast_head":"<!-- This site is optimized with the Yoast SEO plugin v26.4 - https:\/\/yoast.com\/wordpress\/plugins\/seo\/ -->\n<title>Gathering on Intercultural Pastoral Care - Mission Jeunesse Montr\u00e9al<\/title>\n<meta name=\"robots\" content=\"index, follow, max-snippet:-1, max-image-preview:large, max-video-preview:-1\" \/>\n<link rel=\"canonical\" href=\"https:\/\/microsites.diocesemontreal.org\/microsites\/missionjeunesse-mtl\/en\/gathering-on-intercultural-pastoral-care\/\" \/>\n<meta property=\"og:locale\" content=\"fr_FR\" \/>\n<meta property=\"og:type\" content=\"article\" \/>\n<meta property=\"og:title\" content=\"Gathering on Intercultural Pastoral Care - Mission Jeunesse Montr\u00e9al\" \/>\n<meta property=\"og:description\" content=\"\u00a0 Gathering on Intercultural Pastoral CareThe challenges of an Intercultural Parish Our communities are enriched by many people who carry their own culture and who are eager to integrate harmoniously into life here... How can we foster a healthy integration? What attitudes can we develop in order to grow together towards &quot;an ever greater us&quot;? [&hellip;]\" \/>\n<meta property=\"og:url\" content=\"https:\/\/microsites.diocesemontreal.org\/microsites\/missionjeunesse-mtl\/en\/gathering-on-intercultural-pastoral-care\/\" \/>\n<meta property=\"og:site_name\" content=\"Mission Jeunesse Montr\u00e9al\" \/>\n<meta property=\"article:modified_time\" content=\"2022-12-21T23:53:17+00:00\" \/>\n<meta name=\"twitter:card\" content=\"summary_large_image\" \/>\n<meta name=\"twitter:label1\" content=\"Dur\u00e9e de lecture estim\u00e9e\" \/>\n\t<meta name=\"twitter:data1\" content=\"3 minutes\" \/>\n<script type=\"application\/ld+json\" class=\"yoast-schema-graph\">{\"@context\":\"https:\/\/schema.org\",\"@graph\":[{\"@type\":\"WebPage\",\"@id\":\"https:\/\/microsites.diocesemontreal.org\/microsites\/missionjeunesse-mtl\/en\/gathering-on-intercultural-pastoral-care\/\",\"url\":\"https:\/\/microsites.diocesemontreal.org\/microsites\/missionjeunesse-mtl\/en\/gathering-on-intercultural-pastoral-care\/\",\"name\":\"Gathering on Intercultural Pastoral Care - Mission Jeunesse Montr\u00e9al\",\"isPartOf\":{\"@id\":\"https:\/\/microsites.diocesemontreal.org\/microsites\/missionjeunesse-mtl\/#website\"},\"primaryImageOfPage\":{\"@id\":\"https:\/\/microsites.diocesemontreal.org\/microsites\/missionjeunesse-mtl\/en\/gathering-on-intercultural-pastoral-care\/#primaryimage\"},\"image\":{\"@id\":\"https:\/\/microsites.diocesemontreal.org\/microsites\/missionjeunesse-mtl\/en\/gathering-on-intercultural-pastoral-care\/#primaryimage\"},\"thumbnailUrl\":\"https:\/\/microsites.diocesemontreal.org\/microsites\/missionjeunesse-mtl\/wp-content\/uploads\/sites\/39\/2021\/10\/clay-banks-LjqARJaJotc-unsplash.jpeg\",\"datePublished\":\"2022-12-14T21:53:29+00:00\",\"dateModified\":\"2022-12-21T23:53:17+00:00\",\"breadcrumb\":{\"@id\":\"https:\/\/microsites.diocesemontreal.org\/microsites\/missionjeunesse-mtl\/en\/gathering-on-intercultural-pastoral-care\/#breadcrumb\"},\"inLanguage\":\"fr-FR\",\"potentialAction\":[{\"@type\":\"ReadAction\",\"target\":[\"https:\/\/microsites.diocesemontreal.org\/microsites\/missionjeunesse-mtl\/en\/gathering-on-intercultural-pastoral-care\/\"]}]},{\"@type\":\"ImageObject\",\"inLanguage\":\"fr-FR\",\"@id\":\"https:\/\/microsites.diocesemontreal.org\/microsites\/missionjeunesse-mtl\/en\/gathering-on-intercultural-pastoral-care\/#primaryimage\",\"url\":\"https:\/\/microsites.diocesemontreal.org\/microsites\/missionjeunesse-mtl\/wp-content\/uploads\/sites\/39\/2021\/10\/clay-banks-LjqARJaJotc-unsplash.jpeg\",\"contentUrl\":\"https:\/\/microsites.diocesemontreal.org\/microsites\/missionjeunesse-mtl\/wp-content\/uploads\/sites\/39\/2021\/10\/clay-banks-LjqARJaJotc-unsplash.jpeg\",\"width\":1920,\"height\":1440},{\"@type\":\"BreadcrumbList\",\"@id\":\"https:\/\/microsites.diocesemontreal.org\/microsites\/missionjeunesse-mtl\/en\/gathering-on-intercultural-pastoral-care\/#breadcrumb\",\"itemListElement\":[{\"@type\":\"ListItem\",\"position\":1,\"name\":\"Accueil\",\"item\":\"https:\/\/microsites.diocesemontreal.org\/microsites\/missionjeunesse-mtl\/\"},{\"@type\":\"ListItem\",\"position\":2,\"name\":\"Gathering on Intercultural Pastoral Care\"}]},{\"@type\":\"WebSite\",\"@id\":\"https:\/\/microsites.diocesemontreal.org\/microsites\/missionjeunesse-mtl\/#website\",\"url\":\"https:\/\/microsites.diocesemontreal.org\/microsites\/missionjeunesse-mtl\/\",\"name\":\"Mission Jeunesse Montr\u00e9al\",\"description\":\"Vivre, aimer, servir dans la joie\",\"potentialAction\":[{\"@type\":\"SearchAction\",\"target\":{\"@type\":\"EntryPoint\",\"urlTemplate\":\"https:\/\/microsites.diocesemontreal.org\/microsites\/missionjeunesse-mtl\/?s={search_term_string}\"},\"query-input\":{\"@type\":\"PropertyValueSpecification\",\"valueRequired\":true,\"valueName\":\"search_term_string\"}}],\"inLanguage\":\"fr-FR\"}]}<\/script>\n<!-- \/ Yoast SEO plugin. -->","yoast_head_json":{"title":"Gathering on Intercultural Pastoral Care - Mission Jeunesse Montr\u00e9al","robots":{"index":"index","follow":"follow","max-snippet":"max-snippet:-1","max-image-preview":"max-image-preview:large","max-video-preview":"max-video-preview:-1"},"canonical":"https:\/\/microsites.diocesemontreal.org\/microsites\/missionjeunesse-mtl\/en\/gathering-on-intercultural-pastoral-care\/","og_locale":"fr_FR","og_type":"article","og_title":"Gathering on Intercultural Pastoral Care - Mission Jeunesse Montr\u00e9al","og_description":"\u00a0 Gathering on Intercultural Pastoral CareThe challenges of an Intercultural Parish Our communities are enriched by many people who carry their own culture and who are eager to integrate harmoniously into life here... How can we foster a healthy integration? What attitudes can we develop in order to grow together towards \"an ever greater us\"? [&hellip;]","og_url":"https:\/\/microsites.diocesemontreal.org\/microsites\/missionjeunesse-mtl\/en\/gathering-on-intercultural-pastoral-care\/","og_site_name":"Mission Jeunesse Montr\u00e9al","article_modified_time":"2022-12-21T23:53:17+00:00","twitter_card":"summary_large_image","twitter_misc":{"Dur\u00e9e de lecture estim\u00e9e":"3 minutes"},"schema":{"@context":"https:\/\/schema.org","@graph":[{"@type":"WebPage","@id":"https:\/\/microsites.diocesemontreal.org\/microsites\/missionjeunesse-mtl\/en\/gathering-on-intercultural-pastoral-care\/","url":"https:\/\/microsites.diocesemontreal.org\/microsites\/missionjeunesse-mtl\/en\/gathering-on-intercultural-pastoral-care\/","name":"Gathering on Intercultural Pastoral Care - Mission Jeunesse Montr\u00e9al","isPartOf":{"@id":"https:\/\/microsites.diocesemontreal.org\/microsites\/missionjeunesse-mtl\/#website"},"primaryImageOfPage":{"@id":"https:\/\/microsites.diocesemontreal.org\/microsites\/missionjeunesse-mtl\/en\/gathering-on-intercultural-pastoral-care\/#primaryimage"},"image":{"@id":"https:\/\/microsites.diocesemontreal.org\/microsites\/missionjeunesse-mtl\/en\/gathering-on-intercultural-pastoral-care\/#primaryimage"},"thumbnailUrl":"https:\/\/microsites.diocesemontreal.org\/microsites\/missionjeunesse-mtl\/wp-content\/uploads\/sites\/39\/2021\/10\/clay-banks-LjqARJaJotc-unsplash.jpeg","datePublished":"2022-12-14T21:53:29+00:00","dateModified":"2022-12-21T23:53:17+00:00","breadcrumb":{"@id":"https:\/\/microsites.diocesemontreal.org\/microsites\/missionjeunesse-mtl\/en\/gathering-on-intercultural-pastoral-care\/#breadcrumb"},"inLanguage":"fr-FR","potentialAction":[{"@type":"ReadAction","target":["https:\/\/microsites.diocesemontreal.org\/microsites\/missionjeunesse-mtl\/en\/gathering-on-intercultural-pastoral-care\/"]}]},{"@type":"ImageObject","inLanguage":"fr-FR","@id":"https:\/\/microsites.diocesemontreal.org\/microsites\/missionjeunesse-mtl\/en\/gathering-on-intercultural-pastoral-care\/#primaryimage","url":"https:\/\/microsites.diocesemontreal.org\/microsites\/missionjeunesse-mtl\/wp-content\/uploads\/sites\/39\/2021\/10\/clay-banks-LjqARJaJotc-unsplash.jpeg","contentUrl":"https:\/\/microsites.diocesemontreal.org\/microsites\/missionjeunesse-mtl\/wp-content\/uploads\/sites\/39\/2021\/10\/clay-banks-LjqARJaJotc-unsplash.jpeg","width":1920,"height":1440},{"@type":"BreadcrumbList","@id":"https:\/\/microsites.diocesemontreal.org\/microsites\/missionjeunesse-mtl\/en\/gathering-on-intercultural-pastoral-care\/#breadcrumb","itemListElement":[{"@type":"ListItem","position":1,"name":"Accueil","item":"https:\/\/microsites.diocesemontreal.org\/microsites\/missionjeunesse-mtl\/"},{"@type":"ListItem","position":2,"name":"Gathering on Intercultural Pastoral Care"}]},{"@type":"WebSite","@id":"https:\/\/microsites.diocesemontreal.org\/microsites\/missionjeunesse-mtl\/#website","url":"https:\/\/microsites.diocesemontreal.org\/microsites\/missionjeunesse-mtl\/","name":"Mission Jeunesse Montr\u00e9al","description":"Vivre, aimer, servir dans la joie","potentialAction":[{"@type":"SearchAction","target":{"@type":"EntryPoint","urlTemplate":"https:\/\/microsites.diocesemontreal.org\/microsites\/missionjeunesse-mtl\/?s={search_term_string}"},"query-input":{"@type":"PropertyValueSpecification","valueRequired":true,"valueName":"search_term_string"}}],"inLanguage":"fr-FR"}]}},"_links":{"self":[{"href":"https:\/\/microsites.diocesemontreal.org\/microsites\/missionjeunesse-mtl\/wp-json\/wp\/v2\/pages\/50203","targetHints":{"allow":["GET"]}}],"collection":[{"href":"https:\/\/microsites.diocesemontreal.org\/microsites\/missionjeunesse-mtl\/wp-json\/wp\/v2\/pages"}],"about":[{"href":"https:\/\/microsites.diocesemontreal.org\/microsites\/missionjeunesse-mtl\/wp-json\/wp\/v2\/types\/page"}],"author":[{"embeddable":true,"href":"https:\/\/microsites.diocesemontreal.org\/microsites\/missionjeunesse-mtl\/wp-json\/wp\/v2\/users\/6"}],"replies":[{"embeddable":true,"href":"https:\/\/microsites.diocesemontreal.org\/microsites\/missionjeunesse-mtl\/wp-json\/wp\/v2\/comments?post=50203"}],"version-history":[{"count":6,"href":"https:\/\/microsites.diocesemontreal.org\/microsites\/missionjeunesse-mtl\/wp-json\/wp\/v2\/pages\/50203\/revisions"}],"predecessor-version":[{"id":50219,"href":"https:\/\/microsites.diocesemontreal.org\/microsites\/missionjeunesse-mtl\/wp-json\/wp\/v2\/pages\/50203\/revisions\/50219"}],"wp:featuredmedia":[{"embeddable":true,"href":"https:\/\/microsites.diocesemontreal.org\/microsites\/missionjeunesse-mtl\/wp-json\/wp\/v2\/media\/44621"}],"wp:attachment":[{"href":"https:\/\/microsites.diocesemontreal.org\/microsites\/missionjeunesse-mtl\/wp-json\/wp\/v2\/media?parent=50203"}],"curies":[{"name":"wp","href":"https:\/\/api.w.org\/{rel}","templated":true}]}}