{"id":4331,"date":"2020-11-30T10:28:29","date_gmt":"2020-11-30T15:28:29","guid":{"rendered":"https:\/\/microsites.diocesemontreal.org\/microsites\/parishvitality\/?page_id=4331"},"modified":"2021-09-24T15:45:06","modified_gmt":"2021-09-24T19:45:06","slug":"lectio-divina-de-lavent","status":"publish","type":"page","link":"https:\/\/microsites.diocesemontreal.org\/microsites\/parishvitality\/language\/fr\/lectio-divina-de-lavent\/","title":{"rendered":"Lectio Divina de l&#8217;avent"},"content":{"rendered":"<p>[et_pb_section fb_built=&#8221;1&#8243; admin_label=&#8221;About&#8221; _builder_version=&#8221;4.6.0&#8243; background_image=&#8221;https:\/\/microsites.diocesemontreal.org\/microsites\/parishvitality\/wp-content\/uploads\/sites\/40\/2020\/11\/aaron-burden-Zjnlv9jAAXU-unsplash-scaled.jpg&#8221; parallax=&#8221;on&#8221; custom_padding=&#8221;0px|0px|0px|0px|false|false&#8221; filter_brightness=&#8221;102%&#8221; animation_style=&#8221;slide&#8221; animation_direction=&#8221;left&#8221; animation_delay=&#8221;100ms&#8221; animation_intensity_slide=&#8221;22%&#8221;][et_pb_row make_equal=&#8221;on&#8221; _builder_version=&#8221;4.6.0&#8243; background_color=&#8221;rgba(0,0,0,0)&#8221; background_size=&#8221;initial&#8221; background_position=&#8221;top_left&#8221; background_repeat=&#8221;repeat&#8221; width=&#8221;100%&#8221; max_width=&#8221;100%&#8221; min_height=&#8221;456px&#8221; custom_margin=&#8221;|||&#8221; custom_padding=&#8221;489px||0px|||&#8221; filter_brightness=&#8221;200%&#8221; use_custom_width=&#8221;on&#8221; width_unit=&#8221;off&#8221; custom_width_percent=&#8221;100%&#8221;][et_pb_column type=&#8221;4_4&#8243; _builder_version=&#8221;3.25&#8243; custom_padding=&#8221;60px|0px|100px|10%&#8221; custom_padding_tablet=&#8221;20px|10%|0px|10%&#8221; custom_padding_phone=&#8221;&#8221; custom_padding_last_edited=&#8221;on|desktop&#8221; custom_padding__hover=&#8221;|||&#8221;][et_pb_text _builder_version=&#8221;4.6.0&#8243; _module_preset=&#8221;default&#8221; text_text_color=&#8221;#ffffff&#8221; header_font=&#8221;|||on|||||&#8221; header_text_align=&#8221;left&#8221; header_font_size=&#8221;100px&#8221; header_2_text_align=&#8221;center&#8221; header_2_text_color=&#8221;#ffffff&#8221; header_2_font_size=&#8221;60px&#8221; header_3_font=&#8221;|||on|||||&#8221; header_3_text_align=&#8221;left&#8221; header_3_text_color=&#8221;#ffffff&#8221; header_3_font_size=&#8221;41px&#8221; background_layout=&#8221;dark&#8221; animation_style=&#8221;flip&#8221; animation_duration=&#8221;2000ms&#8221; animation_delay=&#8221;2000ms&#8221; header_font_size_tablet=&#8221;&#8221; header_font_size_phone=&#8221;69px&#8221; header_font_size_last_edited=&#8221;on|phone&#8221; header_2_font_size_tablet=&#8221;&#8221; header_2_font_size_phone=&#8221;39px&#8221; header_2_font_size_last_edited=&#8221;on|phone&#8221; header_3_font_size_tablet=&#8221;&#8221; header_3_font_size_phone=&#8221;35px&#8221; header_3_font_size_last_edited=&#8221;on|phone&#8221; header_text_shadow_style=&#8221;preset1&#8243; header_text_shadow_color=&#8221;#000000&#8243; header_2_text_shadow_style=&#8221;preset2&#8243; header_2_text_shadow_color=&#8221;#000000&#8243; header_3_text_shadow_style=&#8221;preset2&#8243; header_3_text_shadow_color=&#8221;#000000&#8243;]<\/p>\n<h1 style=\"text-align: left\"><span style=\"color: #ffffff\"><strong>LECTIO DIVINA de l&#8217;avent<\/strong><\/span><\/h1>\n<p>[\/et_pb_text][et_pb_text _builder_version=&#8221;4.6.0&#8243; _module_preset=&#8221;default&#8221; text_text_color=&#8221;#ffffff&#8221; header_font=&#8221;|||on|||||&#8221; header_text_align=&#8221;left&#8221; header_font_size=&#8221;100px&#8221; header_2_text_align=&#8221;center&#8221; header_2_text_color=&#8221;#ffffff&#8221; header_2_font_size=&#8221;58px&#8221; header_2_line_height=&#8221;1.2em&#8221; header_3_font=&#8221;|||on|||||&#8221; header_3_text_align=&#8221;left&#8221; header_3_text_color=&#8221;#ffffff&#8221; header_3_font_size=&#8221;41px&#8221; background_layout=&#8221;dark&#8221; animation_style=&#8221;flip&#8221; animation_duration=&#8221;2000ms&#8221; animation_delay=&#8221;2000ms&#8221; header_2_font_size_tablet=&#8221;&#8221; header_2_font_size_phone=&#8221;37px&#8221; header_2_font_size_last_edited=&#8221;on|desktop&#8221; header_3_font_size_tablet=&#8221;&#8221; header_3_font_size_phone=&#8221;35px&#8221; header_3_font_size_last_edited=&#8221;on|phone&#8221; header_text_shadow_style=&#8221;preset1&#8243; header_text_shadow_color=&#8221;#210044&#8243; header_2_text_shadow_style=&#8221;preset2&#8243; header_2_text_shadow_color=&#8221;#000000&#8243; header_3_text_shadow_style=&#8221;preset2&#8243; header_3_text_shadow_color=&#8221;#000000&#8243;]<\/p>\n<h2 style=\"text-align: left\"><strong>Comment Dieu m&#8217;appelle-t-il?<\/strong><\/h2>\n<p>[\/et_pb_text][et_pb_text disabled_on=&#8221;off|off|off&#8221; _builder_version=&#8221;4.6.0&#8243; _module_preset=&#8221;default&#8221; text_text_color=&#8221;#ffffff&#8221; header_3_font=&#8221;|||on|||||&#8221; header_3_text_align=&#8221;left&#8221; header_3_text_color=&#8221;#ffffff&#8221; header_3_font_size=&#8221;40px&#8221; background_layout=&#8221;dark&#8221; custom_margin=&#8221;||13px|||&#8221; custom_padding=&#8221;2px|||||&#8221; header_3_font_size_tablet=&#8221;&#8221; header_3_font_size_phone=&#8221;35px&#8221; header_3_font_size_last_edited=&#8221;on|phone&#8221; header_3_text_shadow_style=&#8221;preset2&#8243; header_3_text_shadow_color=&#8221;#000000&#8243;]<\/p>\n<h3><b>prenez le temps d&#8217;\u00e9couter cet avent<\/b><\/h3>\n<p>&nbsp;<\/p>\n<p>[\/et_pb_text][et_pb_divider color=&#8221;#210044&#8243; divider_weight=&#8221;11px&#8221; _builder_version=&#8221;4.6.0&#8243; _module_preset=&#8221;default&#8221; width=&#8221;13%&#8221; max_width=&#8221;14%&#8221; module_alignment=&#8221;left&#8221; min_height=&#8221;14px&#8221;][\/et_pb_divider][et_pb_text _builder_version=&#8221;4.6.0&#8243; _module_preset=&#8221;default&#8221; text_font=&#8221;||||||||&#8221; text_text_color=&#8221;#ffffff&#8221; text_font_size=&#8221;35px&#8221; header_4_text_align=&#8221;left&#8221; header_4_text_color=&#8221;#ffffff&#8221; header_4_font_size=&#8221;40px&#8221; header_4_line_height=&#8221;1.5em&#8221; background_layout=&#8221;dark&#8221; header_4_font_size_tablet=&#8221;&#8221; header_4_font_size_phone=&#8221;26px&#8221; header_4_font_size_last_edited=&#8221;on|phone&#8221; text_text_shadow_style=&#8221;preset2&#8243; header_4_text_shadow_style=&#8221;preset2&#8243; header_4_text_shadow_color=&#8221;#000000&#8243;]<\/p>\n<h4><strong>les vendredis, \u00e0 l&#8217;heure de d\u00eener, le 4 d\u00e9c. &#8211; le 18 d\u00e9c., 2020<\/strong><br \/> <strong> 12h15\u00a0 &#8211; 13h HNE<\/strong><\/h4>\n<p>[\/et_pb_text][et_pb_button button_url=&#8221;#registration&#8221; button_text=&#8221;Pour s&#8217;inscrire&#8221; button_alignment=&#8221;left&#8221; _builder_version=&#8221;4.6.0&#8243; custom_button=&#8221;on&#8221; button_text_color=&#8221;#ffffff&#8221; button_bg_color=&#8221;#210044&#8243; button_border_width=&#8221;12px&#8221; button_border_color=&#8221;#210044&#8243; button_border_radius=&#8221;0px&#8221; button_letter_spacing=&#8221;1px&#8221; button_font=&#8221;|700||on|||||&#8221; button_icon=&#8221;%%3%%&#8221; button_on_hover=&#8221;off&#8221; background_layout=&#8221;dark&#8221; custom_margin=&#8221;|||&#8221; custom_padding=&#8221;|||&#8221; animation_style=&#8221;flip&#8221; animation_direction=&#8221;top&#8221; animation_duration=&#8221;1150ms&#8221; animation_delay=&#8221;200ms&#8221; button_text_shadow_style=&#8221;preset2&#8243; button_text_shadow_color=&#8221;#000000&#8243; box_shadow_style=&#8221;preset2&#8243; box_shadow_color=&#8221;#000000&#8243; button_text_size__hover_enabled=&#8221;off|desktop&#8221; button_one_text_size__hover_enabled=&#8221;off&#8221; button_two_text_size__hover_enabled=&#8221;off&#8221; button_text_color__hover_enabled=&#8221;off&#8221; button_one_text_color__hover_enabled=&#8221;off&#8221; button_two_text_color__hover_enabled=&#8221;off&#8221; button_border_width__hover_enabled=&#8221;off&#8221; button_one_border_width__hover_enabled=&#8221;off&#8221; button_two_border_width__hover_enabled=&#8221;off&#8221; button_border_color__hover_enabled=&#8221;off&#8221; button_one_border_color__hover_enabled=&#8221;off&#8221; button_two_border_color__hover_enabled=&#8221;off&#8221; button_border_radius__hover_enabled=&#8221;off&#8221; button_one_border_radius__hover_enabled=&#8221;off&#8221; button_two_border_radius__hover_enabled=&#8221;off&#8221; button_letter_spacing__hover_enabled=&#8221;off&#8221; button_one_letter_spacing__hover_enabled=&#8221;off&#8221; button_two_letter_spacing__hover_enabled=&#8221;off&#8221; button_bg_color__hover_enabled=&#8221;off&#8221; button_one_bg_color__hover_enabled=&#8221;off&#8221; button_two_bg_color__hover_enabled=&#8221;off&#8221;][\/et_pb_button][\/et_pb_column][\/et_pb_row][\/et_pb_section][et_pb_section fb_built=&#8221;1&#8243; _builder_version=&#8221;4.6.0&#8243; _module_preset=&#8221;default&#8221;][et_pb_row use_custom_gutter=&#8221;on&#8221; gutter_width=&#8221;0&#8243; _builder_version=&#8221;4.6.0&#8243; width=&#8221;100%&#8221; custom_margin=&#8221;|||&#8221; custom_padding=&#8221;|||&#8221;][et_pb_column type=&#8221;4_4&#8243; _builder_version=&#8221;3.25&#8243; custom_padding=&#8221;|||&#8221; custom_padding__hover=&#8221;|||&#8221;][et_pb_text admin_label=&#8221;Text&#8221; _builder_version=&#8221;4.6.0&#8243; text_font=&#8221;||||||||&#8221; header_font=&#8221;||||||||&#8221; header_2_font=&#8221;Merriweather|700|||||||&#8221; header_2_font_size=&#8221;40px&#8221; header_2_line_height=&#8221;1.3em&#8221; custom_margin=&#8221;|||&#8221; custom_padding=&#8221;|||&#8221;]<\/p>\n<h2><span style=\"color: #47007a\">Comment Dieu m&#8217;appelle-t-il<\/span><span style=\"color: #47007a\">?<\/span><\/h2>\n<p>[\/et_pb_text][et_pb_divider color=&#8221;#47007a&#8221; divider_position=&#8221;center&#8221; divider_weight=&#8221;3px&#8221; _builder_version=&#8221;4.6.0&#8243; max_width=&#8221;90px&#8221; max_width_tablet=&#8221;13%&#8221; max_width_last_edited=&#8221;off|desktop&#8221; custom_margin=&#8221;15px|||&#8221; custom_padding=&#8221;|||&#8221;][\/et_pb_divider][et_pb_text admin_label=&#8221;description&#8221; _builder_version=&#8221;4.6.0&#8243; text_font=&#8221;||||||||&#8221; text_font_size=&#8221;20px&#8221; text_line_height=&#8221;1.8em&#8221; max_width_tablet=&#8221;89%&#8221; max_width_phone=&#8221;97%&#8221; max_width_last_edited=&#8221;off|desktop&#8221; custom_margin=&#8221;30px|||&#8221; custom_padding=&#8221;|||&#8221;]<\/p>\n<p><strong>Dieu m&#8217;appelle par <em>mon<\/em> nom, et m&#8217;envoie en S<em>on<\/em> nom.<\/strong><\/p>\n<p><strong><\/strong><\/p>\n<div>\n<p>\u00c0 la lumi\u00e8re de ce que nous a dit Mgr Paul-Andr\u00e9 Durocher le 21 novembre 2020, poursuivons ensemble le dialogue.<\/p>\n<\/div>\n<div>\n<div>\n<p>En cette p\u00e9riode de l&#8217;avent, prenons le temps de reconna\u00eetre les diff\u00e9rentes fa\u00e7ons par lesquelles Dieu nous appelle. Pendant les trois derniers vendredis de l\u2019avent, joignez-vous \u00e0 nous en ligne \u00e0 l\u2019heure de votre pause-d\u00eener. Nous revisiterons le cheminement de trois personnes ordinaires de la Bible, et leurs r\u00e9ponses extraordinaires \u00e0 l&#8217;appel de Dieu.<\/p>\n<\/div>\n<\/div>\n<div><\/div>\n<div><\/div>\n<div>\n<p><span>Faisons une pause dans l&#8217;incertitude et les tumultes de cette saison, pour \u00e9couter comment Dieu les a appel\u00e9s et se rappeler comment ils ont r\u00e9pondu. Puissions-nous nous aussi \u00eatre ouverts \u00e0 sa voix et l&#8217;entendre nous parler dans nos vies, afin que nous comprenions ce qu&#8217;il nous appelle \u00e0 faire pour la plus grande mission du Corps du Christ, dans nos familles et nos communaut\u00e9s, dans notre minist\u00e8re et notre travail. <\/span><\/p>\n<p><span>Une p\u00e9riode sera consacr\u00e9e au partage et \u00e0 la pri\u00e8re en commun.<\/span><\/p>\n<p><span>Ces sessions seront enregistr\u00e9es, mais le segment de partage sera exclu de l&#8217;enregistrement pour votre confort.<\/span><\/p>\n<p><span>Voir tous les d\u00e9tails et s&#8217;inscrire gratuitement ci-dessous.<\/span><\/p>\n<p><em>*Attention! Une fois inscrit, vous recevrez automatiquement un courriel contenant le lien Zoom. Si ce n\u2019est pas le cas, il se pourrait que le courriel soit dans vos pourriels.<\/em><\/p>\n<\/div>\n<p>[\/et_pb_text][et_pb_divider color=&#8221;#47007a&#8221; divider_position=&#8221;center&#8221; divider_weight=&#8221;3px&#8221; _builder_version=&#8221;4.6.0&#8243; max_width=&#8221;90px&#8221; max_width_tablet=&#8221;13%&#8221; max_width_last_edited=&#8221;off|desktop&#8221; custom_margin=&#8221;15px|||&#8221; custom_padding=&#8221;|||&#8221;][\/et_pb_divider][\/et_pb_column][\/et_pb_row][et_pb_row column_structure=&#8221;1_3,1_3,1_3&#8243; _builder_version=&#8221;4.6.0&#8243; _module_preset=&#8221;default&#8221;][et_pb_column type=&#8221;1_3&#8243; _builder_version=&#8221;4.6.0&#8243; _module_preset=&#8221;default&#8221;][et_pb_blurb title=&#8221;DATES&#8221; use_icon=&#8221;on&#8221; font_icon=&#8221;%%130%%&#8221; icon_color=&#8221;#47007a&#8221; icon_alignment=&#8221;left&#8221; _builder_version=&#8221;4.6.0&#8243; _module_preset=&#8221;default&#8221; header_text_color=&#8221;#47007a&#8221; header_font_size=&#8221;30px&#8221; header_line_height=&#8221;1.1em&#8221; body_font_size=&#8221;16px&#8221; body_line_height=&#8221;1.2em&#8221;]<\/p>\n<p><strong>Les vendredis de l&#8217;avent<\/strong><\/p>\n<p>12h15 &#8211; 13h HNE<\/p>\n<ul>\n<li><strong>le 4 d\u00e9cembre, 2020<\/strong><\/li>\n<li><strong>le 11 d\u00e9cembre, 2020<\/strong><\/li>\n<li><strong>le 18 d\u00e9cembre, 2020<\/strong><\/li>\n<\/ul>\n<p>par la plateform virtuelle, <em>Zoom<\/em><\/p>\n<p>[\/et_pb_blurb][\/et_pb_column][et_pb_column type=&#8221;1_3&#8243; _builder_version=&#8221;4.6.0&#8243; _module_preset=&#8221;default&#8221;][et_pb_blurb title=&#8221;\u00c0 QUI s&#8217;adresse-t-elle?&#8221; use_icon=&#8221;on&#8221; font_icon=&#8221;%%259%%&#8221; icon_color=&#8221;#47007a&#8221; icon_alignment=&#8221;left&#8221; _builder_version=&#8221;4.6.0&#8243; _module_preset=&#8221;default&#8221; header_text_color=&#8221;#47007a&#8221; header_font_size=&#8221;30px&#8221; body_font_size=&#8221;16px&#8221;]<\/p>\n<p>Ouvert \u00e0 tous.<\/p>\n<p>Pour ceux qui recherchent un espace de compassion pour prier les uns pour les autres, pour \u00eatre avec Dieu en communaut\u00e9 et pour apprendre \u00e0 \u00e9couter l&#8217;\u00c9criture avec leur c\u0153ur.<\/p>\n<p>[\/et_pb_blurb][\/et_pb_column][et_pb_column type=&#8221;1_3&#8243; _builder_version=&#8221;4.6.0&#8243; _module_preset=&#8221;default&#8221;][et_pb_blurb title=&#8221;INSCRIVEZ-VOUS gratuitement&#8221; use_icon=&#8221;on&#8221; font_icon=&#8221;%%280%%&#8221; icon_color=&#8221;#47007a&#8221; icon_alignment=&#8221;left&#8221; _builder_version=&#8221;4.6.0&#8243; _module_preset=&#8221;default&#8221; header_text_color=&#8221;#47007a&#8221; header_font_size=&#8221;30px&#8221; body_font_size=&#8221;16px&#8221; body_line_height=&#8221;1.5em&#8221;]<\/p>\n<p><span>Les contributions volontaires en ligne seront tr\u00e8s appr\u00e9ci\u00e9s.<\/span><\/p>\n<p>[\/et_pb_blurb][\/et_pb_column][\/et_pb_row][\/et_pb_section][et_pb_section fb_built=&#8221;1&#8243; admin_label=&#8221;Contact&#8221; _builder_version=&#8221;4.6.0&#8243; background_color=&#8221;rgba(208,176,244,0.22)&#8221; min_height=&#8221;100px&#8221; custom_margin=&#8221;0px||||false|false&#8221; custom_padding=&#8221;100px|0px|0px|0px|false|false&#8221; animation_style=&#8221;slide&#8221; animation_direction=&#8221;bottom&#8221; animation_intensity_slide=&#8221;20%&#8221; animation_starting_opacity=&#8221;100%&#8221; box_shadow_style=&#8221;preset7&#8243; box_shadow_horizontal=&#8221;0px&#8221; box_shadow_vertical=&#8221;80px&#8221; box_shadow_spread=&#8221;-14px&#8221; box_shadow_color=&#8221;#ffffff&#8221;][et_pb_row _builder_version=&#8221;4.6.0&#8243; _module_preset=&#8221;default&#8221; width=&#8221;84.9%&#8221;][et_pb_column type=&#8221;4_4&#8243; _builder_version=&#8221;4.6.0&#8243; _module_preset=&#8221;default&#8221;][et_pb_text admin_label=&#8221;Text&#8221; _builder_version=&#8221;4.6.0&#8243; text_font=&#8221;||||||||&#8221; header_font=&#8221;||||||||&#8221; header_2_font=&#8221;Merriweather|700|||||||&#8221; header_2_font_size=&#8221;40px&#8221; header_2_line_height=&#8221;1.3em&#8221; custom_margin=&#8221;|||&#8221; custom_padding=&#8221;|||&#8221;]<\/p>\n<h2><span style=\"color: #47007a\">Qu&#8217;est-ce que la Lectio Divina?<\/span><\/h2>\n<p>[\/et_pb_text][et_pb_divider color=&#8221;#47007a&#8221; divider_position=&#8221;center&#8221; divider_weight=&#8221;3px&#8221; _builder_version=&#8221;4.6.0&#8243; max_width=&#8221;90px&#8221; max_width_tablet=&#8221;13%&#8221; max_width_last_edited=&#8221;off|desktop&#8221; custom_margin=&#8221;15px|||&#8221; custom_padding=&#8221;|||&#8221;][\/et_pb_divider][et_pb_text admin_label=&#8221;description&#8221; _builder_version=&#8221;4.6.0&#8243; text_font=&#8221;||||||||&#8221; text_font_size=&#8221;20px&#8221; text_line_height=&#8221;1.8em&#8221; max_width_tablet=&#8221;89%&#8221; max_width_phone=&#8221;97%&#8221; max_width_last_edited=&#8221;off|desktop&#8221; custom_margin=&#8221;30px|||&#8221; custom_padding=&#8221;|||&#8221;]<\/p>\n<p><strong style=\"font-size: 20px\">Avez-vous d\u00e9j\u00e0 re\u00e7u un cadeau fait \u00e0 la main ou une lettre manuscrite d&#8217;un ami ou d&#8217;un proche ?<\/strong><\/p>\n<div>\n<p><strong><em>Probablement que oui.<\/em><\/strong><\/p>\n<p>Si c&#8217;est le cas, il y a de fortes chances que vous ayez pris le temps d&#8217;admirer les d\u00e9tails artisanaux ou de relire lentement le message d&#8217;amour. De la m\u00eame mani\u00e8re, la Lectio Divina ressemble \u00e0 la r\u00e9ception d&#8217;un cadeau et d&#8217;un message d&#8217;amour de Dieu. En pratiquant cette pri\u00e8re avec simplicit\u00e9 et libert\u00e9, nos c\u0153urs sont doucement \u00e9veill\u00e9s et fa\u00e7onn\u00e9s pour entendre plus clairement la voix de Dieu dans le silence de nos c\u0153urs.<\/p>\n<\/div>\n<p>&nbsp;<\/p>\n<p><strong>\u00a0\u00abArr\u00eatez! dit-il, reconnaissez-moi pour Dieu.\u00bb <\/strong>&#8211;\u00a0Psaumes 46:11<\/p>\n<p>[\/et_pb_text][et_pb_divider color=&#8221;#47007a&#8221; divider_position=&#8221;center&#8221; divider_weight=&#8221;3px&#8221; _builder_version=&#8221;4.6.0&#8243; max_width=&#8221;90px&#8221; max_width_tablet=&#8221;13%&#8221; max_width_last_edited=&#8221;off|desktop&#8221; custom_margin=&#8221;15px|||&#8221; custom_padding=&#8221;|||&#8221;][\/et_pb_divider][\/et_pb_column][\/et_pb_row][\/et_pb_section][et_pb_section fb_built=&#8221;1&#8243; admin_label=&#8221;Pricing&#8221; module_id=&#8221;registration&#8221; _builder_version=&#8221;4.6.0&#8243; custom_padding=&#8221;100px|0px|100px|0px&#8221;][et_pb_row _builder_version=&#8221;3.25&#8243; custom_margin=&#8221;|||&#8221;][et_pb_column type=&#8221;4_4&#8243; _builder_version=&#8221;3.25&#8243; custom_padding=&#8221;|||&#8221; custom_padding__hover=&#8221;|||&#8221;][et_pb_text admin_label=&#8221;Title&#8221; _builder_version=&#8221;4.6.0&#8243; text_font=&#8221;||||||||&#8221; header_font=&#8221;||||||||&#8221; header_2_font=&#8221;Merriweather|700|||||||&#8221; header_2_text_align=&#8221;center&#8221; header_2_font_size=&#8221;40px&#8221; header_2_line_height=&#8221;1.3em&#8221; max_width=&#8221;700px&#8221; module_alignment=&#8221;center&#8221; custom_margin=&#8221;|||&#8221;]<\/p>\n<h2><span style=\"color: #47007a\">L&#8217;inscription \u00e0 cet \u00e9v\u00e9nement est maintenant termin\u00e9e.<\/span><\/h2>\n<p>[\/et_pb_text][\/et_pb_column][\/et_pb_row][\/et_pb_section][et_pb_section fb_built=&#8221;1&#8243; admin_label=&#8221;Contact&#8221; _builder_version=&#8221;4.6.0&#8243; background_color=&#8221;rgba(208,176,244,0.22)&#8221; min_height=&#8221;100px&#8221; custom_margin=&#8221;0px||||false|false&#8221; custom_padding=&#8221;100px|0px|0px|0px|false|false&#8221; animation_style=&#8221;slide&#8221; animation_direction=&#8221;bottom&#8221; animation_intensity_slide=&#8221;20%&#8221; animation_starting_opacity=&#8221;100%&#8221; box_shadow_style=&#8221;preset7&#8243; box_shadow_horizontal=&#8221;0px&#8221; box_shadow_vertical=&#8221;80px&#8221; box_shadow_spread=&#8221;-14px&#8221; box_shadow_color=&#8221;#ffffff&#8221;][et_pb_row _builder_version=&#8221;4.6.0&#8243; _module_preset=&#8221;default&#8221; width=&#8221;84.9%&#8221;][et_pb_column type=&#8221;4_4&#8243; _builder_version=&#8221;4.6.0&#8243; _module_preset=&#8221;default&#8221;][et_pb_text _builder_version=&#8221;4.6.0&#8243; _module_preset=&#8221;default&#8221; text_font=&#8221;||||||||&#8221; header_2_font=&#8221;Arial||||||||&#8221; header_2_font_size=&#8221;20px&#8221; header_2_line_height=&#8221;1.3em&#8221; header_3_font_size=&#8221;24px&#8221; header_3_line_height=&#8221;1.2em&#8221;]<\/p>\n<h3 style=\"text-align: center\"><strong>Pour de plus amples informations ou commentaires concernant cet \u00e9v\u00e9nement,<br \/> veuillez nous contacter \u00e0:<\/strong><\/h3>\n<p style=\"text-align: center\"><span style=\"font-size: x-large\"><a href=\"mailto:PVC@diocesemontreal.org\">PVC@diocesemontreal.org<\/a><\/span><\/p>\n<p>&nbsp;<\/p>\n<p>[\/et_pb_text][\/et_pb_column][\/et_pb_row][\/et_pb_section][et_pb_section fb_built=&#8221;1&#8243; _builder_version=&#8221;4.6.0&#8243; _module_preset=&#8221;default&#8221; background_color=&#8221;#e8e8e8&#8243; custom_padding=&#8221;||4px|||&#8221;][et_pb_row column_structure=&#8221;1_3,1_3,1_3&#8243; _builder_version=&#8221;4.6.0&#8243; _module_preset=&#8221;default&#8221;][et_pb_column type=&#8221;1_3&#8243; _builder_version=&#8221;4.6.0&#8243; _module_preset=&#8221;default&#8221;][et_pb_image src=&#8221;https:\/\/microsites.diocesemontreal.org\/microsites\/parishvitality\/wp-content\/uploads\/sites\/40\/2020\/11\/Bur_coord_gen_FR_RGB.png&#8221; title_text=&#8221;Bur_coord_gen_FR_RGB&#8221; _builder_version=&#8221;4.6.0&#8243; _module_preset=&#8221;default&#8221;][\/et_pb_image][\/et_pb_column][et_pb_column type=&#8221;1_3&#8243; _builder_version=&#8221;4.6.0&#8243; _module_preset=&#8221;default&#8221;][et_pb_text _builder_version=&#8221;4.6.0&#8243; _module_preset=&#8221;default&#8221; header_4_text_color=&#8221;4aa87&#8243;]<\/p>\n<h4><span style=\"font-size: medium\"><strong><span style=\"color: #0c71c3\">\u00c0 Propos<\/span><\/strong><\/span><\/h4>\n<p><span>Dans un esprit de synodalit\u00e9, sa mission est d\u2019assurer l\u2019organisation, la planification, la coordination, l\u2019\u00e9valuation et la c\u00e9l\u00e9bration des actions de l\u2019ensemble des intervenants eccl\u00e9siaux de la curie et des milieux pastoraux de l\u2019\u00c9glise Catholique \u00e0 Montr\u00e9al.<\/span><\/p>\n<p>[\/et_pb_text][\/et_pb_column][et_pb_column type=&#8221;1_3&#8243; _builder_version=&#8221;4.6.0&#8243; _module_preset=&#8221;default&#8221;][et_pb_text _builder_version=&#8221;4.6.0&#8243; _module_preset=&#8221;default&#8221; header_4_text_color=&#8221;4aa87&#8243; custom_margin=&#8221;|-13px|||false|false&#8221; custom_padding=&#8221;|0px|||false|false&#8221;]<\/p>\n<h4><span style=\"font-size: medium\"><strong><span style=\"color: #0c71c3\">Contact\u00a0<\/span><\/strong><\/span><\/h4>\n<p><span>2000 rue Sherbrooke Ouest<\/span><br \/><span>Montr\u00e9al, QC H3H 1G4<\/span><br \/><a href=\"mailto:vg@diocesemontreal.org\">vg@diocesemontreal.org<br \/><\/a><span>514-925-4300 ext. 209<\/span><\/p>\n<p>&nbsp;<\/p>\n<p>[\/et_pb_text][\/et_pb_column][\/et_pb_row][\/et_pb_section]<\/p>\n","protected":false},"excerpt":{"rendered":"<p>LECTIO DIVINA de l&#8217;aventComment Dieu m&#8217;appelle-t-il?prenez le temps d&#8217;\u00e9couter cet avent &nbsp;les vendredis, \u00e0 l&#8217;heure de d\u00eener, le 4 d\u00e9c. &#8211; le 18 d\u00e9c., 2020 12h15\u00a0 &#8211; 13h HNEComment Dieu m&#8217;appelle-t-il?Dieu m&#8217;appelle par mon nom, et m&#8217;envoie en Son nom. \u00c0 la lumi\u00e8re de ce que nous a dit Mgr Paul-Andr\u00e9 Durocher le 21 novembre [&hellip;]<\/p>\n","protected":false},"author":15,"featured_media":4211,"parent":0,"menu_order":0,"comment_status":"closed","ping_status":"closed","template":"","meta":{"_et_pb_use_builder":"on","_et_pb_old_content":"","_et_gb_content_width":"","_monsterinsights_skip_tracking":false,"_monsterinsights_sitenote_active":false,"_monsterinsights_sitenote_note":"","_monsterinsights_sitenote_category":0,"footnotes":""},"class_list":["post-4331","page","type-page","status-publish","has-post-thumbnail","hentry"],"_links":{"self":[{"href":"https:\/\/microsites.diocesemontreal.org\/microsites\/parishvitality\/wp-json\/wp\/v2\/pages\/4331","targetHints":{"allow":["GET"]}}],"collection":[{"href":"https:\/\/microsites.diocesemontreal.org\/microsites\/parishvitality\/wp-json\/wp\/v2\/pages"}],"about":[{"href":"https:\/\/microsites.diocesemontreal.org\/microsites\/parishvitality\/wp-json\/wp\/v2\/types\/page"}],"author":[{"embeddable":true,"href":"https:\/\/microsites.diocesemontreal.org\/microsites\/parishvitality\/wp-json\/wp\/v2\/users\/15"}],"replies":[{"embeddable":true,"href":"https:\/\/microsites.diocesemontreal.org\/microsites\/parishvitality\/wp-json\/wp\/v2\/comments?post=4331"}],"version-history":[{"count":19,"href":"https:\/\/microsites.diocesemontreal.org\/microsites\/parishvitality\/wp-json\/wp\/v2\/pages\/4331\/revisions"}],"predecessor-version":[{"id":4979,"href":"https:\/\/microsites.diocesemontreal.org\/microsites\/parishvitality\/wp-json\/wp\/v2\/pages\/4331\/revisions\/4979"}],"wp:featuredmedia":[{"embeddable":true,"href":"https:\/\/microsites.diocesemontreal.org\/microsites\/parishvitality\/wp-json\/wp\/v2\/media\/4211"}],"wp:attachment":[{"href":"https:\/\/microsites.diocesemontreal.org\/microsites\/parishvitality\/wp-json\/wp\/v2\/media?parent=4331"}],"curies":[{"name":"wp","href":"https:\/\/api.w.org\/{rel}","templated":true}]}}