{"id":15,"date":"2019-08-20T23:25:29","date_gmt":"2019-08-20T21:25:29","guid":{"rendered":"http:\/\/microsites.diocesemontreal.org\/microsites\/sasmad\/?page_id=15"},"modified":"2025-05-04T20:18:09","modified_gmt":"2025-05-05T00:18:09","slug":"home","status":"publish","type":"page","link":"https:\/\/microsites.diocesemontreal.org\/microsites\/sasmad\/","title":{"rendered":"Accueil"},"content":{"rendered":"<p>[et_pb_section fb_built=&#8221;1&#8243; fullwidth=&#8221;on&#8221; _builder_version=&#8221;4.18.0&#8243; _module_preset=&#8221;default&#8221; background_enable_image=&#8221;off&#8221; animation_style=&#8221;zoom&#8221; global_module=&#8221;5719&#8243; saved_tabs=&#8221;all&#8221; global_colors_info=&#8221;{}&#8221;][\/et_pb_section][et_pb_section fb_built=&#8221;1&#8243; fullwidth=&#8221;on&#8221; _builder_version=&#8221;4.18.0&#8243; _dynamic_attributes=&#8221;link_option_url&#8221; background_color=&#8221;RGBA(255,255,255,0)&#8221; link_option_url=&#8221;@ET-DC@eyJkeW5hbWljIjp0cnVlLCJjb250ZW50IjoicG9zdF9saW5rX3VybF9wYWdlIiwic2V0dGluZ3MiOnsicG9zdF9pZCI6IjI1In19@&#8221; link_option_url_new_window=&#8221;on&#8221; hover_enabled=&#8221;0&#8243; border_color_all=&#8221;RGBA(255,255,255,0)&#8221; global_colors_info=&#8221;{}&#8221; sticky_enabled=&#8221;0&#8243;][et_pb_fullwidth_slider use_bg_overlay=&#8221;off&#8221; _builder_version=&#8221;4.18.0&#8243; _module_preset=&#8221;default&#8221; background_image=&#8221;https:\/\/microsites.diocesemontreal.org\/microsites\/sasmad\/wp-content\/uploads\/sites\/27\/2023\/01\/Screen-Shot-2023-01-11-at-8.20.32-PM.png&#8221; custom_button=&#8221;on&#8221; button_text_color=&#8221;#FFFFFF&#8221; button_bg_color=&#8221;rgba(10,10,10,0.57)&#8221; button_border_color=&#8221;#0a0a0a&#8221; auto=&#8221;on&#8221; auto_speed=&#8221;5000&#8243; hover_transition_duration=&#8221;500ms&#8221; link_option_url=&#8221;https:\/\/microsites.diocesemontreal.org\/microsites\/sasmad\/jmm-2025-3\/&#8221; link_option_url_new_window=&#8221;on&#8221; hover_enabled=&#8221;0&#8243; button_text_shadow_style=&#8221;preset3&#8243; text_shadow_style=&#8221;preset3&#8243; text_shadow_color=&#8221;#000000&#8243; global_colors_info=&#8221;{}&#8221; sticky_enabled=&#8221;0&#8243;][et_pb_slide button_text=&#8221;Faire un don&#8221; button_link=&#8221;https:\/\/www.canadahelps.org\/fr\/organismesdebienfaisance\/les-amis-de-jeanne-mance\/&#8221; image=&#8221;https:\/\/microsites.diocesemontreal.org\/microsites\/sasmad\/wp-content\/uploads\/sites\/27\/2025\/02\/SASMAD-Donation-FRA-3.png&#8221; _builder_version=&#8221;4.18.0&#8243; _module_preset=&#8221;default&#8221; body_font=&#8221;||on||||||&#8221; background_image=&#8221;https:\/\/microsites.diocesemontreal.org\/microsites\/sasmad\/wp-content\/uploads\/sites\/27\/2025\/02\/Donation-Main-SASMAD-scaled.jpg&#8221; background_enable_image=&#8221;on&#8221; custom_button=&#8221;on&#8221; button_text_color=&#8221;#FFFFFF&#8221; button_use_icon=&#8221;on&#8221; button_icon=&#8221;&#xe089;||divi||400&#8243; button_icon_color=&#8221;#E02B20&#8243; button_icon_placement=&#8221;left&#8221; button_on_hover=&#8221;on&#8221; button_alignment=&#8221;right&#8221; background_layout=&#8221;light&#8221; custom_padding=&#8221;300px||||false|false&#8221; link_option_url=&#8221;https:\/\/www.canadahelps.org\/fr\/organismesdebienfaisance\/les-amis-de-jeanne-mance\/&#8221; body_text_shadow_style=&#8221;preset3&#8243; button_text_shadow_style=&#8221;preset3&#8243; text_shadow_style=&#8221;preset3&#8243; text_shadow_color=&#8221;#FFFFFF&#8221; global_colors_info=&#8221;{}&#8221; sticky_transition=&#8221;on&#8221;]<\/p>\n<h1><strong>Votre don apporte une pr\u00e9sence chaleureuse \u00e0 nos ain\u00e9s isol\u00e9s et malades.<\/strong><\/h1>\n<p>[\/et_pb_slide][et_pb_slide heading=&#8221;Formations de base 2025&#8243; button_text=&#8221;Plus d&#8217;info&#8221; button_link=&#8221;@ET-DC@eyJkeW5hbWljIjp0cnVlLCJjb250ZW50IjoicG9zdF9saW5rX3VybF9wYWdlIiwic2V0dGluZ3MiOnsicG9zdF9pZCI6IjM3In19@&#8221; url_new_window=&#8221;on&#8221; image=&#8221;https:\/\/microsites.diocesemontreal.org\/microsites\/sasmad\/wp-content\/uploads\/sites\/27\/2024\/04\/dreamstime_xxl_303624771.jpeg&#8221; use_bg_overlay=&#8221;on&#8221; _builder_version=&#8221;4.18.0&#8243; _dynamic_attributes=&#8221;button_link&#8221; _module_preset=&#8221;default&#8221; header_level=&#8221;h2&#8243; header_font=&#8221;|800|||||||&#8221; header_text_align=&#8221;right&#8221; header_text_color=&#8221;#FFFFFF&#8221; body_font=&#8221;|700|||||||&#8221; body_text_align=&#8221;right&#8221; body_font_size=&#8221;30px&#8221; body_letter_spacing=&#8221;1px&#8221; body_line_height=&#8221;1.8em&#8221; background_color=&#8221;#FC5400&#8243; background_enable_color=&#8221;on&#8221; background_image=&#8221;https:\/\/microsites.diocesemontreal.org\/microsites\/sasmad\/wp-content\/uploads\/sites\/27\/2024\/04\/dreamstime_xxl_152638287.jpeg&#8221; background_enable_image=&#8221;on&#8221; button_alignment=&#8221;right&#8221; global_colors_info=&#8221;{}&#8221; sticky_transition=&#8221;on&#8221;]<\/p>\n<p>Nos formations de base offertes de fa\u00e7on r\u00e9guli\u00e8re durant toute l&#8217;ann\u00e9e<\/p>\n<p>[\/et_pb_slide][et_pb_slide heading=&#8221;SASMAD en action&#8221; video_url=&#8221;https:\/\/www.youtube.com\/watch?v=9qSNFGT8dJg&#8221; _builder_version=&#8221;4.18.0&#8243; _module_preset=&#8221;default&#8221; hover_enabled=&#8221;0&#8243; global_colors_info=&#8221;{}&#8221; sticky_transition=&#8221;on&#8221; title_text=&#8221;9e135b8d-224a-4985-9e88-c5a34a75e704&#8243; background_image=&#8221;https:\/\/microsites.diocesemontreal.org\/microsites\/sasmad\/wp-content\/uploads\/sites\/27\/2025\/05\/9e135b8d-224a-4985-9e88-c5a34a75e704.png&#8221; background_enable_image=&#8221;on&#8221; sticky_enabled=&#8221;0&#8243; background_layout=&#8221;light&#8221; text_shadow_style=&#8221;preset1&#8243; header_text_color=&#8221;#FFFFFF&#8221; header_font=&#8221;|700|||||||&#8221; text_shadow_color=&#8221;#FFFFFF&#8221; body_text_color=&#8221;#FFFFFF&#8221; body_font_size=&#8221;24px&#8221; body_font=&#8221;|700|||||||&#8221;]<\/p>\n<p><strong><em>Pastorale des malades par KTO<\/em><\/strong><\/p>\n<p>[\/et_pb_slide][\/et_pb_fullwidth_slider][et_pb_fullwidth_slider _builder_version=&#8221;4.18.0&#8243; background_color=&#8221;RGBA(255,255,255,0)&#8221; background_enable_image=&#8221;off&#8221; parallax=&#8221;on&#8221; min_height=&#8221;714px&#8221; link_option_url=&#8221;http:\/\/microsites.diocesemontreal.org\/microsites\/sasmad\/beneficiaires\/&#8221; global_colors_info=&#8221;{}&#8221;][et_pb_slide heading=&#8221;Service d&#8217;Accompagnement Spirituel des personnes Malades ou \u00c2g\u00e9es \u00e0 Domicile&#8221; button_text=&#8221;Plus d&#8217;info&#8221; button_link=&#8221;http:\/\/microsites.diocesemontreal.org\/microsites\/sasmad\/beneficiaires\/&#8221; image=&#8221;https:\/\/microsites.diocesemontreal.org\/microsites\/sasmad\/wp-content\/uploads\/sites\/27\/2019\/08\/Logo-signature-courriel-1.png&#8221; use_bg_overlay=&#8221;on&#8221; bg_overlay_color=&#8221;RGBA(255,255,255,0)&#8221; use_text_overlay=&#8221;off&#8221; _builder_version=&#8221;4.18.0&#8243; background_enable_color=&#8221;off&#8221; background_image=&#8221;https:\/\/microsites.diocesemontreal.org\/microsites\/sasmad\/wp-content\/uploads\/sites\/27\/2019\/08\/MontrealCommonsens.jpg&#8221; background_enable_image=&#8221;on&#8221; global_colors_info=&#8221;{}&#8221; sticky_transition=&#8221;on&#8221;]<\/p>\n<p><strong>\u00a0<\/strong><\/p>\n<p>&nbsp;<\/p>\n<p>[\/et_pb_slide][\/et_pb_fullwidth_slider][\/et_pb_section][et_pb_section fb_built=&#8221;1&#8243; fullwidth=&#8221;on&#8221; _builder_version=&#8221;4.18.0&#8243; _module_preset=&#8221;default&#8221; global_colors_info=&#8221;{}&#8221;][\/et_pb_section][et_pb_section fb_built=&#8221;1&#8243; _builder_version=&#8221;4.16&#8243; _module_preset=&#8221;default&#8221; global_colors_info=&#8221;{}&#8221;][et_pb_row _builder_version=&#8221;4.16&#8243; _module_preset=&#8221;default&#8221; global_colors_info=&#8221;{}&#8221;][et_pb_column type=&#8221;4_4&#8243; _builder_version=&#8221;4.16&#8243; _module_preset=&#8221;default&#8221; global_colors_info=&#8221;{}&#8221;][et_pb_text _builder_version=&#8221;4.16&#8243; _module_preset=&#8221;default&#8221; text_text_color=&#8221;#000000&#8243; global_colors_info=&#8221;{}&#8221;]<\/p>\n<p style=\"text-align: justify\"><span style=\"font-size: medium\"><strong>Le Service d\u2019accompagnement spirituel des personnes malades ou \u00e2g\u00e9es \u00e0 domicile (SASMAD)<\/strong> est un service offert aux personnes r\u00e9sidant sur le territoire du dioc\u00e8se catholique \u00e0 Montr\u00e9al comprenant l\u2019\u00cele de Montr\u00e9al, Laval, Repentigny, Saint-Sulpice et l\u2019Assomption.<\/span><\/p>\n<p style=\"text-align: justify\"><span style=\"font-size: medium\">Il s\u2019agit de visites individuelles \u00e0 domicile par une personne b\u00e9n\u00e9vole form\u00e9e \u00e0 cet effet, d\u2019une heure par semaine ou selon les besoins du b\u00e9n\u00e9ficiaire. Notre service cible une client\u00e8le qui a besoin que l\u2019on aille vers elle, d\u00fb au vieillissement, \u00e0 la maladie ou \u00e0 l\u2019isolement, de fa\u00e7on peut-\u00eatre temporaire ou d\u00e9finitive. Ces personnes ont besoin que l\u2019aide vienne \u00e0 elles, chez elles, faute de pouvoir aller la chercher \u00e0 l\u2019ext\u00e9rieur. En effet, <strong>la mission du SASMAD<\/strong> est d\u2019offrir un service de visites pour les personnes retenues \u00e0 domicile dans le but de prodiguer un accompagnement spirituel et\/ou un soutien religieux, dans certains cas.<\/span><\/p>\n<p style=\"text-align: justify\"><span style=\"font-size: medium\"><strong> Le SASMAD veut leur procurer un peu de r\u00e9confort, d\u2019esp\u00e9rance et une oreille attentive \u00e0 leur v\u00e9cu.<\/strong> Les personnes peuvent en faire la demande elles-m\u00eames, ou par l\u2019interm\u00e9diaire de leurs proches, de leur pasteur, des professionnels de la sant\u00e9 ou des organismes communautaires.<\/span><\/p>\n<p>[\/et_pb_text][\/et_pb_column][\/et_pb_row][\/et_pb_section][et_pb_section fb_built=&#8221;1&#8243; fullwidth=&#8221;on&#8221; _builder_version=&#8221;4.16&#8243; _dynamic_attributes=&#8221;link_option_url&#8221; link_option_url=&#8221;@ET-DC@eyJkeW5hbWljIjp0cnVlLCJjb250ZW50IjoicG9zdF9saW5rX3VybF9wYWdlIiwic2V0dGluZ3MiOnsicG9zdF9pZCI6IjI1In19@&#8221; link_option_url_new_window=&#8221;on&#8221; collapsed=&#8221;on&#8221; global_colors_info=&#8221;{}&#8221;][et_pb_fullwidth_slider _builder_version=&#8221;4.18.0&#8243; header_font=&#8221;||||||||&#8221; use_background_color_gradient=&#8221;on&#8221; background_color_gradient_stops=&#8221;rgba(28,1,135,0.36) 0%|#ffffff 100%&#8221; background_color_gradient_start=&#8221;rgba(28,1,135,0.36)&#8221; background_color_gradient_end=&#8221;#ffffff&#8221; background_image=&#8221;https:\/\/microsites.diocesemontreal.org\/microsites\/sasmad\/wp-content\/uploads\/sites\/27\/2019\/10\/compassion.jpg&#8221; parallax=&#8221;on&#8221; width=&#8221;100%&#8221; max_width=&#8221;100%&#8221; min_height=&#8221;1000px&#8221; height=&#8221;998px&#8221; max_height=&#8221;1000px&#8221; link_option_url=&#8221;\/microsites\/sasmad\/beneficiaires\/&#8221; header_text_shadow_style=&#8221;preset1&#8243; text_shadow_style=&#8221;preset1&#8243; global_colors_info=&#8221;{}&#8221;][et_pb_slide heading=&#8221;%22 J&#8217;\u00e9tais malade et vous m&#8217;avez visit\u00e9 %22&#8243; button_text=&#8221;Plus d&#8217;info&#8221; button_link=&#8221;@ET-DC@eyJkeW5hbWljIjp0cnVlLCJjb250ZW50IjoicG9zdF9saW5rX3VybF9wYWdlIiwic2V0dGluZ3MiOnsicG9zdF9pZCI6Ijk1In19@&#8221; url_new_window=&#8221;on&#8221; _builder_version=&#8221;4.16&#8243; _dynamic_attributes=&#8221;button_link&#8221; background_color=&#8221;rgba(0,0,0,0)&#8221; background_enable_color=&#8221;on&#8221; link_option_url_new_window=&#8221;on&#8221; global_colors_info=&#8221;{}&#8221; sticky_transition=&#8221;on&#8221;]<\/p>\n<p style=\"text-align: center\">Mt 25,36<\/p>\n<p>[\/et_pb_slide][\/et_pb_fullwidth_slider][\/et_pb_section][et_pb_section fb_built=&#8221;1&#8243; _builder_version=&#8221;4.16&#8243; collapsed=&#8221;on&#8221; global_colors_info=&#8221;{}&#8221;][et_pb_row column_structure=&#8221;1_3,1_3,1_3&#8243; _builder_version=&#8221;4.16&#8243; global_colors_info=&#8221;{}&#8221;][et_pb_column type=&#8221;1_3&#8243; _builder_version=&#8221;4.16&#8243; global_colors_info=&#8221;{}&#8221;][et_pb_blurb title=&#8221;Nous r\u00e9pondons %22oui%22 &#8221; image=&#8221;https:\/\/microsites.diocesemontreal.org\/microsites\/sasmad\/wp-content\/uploads\/sites\/27\/2020\/08\/B\u00e9n\u00e9voles-r\u00e9pondons-oui-ajust\u00e9.png&#8221; alt=&#8221;B\u00e9n\u00e9voles SASMAD&#8221; _builder_version=&#8221;4.16&#8243; header_level=&#8221;h3&#8243; header_font=&#8221;|700|||||||&#8221; header_line_height=&#8221;1.3em&#8221; global_colors_info=&#8221;{}&#8221;]<\/p>\n<p style=\"text-align: justify\"><span style=\"font-size: medium;color: #000000\">Inspir\u00e9 de l&#8217;\u00c9vangile de Mathieu, le Service d&#8217;accompagnement spirituel des personnes malades et\/ou \u00e2g\u00e9es retenues \u00e0 domicile, se veut missionnaire depuis sa fondation. Les personnes impliqu\u00e9es au SASMAD, tant la direction que les b\u00e9n\u00e9voles, s&#8217;appuient sur ce passage o\u00f9 J\u00e9sus s&#8217;identifie aux personnes malades, souffrantes, pauvres et \u00e2g\u00e9es, isol\u00e9es et souvent exclues de la societ\u00e9. Il demande \u00e0 \u00eatre visit\u00e9&#8230; nous r\u00e9pondons &#8220;oui&#8221; \u00e0 son appel.<\/span><\/p>\n<p>&nbsp;<\/p>\n<p>[\/et_pb_blurb][\/et_pb_column][et_pb_column type=&#8221;1_3&#8243; _builder_version=&#8221;4.16&#8243; global_colors_info=&#8221;{}&#8221;][et_pb_blurb title=&#8221;Quelle que soit leur croyance&#8221; image=&#8221;https:\/\/microsites.diocesemontreal.org\/microsites\/sasmad\/wp-content\/uploads\/sites\/27\/2019\/10\/Listening-and-Healing-Photo-by-Jay-Wen-on-Unsplash.jpg&#8221; _builder_version=&#8221;4.16&#8243; header_level=&#8221;h3&#8243; header_font=&#8221;|700|||||||&#8221; global_colors_info=&#8221;{}&#8221;]<\/p>\n<p style=\"text-align: justify\"><span style=\"font-size: medium;color: #000000\">Ce service d&#8217;\u00c9glise a le souci de venir en aide \u00e0 toutes les personnes malades ou \u00e2g\u00e9es, quelle que soit leur croyance ou leur situation, pour qu&#8217;elles d\u00e9couvrent, \u00e0 travers leurs \u00e9preuves, un &#8220;sens \u00e0 leur vie&#8221;, une esp\u00e9rance et une lib\u00e9ration. Les visites favorisent l&#8217;expression libre de leur histoire de vie, leurs sentiments et leurs attentes, dans un climat de confiance et de non jugement.<\/span><\/p>\n<p>[\/et_pb_blurb][\/et_pb_column][et_pb_column type=&#8221;1_3&#8243; _builder_version=&#8221;4.16&#8243; global_colors_info=&#8221;{}&#8221;][et_pb_blurb title=&#8221;\u00c0 cause de J\u00e9sus, aller visiter sans aucun pros\u00e9lytisme&#8221; image=&#8221;https:\/\/microsites.diocesemontreal.org\/microsites\/sasmad\/wp-content\/uploads\/sites\/27\/2019\/10\/open-door-Photo-by-Arno-Smit-on-Unsplash.jpg&#8221; _builder_version=&#8221;4.16&#8243; header_level=&#8221;h3&#8243; header_font=&#8221;|700|||||||&#8221; header_line_height=&#8221;1.3em&#8221; global_colors_info=&#8221;{}&#8221;]<\/p>\n<p style=\"text-align: justify\"><span style=\"font-size: medium;color: #000000\">Le service Sasmad, bien qu\u2019il soit un service dioc\u00e9sain de l\u2019\u00c9glise Catholique \u00e0 Montr\u00e9al, ne fait pas de pros\u00e9lytisme. Le but des rencontres n\u2019est pas de convertir ni d\u2019enseigner quelque religion que ce soit.<\/span><br \/> <span style=\"font-size: medium;color: #000000\"> Il s\u2019agit tout simplement d\u2019accueillir l\u2019autre dans le respect de la dignit\u00e9 de sa personne et de ce qu\u2019il accepte librement de nous partager.<\/span><\/p>\n<p>[\/et_pb_blurb][\/et_pb_column][\/et_pb_row][\/et_pb_section]<\/p>\n","protected":false},"excerpt":{"rendered":"<p>Votre don apporte une pr\u00e9sence chaleureuse \u00e0 nos ain\u00e9s isol\u00e9s et malades.Nos formations de base offertes de fa\u00e7on r\u00e9guli\u00e8re durant toute l&#8217;ann\u00e9ePastorale des malades par KTO\u00a0 &nbsp;Le Service d\u2019accompagnement spirituel des personnes malades ou \u00e2g\u00e9es \u00e0 domicile (SASMAD) est un service offert aux personnes r\u00e9sidant sur le territoire du dioc\u00e8se catholique \u00e0 Montr\u00e9al comprenant l\u2019\u00cele [&hellip;]<\/p>\n","protected":false},"author":196,"featured_media":133,"parent":0,"menu_order":0,"comment_status":"closed","ping_status":"closed","template":"","meta":{"_et_pb_use_builder":"on","_et_pb_old_content":"","_et_gb_content_width":"","_monsterinsights_skip_tracking":false,"_monsterinsights_sitenote_active":false,"_monsterinsights_sitenote_note":"","_monsterinsights_sitenote_category":0,"footnotes":""},"class_list":["post-15","page","type-page","status-publish","has-post-thumbnail","hentry"],"_links":{"self":[{"href":"https:\/\/microsites.diocesemontreal.org\/microsites\/sasmad\/wp-json\/wp\/v2\/pages\/15","targetHints":{"allow":["GET"]}}],"collection":[{"href":"https:\/\/microsites.diocesemontreal.org\/microsites\/sasmad\/wp-json\/wp\/v2\/pages"}],"about":[{"href":"https:\/\/microsites.diocesemontreal.org\/microsites\/sasmad\/wp-json\/wp\/v2\/types\/page"}],"author":[{"embeddable":true,"href":"https:\/\/microsites.diocesemontreal.org\/microsites\/sasmad\/wp-json\/wp\/v2\/users\/196"}],"replies":[{"embeddable":true,"href":"https:\/\/microsites.diocesemontreal.org\/microsites\/sasmad\/wp-json\/wp\/v2\/comments?post=15"}],"version-history":[{"count":299,"href":"https:\/\/microsites.diocesemontreal.org\/microsites\/sasmad\/wp-json\/wp\/v2\/pages\/15\/revisions"}],"predecessor-version":[{"id":6938,"href":"https:\/\/microsites.diocesemontreal.org\/microsites\/sasmad\/wp-json\/wp\/v2\/pages\/15\/revisions\/6938"}],"wp:featuredmedia":[{"embeddable":true,"href":"https:\/\/microsites.diocesemontreal.org\/microsites\/sasmad\/wp-json\/wp\/v2\/media\/133"}],"wp:attachment":[{"href":"https:\/\/microsites.diocesemontreal.org\/microsites\/sasmad\/wp-json\/wp\/v2\/media?parent=15"}],"curies":[{"name":"wp","href":"https:\/\/api.w.org\/{rel}","templated":true}]}}