{"id":19,"date":"2019-08-20T23:28:00","date_gmt":"2019-08-20T21:28:00","guid":{"rendered":"http:\/\/microsites.diocesemontreal.org\/microsites\/sasmad\/?page_id=19"},"modified":"2020-11-12T23:37:47","modified_gmt":"2020-11-13T04:37:47","slug":"ressources","status":"publish","type":"page","link":"https:\/\/microsites.diocesemontreal.org\/microsites\/sasmad\/ressources\/","title":{"rendered":"Ressources"},"content":{"rendered":"<p>[et_pb_section fb_built=&#8221;1&#8243; _builder_version=&#8221;4.5.0&#8243; _module_preset=&#8221;default&#8221; background_image=&#8221;https:\/\/microsites.diocesemontreal.org\/microsites\/sasmad\/wp-content\/uploads\/sites\/27\/2020\/08\/paul-schafer-t6oZEgL0z18-unsplash-scaled.jpg&#8221; min_height=&#8221;753px&#8221; custom_margin=&#8221;||-6px|||&#8221; custom_padding=&#8221;159px|||||&#8221;][et_pb_row column_structure=&#8221;1_2,1_2&#8243; _builder_version=&#8221;4.5.0&#8243; _module_preset=&#8221;default&#8221; min_height=&#8221;636px&#8221;][et_pb_column type=&#8221;1_2&#8243; _builder_version=&#8221;4.5.0&#8243; _module_preset=&#8221;default&#8221;][et_pb_text _builder_version=&#8221;4.6.0&#8243; _dynamic_attributes=&#8221;content&#8221; _module_preset=&#8221;default&#8221; text_text_color=&#8221;#ffffff&#8221; text_font_size=&#8221;69px&#8221; text_letter_spacing=&#8221;1px&#8221; header_2_text_color=&#8221;#ffffff&#8221; header_2_font_size=&#8221;61px&#8221; min_height=&#8221;144px&#8221; custom_margin=&#8221;||231px|||&#8221; custom_padding=&#8221;||0px|||&#8221;]@ET-DC@eyJkeW5hbWljIjp0cnVlLCJjb250ZW50IjoicG9zdF90aXRsZSIsInNldHRpbmdzIjp7ImJlZm9yZSI6IiIsImFmdGVyIjoiIn19@[\/et_pb_text][\/et_pb_column][et_pb_column type=&#8221;1_2&#8243; _builder_version=&#8221;4.5.0&#8243; _module_preset=&#8221;default&#8221;][et_pb_text _builder_version=&#8221;4.6.0&#8243; _module_preset=&#8221;default&#8221; text_font=&#8221;||||||||&#8221; text_font_size=&#8221;23px&#8221; text_line_height=&#8221;3em&#8221; header_2_font_size=&#8221;42px&#8221; background_color=&#8221;rgba(0,0,0,0)&#8221; width=&#8221;96.8%&#8221; min_height=&#8221;140px&#8221; custom_margin=&#8221;||53px|-1px||&#8221; custom_padding=&#8221;||4px|102px||&#8221;]<\/p>\n<h2><span style=\"color: #ffffff;font-size: xx-large\">Cette section s\u2019adresse aux b\u00e9n\u00e9voles actifs et aux\u00a0<\/span><span style=\"color: #ffffff;font-size: xx-large\">coordonnatrices.<\/span><\/h2>\n<h2><span style=\"color: #ffffff;font-size: xx-large\"><\/span><\/h2>\n<h2><span style=\"font-size: xx-large;color: #ffffff\"><span data-contrast=\"auto\" class=\"TextRun SCXW72705726 BCX4\" xml:lang=\"FR-CA\" lang=\"FR-CA\"><span class=\"NormalTextRun SCXW72705726 BCX4\"><\/span><\/span><\/span><\/h2>\n<h2><span style=\"font-size: x-large;color: #ffffff\"><span style=\"font-size: xx-large\"><span data-contrast=\"auto\" class=\"TextRun SCXW72705726 BCX4\" xml:lang=\"FR-CA\" lang=\"FR-CA\"><span class=\"NormalTextRun SCXW72705726 BCX4\"><\/span><\/span><\/span><\/span><\/h2>\n<h2><span style=\"font-size: x-large;color: #ffffff\"><span style=\"font-size: xx-large\"><span data-contrast=\"auto\" class=\"TextRun SCXW72705726 BCX4\" xml:lang=\"FR-CA\" lang=\"FR-CA\"><span class=\"NormalTextRun SCXW72705726 BCX4\"><\/span><\/span><\/span><\/span><\/h2>\n<h2><span style=\"font-size: x-large;color: #ffffff\"><span style=\"font-size: xx-large\"><span data-contrast=\"auto\" class=\"TextRun SCXW72705726 BCX4\" xml:lang=\"FR-CA\" lang=\"FR-CA\"><span class=\"NormalTextRun SCXW72705726 BCX4\">Il faut un mot de passe pour acc\u00e9der <\/span><\/span><span data-contrast=\"auto\" class=\"TextRun SCXW72705726 BCX4\" xml:lang=\"FR-CA\" lang=\"FR-CA\"><span class=\"NormalTextRun SCXW72705726 BCX4\">\u00e0 la section \u00ab\u202fJe suis coordonnatrice\u00bb. \u00a0\u00a0<\/span><\/span><\/span><\/span><\/h2>\n<h2><span style=\"font-size: x-large;color: #ffffff\"><span style=\"font-size: xx-large\"><span data-contrast=\"auto\" class=\"TextRun SCXW72705726 BCX4\" xml:lang=\"FR-CA\" lang=\"FR-CA\"><span class=\"NormalTextRun SCXW72705726 BCX4\"><\/span><\/span><\/span><\/span><\/h2>\n<h2><span style=\"font-size: x-large;color: #ffffff\"><span style=\"font-size: xx-large\"><span data-contrast=\"auto\" class=\"TextRun SCXW72705726 BCX4\" xml:lang=\"FR-CA\" lang=\"FR-CA\"><span class=\"NormalTextRun SCXW72705726 BCX4\"><\/span><\/span><\/span><\/span><\/h2>\n<h2><span style=\"font-size: x-large;color: #ffffff\"><span style=\"font-size: xx-large\"><span data-contrast=\"auto\" class=\"TextRun SCXW72705726 BCX4\" xml:lang=\"FR-CA\" lang=\"FR-CA\"><span class=\"NormalTextRun SCXW72705726 BCX4\"><\/span><\/span><\/span><\/span><\/h2>\n<h2><span style=\"font-size: x-large;color: #ffffff\"><span style=\"font-size: xx-large\"><span data-contrast=\"auto\" class=\"TextRun SCXW72705726 BCX4\" xml:lang=\"FR-CA\" lang=\"FR-CA\"><span class=\"NormalTextRun SCXW72705726 BCX4\">V<\/span><\/span><\/span><\/span><span style=\"font-size: x-large;color: #ffffff\"><span style=\"font-size: xx-large\"><span data-contrast=\"auto\" class=\"TextRun SCXW72705726 BCX4\" xml:lang=\"FR-CA\" lang=\"FR-CA\"><span class=\"NormalTextRun SCXW72705726 BCX4\">oici quelques liens et num\u00e9ros de t\u00e9l\u00e9phone d&#8217;organismes pour enrichir nos rencontres et nos esprits.<\/span><\/span><\/span><span class=\"EOP SCXW72705726 BCX4\" data-ccp-props=\"{&quot;201341983&quot;:0,&quot;335559739&quot;:160,&quot;335559740&quot;:259}\">\u00a0<\/span><\/span><\/h2>\n<p><span style=\"font-size: x-large;color: #ffffff\"><span class=\"EOP SCXW72705726 BCX4\" data-ccp-props=\"{&quot;201341983&quot;:0,&quot;335559739&quot;:160,&quot;335559740&quot;:259}\"><\/span><\/span><\/p>\n<p><span style=\"font-size: x-large;color: #ffffff\"><span class=\"EOP SCXW72705726 BCX4\" data-ccp-props=\"{&quot;201341983&quot;:0,&quot;335559739&quot;:160,&quot;335559740&quot;:259}\"><\/span><\/span><\/p>\n<p>[\/et_pb_text][\/et_pb_column][\/et_pb_row][\/et_pb_section][et_pb_section fb_built=&#8221;1&#8243; _builder_version=&#8221;4.6.0&#8243; _module_preset=&#8221;default&#8221; custom_padding=&#8221;||14px|||&#8221;][et_pb_row column_structure=&#8221;1_3,1_3,1_3&#8243; use_custom_gutter=&#8221;on&#8221; make_equal=&#8221;on&#8221; _builder_version=&#8221;4.6.0&#8243; _module_preset=&#8221;default&#8221; width=&#8221;100%&#8221; max_width=&#8221;1092px&#8221; min_height=&#8221;185px&#8221; height=&#8221;384px&#8221; max_height=&#8221;625px&#8221; custom_margin=&#8221;|auto|-88px|auto||&#8221; custom_padding=&#8221;|3px|0px|||&#8221;][et_pb_column type=&#8221;1_3&#8243; _builder_version=&#8221;4.5.0&#8243; _module_preset=&#8221;default&#8221;][et_pb_cta title=&#8221;Dioc\u00e8se Catholique \u00e0 Montr\u00e9al&#8221; button_url=&#8221;https:\/\/diocesemontreal.org\/fr&#8221; url_new_window=&#8221;on&#8221; button_text=&#8221;Dioc\u00e8se Catholique \u00e0 Montr\u00e9al&#8221; _builder_version=&#8221;4.6.0&#8243; _module_preset=&#8221;default&#8221; header_font_size=&#8221;1px&#8221; background_color=&#8221;#0d8de8&#8243; button_alignment=&#8221;center&#8221; min_height=&#8221;220px&#8221; custom_padding=&#8221;||5px|||&#8221; animation_style=&#8221;fold&#8221; link_option_url=&#8221;https:\/\/diocesemontreal.org\/fr&#8221;]<\/p>\n<p>Deux \u00eeles, un dioc\u00e8se<\/p>\n<p>[\/et_pb_cta][\/et_pb_column][et_pb_column type=&#8221;1_3&#8243; _builder_version=&#8221;4.5.0&#8243; _module_preset=&#8221;default&#8221;][et_pb_cta title=&#8221;\u00e0 venir&#8221; button_url=&#8221;https:\/\/www.211qc.ca&#8221; url_new_window=&#8221;on&#8221; button_text=&#8221;211 &#8211; Centre de r\u00e9f\u00e9rence du Grand Montr\u00e9al&#8221; _builder_version=&#8221;4.6.0&#8243; _module_preset=&#8221;default&#8221; header_font_size=&#8221;1px&#8221; background_color=&#8221;#e02b20&#8243; button_alignment=&#8221;center&#8221; animation_style=&#8221;fold&#8221; link_option_url=&#8221;https:\/\/www.211qc.ca&#8221;][\/et_pb_cta][\/et_pb_column][et_pb_column type=&#8221;1_3&#8243; _builder_version=&#8221;4.5.0&#8243; _module_preset=&#8221;default&#8221;][et_pb_cta title=&#8221;Suicide Action Montr\u00e9al&#8221; button_url=&#8221;https:\/\/suicideactionmontreal.org\/&#8221; url_new_window=&#8221;on&#8221; button_text=&#8221;SAM &#8211; Suicide Action Montr\u00e9al&#8221; _builder_version=&#8221;4.6.0&#8243; _module_preset=&#8221;default&#8221; header_font_size=&#8221;1px&#8221; background_color=&#8221;#8300e9&#8243; button_alignment=&#8221;center&#8221; min_height=&#8221;221px&#8221; custom_padding=&#8221;||30px|||&#8221; link_option_url=&#8221;\u2663\thttps:\/\/suicideactionmontreal.org\/&#8221;]<\/p>\n<p><span style=\"font-size: 14px\">\u00a0<\/span><\/p>\n<p>[\/et_pb_cta][\/et_pb_column][\/et_pb_row][et_pb_row column_structure=&#8221;1_3,1_3,1_3&#8243; use_custom_gutter=&#8221;on&#8221; make_equal=&#8221;on&#8221; _builder_version=&#8221;4.6.0&#8243; _module_preset=&#8221;default&#8221; width=&#8221;100%&#8221; max_width=&#8221;1092px&#8221; min_height=&#8221;185px&#8221; height=&#8221;384px&#8221; max_height=&#8221;625px&#8221; custom_margin=&#8221;|auto|-88px|auto||&#8221; custom_padding=&#8221;|3px|0px|||&#8221;][et_pb_column type=&#8221;1_3&#8243; _builder_version=&#8221;4.5.0&#8243; _module_preset=&#8221;default&#8221;][et_pb_cta title=&#8221;Site Zenit&#8221; button_url=&#8221;https:\/\/fr.zenit.org\/&#8221; url_new_window=&#8221;on&#8221; button_text=&#8221;Site Zenit&#8221; _builder_version=&#8221;4.6.0&#8243; _module_preset=&#8221;default&#8221; header_font_size=&#8221;1px&#8221; background_color=&#8221;#f0b800&#8243; button_alignment=&#8221;center&#8221; animation_style=&#8221;fold&#8221; link_option_url=&#8221;\u2663\thttps:\/\/fr.zenit.org\/&#8221; locked=&#8221;off&#8221;]<\/p>\n<p>&nbsp;<\/p>\n<p>&nbsp;<\/p>\n<p>[\/et_pb_cta][\/et_pb_column][et_pb_column type=&#8221;1_3&#8243; _builder_version=&#8221;4.5.0&#8243; _module_preset=&#8221;default&#8221;][et_pb_cta title=&#8221;Site AELF&#8221; button_url=&#8221;https:\/\/www.aelf.org\/&#8221; url_new_window=&#8221;on&#8221; button_text=&#8221;Site AELF&#8221; _builder_version=&#8221;4.6.0&#8243; _module_preset=&#8221;default&#8221; header_font_size=&#8221;1px&#8221; background_color=&#8221;#63c507&#8243; button_alignment=&#8221;center&#8221; link_option_url=&#8221;https:\/\/www.aelf.org\/&#8221;]<\/p>\n<p>&nbsp;<\/p>\n<p>&nbsp;<\/p>\n<p>[\/et_pb_cta][\/et_pb_column][et_pb_column type=&#8221;1_3&#8243; _builder_version=&#8221;4.5.0&#8243; _module_preset=&#8221;default&#8221;][et_pb_cta title=&#8221;Site KTO&#8221; button_url=&#8221;https:\/\/www.ktotv.com\/&#8221; url_new_window=&#8221;on&#8221; button_text=&#8221;Site KTO&#8221; _builder_version=&#8221;4.6.0&#8243; _module_preset=&#8221;default&#8221; header_font_size=&#8221;1px&#8221; background_color=&#8221;#fc5400&#8243; button_alignment=&#8221;center&#8221; min_height=&#8221;220px&#8221; custom_margin=&#8221;||46px|||&#8221; custom_padding=&#8221;||1px|||&#8221; link_option_url=&#8221;https:\/\/www.ktotv.com\/&#8221;]<\/p>\n<p>&nbsp;<\/p>\n<p>&nbsp;<\/p>\n<p>[\/et_pb_cta][\/et_pb_column][\/et_pb_row][et_pb_row column_structure=&#8221;1_3,1_3,1_3&#8243; use_custom_gutter=&#8221;on&#8221; make_equal=&#8221;on&#8221; _builder_version=&#8221;4.6.0&#8243; _module_preset=&#8221;default&#8221; width=&#8221;100%&#8221; max_width=&#8221;1092px&#8221; min_height=&#8221;301px&#8221; height=&#8221;384px&#8221; max_height=&#8221;625px&#8221; custom_padding=&#8221;45px|3px|0px|||&#8221;][et_pb_column type=&#8221;1_3&#8243; _builder_version=&#8221;4.5.0&#8243; _module_preset=&#8221;default&#8221;][et_pb_cta title=&#8221;Oratoire St-Joseph&#8221; button_url=&#8221;https:\/\/www.saint-joseph.org\/fr\/&#8221; url_new_window=&#8221;on&#8221; button_text=&#8221;Oratoire St-Joseph&#8221; _builder_version=&#8221;4.6.0&#8243; _module_preset=&#8221;default&#8221; header_font_size=&#8221;1px&#8221; background_color=&#8221;#0d8de8&#8243; button_alignment=&#8221;center&#8221; min_height=&#8221;221px&#8221; animation_style=&#8221;fold&#8221; link_option_url=&#8221;https:\/\/www.saint-joseph.org\/fr\/&#8221; locked=&#8221;off&#8221;]<\/p>\n<p>Saint Joseph, veille sur tes enfants !<\/p>\n<p>[\/et_pb_cta][\/et_pb_column][et_pb_column type=&#8221;1_3&#8243; _builder_version=&#8221;4.5.0&#8243; _module_preset=&#8221;default&#8221;][et_pb_cta title=&#8221;Sel et Lumi\u00e8re- Salt and Light &#8221; button_url=&#8221;https:\/\/seletlumieretv.org\/&#8221; url_new_window=&#8221;on&#8221; button_text=&#8221;Sel et Lumi\u00e8re- Salt and Light &#8221; _builder_version=&#8221;4.6.0&#8243; _module_preset=&#8221;default&#8221; header_font_size=&#8221;1px&#8221; background_color=&#8221;#e02b20&#8243; button_alignment=&#8221;center&#8221; min_height=&#8221;221px&#8221; link_option_url=&#8221;https:\/\/seletlumieretv.org\/&#8221;]<\/p>\n<p><span style=\"font-size: 14px\">\u00a0<\/span><\/p>\n<p>[\/et_pb_cta][\/et_pb_column][et_pb_column type=&#8221;1_3&#8243; _builder_version=&#8221;4.5.0&#8243; _module_preset=&#8221;default&#8221;][et_pb_cta title=&#8221;la Messe du jour SITE DE LA DIOC\u00c8SE&#8221; button_url=&#8221;https:\/\/diocesemontreal.org\/fr\/covid-19\/messe-jour%20&#8243; url_new_window=&#8221;on&#8221; button_text=&#8221;La Messe du jour&#8221; _builder_version=&#8221;4.6.0&#8243; _module_preset=&#8221;default&#8221; header_font_size=&#8221;1px&#8221; background_color=&#8221;#8300e9&#8243; button_alignment=&#8221;center&#8221; min_height=&#8221;221px&#8221; custom_padding=&#8221;||30px|||&#8221; animation_style=&#8221;fold&#8221; link_option_url=&#8221;https:\/\/diocesemontreal.org\/fr\/covid-19\/messe-jour &#8221; link_option_url_new_window=&#8221;on&#8221;]<\/p>\n<p>Dans le site de notre dioc\u00e8se.\u00a0<\/p>\n<p>[\/et_pb_cta][\/et_pb_column][\/et_pb_row][et_pb_row _builder_version=&#8221;4.6.0&#8243; _module_preset=&#8221;default&#8221;][et_pb_column type=&#8221;4_4&#8243; _builder_version=&#8221;4.6.0&#8243; _module_preset=&#8221;default&#8221;][et_pb_divider show_divider=&#8221;off&#8221; _builder_version=&#8221;4.6.0&#8243; _module_preset=&#8221;default&#8221;][\/et_pb_divider][\/et_pb_column][\/et_pb_row][\/et_pb_section][et_pb_section fb_built=&#8221;1&#8243; fullwidth=&#8221;on&#8221; _builder_version=&#8221;4.6.0&#8243; _module_preset=&#8221;default&#8221;][et_pb_fullwidth_header title=&#8221;Lignes d&#8217;\u00e9coute&#8221; _builder_version=&#8221;4.6.0&#8243; _module_preset=&#8221;default&#8221; title_font=&#8221;|700|||||||&#8221; title_text_align=&#8221;right&#8221; title_text_color=&#8221;#000000&#8243; background_image=&#8221;https:\/\/microsites.diocesemontreal.org\/microsites\/sasmad\/wp-content\/uploads\/sites\/27\/2020\/09\/Ligne-decoute-mike-meyers-haAxbjiHds-unsplash-scaled.jpg&#8221; background_layout=&#8221;light&#8221; min_height=&#8221;221px&#8221;][\/et_pb_fullwidth_header][\/et_pb_section][et_pb_section fb_built=&#8221;1&#8243; _builder_version=&#8221;4.6.0&#8243; _module_preset=&#8221;default&#8221;][et_pb_row column_structure=&#8221;1_3,1_3,1_3&#8243; use_custom_gutter=&#8221;on&#8221; make_equal=&#8221;on&#8221; _builder_version=&#8221;4.6.0&#8243; _module_preset=&#8221;default&#8221; width=&#8221;100%&#8221; max_width=&#8221;1092px&#8221; min_height=&#8221;261px&#8221; height=&#8221;384px&#8221; max_height=&#8221;625px&#8221; custom_padding=&#8221;|3px|0px|||&#8221;][et_pb_column type=&#8221;1_3&#8243; _builder_version=&#8221;4.5.0&#8243; _module_preset=&#8221;default&#8221;][et_pb_cta title=&#8221;Pr\u00eatre \u00e0 l\u2019\u00e9coute \u2028&#8221; button_url=&#8221;https:\/\/microsites.diocesemontreal.org\/microsites\/sasmad\/wp-content\/uploads\/sites\/27\/2020\/08\/Code-d\u00e9thique-SASMAD.pdf&#8221; url_new_window=&#8221;on&#8221; button_text=&#8221;514-866-1661 &#8221; _builder_version=&#8221;4.6.0&#8243; _module_preset=&#8221;default&#8221; header_text_align=&#8221;center&#8221; header_font_size=&#8221;1px&#8221; background_color=&#8221;#fc5400&#8243; button_alignment=&#8221;center&#8221; animation_style=&#8221;roll&#8221; hover_enabled=&#8221;0&#8243; sticky_enabled=&#8221;0&#8243;]<\/p>\n<p><span style=\"font-size: x-large\"><strong>Pr\u00eatre \u00e0 l\u2019\u00e9coute \u2028Fran\u00e7ais : 13h \u00e0 15 h<\/strong><\/span><\/p>\n<p><span style=\"font-size: x-large\"><strong>Anglais et fran\u00e7ais \u00a0 \u00a0 \u00a0 \u00a0 \u00a0 \u00a0 \u00a0 de 15 h \u00e0 17 h<\/strong><\/span><\/p>\n<p>[\/et_pb_cta][\/et_pb_column][et_pb_column type=&#8221;1_3&#8243; _builder_version=&#8221;4.5.0&#8243; _module_preset=&#8221;default&#8221;][et_pb_cta title=&#8221;Soutien spirituel SASMAD&#8221; button_url=&#8221;https:\/\/microsites.diocesemontreal.org\/microsites\/sasmad\/wp-content\/uploads\/sites\/27\/2020\/08\/Code-d\u00e9thique-SASMAD.pdf&#8221; url_new_window=&#8221;on&#8221; button_text=&#8221;1-888-305-0994&#8243; _builder_version=&#8221;4.6.0&#8243; _module_preset=&#8221;default&#8221; header_font_size=&#8221;1px&#8221; background_color=&#8221;#63c507&#8243; button_alignment=&#8221;center&#8221;]<\/p>\n<p><span style=\"font-size: 14px\">\u00a0<\/span><strong style=\"font-size: x-large\">Soutien spirituel Dioc\u00e8se de Montr\u00e9al<\/strong><\/p>\n<p><span style=\"font-size: 14px\">\u00a0<\/span><\/p>\n<p>[\/et_pb_cta][\/et_pb_column][et_pb_column type=&#8221;1_3&#8243; _builder_version=&#8221;4.5.0&#8243; _module_preset=&#8221;default&#8221;][et_pb_cta title=&#8221;service de crise du Canada\u2028&#8221; button_url=&#8221;http:\/\/microsites.diocesemontreal.org\/microsites\/sasmad\/code-dethique-sasmad\/&#8221; url_new_window=&#8221;on&#8221; button_text=&#8221;\u2028833-456-4566&#8243; _builder_version=&#8221;4.6.0&#8243; _module_preset=&#8221;default&#8221; header_font_size=&#8221;1px&#8221; background_color=&#8221;#8300e9&#8243; button_alignment=&#8221;center&#8221; animation_style=&#8221;roll&#8221;]<\/p>\n<p><span style=\"font-size: x-large\"><strong>Service de crise du Canada\u2028<\/strong><\/span><\/p>\n<p><span style=\"font-size: 14px\"><\/span><\/p>\n<p><span style=\"font-size: 14px\">\u00a0<\/span><\/p>\n<p>[\/et_pb_cta][\/et_pb_column][\/et_pb_row][et_pb_row _builder_version=&#8221;4.6.0&#8243; _module_preset=&#8221;default&#8221;][et_pb_column type=&#8221;4_4&#8243; _builder_version=&#8221;4.6.0&#8243; _module_preset=&#8221;default&#8221;][et_pb_divider show_divider=&#8221;off&#8221; _builder_version=&#8221;4.6.0&#8243; _module_preset=&#8221;default&#8221;][\/et_pb_divider][\/et_pb_column][\/et_pb_row][\/et_pb_section]<\/p>\n","protected":false},"excerpt":{"rendered":"<p>Cette section s\u2019adresse aux b\u00e9n\u00e9voles actifs et aux\u00a0coordonnatrices. Il faut un mot de passe pour acc\u00e9der \u00e0 la section \u00ab\u202fJe suis coordonnatrice\u00bb. \u00a0\u00a0 Voici quelques liens et num\u00e9ros de t\u00e9l\u00e9phone d&#8217;organismes pour enrichir nos rencontres et nos esprits.\u00a0 Deux \u00eeles, un dioc\u00e8se\u00a0&nbsp; &nbsp;&nbsp; &nbsp;&nbsp; &nbsp;Saint Joseph, veille sur tes enfants !\u00a0Dans le site de notre [&hellip;]<\/p>\n","protected":false},"author":196,"featured_media":0,"parent":0,"menu_order":0,"comment_status":"closed","ping_status":"closed","template":"","meta":{"_et_pb_use_builder":"on","_et_pb_old_content":"","_et_gb_content_width":"","_monsterinsights_skip_tracking":false,"_monsterinsights_sitenote_active":false,"_monsterinsights_sitenote_note":"","_monsterinsights_sitenote_category":0,"footnotes":""},"class_list":["post-19","page","type-page","status-publish","hentry"],"_links":{"self":[{"href":"https:\/\/microsites.diocesemontreal.org\/microsites\/sasmad\/wp-json\/wp\/v2\/pages\/19","targetHints":{"allow":["GET"]}}],"collection":[{"href":"https:\/\/microsites.diocesemontreal.org\/microsites\/sasmad\/wp-json\/wp\/v2\/pages"}],"about":[{"href":"https:\/\/microsites.diocesemontreal.org\/microsites\/sasmad\/wp-json\/wp\/v2\/types\/page"}],"author":[{"embeddable":true,"href":"https:\/\/microsites.diocesemontreal.org\/microsites\/sasmad\/wp-json\/wp\/v2\/users\/196"}],"replies":[{"embeddable":true,"href":"https:\/\/microsites.diocesemontreal.org\/microsites\/sasmad\/wp-json\/wp\/v2\/comments?post=19"}],"version-history":[{"count":54,"href":"https:\/\/microsites.diocesemontreal.org\/microsites\/sasmad\/wp-json\/wp\/v2\/pages\/19\/revisions"}],"predecessor-version":[{"id":2276,"href":"https:\/\/microsites.diocesemontreal.org\/microsites\/sasmad\/wp-json\/wp\/v2\/pages\/19\/revisions\/2276"}],"wp:attachment":[{"href":"https:\/\/microsites.diocesemontreal.org\/microsites\/sasmad\/wp-json\/wp\/v2\/media?parent=19"}],"curies":[{"name":"wp","href":"https:\/\/api.w.org\/{rel}","templated":true}]}}