{"id":3158,"date":"2021-07-19T18:21:21","date_gmt":"2021-07-19T22:21:21","guid":{"rendered":"https:\/\/microsites.diocesemontreal.org\/microsites\/sasmad\/?page_id=3158"},"modified":"2021-07-19T18:21:21","modified_gmt":"2021-07-19T22:21:21","slug":"sign-up-form","status":"publish","type":"page","link":"https:\/\/microsites.diocesemontreal.org\/microsites\/sasmad\/en\/sign-up-form\/","title":{"rendered":"Sign-up form"},"content":{"rendered":"<p>[et_pb_section fb_built=&#8221;1&#8243; admin_label=&#8221;Footer&#8221; _builder_version=&#8221;4.6.0&#8243; background_image=&#8221;https:\/\/microsites.diocesemontreal.org\/microsites\/sasmad\/wp-content\/uploads\/sites\/27\/2020\/09\/chang-duong-ZshVGzJ6a_s-unsplash-scaled.jpg&#8221; parallax=&#8221;on&#8221; min_height=&#8221;971px&#8221; overflow-x=&#8221;visible&#8221; overflow-y=&#8221;visible&#8221; custom_margin=&#8221;-37px|40px|40px|40px|false|true&#8221; custom_margin_tablet=&#8221;0px||||false|false&#8221; custom_margin_phone=&#8221;|20px||20px|false|true&#8221; custom_margin_last_edited=&#8221;on|phone&#8221;][et_pb_row column_structure=&#8221;3_5,2_5&#8243; _builder_version=&#8221;3.27.4&#8243; width=&#8221;88%&#8221; width_tablet=&#8221;&#8221; width_phone=&#8221;90%&#8221; width_last_edited=&#8221;on|phone&#8221; custom_margin=&#8221;|141px||66px||&#8221; custom_padding=&#8221;|0px||||&#8221;][et_pb_column type=&#8221;3_5&#8243; _builder_version=&#8221;3.26&#8243; custom_padding=&#8221;20px||||false|false&#8221;][et_pb_text _builder_version=&#8221;4.9.2&#8243; text_font=&#8221;Taviraj|300|||||||&#8221; text_font_size=&#8221;18px&#8221; text_line_height=&#8221;1.8em&#8221; header_2_font=&#8221;Taviraj||||||||&#8221; header_2_font_size=&#8221;46px&#8221; header_2_line_height=&#8221;1.2em&#8221; background_color=&#8221;rgba(0,0,0,0)&#8221; custom_padding=&#8221;|42px|||false|false&#8221; custom_padding_tablet=&#8221;|30px||50px|true|false&#8221; custom_padding_phone=&#8221;|30px|||true|false&#8221; custom_padding_last_edited=&#8221;off|tablet&#8221; header_2_font_size_tablet=&#8221;40px&#8221; header_2_font_size_phone=&#8221;30px&#8221; header_2_font_size_last_edited=&#8221;on|phone&#8221;]<\/p>\n<h2>Friends of Mercy<\/h2>\n<p>[\/et_pb_text][et_pb_contact_form captcha=&#8221;off&#8221; email=&#8221;misericorde.mercysasmad@gmail.com&#8221; success_message=&#8221;Merci! Thank you! Gracias! &#8221; submit_button_text=&#8221;Send my pledge&#8221; _builder_version=&#8221;4.9.4&#8243; _dynamic_attributes=&#8221;link_option_url&#8221; form_field_background_color=&#8221;rgba(255,255,255,0.7)&#8221; form_field_text_color=&#8221;#000000&#8243; form_field_focus_background_color=&#8221;#ffffff&#8221; form_field_focus_text_color=&#8221;#000000&#8243; form_field_custom_margin=&#8221;||30px||false|false&#8221; form_field_font_size=&#8221;17px&#8221; form_field_line_height=&#8221;1.8em&#8221; custom_button=&#8221;on&#8221; button_text_size=&#8221;16px&#8221; button_text_color=&#8221;#ffffff&#8221; button_bg_color=&#8221;#8857f2&#8243; button_bg_use_color_gradient=&#8221;on&#8221; button_bg_color_gradient_start=&#8221;#fc5400&#8243; button_bg_color_gradient_end=&#8221;#fc5400&#8243; button_bg_color_gradient_direction=&#8221;172deg&#8221; button_border_width=&#8221;0px&#8221; button_border_color=&#8221;rgba(0,0,0,0)&#8221; button_border_radius=&#8221;0px&#8221; button_font=&#8221;Hind|600|||||||&#8221; button_icon=&#8221;%%24%%&#8221; button_custom_padding=&#8221;13px||10px||false|true&#8221; custom_padding=&#8221;|40px||||&#8221; link_option_url=&#8221;@ET-DC@eyJkeW5hbWljIjp0cnVlLCJjb250ZW50IjoicG9zdF9saW5rX3VybCIsInNldHRpbmdzIjp7fX0=@&#8221; hover_enabled=&#8221;0&#8243; box_shadow_style=&#8221;preset3&#8243; box_shadow_vertical=&#8221;27px&#8221; box_shadow_blur=&#8221;50px&#8221; box_shadow_spread=&#8221;0px&#8221; box_shadow_color=&#8221;rgba(131,146,167,0.2)&#8221; box_shadow_style_button=&#8221;preset3&#8243; box_shadow_vertical_button=&#8221;10px&#8221; box_shadow_blur_button=&#8221;40px&#8221; box_shadow_color_button=&#8221;#9274cd&#8221; button_bg_color__hover_enabled=&#8221;off&#8221; sticky_enabled=&#8221;0&#8243;][et_pb_contact_field field_id=&#8221;First_and_Last_Name&#8221; field_title=&#8221;First and Last Name&#8221; fullwidth_field=&#8221;on&#8221; _builder_version=&#8221;4.9.4&#8243; hover_enabled=&#8221;0&#8243; sticky_enabled=&#8221;0&#8243;][\/et_pb_contact_field][et_pb_contact_field field_id=&#8221;Address&#8221; field_title=&#8221;Address&#8221; field_type=&#8221;text&#8221; fullwidth_field=&#8221;on&#8221; _builder_version=&#8221;4.9.4&#8243; hover_enabled=&#8221;0&#8243; button_text_size__hover_enabled=&#8221;off&#8221; button_one_text_size__hover_enabled=&#8221;off&#8221; button_two_text_size__hover_enabled=&#8221;off&#8221; button_text_color__hover_enabled=&#8221;off&#8221; button_one_text_color__hover_enabled=&#8221;off&#8221; button_two_text_color__hover_enabled=&#8221;off&#8221; button_border_width__hover_enabled=&#8221;off&#8221; button_one_border_width__hover_enabled=&#8221;off&#8221; button_two_border_width__hover_enabled=&#8221;off&#8221; button_border_color__hover_enabled=&#8221;off&#8221; button_one_border_color__hover_enabled=&#8221;off&#8221; button_two_border_color__hover_enabled=&#8221;off&#8221; button_border_radius__hover_enabled=&#8221;off&#8221; button_one_border_radius__hover_enabled=&#8221;off&#8221; button_two_border_radius__hover_enabled=&#8221;off&#8221; button_letter_spacing__hover_enabled=&#8221;off&#8221; button_one_letter_spacing__hover_enabled=&#8221;off&#8221; button_two_letter_spacing__hover_enabled=&#8221;off&#8221; button_bg_color__hover_enabled=&#8221;off&#8221; button_one_bg_color__hover_enabled=&#8221;off&#8221; button_two_bg_color__hover_enabled=&#8221;off&#8221; sticky_enabled=&#8221;0&#8243;][\/et_pb_contact_field][et_pb_contact_field field_id=&#8221;E-mail&#8221; field_title=&#8221;E-mail&#8221; fullwidth_field=&#8221;on&#8221; _builder_version=&#8221;4.9.4&#8243; hover_enabled=&#8221;0&#8243; sticky_enabled=&#8221;0&#8243;][\/et_pb_contact_field][et_pb_contact_field field_id=&#8221;Phone&#8221; field_title=&#8221;Phone&#8221; fullwidth_field=&#8221;on&#8221; field_title_tablet=&#8221;&#8221; field_title_phone=&#8221;&#8221; field_title_last_edited=&#8221;on|desktop&#8221; _builder_version=&#8221;4.9.4&#8243; hover_enabled=&#8221;0&#8243; sticky_enabled=&#8221;0&#8243;][\/et_pb_contact_field][et_pb_contact_field field_id=&#8221;Date&#8221; field_title=&#8221;Date&#8221; fullwidth_field=&#8221;on&#8221; field_title_tablet=&#8221;&#8221; field_title_phone=&#8221;&#8221; field_title_last_edited=&#8221;on|desktop&#8221; _builder_version=&#8221;4.6.0&#8243;][\/et_pb_contact_field][\/et_pb_contact_form][\/et_pb_column][et_pb_column type=&#8221;2_5&#8243; _builder_version=&#8221;3.26&#8243; background_color=&#8221;rgba(255,255,255,0.3)&#8221; background_enable_image=&#8221;off&#8221; parallax=&#8221;on&#8221; transform_scale_tablet=&#8221;&#8221; transform_scale_phone=&#8221;&#8221; transform_scale_last_edited=&#8221;on|desktop&#8221; transform_translate=&#8221;0px|-160px&#8221; transform_translate_tablet=&#8221;0px|0px&#8221; transform_translate_phone=&#8221;&#8221; transform_translate_last_edited=&#8221;on|phone&#8221; transform_translate_linked=&#8221;off&#8221; transform_rotate_last_edited=&#8221;off|desktop&#8221; transform_skew_last_edited=&#8221;off|desktop&#8221; transform_origin_last_edited=&#8221;off|desktop&#8221; transform_styles_last_edited=&#8221;on|phone&#8221; custom_padding=&#8221;150px|50px|50px|50px|false|true&#8221; custom_padding_tablet=&#8221;&#8221; custom_padding_phone=&#8221;20px|20px|20px|20px|true|true&#8221; custom_padding_last_edited=&#8221;on|desktop&#8221; filter_opacity=&#8221;94%&#8221; transform_styles_tablet=&#8221;&#8221; transform_styles_phone=&#8221;&#8221; box_shadow_style=&#8221;preset3&#8243; box_shadow_vertical=&#8221;30px&#8221; box_shadow_blur=&#8221;100px&#8221; box_shadow_spread=&#8221;40px&#8221; box_shadow_color=&#8221;rgba(102,100,126,0.16)&#8221;][et_pb_text _builder_version=&#8221;4.9.4&#8243; text_font=&#8221;Taviraj|600|||||||&#8221; text_text_color=&#8221;#000000&#8243; text_font_size=&#8221;15px&#8221; text_line_height=&#8221;1.8em&#8221; header_text_color=&#8221;#000000&#8243; header_font_size=&#8221;40px&#8221; header_3_font=&#8221;Taviraj|600|||||||&#8221; header_3_text_color=&#8221;rgba(0,0,0,0.36)&#8221; header_3_font_size=&#8221;18px&#8221; header_3_line_height=&#8221;1.2em&#8221; custom_margin=&#8221;||60px||false|false&#8221; custom_margin_tablet=&#8221;&#8221; custom_margin_phone=&#8221;||30px||false|false&#8221; custom_margin_last_edited=&#8221;on|desktop&#8221; custom_padding=&#8221;5px|||||&#8221; hover_enabled=&#8221;0&#8243; sticky_enabled=&#8221;0&#8243;]<\/p>\n<h1><span style=\"font-size: large\"><strong>Commitment<\/strong><\/span><\/h1>\n<p>&#8220;In spiritual union with all the Friends of Mercy and in a spirit of solidarity, I commit myself to support, in daily prayer, SASMAD (Service d\u2019Accompagnement Spirituel des personnes Malades ou \u00c2g\u00e9es \u00e0 Domicile)\/Pastoral Home Care. I commit to praying for those who work for the service, volunteers, partners, all sick or elderly people and all those who are at the end of their lives. I entrust all these people to the tenderness of the God of Mercy, so that he may touch their hearts with his comforting Presence and sustain the work of this Service. In connection with World Day of the Sick, on the 11th day of each month I will offer my day for the intentions of the beneficiaries and volunteers.\u201d<\/p>\n<p>[\/et_pb_text][\/et_pb_column][\/et_pb_row][\/et_pb_section]<\/p>\n","protected":false},"excerpt":{"rendered":"<p>Friends of MercyCommitment &#8220;In spiritual union with all the Friends of Mercy and in a spirit of solidarity, I commit myself to support, in daily prayer, SASMAD (Service d\u2019Accompagnement Spirituel des personnes Malades ou \u00c2g\u00e9es \u00e0 Domicile)\/Pastoral Home Care. I commit to praying for those who work for the service, volunteers, partners, all sick or [&hellip;]<\/p>\n","protected":false},"author":196,"featured_media":0,"parent":0,"menu_order":0,"comment_status":"closed","ping_status":"closed","template":"","meta":{"_et_pb_use_builder":"on","_et_pb_old_content":"","_et_gb_content_width":"","_monsterinsights_skip_tracking":false,"_monsterinsights_sitenote_active":false,"_monsterinsights_sitenote_note":"","_monsterinsights_sitenote_category":0,"footnotes":""},"class_list":["post-3158","page","type-page","status-publish","hentry"],"_links":{"self":[{"href":"https:\/\/microsites.diocesemontreal.org\/microsites\/sasmad\/wp-json\/wp\/v2\/pages\/3158","targetHints":{"allow":["GET"]}}],"collection":[{"href":"https:\/\/microsites.diocesemontreal.org\/microsites\/sasmad\/wp-json\/wp\/v2\/pages"}],"about":[{"href":"https:\/\/microsites.diocesemontreal.org\/microsites\/sasmad\/wp-json\/wp\/v2\/types\/page"}],"author":[{"embeddable":true,"href":"https:\/\/microsites.diocesemontreal.org\/microsites\/sasmad\/wp-json\/wp\/v2\/users\/196"}],"replies":[{"embeddable":true,"href":"https:\/\/microsites.diocesemontreal.org\/microsites\/sasmad\/wp-json\/wp\/v2\/comments?post=3158"}],"version-history":[{"count":5,"href":"https:\/\/microsites.diocesemontreal.org\/microsites\/sasmad\/wp-json\/wp\/v2\/pages\/3158\/revisions"}],"predecessor-version":[{"id":3666,"href":"https:\/\/microsites.diocesemontreal.org\/microsites\/sasmad\/wp-json\/wp\/v2\/pages\/3158\/revisions\/3666"}],"wp:attachment":[{"href":"https:\/\/microsites.diocesemontreal.org\/microsites\/sasmad\/wp-json\/wp\/v2\/media?parent=3158"}],"curies":[{"name":"wp","href":"https:\/\/api.w.org\/{rel}","templated":true}]}}