{"id":33,"date":"2019-08-20T23:30:58","date_gmt":"2019-08-20T21:30:58","guid":{"rendered":"http:\/\/microsites.diocesemontreal.org\/microsites\/sasmad\/?page_id=33"},"modified":"2021-01-28T17:25:04","modified_gmt":"2021-01-28T22:25:04","slug":"ressourcements","status":"publish","type":"page","link":"https:\/\/microsites.diocesemontreal.org\/microsites\/sasmad\/ressourcements\/","title":{"rendered":"Ressourcements"},"content":{"rendered":"<p>[et_pb_section fb_built=&#8221;1&#8243; fullwidth=&#8221;on&#8221; _builder_version=&#8221;4.6.0&#8243; _module_preset=&#8221;default&#8221;][et_pb_fullwidth_header title=&#8221;%22Que l&#8217;amour inspire toutes vos actions.%22&#8243; _builder_version=&#8221;4.6.0&#8243; _module_preset=&#8221;default&#8221; title_font=&#8221;|700|||||||&#8221; title_font_size=&#8221;33px&#8221; content_font=&#8221;|600|||||||&#8221; content_text_align=&#8221;right&#8221; background_image=&#8221;https:\/\/microsites.diocesemontreal.org\/microsites\/sasmad\/wp-content\/uploads\/sites\/27\/2020\/11\/intentions.jpg&#8221; custom_padding=&#8221;154px||212px|||&#8221;]<\/p>\n<h3 style=\"text-align: left\"><span style=\"font-size: x-large\"><\/span>1 Corinthiens 16.14<\/h3>\n<p><span style=\"font-size: x-large\"><\/span><\/p>\n<p><span style=\"font-size: x-large\"><\/span><\/p>\n<p>[\/et_pb_fullwidth_header][\/et_pb_section][et_pb_section fb_built=&#8221;1&#8243; _builder_version=&#8221;4.6.0&#8243; _module_preset=&#8221;default&#8221; custom_padding=&#8221;126px||0px|||&#8221;][et_pb_row column_structure=&#8221;2_5,3_5&#8243; use_custom_gutter=&#8221;on&#8221; gutter_width=&#8221;1&#8243; padding_top_bottom_link_2=&#8221;true&#8221; padding_left_right_link_2=&#8221;true&#8221; _builder_version=&#8221;3.25&#8243; custom_margin=&#8221;-59px|auto||0px||&#8221; custom_padding=&#8221;0px|2px|0px|||&#8221;][et_pb_column type=&#8221;2_5&#8243; _builder_version=&#8221;3.25&#8243; custom_padding=&#8221;|||&#8221; custom_padding__hover=&#8221;|||&#8221;][et_pb_image src=&#8221;https:\/\/microsites.diocesemontreal.org\/microsites\/sasmad\/wp-content\/uploads\/sites\/27\/2020\/11\/MVI_3465_7.jpg&#8221; title_text=&#8221;MVI_3465_7&#8243; _builder_version=&#8221;4.6.0&#8243; _module_preset=&#8221;default&#8221; custom_margin=&#8221;|-78px|165px|||&#8221; custom_padding=&#8221;|0px|0px|||&#8221; box_shadow_style=&#8221;preset6&#8243;][\/et_pb_image][et_pb_image src=&#8221;https:\/\/microsites.diocesemontreal.org\/microsites\/sasmad\/wp-content\/uploads\/sites\/27\/2020\/11\/IMG_3460.jpg&#8221; title_text=&#8221;IMG_3460&#8243; _builder_version=&#8221;4.6.0&#8243; _module_preset=&#8221;default&#8221; custom_margin=&#8221;|-78px||||&#8221; custom_padding=&#8221;|||0px||&#8221;][\/et_pb_image][et_pb_divider _builder_version=&#8221;4.6.0&#8243; _module_preset=&#8221;default&#8221;][\/et_pb_divider][\/et_pb_column][et_pb_column type=&#8221;3_5&#8243; _builder_version=&#8221;3.25&#8243; background_color=&#8221;#f7f7f7&#8243; custom_padding=&#8221;5vw|5vw|5vw|5vw&#8221; custom_padding_tablet=&#8221;50px|50px|50px|50px|true|true&#8221; custom_padding_phone=&#8221;30px|30px|30px|30px|true|true&#8221; custom_padding_last_edited=&#8221;on|phone&#8221; custom_padding__hover=&#8221;|||&#8221;][et_pb_image src=&#8221;https:\/\/microsites.diocesemontreal.org\/microsites\/sasmad\/wp-content\/uploads\/sites\/27\/2020\/11\/IMG_3500.jpg&#8221; title_text=&#8221;IMG_3500&#8243; _builder_version=&#8221;4.6.0&#8243; _module_preset=&#8221;default&#8221; custom_margin=&#8221;|-78px||||&#8221; custom_padding=&#8221;|||8px||&#8221;][\/et_pb_image][\/et_pb_column][\/et_pb_row][\/et_pb_section][et_pb_section fb_built=&#8221;1&#8243; _builder_version=&#8221;4.6.0&#8243; _module_preset=&#8221;default&#8221; custom_padding=&#8221;0px||0px|||&#8221;][\/et_pb_section][et_pb_section fb_built=&#8221;1&#8243; _builder_version=&#8221;4.6.0&#8243; _module_preset=&#8221;default&#8221; background_image=&#8221;https:\/\/microsites.diocesemontreal.org\/microsites\/sasmad\/wp-content\/uploads\/sites\/27\/2020\/10\/IMG_2397.jpg-chapelet-10.jpg&#8221; custom_padding=&#8221;128px|0px|91px|124px|false|false&#8221;][et_pb_row _builder_version=&#8221;4.6.0&#8243; _module_preset=&#8221;default&#8221;][et_pb_column type=&#8221;4_4&#8243; _builder_version=&#8221;4.6.0&#8243; _module_preset=&#8221;default&#8221;][et_pb_text _builder_version=&#8221;4.6.0&#8243; text_font=&#8221;||||||||&#8221; text_font_size=&#8221;18px&#8221; text_line_height=&#8221;2em&#8221; header_font=&#8221;|700|||||||&#8221; header_font_size=&#8221;16px&#8221; header_line_height=&#8221;1.2em&#8221; header_3_font=&#8221;|700|||||||&#8221; header_3_font_size=&#8221;18px&#8221; header_3_line_height=&#8221;1.7em&#8221; background_color=&#8221;rgba(0,0,0,0)&#8221; transform_scale_tablet=&#8221;&#8221; transform_scale_phone=&#8221;&#8221; transform_scale_last_edited=&#8221;on|desktop&#8221; transform_translate=&#8221;-40px|0px&#8221; transform_translate_tablet=&#8221;0px|0px&#8221; transform_translate_phone=&#8221;&#8221; transform_translate_last_edited=&#8221;on|desktop&#8221; transform_translate_linked=&#8221;off&#8221; transform_rotate_tablet=&#8221;&#8221; transform_rotate_phone=&#8221;&#8221; transform_rotate_last_edited=&#8221;on|desktop&#8221; transform_skew_tablet=&#8221;&#8221; transform_skew_phone=&#8221;&#8221; transform_skew_last_edited=&#8221;on|desktop&#8221; transform_origin_tablet=&#8221;&#8221; transform_origin_phone=&#8221;&#8221; transform_origin_last_edited=&#8221;on|desktop&#8221; transform_styles_last_edited=&#8221;on|desktop&#8221; background_layout=&#8221;dark&#8221; width=&#8221;84.6%&#8221; min_height=&#8221;361px&#8221; custom_margin=&#8221;-69px|-290px||||false&#8221; custom_margin_tablet=&#8221;0px|0px||&#8221; custom_margin_phone=&#8221;||0px||false|false&#8221; custom_margin_last_edited=&#8221;on|phone&#8221; custom_padding=&#8221;12px|42px|12px|42px|true|true&#8221; custom_padding_tablet=&#8221;40px|25px|40px|25px|true|true&#8221; custom_padding_phone=&#8221;30px|30px|30px|30px|true|true&#8221; custom_padding_last_edited=&#8221;on|phone&#8221; transform_styles_tablet=&#8221;&#8221; transform_styles_phone=&#8221;&#8221; box_shadow_style=&#8221;preset1&#8243; box_shadow_vertical=&#8221;80px&#8221; box_shadow_blur=&#8221;80px&#8221; box_shadow_spread=&#8221;-30px&#8221; locked=&#8221;off&#8221;]<\/p>\n<p><span style=\"font-size: x-large\"><strong><\/strong><\/span><\/p>\n<p><span style=\"font-size: x-large\"><strong><\/strong><\/span><\/p>\n<p><span style=\"font-size: x-large\"><strong>\u00a0<span style=\"color: #070977\">Le dioc\u00e8se de Montr\u00e9al et le SASMAD organisent des activit\u00e9s de formation continue et de ressourcement tout au long de l&#8217;ann\u00e9e pour enrichir l&#8217;esprit de ses b\u00e9n\u00e9voles et de son personnel. Ces activit\u00e9s nous donnent la force et les outils n\u00e9cessaires pour remplir la mission de service du SASMAD et r\u00e9aliser un accompagnement spirituel de qualit\u00e9.\u00a0<\/span><\/strong><\/span><span style=\"color: #070977;font-size: x-large\"><strong>Nous d\u00e9crivons ci-dessous certaines des activit\u00e9s les plus fr\u00e9quentes et nous annoncerons celles qui auront lieu bient\u00f4t. Bonne lecture !<\/strong><\/span><\/p>\n<p>[\/et_pb_text][\/et_pb_column][\/et_pb_row][\/et_pb_section][et_pb_section fb_built=&#8221;1&#8243; _builder_version=&#8221;4.6.0&#8243; _module_preset=&#8221;default&#8221; min_height=&#8221;486px&#8221;][et_pb_row column_structure=&#8221;1_2,1_2&#8243; _builder_version=&#8221;4.6.0&#8243; _module_preset=&#8221;default&#8221; custom_padding=&#8221;||0px|||&#8221;][et_pb_column type=&#8221;1_2&#8243; _builder_version=&#8221;4.6.0&#8243; _module_preset=&#8221;default&#8221;][et_pb_image src=&#8221;https:\/\/microsites.diocesemontreal.org\/microsites\/sasmad\/wp-content\/uploads\/sites\/27\/2020\/11\/MGR-LEPINE-soeur-Madeleine-Andre.png&#8221; title_text=&#8221;MGR L\u00c9PINE, soeur Madeleine, Andr\u00e9&#8221; _builder_version=&#8221;4.6.0&#8243; _module_preset=&#8221;default&#8221; custom_padding=&#8221;|0px|68px|||&#8221;][\/et_pb_image][\/et_pb_column][et_pb_column type=&#8221;1_2&#8243; _builder_version=&#8221;4.6.0&#8243; _module_preset=&#8221;default&#8221;][et_pb_text _builder_version=&#8221;4.6.0&#8243; _module_preset=&#8221;default&#8221; text_text_color=&#8221;#000000&#8243; text_font_size=&#8221;18px&#8221; header_text_color=&#8221;#000000&#8243; custom_padding=&#8221;||0px|||&#8221;]<\/p>\n<p>&nbsp;<\/p>\n<h1 class=\"et_pb_module_header et-fb-editable-element\" data-shortcode-id=\"1.0.0.0-1605116371591\" data-quickaccess-id=\"header\">Journ\u00e9e mondiale du malade \u00a0 \u00a0 \u00a0 \u00a0 \u00a0 ( JMM )<\/h1>\n<p>&nbsp;<\/p>\n<p class=\"et_pb_member_position et-fb-editable-element\" data-shortcode-id=\"1.0.0.0-1605116371591\" data-quickaccess-id=\"position\"><span style=\"color: #2d2d2d\">Fr\u00e9quence annuelle, hiver.<\/span><\/p>\n<p>&nbsp;<\/p>\n<div data-shortcode-id=\"1.0.0.0-1605120248173\" data-quickaccess-id=\"body\" data-quickaccess-editable=\"yes\" class=\"et-fb-popover-tinymce\">\n<div class=\"mce-content-body\">\n<p><span>Chaque ann\u00e9e, le 11 f\u00e9vrier ou pr\u00e8s de cette date, en la f\u00eate de Notre-Dame-de-Lourdes, nous soulignons la Journ\u00e9e mondiale du malade. Une c\u00e9l\u00e9bration qui a un sens tout particulier car elle s\u2019inscrit au c\u0153ur de notre mission. Pour le service SASMAD, c\u2019est en effet un temps privil\u00e9gi\u00e9 pour prier avec et pour les malades qui re\u00e7oivent nos services ainsi que pour tous ceux qui comptent sur nos pri\u00e8res.<\/span><\/p>\n<\/div>\n<\/div>\n<p>&nbsp;<\/p>\n<p>[\/et_pb_text][et_pb_button button_url=&#8221;https:\/\/microsites.diocesemontreal.org\/microsites\/sasmad\/wp-content\/uploads\/sites\/27\/2020\/11\/Journee-mondiale-du-malade.pdf&#8221; url_new_window=&#8221;on&#8221; button_text=&#8221;Lire la suite JMM&#8221; button_alignment=&#8221;right&#8221; _builder_version=&#8221;4.6.0&#8243; custom_button=&#8221;on&#8221; button_text_size=&#8221;16px&#8221; button_bg_color=&#8221;#000000&#8243; button_border_color=&#8221;rgba(0,0,0,0)&#8221; button_border_radius=&#8221;0px&#8221; button_font=&#8221;Karla|700|||||||&#8221; transform_scale_tablet=&#8221;&#8221; transform_scale_phone=&#8221;&#8221; transform_scale_last_edited=&#8221;on|desktop&#8221; transform_translate=&#8221;-40px|0px&#8221; transform_translate_tablet=&#8221;0px|0px&#8221; transform_translate_phone=&#8221;&#8221; transform_translate_last_edited=&#8221;on|desktop&#8221; transform_translate_linked=&#8221;off&#8221; transform_rotate_tablet=&#8221;&#8221; transform_rotate_phone=&#8221;&#8221; transform_rotate_last_edited=&#8221;on|desktop&#8221; transform_skew_tablet=&#8221;&#8221; transform_skew_phone=&#8221;&#8221; transform_skew_last_edited=&#8221;on|desktop&#8221; transform_origin_tablet=&#8221;&#8221; transform_origin_phone=&#8221;&#8221; transform_origin_last_edited=&#8221;on|desktop&#8221; transform_styles_last_edited=&#8221;on|desktop&#8221; background_layout=&#8221;dark&#8221; custom_margin=&#8221;|||||false&#8221; custom_margin_tablet=&#8221;|0px||&#8221; custom_margin_last_edited=&#8221;off|desktop&#8221; custom_padding=&#8221;14px|20px|14px|20px|true&#8221; button_bg_color_last_edited=&#8221;off|tablet&#8221; transform_styles_tablet=&#8221;&#8221; transform_styles_phone=&#8221;&#8221; locked=&#8221;off&#8221; button_bg_color__hover_enabled=&#8221;on&#8221; button_bg_color__hover=&#8221;#000000&#8243; button_bg_enable_color__hover=&#8221;on&#8221; custom_padding__hover_enabled=&#8221;on&#8221; custom_padding__hover=&#8221;|30px||&#8221;][\/et_pb_button][et_pb_button button_url=&#8221;@ET-DC@eyJkeW5hbWljIjp0cnVlLCJjb250ZW50IjoicG9zdF9saW5rX3VybF9wYWdlIiwic2V0dGluZ3MiOnsicG9zdF9pZCI6IjI0NTQifX0=@&#8221; url_new_window=&#8221;on&#8221; button_text=&#8221;Participer JMM 2021&#8243; button_alignment=&#8221;right&#8221; _builder_version=&#8221;4.6.0&#8243; custom_button=&#8221;on&#8221; button_text_size=&#8221;16px&#8221; button_bg_color=&#8221;#000000&#8243; button_border_color=&#8221;rgba(0,0,0,0)&#8221; button_border_radius=&#8221;0px&#8221; button_font=&#8221;Karla|700|||||||&#8221; transform_scale_tablet=&#8221;&#8221; transform_scale_phone=&#8221;&#8221; transform_scale_last_edited=&#8221;on|desktop&#8221; transform_translate=&#8221;-40px|0px&#8221; transform_translate_tablet=&#8221;0px|0px&#8221; transform_translate_phone=&#8221;&#8221; transform_translate_last_edited=&#8221;on|desktop&#8221; transform_translate_linked=&#8221;off&#8221; transform_rotate_tablet=&#8221;&#8221; transform_rotate_phone=&#8221;&#8221; transform_rotate_last_edited=&#8221;on|desktop&#8221; transform_skew_tablet=&#8221;&#8221; transform_skew_phone=&#8221;&#8221; transform_skew_last_edited=&#8221;on|desktop&#8221; transform_origin_tablet=&#8221;&#8221; transform_origin_phone=&#8221;&#8221; transform_origin_last_edited=&#8221;on|desktop&#8221; transform_styles_last_edited=&#8221;on|desktop&#8221; background_layout=&#8221;dark&#8221; custom_margin=&#8221;|||||false&#8221; custom_margin_tablet=&#8221;|0px||&#8221; custom_margin_last_edited=&#8221;off|desktop&#8221; custom_padding=&#8221;14px|20px|14px|20px|true&#8221; hover_enabled=&#8221;0&#8243; button_bg_color_last_edited=&#8221;off|tablet&#8221; transform_styles_tablet=&#8221;&#8221; transform_styles_phone=&#8221;&#8221; locked=&#8221;off&#8221; button_bg_color__hover_enabled=&#8221;on&#8221; button_bg_color__hover=&#8221;#000000&#8243; button_bg_enable_color__hover=&#8221;on&#8221; custom_padding__hover_enabled=&#8221;on&#8221; custom_padding__hover=&#8221;|30px||&#8221; _dynamic_attributes=&#8221;button_url&#8221; sticky_enabled=&#8221;0&#8243;][\/et_pb_button][\/et_pb_column][\/et_pb_row][et_pb_row column_structure=&#8221;1_2,1_2&#8243; _builder_version=&#8221;4.6.0&#8243; _module_preset=&#8221;default&#8221; custom_padding=&#8221;||0px|||&#8221;][et_pb_column type=&#8221;1_2&#8243; _builder_version=&#8221;4.6.0&#8243; _module_preset=&#8221;default&#8221;][et_pb_text _builder_version=&#8221;4.6.0&#8243; _module_preset=&#8221;default&#8221; text_text_color=&#8221;#000000&#8243; text_font_size=&#8221;18px&#8221; header_text_color=&#8221;#000000&#8243; custom_padding=&#8221;||0px|||&#8221;]<\/p>\n<p>&nbsp;<\/p>\n<p>&nbsp;<\/p>\n<p>&nbsp;<\/p>\n<p>&nbsp;<\/p>\n<h1 class=\"et_pb_module_header et-fb-editable-element\" data-shortcode-id=\"1.0.0.0-1605116371591\" data-quickaccess-id=\"header\">P\u00e8lerinages<span style=\"font-size: 18px\">\u00a0<\/span><\/h1>\n<p><span>Fr\u00e9quence annuelle, automne.<\/span><\/p>\n<h1 class=\"et_pb_module_header et-fb-editable-element\" data-shortcode-id=\"1.0.0.0-1605116371591\" data-quickaccess-id=\"header\">Et temps de retraite\u00a0<span style=\"font-size: 18px\">\u00a0<\/span><\/h1>\n<p><span>Plusieurs fois tout au long de l&#8217;ann\u00e9e.<\/span><\/p>\n<p>&nbsp;<\/p>\n<div data-shortcode-id=\"1.0.0.0-1605120248173\" data-quickaccess-id=\"body\" data-quickaccess-editable=\"yes\" class=\"et-fb-popover-tinymce\">\n<div class=\"mce-content-body\">\n<p><span>Nous avons organis\u00e9 quelques p\u00e8lerinages en guise de journ\u00e9e de ressourcement pour les b\u00e9n\u00e9voles. Nous profitons souvent de la date du 11 novembre, le jour du Souvenir, pour pr\u00e9senter au Seigneur nos b\u00e9n\u00e9ficiaires et nos b\u00e9n\u00e9voles d\u00e9c\u00e9d\u00e9s durant l\u2019ann\u00e9e. <\/span><\/p>\n<p><span>Nous prions et chantons durant le voyage, nous visitons les lieux saints, participons g\u00e9n\u00e9ralement \u00e0 une c\u00e9l\u00e9bration religieuse et \u00e9coutons un entretien sur le culte particulier ou la mission des endroits visit\u00e9s.<\/span><\/p>\n<\/div>\n<\/div>\n<p>&nbsp;<\/p>\n<p>&nbsp;<\/p>\n<p>&nbsp;<\/p>\n<p>&nbsp;<\/p>\n<p>&nbsp;<\/p>\n<p>&nbsp;<\/p>\n<p>&nbsp;<\/p>\n<p>[\/et_pb_text][\/et_pb_column][et_pb_column type=&#8221;1_2&#8243; _builder_version=&#8221;4.6.0&#8243; _module_preset=&#8221;default&#8221;][et_pb_image src=&#8221;https:\/\/microsites.diocesemontreal.org\/microsites\/sasmad\/wp-content\/uploads\/sites\/27\/2020\/11\/IMG_20141111_144944598.jpg&#8221; title_text=&#8221;IMG_20141111_144944598&#8243; _builder_version=&#8221;4.6.0&#8243; _module_preset=&#8221;default&#8221; custom_padding=&#8221;|0px|68px|||&#8221;][\/et_pb_image][et_pb_button button_url=&#8221;https:\/\/microsites.diocesemontreal.org\/microsites\/sasmad\/wp-content\/uploads\/sites\/27\/2020\/11\/Pelerinages-et-retraites.pdf&#8221; url_new_window=&#8221;on&#8221; button_text=&#8221;Plus d&#8217;info&#8221; button_alignment=&#8221;right&#8221; _builder_version=&#8221;4.6.0&#8243; custom_button=&#8221;on&#8221; button_text_size=&#8221;16px&#8221; button_bg_color=&#8221;#000000&#8243; button_border_color=&#8221;rgba(0,0,0,0)&#8221; button_border_radius=&#8221;0px&#8221; button_font=&#8221;Karla|700|||||||&#8221; transform_scale_tablet=&#8221;&#8221; transform_scale_phone=&#8221;&#8221; transform_scale_last_edited=&#8221;on|desktop&#8221; transform_translate=&#8221;-40px|0px&#8221; transform_translate_tablet=&#8221;0px|0px&#8221; transform_translate_phone=&#8221;&#8221; transform_translate_last_edited=&#8221;on|desktop&#8221; transform_translate_linked=&#8221;off&#8221; transform_rotate_tablet=&#8221;&#8221; transform_rotate_phone=&#8221;&#8221; transform_rotate_last_edited=&#8221;on|desktop&#8221; transform_skew_tablet=&#8221;&#8221; transform_skew_phone=&#8221;&#8221; transform_skew_last_edited=&#8221;on|desktop&#8221; transform_origin_tablet=&#8221;&#8221; transform_origin_phone=&#8221;&#8221; transform_origin_last_edited=&#8221;on|desktop&#8221; transform_styles_last_edited=&#8221;on|desktop&#8221; background_layout=&#8221;dark&#8221; custom_margin=&#8221;-70px|||||false&#8221; custom_margin_tablet=&#8221;|0px||&#8221; custom_margin_last_edited=&#8221;off|desktop&#8221; custom_padding=&#8221;14px|20px|14px|20px|true&#8221; button_bg_color_last_edited=&#8221;off|tablet&#8221; transform_styles_tablet=&#8221;&#8221; transform_styles_phone=&#8221;&#8221; locked=&#8221;off&#8221; button_bg_color__hover_enabled=&#8221;on&#8221; button_bg_color__hover=&#8221;#000000&#8243; button_bg_enable_color__hover=&#8221;on&#8221; custom_padding__hover_enabled=&#8221;on&#8221; custom_padding__hover=&#8221;|30px||&#8221;][\/et_pb_button][\/et_pb_column][\/et_pb_row][et_pb_row _builder_version=&#8221;4.6.0&#8243; _module_preset=&#8221;default&#8221; custom_padding=&#8221;0px||2px|||&#8221;][et_pb_column type=&#8221;4_4&#8243; _builder_version=&#8221;4.6.0&#8243; _module_preset=&#8221;default&#8221;][\/et_pb_column][\/et_pb_row][\/et_pb_section]<\/p>\n","protected":false},"excerpt":{"rendered":"<p>1 Corinthiens 16.14 \u00a0Le dioc\u00e8se de Montr\u00e9al et le SASMAD organisent des activit\u00e9s de formation continue et de ressourcement tout au long de l&#8217;ann\u00e9e pour enrichir l&#8217;esprit de ses b\u00e9n\u00e9voles et de son personnel. Ces activit\u00e9s nous donnent la force et les outils n\u00e9cessaires pour remplir la mission de service du SASMAD et r\u00e9aliser un [&hellip;]<\/p>\n","protected":false},"author":196,"featured_media":0,"parent":0,"menu_order":0,"comment_status":"closed","ping_status":"closed","template":"","meta":{"_et_pb_use_builder":"on","_et_pb_old_content":"","_et_gb_content_width":"","_monsterinsights_skip_tracking":false,"_monsterinsights_sitenote_active":false,"_monsterinsights_sitenote_note":"","_monsterinsights_sitenote_category":0,"footnotes":""},"class_list":["post-33","page","type-page","status-publish","hentry"],"_links":{"self":[{"href":"https:\/\/microsites.diocesemontreal.org\/microsites\/sasmad\/wp-json\/wp\/v2\/pages\/33","targetHints":{"allow":["GET"]}}],"collection":[{"href":"https:\/\/microsites.diocesemontreal.org\/microsites\/sasmad\/wp-json\/wp\/v2\/pages"}],"about":[{"href":"https:\/\/microsites.diocesemontreal.org\/microsites\/sasmad\/wp-json\/wp\/v2\/types\/page"}],"author":[{"embeddable":true,"href":"https:\/\/microsites.diocesemontreal.org\/microsites\/sasmad\/wp-json\/wp\/v2\/users\/196"}],"replies":[{"embeddable":true,"href":"https:\/\/microsites.diocesemontreal.org\/microsites\/sasmad\/wp-json\/wp\/v2\/comments?post=33"}],"version-history":[{"count":33,"href":"https:\/\/microsites.diocesemontreal.org\/microsites\/sasmad\/wp-json\/wp\/v2\/pages\/33\/revisions"}],"predecessor-version":[{"id":2481,"href":"https:\/\/microsites.diocesemontreal.org\/microsites\/sasmad\/wp-json\/wp\/v2\/pages\/33\/revisions\/2481"}],"wp:attachment":[{"href":"https:\/\/microsites.diocesemontreal.org\/microsites\/sasmad\/wp-json\/wp\/v2\/media?parent=33"}],"curies":[{"name":"wp","href":"https:\/\/api.w.org\/{rel}","templated":true}]}}