{"id":35,"date":"2019-08-20T23:31:28","date_gmt":"2019-08-20T21:31:28","guid":{"rendered":"http:\/\/microsites.diocesemontreal.org\/microsites\/sasmad\/?page_id=35"},"modified":"2023-07-12T20:11:23","modified_gmt":"2023-07-13T00:11:23","slug":"je-suis-benevole","status":"publish","type":"page","link":"https:\/\/microsites.diocesemontreal.org\/microsites\/sasmad\/je-suis-benevole\/","title":{"rendered":"Je suis b\u00e9n\u00e9vole"},"content":{"rendered":"<p>[et_pb_section fb_built=&#8221;1&#8243; admin_label=&#8221;section&#8221; _builder_version=&#8221;4.16&#8243; min_height=&#8221;713px&#8221; custom_margin=&#8221;||143px|||&#8221; global_colors_info=&#8221;{}&#8221;][et_pb_row column_structure=&#8221;1_2,1_2&#8243; _builder_version=&#8221;4.16&#8243; _module_preset=&#8221;default&#8221; min_height=&#8221;674px&#8221; global_colors_info=&#8221;{}&#8221;][et_pb_column type=&#8221;1_2&#8243; _builder_version=&#8221;4.16&#8243; _module_preset=&#8221;default&#8221; global_colors_info=&#8221;{}&#8221;][et_pb_image src=&#8221;https:\/\/microsites.diocesemontreal.org\/microsites\/sasmad\/wp-content\/uploads\/sites\/27\/2020\/08\/jon-tyson-kGUmNEYaSMY-unsplash-scaled.jpg&#8221; title_text=&#8221;jon-tyson-kGUmNEYaSMY-unsplash&#8221; align=&#8221;center&#8221; _builder_version=&#8221;4.16&#8243; _module_preset=&#8221;default&#8221; width=&#8221;100%&#8221; min_height=&#8221;414px&#8221; custom_margin=&#8221;|90px|-2px|||&#8221; custom_padding=&#8221;||55px|||&#8221; global_colors_info=&#8221;{}&#8221;][\/et_pb_image][\/et_pb_column][et_pb_column type=&#8221;1_2&#8243; _builder_version=&#8221;4.16&#8243; _module_preset=&#8221;default&#8221; global_colors_info=&#8221;{}&#8221;][et_pb_cta title=&#8221;Cette section s\u2019adresse \u00e0 vous qui \u00eates b\u00e9n\u00e9voles au SASMAD&#8230;&#8221; button_text=&#8221;Clics&#8221; _builder_version=&#8221;4.16&#8243; _module_preset=&#8221;default&#8221; header_level=&#8221;h3&#8243; header_text_align=&#8221;center&#8221; header_font_size=&#8221;36px&#8221; header_line_height=&#8221;1.2em&#8221; body_text_align=&#8221;center&#8221; body_font_size=&#8221;20px&#8221; body_letter_spacing=&#8221;2px&#8221; body_line_height=&#8221;1.8em&#8221; background_color=&#8221;#0d8de8&#8243; text_orientation=&#8221;left&#8221; width=&#8221;100%&#8221; module_alignment=&#8221;left&#8221; min_height=&#8221;649px&#8221; custom_padding=&#8221;||0px|||&#8221; animation_style=&#8221;zoom&#8221; border_width_all=&#8221;4px&#8221; border_color_all=&#8221;rgba(0,0,0,0)&#8221; box_shadow_style=&#8221;preset6&#8243; box_shadow_position=&#8221;outer&#8221; global_colors_info=&#8221;{}&#8221;]<\/p>\n<p>&nbsp;<\/p>\n<p>et d\u00e9sire vous aider \u00e0 rendre compte de votre b\u00e9n\u00e9volat aupr\u00e8s de nous, \u00e0 vous informer sur des sujets d\u2019int\u00e9r\u00eat dans notre mission et \u00e0 vous donner un soutien par un acc\u00e8s rapide lors de vos accompagnements.<\/p>\n<p>[\/et_pb_cta][\/et_pb_column][\/et_pb_row][\/et_pb_section][et_pb_section fb_built=&#8221;1&#8243; _builder_version=&#8221;4.16&#8243; _module_preset=&#8221;default&#8221; background_image=&#8221;https:\/\/microsites.diocesemontreal.org\/microsites\/sasmad\/wp-content\/uploads\/sites\/27\/2020\/08\/beatriz-perez-moya-XN4T2PVUUgk-unsplash-scaled.jpg&#8221; parallax=&#8221;on&#8221; min_height=&#8221;952px&#8221; custom_margin=&#8221;-190px|||||&#8221; custom_padding=&#8221;|||116px||&#8221; global_colors_info=&#8221;{}&#8221;][et_pb_row admin_label=&#8221;row&#8221; _builder_version=&#8221;4.16&#8243; background_size=&#8221;initial&#8221; background_position=&#8221;top_left&#8221; background_repeat=&#8221;repeat&#8221; min_height=&#8221;660px&#8221; global_colors_info=&#8221;{}&#8221;][et_pb_column type=&#8221;4_4&#8243; _builder_version=&#8221;4.16&#8243; custom_padding=&#8221;|||&#8221; global_colors_info=&#8221;{}&#8221; custom_padding__hover=&#8221;|||&#8221;][et_pb_button button_url=&#8221;https:\/\/sasmad-journal.diocesemontreal.org\/&#8221; url_new_window=&#8221;on&#8221; button_text=&#8221;Remplir le journal de visites&#8221; button_alignment=&#8221;left&#8221; _builder_version=&#8221;4.16&#8243; _module_preset=&#8221;default&#8221; custom_button=&#8221;on&#8221; button_text_color=&#8221;#ffffff&#8221; button_bg_color=&#8221;#0d8de8&#8243; custom_margin=&#8221;||-1px||false|false&#8221; custom_padding=&#8221;||15px|||&#8221; box_shadow_style=&#8221;preset1&#8243; global_colors_info=&#8221;{}&#8221;][\/et_pb_button][et_pb_blurb image=&#8221;@ET-DC@eyJkeW5hbWljIjp0cnVlLCJjb250ZW50IjoicG9zdF9mZWF0dXJlZF9pbWFnZSIsInNldHRpbmdzIjp7fX0=@&#8221; image_icon_width=&#8221;90%&#8221; _builder_version=&#8221;4.16&#8243; _dynamic_attributes=&#8221;image&#8221; _module_preset=&#8221;default&#8221; header_level=&#8221;h2&#8243; header_text_color=&#8221;#000000&#8243; body_text_color=&#8221;#383838&#8243; body_font_size=&#8221;17px&#8221; body_letter_spacing=&#8221;1px&#8221; body_line_height=&#8221;1.8em&#8221; background_color=&#8221;rgba(0,0,0,0)&#8221; background_color_gradient_direction=&#8221;283deg&#8221; background_enable_image=&#8221;off&#8221; width=&#8221;83.2%&#8221; min_height=&#8221;299px&#8221; custom_margin=&#8221;|-191px||-99px||&#8221; custom_padding=&#8221;|0px|2px|||&#8221; border_color_all=&#8221;rgba(0,0,0,0)&#8221; border_color_all_image=&#8221;rgba(0,0,0,0)&#8221; box_shadow_style_image=&#8221;preset6&#8243; box_shadow_horizontal_image=&#8221;-20px&#8221; box_shadow_blur_image=&#8221;9px&#8221; box_shadow_spread_image=&#8221;-58px&#8221; image_max_width=&#8221;90%&#8221; global_colors_info=&#8221;{}&#8221;]<\/p>\n<p>&nbsp;<\/p>\n<p><span style=\"color: #000000\"><span style=\"font-size: x-large\"><strong>Le journal de visites<\/strong><\/span> est le document dans lequel vous notez les dates, heures et lieux de vos accompagnements spirituels. Cet acc\u00e8s \u00e9lectronique facilite grandement l\u2019entr\u00e9e de vos donn\u00e9es et les rend imm\u00e9diatement accessibles au service.<\/span><\/p>\n<p><span style=\"color: #000000\"> La transmission du journal de visites inscrit votre participation personnelle \u00e0 la mission SASMAD dans la m\u00e9moire de l\u2019organisme.<\/span><\/p>\n<p><span style=\"color: #000000\"> Les statistiques qu\u2019on en d\u00e9gage sont un moyen de rendre compte aupr\u00e8s de la Fondation Jeanne Mance, de l\u2019archev\u00each\u00e9 de Montr\u00e9al et de nos partenaires, de l\u2019ampleur des bienfaits de notre \u0153uvre de mis\u00e9ricorde envers les personnes malades ou \u00e2g\u00e9es \u00e0 domicile.<\/span><\/p>\n<p><span style=\"color: #000000\">Ci-dessous nous vous partageons deux vid\u00e9os et un guide pratique pour vous aider \u00e0 remplir le journal de visites.<\/span><\/p>\n<p><span style=\"color: #000000\"><\/span><\/p>\n<p>[\/et_pb_blurb][\/et_pb_column][\/et_pb_row][\/et_pb_section][et_pb_section fb_built=&#8221;1&#8243; _builder_version=&#8221;4.16&#8243; _module_preset=&#8221;default&#8221; global_colors_info=&#8221;{}&#8221;][et_pb_row column_structure=&#8221;1_2,1_2&#8243; _builder_version=&#8221;4.16&#8243; _module_preset=&#8221;default&#8221; global_colors_info=&#8221;{}&#8221;][et_pb_column type=&#8221;1_2&#8243; _builder_version=&#8221;4.16&#8243; _module_preset=&#8221;default&#8221; global_colors_info=&#8221;{}&#8221;][et_pb_video src=&#8221;https:\/\/youtu.be\/h-b5PMZ6A_M&#8221; src_webm=&#8221;https:\/\/youtu.be\/vFFZAOi69yw&#8221; image_src=&#8221;\/\/i.ytimg.com\/vi\/h-b5PMZ6A_M\/hqdefault.jpg&#8221; thumbnail_overlay_color=&#8221;rgba(0,0,0,0.6)&#8221; _builder_version=&#8221;4.16&#8243; _module_preset=&#8221;default&#8221; global_colors_info=&#8221;{}&#8221;][\/et_pb_video][et_pb_text _builder_version=&#8221;4.16&#8243; _module_preset=&#8221;default&#8221; text_text_color=&#8221;#000000&#8243; text_font_size=&#8221;18px&#8221; global_colors_info=&#8221;{}&#8221;]<\/p>\n<p><span>Les b\u00e9n\u00e9voles Christiane et Marcelle discutent sur les b\u00e9n\u00e9fices de remplir le Journal de visites du SASMAD en ligne. Le SASMAD remercie \u00e0 la fin les centaines des b\u00e9n\u00e9voles.<\/span><\/p>\n<p>[\/et_pb_text][\/et_pb_column][et_pb_column type=&#8221;1_2&#8243; _builder_version=&#8221;4.16&#8243; _module_preset=&#8221;default&#8221; global_colors_info=&#8221;{}&#8221;][et_pb_video src=&#8221;https:\/\/youtu.be\/DOcAWOWJreY&#8221; src_webm=&#8221;https:\/\/youtu.be\/DOcAWOWJreY&#8221; image_src=&#8221;https:\/\/microsites.diocesemontreal.org\/microsites\/sasmad\/wp-content\/uploads\/sites\/27\/2020\/11\/Screen-Shot-2020-11-12-at-11.19.47-PM.png&#8221; thumbnail_overlay_color=&#8221;rgba(0,0,0,0.6)&#8221; _builder_version=&#8221;4.16&#8243; _module_preset=&#8221;default&#8221; global_colors_info=&#8221;{}&#8221;][\/et_pb_video][et_pb_text _builder_version=&#8221;4.16&#8243; _module_preset=&#8221;default&#8221; text_text_color=&#8221;#000000&#8243; text_font_size=&#8221;18px&#8221; global_colors_info=&#8221;{}&#8221;]<\/p>\n<p><span>B\u00e9r\u00e9nice Acosta, Adjointe administrative et d\u00e9veloppeur du microsite web du SASMAD, explique aux b\u00e9n\u00e9voles comment faire une entr\u00e9e dans le Journal de visites.<\/span><\/p>\n<p>[\/et_pb_text][\/et_pb_column][\/et_pb_row][\/et_pb_section][et_pb_section fb_built=&#8221;1&#8243; fullwidth=&#8221;on&#8221; _builder_version=&#8221;4.16&#8243; _module_preset=&#8221;default&#8221; global_colors_info=&#8221;{}&#8221;][et_pb_fullwidth_header title=&#8221; Documents&#8221; _builder_version=&#8221;4.16&#8243; _module_preset=&#8221;default&#8221; title_font=&#8221;|800|||||||&#8221; title_font_size=&#8221;57px&#8221; title_letter_spacing=&#8221;5px&#8221; background_color=&#8221;#0d8de8&#8243; background_image=&#8221;https:\/\/microsites.diocesemontreal.org\/microsites\/sasmad\/wp-content\/uploads\/sites\/27\/2020\/08\/jon-tyson-kGUmNEYaSMY-unsplash-scaled.jpg&#8221; parallax=&#8221;on&#8221; module_alignment=&#8221;right&#8221; min_height=&#8221;270px&#8221; global_colors_info=&#8221;{}&#8221;][\/et_pb_fullwidth_header][\/et_pb_section][et_pb_section fb_built=&#8221;1&#8243; _builder_version=&#8221;4.16&#8243; _module_preset=&#8221;default&#8221; module_alignment=&#8221;left&#8221; animation_style=&#8221;fade&#8221; global_colors_info=&#8221;{}&#8221;][et_pb_row column_structure=&#8221;1_3,1_3,1_3&#8243; use_custom_gutter=&#8221;on&#8221; make_equal=&#8221;on&#8221; _builder_version=&#8221;4.16&#8243; _module_preset=&#8221;default&#8221; width=&#8221;100%&#8221; max_width=&#8221;1092px&#8221; min_height=&#8221;261px&#8221; height=&#8221;384px&#8221; max_height=&#8221;625px&#8221; custom_padding=&#8221;|3px|0px|||&#8221; box_shadow_style=&#8221;preset6&#8243; global_colors_info=&#8221;{}&#8221;][et_pb_column type=&#8221;1_3&#8243; _builder_version=&#8221;4.16&#8243; _module_preset=&#8221;default&#8221; global_colors_info=&#8221;{}&#8221;][et_pb_cta title=&#8221;Code d&#8217;\u00e9thique&#8221; button_url=&#8221;https:\/\/microsites.diocesemontreal.org\/microsites\/sasmad\/wp-content\/uploads\/sites\/27\/2023\/02\/Code-dethique-25-avril-2022.pdf&#8221; url_new_window=&#8221;on&#8221; button_text=&#8221;Code d&#8217;\u00e9thique&#8221; _builder_version=&#8221;4.18.0&#8243; _module_preset=&#8221;default&#8221; header_font_size=&#8221;1px&#8221; background_color=&#8221;#fc5400&#8243; button_alignment=&#8221;center&#8221; animation_style=&#8221;roll&#8221; global_colors_info=&#8221;{}&#8221;]<\/p>\n<p><strong><span style=\"font-size: large\">Nous vous conseillons de consulter ce document r\u00e9guli\u00e8rement. \u00a0Des questions? Communiquez avec votre coordonnatrice.<\/span><span style=\"font-size: 14px\">\u00a0\u00a0<\/span><\/strong><\/p>\n<p>[\/et_pb_cta][\/et_pb_column][et_pb_column type=&#8221;1_3&#8243; _builder_version=&#8221;4.16&#8243; _module_preset=&#8221;default&#8221; global_colors_info=&#8221;{}&#8221;][et_pb_cta title=&#8221;Comment remplir le journal de visites &#8211; FR&#8221; button_url=&#8221;https:\/\/microsites.diocesemontreal.org\/microsites\/sasmad\/wp-content\/uploads\/sites\/27\/2020\/12\/FR-Instructions-pour-completer-le-Journal-de-visites-Sasmad-2020-12-02.pdf&#8221; url_new_window=&#8221;on&#8221; button_text=&#8221;Guide Journal de Visites FR&#8221; _builder_version=&#8221;4.16&#8243; _module_preset=&#8221;default&#8221; header_font_size=&#8221;1px&#8221; background_color=&#8221;#0d8de8&#8243; button_alignment=&#8221;center&#8221; link_option_url_new_window=&#8221;on&#8221; global_colors_info=&#8221;{}&#8221;]<\/p>\n<p><strong><span style=\"font-size: large\">Nous avons pr\u00e9par\u00e9 ce guide pratique pour remplir le journal de visites en ligne.<\/span><span style=\"font-size: 14px\">\u00a0<\/span><\/strong><\/p>\n<p>[\/et_pb_cta][\/et_pb_column][et_pb_column type=&#8221;1_3&#8243; _builder_version=&#8221;4.16&#8243; _module_preset=&#8221;default&#8221; global_colors_info=&#8221;{}&#8221;][et_pb_cta title=&#8221;Journal de visites ENG&#8221; button_url=&#8221;https:\/\/microsites.diocesemontreal.org\/microsites\/sasmad\/wp-content\/uploads\/sites\/27\/2020\/12\/ENG-Instructions-for-Entering-Visit-Reports-2020-12-02.pdf&#8221; url_new_window=&#8221;on&#8221; button_text=&#8221;Guide Journal de visites ENG&#8221; _builder_version=&#8221;4.16&#8243; _module_preset=&#8221;default&#8221; header_font_size=&#8221;1px&#8221; background_color=&#8221;#8300e9&#8243; button_alignment=&#8221;center&#8221; min_height=&#8221;299px&#8221; link_option_url_new_window=&#8221;on&#8221; global_colors_info=&#8221;{}&#8221;]<\/p>\n<p><span style=\"font-size: large\"><strong>Voici la version en anglais du guide pratique sur comment remplir le journal de visites en ligne.\u00a0<\/strong><\/span><\/p>\n<p>[\/et_pb_cta][\/et_pb_column][\/et_pb_row][et_pb_row column_structure=&#8221;1_3,1_3,1_3&#8243; use_custom_gutter=&#8221;on&#8221; make_equal=&#8221;on&#8221; _builder_version=&#8221;4.16&#8243; _module_preset=&#8221;default&#8221; width=&#8221;100%&#8221; max_width=&#8221;1092px&#8221; min_height=&#8221;261px&#8221; height=&#8221;384px&#8221; max_height=&#8221;625px&#8221; custom_padding=&#8221;|3px|0px|||&#8221; box_shadow_style=&#8221;preset6&#8243; global_colors_info=&#8221;{}&#8221;][et_pb_column type=&#8221;1_3&#8243; _builder_version=&#8221;4.16&#8243; _module_preset=&#8221;default&#8221; global_colors_info=&#8221;{}&#8221;][et_pb_cta title=&#8221;Code d&#8217;\u00e9thique&#8221; button_url=&#8221;https:\/\/microsites.diocesemontreal.org\/microsites\/sasmad\/wp-content\/uploads\/sites\/27\/2023\/02\/Code-dethique-25-avril-2022.pdf&#8221; url_new_window=&#8221;on&#8221; button_text=&#8221;Code d&#8217;\u00e9thique&#8221; _builder_version=&#8221;4.18.0&#8243; _module_preset=&#8221;default&#8221; header_font_size=&#8221;1px&#8221; background_color=&#8221;#E02B20&#8243; button_alignment=&#8221;center&#8221; animation_style=&#8221;roll&#8221; global_colors_info=&#8221;{}&#8221;]<\/p>\n<p><strong><span style=\"font-size: large\">Nous vous conseillons de consulter ce document r\u00e9guli\u00e8rement. \u00a0Des questions? Communiquez avec votre coordonnatrice.<\/span><span style=\"font-size: 14px\">\u00a0\u00a0<\/span><\/strong><\/p>\n<p>[\/et_pb_cta][\/et_pb_column][et_pb_column type=&#8221;1_3&#8243; _builder_version=&#8221;4.16&#8243; _module_preset=&#8221;default&#8221; global_colors_info=&#8221;{}&#8221;][et_pb_cta title=&#8221;Comment remplir le journal de visites &#8211; FR&#8221; button_url=&#8221;https:\/\/microsites.diocesemontreal.org\/microsites\/sasmad\/wp-content\/uploads\/sites\/27\/2020\/12\/FR-Instructions-pour-completer-le-Journal-de-visites-Sasmad-2020-12-02.pdf&#8221; url_new_window=&#8221;on&#8221; button_text=&#8221;Guide Journal de Visites FR&#8221; _builder_version=&#8221;4.16&#8243; _module_preset=&#8221;default&#8221; header_font_size=&#8221;1px&#8221; background_color=&#8221;#EDF000&#8243; button_alignment=&#8221;center&#8221; link_option_url_new_window=&#8221;on&#8221; global_colors_info=&#8221;{}&#8221;]<\/p>\n<p><strong><span style=\"font-size: large\">Nous avons pr\u00e9par\u00e9 ce guide pratique pour remplir le journal de visites en ligne.<\/span><span style=\"font-size: 14px\">\u00a0<\/span><\/strong><\/p>\n<p>[\/et_pb_cta][\/et_pb_column][et_pb_column type=&#8221;1_3&#8243; _builder_version=&#8221;4.16&#8243; _module_preset=&#8221;default&#8221; global_colors_info=&#8221;{}&#8221;][et_pb_cta title=&#8221;Journal de visites ENG&#8221; button_url=&#8221;https:\/\/microsites.diocesemontreal.org\/microsites\/sasmad\/wp-content\/uploads\/sites\/27\/2020\/12\/ENG-Instructions-for-Entering-Visit-Reports-2020-12-02.pdf&#8221; url_new_window=&#8221;on&#8221; button_text=&#8221;Guide Journal de visites ENG&#8221; _builder_version=&#8221;4.16&#8243; _module_preset=&#8221;default&#8221; header_font_size=&#8221;1px&#8221; background_color=&#8221;#09def2&#8243; button_alignment=&#8221;center&#8221; min_height=&#8221;299px&#8221; link_option_url_new_window=&#8221;on&#8221; global_colors_info=&#8221;{}&#8221;]<\/p>\n<p><span style=\"font-size: large\"><strong>Voici la version en anglais du guide pratique sur comment remplir le journal de visites en ligne.\u00a0<\/strong><\/span><\/p>\n<p>[\/et_pb_cta][\/et_pb_column][\/et_pb_row][et_pb_row column_structure=&#8221;1_3,1_3,1_3&#8243; use_custom_gutter=&#8221;on&#8221; make_equal=&#8221;on&#8221; _builder_version=&#8221;4.16&#8243; _module_preset=&#8221;default&#8221; width=&#8221;100%&#8221; max_width=&#8221;1092px&#8221; min_height=&#8221;261px&#8221; height=&#8221;384px&#8221; max_height=&#8221;625px&#8221; custom_padding=&#8221;|3px|0px|||&#8221; box_shadow_style=&#8221;preset6&#8243; global_colors_info=&#8221;{}&#8221;][et_pb_column type=&#8221;1_3&#8243; _builder_version=&#8221;4.16&#8243; _module_preset=&#8221;default&#8221; global_colors_info=&#8221;{}&#8221;][et_pb_cta title=&#8221;Synode FR&#8221; button_url=&#8221;https:\/\/microsites.diocesemontreal.org\/microsites\/sasmad\/wp-content\/uploads\/sites\/27\/2022\/03\/Synode-Adaptation.pdf&#8221; url_new_window=&#8221;on&#8221; button_text=&#8221;Synode FR&#8221; _builder_version=&#8221;4.16&#8243; _module_preset=&#8221;default&#8221; header_font_size=&#8221;1px&#8221; background_color=&#8221;#8300e9&#8243; button_alignment=&#8221;center&#8221; min_height=&#8221;299px&#8221; global_colors_info=&#8221;{}&#8221;]<\/p>\n<p><span style=\"font-size: large\"><strong>Document SASMAD 2022-03 pour le Synode, version fran\u00e7aise<\/strong><\/span><\/p>\n<p>&nbsp;<\/p>\n<p>[\/et_pb_cta][\/et_pb_column][et_pb_column type=&#8221;1_3&#8243; _builder_version=&#8221;4.16&#8243; _module_preset=&#8221;default&#8221; global_colors_info=&#8221;{}&#8221;][et_pb_cta title=&#8221;Synode &#8221; button_url=&#8221;https:\/\/microsites.diocesemontreal.org\/microsites\/sasmad\/wp-content\/uploads\/sites\/27\/2022\/03\/Adapted-Process-for-the-Synod.pdf&#8221; url_new_window=&#8221;on&#8221; button_text=&#8221;Synode ENG&#8221; _builder_version=&#8221;4.16&#8243; _module_preset=&#8221;default&#8221; header_font_size=&#8221;1px&#8221; background_color=&#8221;#7CDA24&#8243; button_alignment=&#8221;center&#8221; link_option_url_new_window=&#8221;on&#8221; global_colors_info=&#8221;{}&#8221;]<\/p>\n<p><span style=\"font-size: large\"><strong>Document SASMAD 2022-03 pour le <\/strong><\/span><span style=\"font-size: large\"><strong>Synode version anglaise<\/strong><\/span><\/p>\n<p><span style=\"font-size: 14px\">\u00a0<\/span><\/p>\n<p>[\/et_pb_cta][\/et_pb_column][et_pb_column type=&#8221;1_3&#8243; _builder_version=&#8221;4.16&#8243; _module_preset=&#8221;default&#8221; global_colors_info=&#8221;{}&#8221;][et_pb_cta title=&#8221;Pri\u00e8res ENG&#8221; button_url=&#8221;https:\/\/microsites.diocesemontreal.org\/microsites\/sasmad\/wp-content\/uploads\/sites\/27\/2022\/12\/2022-12-14-English-prayers.pdf&#8221; url_new_window=&#8221;on&#8221; button_text=&#8221;Pri\u00e8res ENG&#8221; _builder_version=&#8221;4.18.0&#8243; _module_preset=&#8221;default&#8221; header_font_size=&#8221;1px&#8221; background_color=&#8221;#FC5400&#8243; button_alignment=&#8221;center&#8221; min_height=&#8221;299px&#8221; animation_style=&#8221;roll&#8221; link_option_url_new_window=&#8221;on&#8221; global_colors_info=&#8221;{}&#8221;]<\/p>\n<p><span style=\"font-size: large\"><b>Si jamais vous avez besoin des belles pri\u00e8res en anglais, cliquez ici<\/b><\/span><\/p>\n<p>&nbsp;<\/p>\n<p>&nbsp;<\/p>\n<p>[\/et_pb_cta][\/et_pb_column][\/et_pb_row][et_pb_row column_structure=&#8221;1_3,1_3,1_3&#8243; use_custom_gutter=&#8221;on&#8221; make_equal=&#8221;on&#8221; _builder_version=&#8221;4.16&#8243; _module_preset=&#8221;default&#8221; width=&#8221;100%&#8221; max_width=&#8221;1092px&#8221; min_height=&#8221;261px&#8221; height=&#8221;384px&#8221; max_height=&#8221;625px&#8221; custom_padding=&#8221;|3px|0px|||&#8221; box_shadow_style=&#8221;preset6&#8243; global_colors_info=&#8221;{}&#8221;][et_pb_column type=&#8221;1_3&#8243; _builder_version=&#8221;4.16&#8243; _module_preset=&#8221;default&#8221; global_colors_info=&#8221;{}&#8221;][et_pb_cta title=&#8221;Formulaire SPVM &#8221; button_url=&#8221;https:\/\/microsites.diocesemontreal.org\/microsites\/sasmad\/wp-content\/uploads\/sites\/27\/2023\/07\/Formulaire-SPVM-demande-de-verification.pdf&#8221; url_new_window=&#8221;on&#8221; button_text=&#8221;Formulaire FR&#8221; _builder_version=&#8221;4.18.0&#8243; _module_preset=&#8221;default&#8221; header_font_size=&#8221;1px&#8221; background_color=&#8221;#8300e9&#8243; button_alignment=&#8221;center&#8221; min_height=&#8221;299px&#8221; global_colors_info=&#8221;{}&#8221;]<\/p>\n<p><span style=\"font-size: large\"><strong>Formulaire de la SPVM \u00e0 remplir par nos candidats et b\u00e9n\u00e9voles<\/strong><\/span><\/p>\n<p>&nbsp;<\/p>\n<p>[\/et_pb_cta][\/et_pb_column][et_pb_column type=&#8221;1_3&#8243; _builder_version=&#8221;4.16&#8243; _module_preset=&#8221;default&#8221; global_colors_info=&#8221;{}&#8221;][et_pb_cta title=&#8221;\u00e0 venir&#8221; button_text=&#8221;\u00e0 venir&#8221; _builder_version=&#8221;4.18.0&#8243; _module_preset=&#8221;default&#8221; header_font_size=&#8221;1px&#8221; background_color=&#8221;#7CDA24&#8243; button_alignment=&#8221;center&#8221; link_option_url_new_window=&#8221;on&#8221; hover_enabled=&#8221;0&#8243; global_colors_info=&#8221;{}&#8221; sticky_enabled=&#8221;0&#8243;]<\/p>\n<p><span style=\"font-size: large\"><b>Plus \u00e0 venir&#8230;<\/b><\/span><\/p>\n<p><span style=\"font-size: 14px\">\u00a0<\/span><\/p>\n<p>[\/et_pb_cta][\/et_pb_column][et_pb_column type=&#8221;1_3&#8243; _builder_version=&#8221;4.16&#8243; _module_preset=&#8221;default&#8221; global_colors_info=&#8221;{}&#8221;][et_pb_cta title=&#8221;\u00e0 venir&#8221; button_text=&#8221;\u00e0 venir&#8221; _builder_version=&#8221;4.18.0&#8243; _module_preset=&#8221;default&#8221; header_font_size=&#8221;1px&#8221; background_color=&#8221;#FC5400&#8243; button_alignment=&#8221;center&#8221; min_height=&#8221;299px&#8221; animation_style=&#8221;roll&#8221; link_option_url_new_window=&#8221;on&#8221; hover_enabled=&#8221;0&#8243; global_colors_info=&#8221;{}&#8221; sticky_enabled=&#8221;0&#8243;]<\/p>\n<p><span style=\"font-size: large\"><b>Plus \u00e0 venir&#8230;<\/b><\/span><\/p>\n<p>&nbsp;<\/p>\n<p>&nbsp;<\/p>\n<p>[\/et_pb_cta][\/et_pb_column][\/et_pb_row][\/et_pb_section]<\/p>\n","protected":false},"excerpt":{"rendered":"<p>&nbsp; et d\u00e9sire vous aider \u00e0 rendre compte de votre b\u00e9n\u00e9volat aupr\u00e8s de nous, \u00e0 vous informer sur des sujets d\u2019int\u00e9r\u00eat dans notre mission et \u00e0 vous donner un soutien par un acc\u00e8s rapide lors de vos accompagnements.&nbsp; Le journal de visites est le document dans lequel vous notez les dates, heures et lieux de [&hellip;]<\/p>\n","protected":false},"author":196,"featured_media":0,"parent":0,"menu_order":0,"comment_status":"closed","ping_status":"closed","template":"","meta":{"_et_pb_use_builder":"on","_et_pb_old_content":"","_et_gb_content_width":"","_monsterinsights_skip_tracking":false,"_monsterinsights_sitenote_active":false,"_monsterinsights_sitenote_note":"","_monsterinsights_sitenote_category":0,"footnotes":""},"class_list":["post-35","page","type-page","status-publish","hentry"],"_links":{"self":[{"href":"https:\/\/microsites.diocesemontreal.org\/microsites\/sasmad\/wp-json\/wp\/v2\/pages\/35","targetHints":{"allow":["GET"]}}],"collection":[{"href":"https:\/\/microsites.diocesemontreal.org\/microsites\/sasmad\/wp-json\/wp\/v2\/pages"}],"about":[{"href":"https:\/\/microsites.diocesemontreal.org\/microsites\/sasmad\/wp-json\/wp\/v2\/types\/page"}],"author":[{"embeddable":true,"href":"https:\/\/microsites.diocesemontreal.org\/microsites\/sasmad\/wp-json\/wp\/v2\/users\/196"}],"replies":[{"embeddable":true,"href":"https:\/\/microsites.diocesemontreal.org\/microsites\/sasmad\/wp-json\/wp\/v2\/comments?post=35"}],"version-history":[{"count":106,"href":"https:\/\/microsites.diocesemontreal.org\/microsites\/sasmad\/wp-json\/wp\/v2\/pages\/35\/revisions"}],"predecessor-version":[{"id":6241,"href":"https:\/\/microsites.diocesemontreal.org\/microsites\/sasmad\/wp-json\/wp\/v2\/pages\/35\/revisions\/6241"}],"wp:attachment":[{"href":"https:\/\/microsites.diocesemontreal.org\/microsites\/sasmad\/wp-json\/wp\/v2\/media?parent=35"}],"curies":[{"name":"wp","href":"https:\/\/api.w.org\/{rel}","templated":true}]}}