{"id":37,"date":"2019-08-20T23:32:23","date_gmt":"2019-08-20T21:32:23","guid":{"rendered":"http:\/\/microsites.diocesemontreal.org\/microsites\/sasmad\/?page_id=37"},"modified":"2025-05-04T20:31:03","modified_gmt":"2025-05-05T00:31:03","slug":"formations","status":"publish","type":"page","link":"https:\/\/microsites.diocesemontreal.org\/microsites\/sasmad\/formations\/","title":{"rendered":"Formations"},"content":{"rendered":"<p>[et_pb_section fb_built=&#8221;1&#8243; inner_shadow=&#8221;on&#8221; fullwidth=&#8221;on&#8221; _builder_version=&#8221;4.18.0&#8243; _module_preset=&#8221;default&#8221; background_enable_image=&#8221;off&#8221; custom_padding=&#8221;||0px|||&#8221; animation_style=&#8221;bounce&#8221; global_colors_info=&#8221;{}&#8221;][\/et_pb_section][et_pb_section fb_built=&#8221;1&#8243; _builder_version=&#8221;4.18.0&#8243; _module_preset=&#8221;default&#8221; background_image=&#8221;https:\/\/microsites.diocesemontreal.org\/microsites\/sasmad\/wp-content\/uploads\/sites\/27\/2024\/06\/dreamstime_xxl_303624771.jpeg&#8221; min_height=&#8221;753px&#8221; custom_margin=&#8221;||-6px|||&#8221; custom_padding=&#8221;62px||0px|||&#8221; global_colors_info=&#8221;{}&#8221;][et_pb_row _builder_version=&#8221;4.18.0&#8243; _module_preset=&#8221;default&#8221; min_height=&#8221;436px&#8221; global_colors_info=&#8221;{}&#8221;][et_pb_column type=&#8221;4_4&#8243; _builder_version=&#8221;4.16&#8243; _module_preset=&#8221;default&#8221; global_colors_info=&#8221;{}&#8221;][et_pb_text _builder_version=&#8221;4.18.0&#8243; _module_preset=&#8221;default&#8221; text_font=&#8221;|600|||||||&#8221; text_text_color=&#8221;#ffffff&#8221; text_font_size=&#8221;50px&#8221; text_line_height=&#8221;1.6em&#8221; header_2_text_color=&#8221;#ffffff&#8221; header_2_font_size=&#8221;61px&#8221; background_layout=&#8221;dark&#8221; width=&#8221;100%&#8221; min_height=&#8221;144px&#8221; custom_margin=&#8221;||231px|||&#8221; custom_padding=&#8221;||0px|||&#8221; text_text_shadow_style=&#8221;preset1&#8243; global_colors_info=&#8221;{}&#8221;]<\/p>\n<p>Nos formations 2025<\/p>\n<p>[\/et_pb_text][et_pb_text _builder_version=&#8221;4.18.0&#8243; _module_preset=&#8221;default&#8221; text_font=&#8221;||||||||&#8221; text_text_color=&#8221;#FFFFFF&#8221; text_font_size=&#8221;18px&#8221; text_line_height=&#8221;3em&#8221; header_text_color=&#8221;#FFFFFF&#8221; header_font_size=&#8221;29px&#8221; header_line_height=&#8221;1.6em&#8221; header_2_font_size=&#8221;42px&#8221; background_color=&#8221;rgba(0,0,0,0)&#8221; width=&#8221;100%&#8221; max_width=&#8221;100%&#8221; min_height=&#8221;140px&#8221; max_height=&#8221;584px&#8221; custom_margin=&#8221;-320px||34px|-14px|false|false&#8221; custom_padding=&#8221;41px|109px|4px|0px|false|false&#8221; text_text_shadow_style=&#8221;preset1&#8243; header_text_shadow_style=&#8221;preset1&#8243; header_text_shadow_horizontal_length=&#8221;-0.14em&#8221; global_colors_info=&#8221;{}&#8221;]<\/p>\n<h1><em>Nos formations sont assur\u00e9es par nos 6 coordonnatrices en Fran\u00e7ais, Anglais et Espagnol sur tout le territoire de Montr\u00e9al<\/em><\/h1>\n<p>[\/et_pb_text][\/et_pb_column][\/et_pb_row][\/et_pb_section][et_pb_section fb_built=&#8221;1&#8243; _builder_version=&#8221;4.16&#8243; _module_preset=&#8221;default&#8221; custom_padding=&#8221;92px|||||&#8221; global_colors_info=&#8221;{}&#8221;][et_pb_row column_structure=&#8221;1_2,1_2&#8243; _builder_version=&#8221;4.16&#8243; _module_preset=&#8221;default&#8221; min_height=&#8221;572px&#8221; custom_padding=&#8221;||3px|||&#8221; hover_enabled=&#8221;0&#8243; global_colors_info=&#8221;{}&#8221; sticky_enabled=&#8221;0&#8243;][et_pb_column type=&#8221;1_2&#8243; _builder_version=&#8221;4.16&#8243; _module_preset=&#8221;default&#8221; global_colors_info=&#8221;{}&#8221;][et_pb_image src=&#8221;https:\/\/microsites.diocesemontreal.org\/microsites\/sasmad\/wp-content\/uploads\/sites\/27\/2019\/10\/compassion.jpg&#8221; title_text=&#8221;compassion&#8221; _builder_version=&#8221;4.18.0&#8243; _module_preset=&#8221;default&#8221; custom_margin=&#8221;39px||||false|false&#8221; custom_padding=&#8221;||31px|||&#8221; hover_enabled=&#8221;0&#8243; global_colors_info=&#8221;{}&#8221; sticky_enabled=&#8221;0&#8243;][\/et_pb_image][\/et_pb_column][et_pb_column type=&#8221;1_2&#8243; _builder_version=&#8221;4.16&#8243; _module_preset=&#8221;default&#8221; global_colors_info=&#8221;{}&#8221;][et_pb_text _builder_version=&#8221;4.18.0&#8243; text_font=&#8221;||||||||&#8221; text_line_height=&#8221;2em&#8221; header_font=&#8221;|700|||||||&#8221; header_font_size=&#8221;16px&#8221; header_line_height=&#8221;1.2em&#8221; header_3_font=&#8221;|700|||||||&#8221; header_3_font_size=&#8221;18px&#8221; header_3_line_height=&#8221;1.7em&#8221; background_color=&#8221;#71A5EF&#8221; transform_scale_tablet=&#8221;&#8221; transform_scale_phone=&#8221;&#8221; transform_scale_last_edited=&#8221;on|desktop&#8221; transform_translate=&#8221;-40px|0px&#8221; transform_translate_tablet=&#8221;0px|0px&#8221; transform_translate_phone=&#8221;&#8221; transform_translate_last_edited=&#8221;on|desktop&#8221; transform_translate_linked=&#8221;off&#8221; transform_rotate_tablet=&#8221;&#8221; transform_rotate_phone=&#8221;&#8221; transform_rotate_last_edited=&#8221;on|desktop&#8221; transform_skew_tablet=&#8221;&#8221; transform_skew_phone=&#8221;&#8221; transform_skew_last_edited=&#8221;on|desktop&#8221; transform_origin_tablet=&#8221;&#8221; transform_origin_phone=&#8221;&#8221; transform_origin_last_edited=&#8221;on|desktop&#8221; transform_styles_last_edited=&#8221;on|desktop&#8221; background_layout=&#8221;dark&#8221; min_height=&#8221;239px&#8221; custom_margin=&#8221;63px||||false|false&#8221; custom_margin_tablet=&#8221;0px|0px||&#8221; custom_margin_phone=&#8221;&#8221; custom_margin_last_edited=&#8221;on|tablet&#8221; custom_padding=&#8221;19px|50px|19px|50px|true|true&#8221; custom_padding_tablet=&#8221;40px|40px|40px|40px|true|true&#8221; custom_padding_phone=&#8221;30px|30px|30px|30px|true|true&#8221; custom_padding_last_edited=&#8221;on|phone&#8221; hover_enabled=&#8221;0&#8243; transform_styles_tablet=&#8221;&#8221; transform_styles_phone=&#8221;&#8221; box_shadow_style=&#8221;preset1&#8243; box_shadow_vertical=&#8221;80px&#8221; box_shadow_blur=&#8221;80px&#8221; box_shadow_spread=&#8221;-30px&#8221; locked=&#8221;off&#8221; global_colors_info=&#8221;{}&#8221; sticky_enabled=&#8221;0&#8243;]<\/p>\n<h2><strong>Formation printemps du 9 mai au 14 juin 2025 (en fran\u00e7ais)<\/strong><span style=\"color: #ffffff\"><span style=\"font-size: 24px\"><b><\/b><\/span><\/span><\/h2>\n<p><span style=\"color: #ffffff\"><span style=\"font-size: 24px\"><b><span>\u26ea<\/span><\/b><\/span><\/span><span style=\"text-decoration: underline\"><strong>Pr\u00e9sentiel \u00e0 l&#8217;\u00e9glise saint Marcel<\/strong><em> <\/em><\/span><\/p>\n<p><strong><em>1630 Bld Saint Jean Baptiste, Montr\u00e9al QC H1B 4A4<\/em>\u00a0:<\/strong><\/p>\n<p><strong>Horaire : <\/strong><\/p>\n<ul>\n<li>de 18h30 \u00e0 21h les vendredis (9 et 30 mai, 6 et 13 juin)<\/li>\n<li>de 9h30 \u00e0 12h30 les samedis (10 et 31 mai, 7 et 14 juin)<\/li>\n<\/ul>\n<p><strong>Formatrice : <\/strong><\/p>\n<ul>\n<li><strong>Blanca Rodriguez<\/strong><\/li>\n<li><em>Coordonnatrice Est : 514-903-2684<\/em><\/li>\n<\/ul>\n<p><span>\ud83d\udcdd <\/span><strong>Inscription Obligatoire : brodriguez@diocesemontreal.org<\/strong><\/p>\n<p>[\/et_pb_text][\/et_pb_column][\/et_pb_row][et_pb_row column_structure=&#8221;1_2,1_2&#8243; _builder_version=&#8221;4.16&#8243; _module_preset=&#8221;default&#8221; min_height=&#8221;572px&#8221; custom_padding=&#8221;||3px|||&#8221; global_colors_info=&#8221;{}&#8221;][et_pb_column type=&#8221;1_2&#8243; _builder_version=&#8221;4.16&#8243; _module_preset=&#8221;default&#8221; global_colors_info=&#8221;{}&#8221;][et_pb_image src=&#8221;https:\/\/microsites.diocesemontreal.org\/microsites\/sasmad\/wp-content\/uploads\/sites\/27\/2019\/10\/compassion.jpg&#8221; title_text=&#8221;compassion&#8221; _builder_version=&#8221;4.18.0&#8243; _module_preset=&#8221;default&#8221; custom_margin=&#8221;39px||||false|false&#8221; custom_padding=&#8221;||31px|||&#8221; hover_enabled=&#8221;0&#8243; global_colors_info=&#8221;{}&#8221; sticky_enabled=&#8221;0&#8243;][\/et_pb_image][\/et_pb_column][et_pb_column type=&#8221;1_2&#8243; _builder_version=&#8221;4.16&#8243; _module_preset=&#8221;default&#8221; global_colors_info=&#8221;{}&#8221;][et_pb_text _builder_version=&#8221;4.18.0&#8243; text_font=&#8221;||||||||&#8221; text_line_height=&#8221;2em&#8221; header_font=&#8221;|700|||||||&#8221; header_font_size=&#8221;16px&#8221; header_line_height=&#8221;1.2em&#8221; header_3_font=&#8221;|700|||||||&#8221; header_3_font_size=&#8221;18px&#8221; header_3_line_height=&#8221;1.7em&#8221; background_color=&#8221;#12876F&#8221; transform_scale_tablet=&#8221;&#8221; transform_scale_phone=&#8221;&#8221; transform_scale_last_edited=&#8221;on|desktop&#8221; transform_translate=&#8221;-40px|0px&#8221; transform_translate_tablet=&#8221;0px|0px&#8221; transform_translate_phone=&#8221;&#8221; transform_translate_last_edited=&#8221;on|desktop&#8221; transform_translate_linked=&#8221;off&#8221; transform_rotate_tablet=&#8221;&#8221; transform_rotate_phone=&#8221;&#8221; transform_rotate_last_edited=&#8221;on|desktop&#8221; transform_skew_tablet=&#8221;&#8221; transform_skew_phone=&#8221;&#8221; transform_skew_last_edited=&#8221;on|desktop&#8221; transform_origin_tablet=&#8221;&#8221; transform_origin_phone=&#8221;&#8221; transform_origin_last_edited=&#8221;on|desktop&#8221; transform_styles_last_edited=&#8221;on|desktop&#8221; background_layout=&#8221;dark&#8221; min_height=&#8221;239px&#8221; custom_margin=&#8221;38px||||false|false&#8221; custom_margin_tablet=&#8221;0px|0px||&#8221; custom_margin_phone=&#8221;&#8221; custom_margin_last_edited=&#8221;on|tablet&#8221; custom_padding=&#8221;19px|50px|19px|50px|true|true&#8221; custom_padding_tablet=&#8221;40px|40px|40px|40px|true|true&#8221; custom_padding_phone=&#8221;30px|30px|30px|30px|true|true&#8221; custom_padding_last_edited=&#8221;on|phone&#8221; hover_enabled=&#8221;0&#8243; transform_styles_tablet=&#8221;&#8221; transform_styles_phone=&#8221;&#8221; box_shadow_style=&#8221;preset1&#8243; box_shadow_vertical=&#8221;80px&#8221; box_shadow_blur=&#8221;80px&#8221; box_shadow_spread=&#8221;-30px&#8221; locked=&#8221;off&#8221; global_colors_info=&#8221;{}&#8221; sticky_enabled=&#8221;0&#8243;]<\/p>\n<h2><strong>Formation \u00c9t\u00e9 du 12 juin au 29 juin 2025 (en fran\u00e7ais)<\/strong><span style=\"color: #ffffff\"><span style=\"font-size: 24px\"><b><\/b><\/span><\/span><\/h2>\n<p><span style=\"text-decoration: underline\"><b>Zoom <\/b>:<\/span><\/p>\n<ul>\n<li>mercredi 18-25 juin (17h30 \u00e0 20h30)<\/li>\n<li>Jeudi 19-26 juin (17h30 \u00e0 20h30)<\/li>\n<li>Samedi 21 juin (9h30-12h00)<\/li>\n<\/ul>\n<p><span style=\"color: #ffffff\"><span style=\"font-size: 24px\"><b><span>\u26ea<\/span><\/b><\/span><\/span><span style=\"text-decoration: underline\"><strong>Pr\u00e9sentiel au <span>S<\/span>anctuaire Saint-Jude<\/strong> :<\/span><\/p>\n<ul>\n<li>1er rencontre : jeudi 12 juin (17h30 \u00e0 20h30)<\/li>\n<li>samedi 28 juin (9h30-12h00)<\/li>\n<li>Envoi en mission : dimanche 29 juin \u00e0 11h00<\/li>\n<\/ul>\n<p>Formatrice :<strong> <\/strong><\/p>\n<ul>\n<li><strong>Nathalie Vaussenat<\/strong><\/li>\n<li><em>Coordonnatrice Centre : 514-903-2682<\/em><\/li>\n<\/ul>\n<p><span>\ud83d\udcdd <\/span><strong>Inscription Obligatoire : sasmad@diocesemontreal.org<\/strong><\/p>\n<p>[\/et_pb_text][\/et_pb_column][\/et_pb_row][et_pb_row column_structure=&#8221;1_2,1_2&#8243; _builder_version=&#8221;4.16&#8243; _module_preset=&#8221;default&#8221; min_height=&#8221;572px&#8221; custom_padding=&#8221;||0px|||&#8221; global_colors_info=&#8221;{}&#8221;][et_pb_column type=&#8221;1_2&#8243; _builder_version=&#8221;4.16&#8243; _module_preset=&#8221;default&#8221; global_colors_info=&#8221;{}&#8221;][et_pb_image src=&#8221;https:\/\/microsites.diocesemontreal.org\/microsites\/sasmad\/wp-content\/uploads\/sites\/27\/2024\/06\/dreamstime_xxl_66006030_small.jpg&#8221; title_text=&#8221;dreamstime_xxl_66006030_small&#8221; _builder_version=&#8221;4.18.0&#8243; _module_preset=&#8221;default&#8221; custom_padding=&#8221;||31px|||&#8221; global_colors_info=&#8221;{}&#8221;][\/et_pb_image][\/et_pb_column][et_pb_column type=&#8221;1_2&#8243; _builder_version=&#8221;4.16&#8243; _module_preset=&#8221;default&#8221; global_colors_info=&#8221;{}&#8221;][et_pb_text _builder_version=&#8221;4.18.0&#8243; text_font=&#8221;||||||||&#8221; text_line_height=&#8221;2em&#8221; header_font=&#8221;|700|||||||&#8221; header_font_size=&#8221;16px&#8221; header_line_height=&#8221;1.2em&#8221; header_3_font=&#8221;|700|||||||&#8221; header_3_font_size=&#8221;18px&#8221; header_3_line_height=&#8221;1.7em&#8221; background_color=&#8221;rgba(10,10,10,0.44)&#8221; transform_scale_tablet=&#8221;&#8221; transform_scale_phone=&#8221;&#8221; transform_scale_last_edited=&#8221;on|desktop&#8221; transform_translate=&#8221;-40px|0px&#8221; transform_translate_tablet=&#8221;0px|0px&#8221; transform_translate_phone=&#8221;&#8221; transform_translate_last_edited=&#8221;on|desktop&#8221; transform_translate_linked=&#8221;off&#8221; transform_rotate_tablet=&#8221;&#8221; transform_rotate_phone=&#8221;&#8221; transform_rotate_last_edited=&#8221;on|desktop&#8221; transform_skew_tablet=&#8221;&#8221; transform_skew_phone=&#8221;&#8221; transform_skew_last_edited=&#8221;on|desktop&#8221; transform_origin_tablet=&#8221;&#8221; transform_origin_phone=&#8221;&#8221; transform_origin_last_edited=&#8221;on|desktop&#8221; transform_styles_last_edited=&#8221;on|desktop&#8221; background_layout=&#8221;dark&#8221; min_height=&#8221;239px&#8221; custom_margin=&#8221;-1px|||||false&#8221; custom_margin_tablet=&#8221;0px|0px||&#8221; custom_margin_phone=&#8221;&#8221; custom_margin_last_edited=&#8221;on|tablet&#8221; custom_padding=&#8221;19px|50px|19px|50px|true|true&#8221; custom_padding_tablet=&#8221;40px|40px|40px|40px|true|true&#8221; custom_padding_phone=&#8221;30px|30px|30px|30px|true|true&#8221; custom_padding_last_edited=&#8221;on|phone&#8221; transform_styles_tablet=&#8221;&#8221; transform_styles_phone=&#8221;&#8221; box_shadow_style=&#8221;preset1&#8243; box_shadow_vertical=&#8221;80px&#8221; box_shadow_blur=&#8221;80px&#8221; box_shadow_spread=&#8221;-30px&#8221; locked=&#8221;off&#8221; global_colors_info=&#8221;{}&#8221;]<\/p>\n<p>&nbsp;<\/p>\n<p><em>Chaque b\u00e9n\u00e9vole re\u00e7oit une<\/em> formation initiale\u00a0pour acqu\u00e9rir un \u00absavoir \u00eatre\u00bb et un \u00absavoir-faire\u00bb propres au SASMAD afin d&#8217;offrir un accompagnement bien adapt\u00e9 aux besoins des b\u00e9n\u00e9ficiaires. Un tel service implique non seulement une charit\u00e9 de la part du b\u00e9n\u00e9vole, mais une\u00a0 comp\u00e9tence th\u00e9orique et technique qui repousse l\u2019improvisation. Au terme de cette formation, les personnes qui choisissent de s\u2019investir comme b\u00e9n\u00e9voles SASMAD s\u2019engagent par \u00e9crit \u00e0 respecter le code d\u2019\u00e9thique du Service selon la formulation enseign\u00e9e. Un envoi sp\u00e9cial en Mission, g\u00e9n\u00e9ralement b\u00e9ni par un pr\u00eatre, reconnait l&#8217;engagement communautaire de faire de l\u2019accompagnement spirituel au nom de l\u2019\u00c9glise Catholique \u00e0 Montr\u00e9al, dans le cadre du Service dioc\u00e9sain SASMAD. Chaque b\u00e9n\u00e9vole ayant r\u00e9ussi sa formation recevra une attestation.<\/p>\n<p>&nbsp;<\/p>\n<p>[\/et_pb_text][\/et_pb_column][\/et_pb_row][\/et_pb_section][et_pb_section fb_built=&#8221;1&#8243; _builder_version=&#8221;4.16&#8243; _module_preset=&#8221;default&#8221; custom_padding=&#8221;||0px|||&#8221; global_colors_info=&#8221;{}&#8221;][\/et_pb_section][et_pb_section fb_built=&#8221;1&#8243; _builder_version=&#8221;4.16&#8243; _module_preset=&#8221;default&#8221; min_height=&#8221;1828px&#8221; custom_margin=&#8221;-103px|||||&#8221; custom_padding=&#8221;||0px|||&#8221; global_colors_info=&#8221;{}&#8221;][et_pb_row column_structure=&#8221;1_2,1_2&#8243; _builder_version=&#8221;4.16&#8243; _module_preset=&#8221;default&#8221; custom_padding=&#8221;71px|||||&#8221; global_colors_info=&#8221;{}&#8221;][et_pb_column type=&#8221;1_2&#8243; _builder_version=&#8221;4.16&#8243; _module_preset=&#8221;default&#8221; global_colors_info=&#8221;{}&#8221;][et_pb_image src=&#8221;https:\/\/microsites.diocesemontreal.org\/microsites\/sasmad\/wp-content\/uploads\/sites\/27\/2024\/06\/dreamstime_xxl_152638287.jpeg&#8221; title_text=&#8221;dreamstime_xxl_152638287&#8243; _builder_version=&#8221;4.18.0&#8243; _module_preset=&#8221;default&#8221; global_colors_info=&#8221;{}&#8221;][\/et_pb_image][\/et_pb_column][et_pb_column type=&#8221;1_2&#8243; _builder_version=&#8221;4.16&#8243; _module_preset=&#8221;default&#8221; global_colors_info=&#8221;{}&#8221;][et_pb_text _builder_version=&#8221;4.16&#8243; _module_preset=&#8221;default&#8221; global_colors_info=&#8221;{}&#8221;]<\/p>\n<p><span style=\"color: #000000;font-size: large\"><\/span><\/p>\n<p><span style=\"color: #000000;font-size: large\"><\/span><\/p>\n<p><span style=\"color: #000000;font-size: large\"><\/span><\/p>\n<p><span style=\"color: #000000;font-size: large\"><\/span><\/p>\n<p><span style=\"color: #000000;font-size: large\">La <strong>formation initiale<\/strong> de vingt heures est obligatoire et pr\u00e9alable pour devenir b\u00e9n\u00e9vole.<\/span><span style=\"font-size: 14px\">\u00a0<\/span><\/p>\n<p><span style=\"color: #000000;font-size: large\"><\/span><\/p>\n<p><span style=\"color: #000000;font-size: large\">Tout au long de leur engagement, \u00a0les b\u00e9n\u00e9voles sont membres d&#8217;une \u00e9quipe supervis\u00e9e par une personne coordonnatrice. La coordonnatrice r\u00e9pond \u00e0 vos questions, vous encourage, vous encadre et v\u00e9rifie la qualit\u00e9 de votre agir pastoral au sein du SASMAD.<\/span><\/p>\n<p>&nbsp;<\/p>\n<p>[\/et_pb_text][\/et_pb_column][\/et_pb_row][et_pb_row column_structure=&#8221;1_2,1_2&#8243; _builder_version=&#8221;4.16&#8243; _module_preset=&#8221;default&#8221; custom_padding=&#8221;||0px|||&#8221; global_colors_info=&#8221;{}&#8221;][et_pb_column type=&#8221;1_2&#8243; _builder_version=&#8221;4.16&#8243; _module_preset=&#8221;default&#8221; global_colors_info=&#8221;{}&#8221;][et_pb_text _builder_version=&#8221;4.16&#8243; _module_preset=&#8221;default&#8221; global_colors_info=&#8221;{}&#8221;]<\/p>\n<p><span style=\"color: #000000;font-size: large\"><\/span><\/p>\n<p>&nbsp;<\/p>\n<p><span style=\"color: #000000;font-size: large\"><\/span><\/p>\n<p><span style=\"color: #000000;font-size: large\">Des\u00a0<\/span><strong style=\"color: #000000;font-size: large\">formations continues<\/strong><span style=\"color: #000000;font-size: large\">\u00a0sont aussi offertes lors\u00a0des sessions de ressourcement adapt\u00e9es aux besoins des b\u00e9n\u00e9voles et aux exigences du SASMAD. <\/span><\/p>\n<p><span style=\"color: #000000;font-size: large\">De plus, le soutien de l\u2019\u00e9quipe de chaque secteur aide \u00e0 nourrir le \u00abfeu sacr\u00e9\u00bb des b\u00e9n\u00e9voles\u00a0permettant \u00e0 chacun de partager son v\u00e9cu dans l&#8217;accompagnement tout en\u00a0donnant les outils n\u00e9cessaires \u00e0 l\u2019approfondissement de leurs connaissances ainsi qu&#8217;\u00e0 l&#8217;enrichissement de leurs comp\u00e9tences.<\/span><\/p>\n<p><span style=\"color: #000000;font-size: large\"><\/span><\/p>\n<p><span style=\"color: #000000;font-size: large\"><\/span><\/p>\n<p>[\/et_pb_text][et_pb_button button_url=&#8221;@ET-DC@eyJkeW5hbWljIjp0cnVlLCJjb250ZW50IjoicG9zdF9saW5rX3VybF9wYWdlIiwic2V0dGluZ3MiOnsicG9zdF9pZCI6IjYyOTcifX0=@&#8221; url_new_window=&#8221;on&#8221; button_text=&#8221;Prochaines formations continues&#8221; button_alignment=&#8221;right&#8221; _builder_version=&#8221;4.18.0&#8243; _dynamic_attributes=&#8221;button_url&#8221; _module_preset=&#8221;default&#8221; custom_button=&#8221;on&#8221; button_text_size=&#8221;16px&#8221; button_text_color=&#8221;#ffffff&#8221; button_bg_color=&#8221;#e01f76&#8243; button_border_color=&#8221;rgba(0,0,0,0)&#8221; button_border_radius=&#8221;0px&#8221; button_font=&#8221;Karla|700|||||||&#8221; transform_translate=&#8221;-40px|0px&#8221; transform_translate_tablet=&#8221;0px|0px&#8221; transform_translate_phone=&#8221;&#8221; transform_translate_last_edited=&#8221;on|desktop&#8221; transform_translate_linked=&#8221;off&#8221; background_layout=&#8221;dark&#8221; custom_margin=&#8221;|||||false&#8221; custom_padding=&#8221;14px|20px|14px|20px|true|&#8221; global_colors_info=&#8221;{}&#8221; button_bg_color__hover=&#8221;#000000&#8243; button_bg_color__hover_enabled=&#8221;on&#8221; custom_padding__hover=&#8221;|30px||&#8221; custom_padding__hover_enabled=&#8221;on&#8221;][\/et_pb_button][\/et_pb_column][et_pb_column type=&#8221;1_2&#8243; _builder_version=&#8221;4.16&#8243; _module_preset=&#8221;default&#8221; global_colors_info=&#8221;{}&#8221;][et_pb_image src=&#8221;https:\/\/microsites.diocesemontreal.org\/microsites\/sasmad\/wp-content\/uploads\/sites\/27\/2024\/06\/dreamstime_xxl_99367009_small-scaled.jpg&#8221; title_text=&#8221;dreamstime_xxl_99367009_small&#8221; _builder_version=&#8221;4.18.0&#8243; _module_preset=&#8221;default&#8221; global_colors_info=&#8221;{}&#8221;][\/et_pb_image][\/et_pb_column][\/et_pb_row][\/et_pb_section]<\/p>\n","protected":false},"excerpt":{"rendered":"<p>Nos formations 2025Nos formations sont assur\u00e9es par nos 6 coordonnatrices en Fran\u00e7ais, Anglais et Espagnol sur tout le territoire de Montr\u00e9alFormation printemps du 9 mai au 14 juin 2025 (en fran\u00e7ais) \u26eaPr\u00e9sentiel \u00e0 l&#8217;\u00e9glise saint Marcel 1630 Bld Saint Jean Baptiste, Montr\u00e9al QC H1B 4A4\u00a0: Horaire : de 18h30 \u00e0 21h les vendredis (9 et [&hellip;]<\/p>\n","protected":false},"author":196,"featured_media":0,"parent":0,"menu_order":0,"comment_status":"closed","ping_status":"closed","template":"","meta":{"_et_pb_use_builder":"on","_et_pb_old_content":"","_et_gb_content_width":"","_monsterinsights_skip_tracking":false,"_monsterinsights_sitenote_active":false,"_monsterinsights_sitenote_note":"","_monsterinsights_sitenote_category":0,"footnotes":""},"class_list":["post-37","page","type-page","status-publish","hentry"],"_links":{"self":[{"href":"https:\/\/microsites.diocesemontreal.org\/microsites\/sasmad\/wp-json\/wp\/v2\/pages\/37","targetHints":{"allow":["GET"]}}],"collection":[{"href":"https:\/\/microsites.diocesemontreal.org\/microsites\/sasmad\/wp-json\/wp\/v2\/pages"}],"about":[{"href":"https:\/\/microsites.diocesemontreal.org\/microsites\/sasmad\/wp-json\/wp\/v2\/types\/page"}],"author":[{"embeddable":true,"href":"https:\/\/microsites.diocesemontreal.org\/microsites\/sasmad\/wp-json\/wp\/v2\/users\/196"}],"replies":[{"embeddable":true,"href":"https:\/\/microsites.diocesemontreal.org\/microsites\/sasmad\/wp-json\/wp\/v2\/comments?post=37"}],"version-history":[{"count":90,"href":"https:\/\/microsites.diocesemontreal.org\/microsites\/sasmad\/wp-json\/wp\/v2\/pages\/37\/revisions"}],"predecessor-version":[{"id":6941,"href":"https:\/\/microsites.diocesemontreal.org\/microsites\/sasmad\/wp-json\/wp\/v2\/pages\/37\/revisions\/6941"}],"wp:attachment":[{"href":"https:\/\/microsites.diocesemontreal.org\/microsites\/sasmad\/wp-json\/wp\/v2\/media?parent=37"}],"curies":[{"name":"wp","href":"https:\/\/api.w.org\/{rel}","templated":true}]}}