{"id":401,"date":"2020-08-13T13:51:12","date_gmt":"2020-08-13T17:51:12","guid":{"rendered":"http:\/\/microsites.diocesemontreal.org\/microsites\/sasmad\/?page_id=401"},"modified":"2020-08-13T15:19:13","modified_gmt":"2020-08-13T19:19:13","slug":"evangile-fondateur","status":"publish","type":"page","link":"https:\/\/microsites.diocesemontreal.org\/microsites\/sasmad\/evangile-fondateur\/","title":{"rendered":"\u00c9vangile fondateur"},"content":{"rendered":"<p>[et_pb_section fb_built=&#8221;1&#8243; make_equal=&#8221;on&#8221; specialty=&#8221;on&#8221; custom_padding_last_edited=&#8221;on|phone&#8221; parallax_2=&#8221;on&#8221; bg_img_2=&#8221;https:\/\/microsites.diocesemontreal.org\/microsites\/sasmad\/wp-content\/uploads\/sites\/27\/2019\/10\/psychiatrist_13.png&#8221; padding_top_bottom_link_1=&#8221;true&#8221; padding_top_bottom_link_2=&#8221;false&#8221; padding_left_right_link_1=&#8221;false&#8221; padding_left_right_link_2=&#8221;true&#8221; padding_top_1=&#8221;20vw&#8221; padding_top_2=&#8221;10vw&#8221; padding_right_2=&#8221;80px&#8221; padding_bottom_1=&#8221;20vw&#8221; padding_bottom_2=&#8221;80px&#8221; padding_left_2=&#8221;80px&#8221; padding_2_tablet=&#8221;&#8221; padding_2_phone=&#8221;|20px||20px|false|true&#8221; padding_2_last_edited=&#8221;on|phone&#8221; admin_label=&#8221;Approach&#8221; _builder_version=&#8221;4.5.0&#8243; _dynamic_attributes=&#8221;link_option_url&#8221; background_image=&#8221;https:\/\/microsites.diocesemontreal.org\/microsites\/sasmad\/wp-content\/uploads\/sites\/27\/2020\/01\/Fire_by_FrancineBaudelet-scaled.jpg&#8221; parallax=&#8221;on&#8221; inner_width=&#8221;100%&#8221; inner_max_width=&#8221;none&#8221; min_height=&#8221;1114px&#8221; custom_margin=&#8221;|40px||40px|false|true&#8221; custom_margin_tablet=&#8221;&#8221; custom_margin_phone=&#8221;|20px||20px|false|true&#8221; custom_margin_last_edited=&#8221;on|desktop&#8221; custom_padding=&#8221;0px||0px|0vw|true|false&#8221; custom_padding_tablet=&#8221;&#8221; custom_padding_phone=&#8221;|5vw||5vw|true|true&#8221; link_option_url=&#8221;@ET-DC@eyJkeW5hbWljIjp0cnVlLCJjb250ZW50IjoicG9zdF9saW5rX3VybF9wYWdlIiwic2V0dGluZ3MiOnsicG9zdF9pZCI6IjQwMSJ9fQ==@&#8221; box_shadow_style=&#8221;preset3&#8243; box_shadow_vertical=&#8221;100px&#8221; box_shadow_blur=&#8221;200px&#8221; box_shadow_spread=&#8221;-50px&#8221; box_shadow_color=&#8221;rgba(131,146,167,0.32)&#8221;][et_pb_column type=&#8221;1_2&#8243; specialty_columns=&#8221;2&#8243; _builder_version=&#8221;3.25&#8243; custom_padding=&#8221;|||&#8221; custom_padding__hover=&#8221;|||&#8221;][et_pb_row_inner _builder_version=&#8221;4.5.0&#8243; use_background_color_gradient=&#8221;on&#8221; background_color_gradient_start=&#8221;#45397f&#8221; background_color_gradient_end=&#8221;#040119&#8243; background_color_gradient_direction=&#8221;160deg&#8221; max_width=&#8221;600px&#8221; module_alignment=&#8221;right&#8221; min_height=&#8221;118px&#8221; custom_margin=&#8221;|25px|-22px||false|false&#8221; custom_padding=&#8221;|0px||0px|false|true&#8221; box_shadow_style=&#8221;preset3&#8243; box_shadow_vertical=&#8221;24px&#8221; box_shadow_blur=&#8221;88px&#8221; box_shadow_spread=&#8221;-32px&#8221; box_shadow_color=&#8221;#45397f&#8221;][et_pb_column_inner saved_specialty_column_type=&#8221;1_2&#8243; _builder_version=&#8221;3.26&#8243;][et_pb_text _builder_version=&#8221;4.5.0&#8243; text_font_size=&#8221;18px&#8221; text_line_height=&#8221;1.8em&#8221; header_2_font=&#8221;Taviraj||||||||&#8221; header_2_font_size=&#8221;50px&#8221; header_2_line_height=&#8221;1.2em&#8221; background_enable_color=&#8221;off&#8221; background_layout=&#8221;dark&#8221; max_width=&#8221;100%&#8221; max_width_tablet=&#8221;100%&#8221; max_width_phone=&#8221;100%&#8221; max_width_last_edited=&#8221;off|desktop&#8221; link_option_url=&#8221;#&#8221; header_2_font_size_tablet=&#8221;40px&#8221; header_2_font_size_phone=&#8221;30px&#8221; header_2_font_size_last_edited=&#8221;on|phone&#8221; border_radii=&#8221;on|6px|6px|6px|6px&#8221;]<\/p>\n<h2 style=\"text-align: center\">\u00c9vangile fondateur<\/h2>\n<p>[\/et_pb_text][\/et_pb_column_inner][\/et_pb_row_inner][\/et_pb_column][et_pb_column type=&#8221;1_2&#8243; _builder_version=&#8221;3.25&#8243; custom_padding=&#8221;|||&#8221; custom_padding__hover=&#8221;|||&#8221;][et_pb_text _builder_version=&#8221;4.5.0&#8243; text_text_color=&#8221;#000000&#8243; text_font_size=&#8221;17px&#8221; text_line_height=&#8221;1.8em&#8221; header_2_font=&#8221;Taviraj||||||||&#8221; header_2_font_size=&#8221;50px&#8221; header_2_line_height=&#8221;1.2em&#8221; background_enable_color=&#8221;off&#8221; width=&#8221;100%&#8221; max_width=&#8221;550px&#8221; max_width_tablet=&#8221;100%&#8221; max_width_phone=&#8221;100%&#8221; max_width_last_edited=&#8221;off|desktop&#8221; custom_margin=&#8221;-6px||||false|false&#8221; custom_padding=&#8221;|0px||||&#8221; link_option_url=&#8221;#&#8221; text_font_size_tablet=&#8221;&#8221; text_font_size_phone=&#8221;15px&#8221; text_font_size_last_edited=&#8221;on|desktop&#8221; header_2_font_size_tablet=&#8221;40px&#8221; header_2_font_size_phone=&#8221;30px&#8221; header_2_font_size_last_edited=&#8221;on|phone&#8221; border_radii=&#8221;on|6px|6px|6px|6px&#8221; locked=&#8221;off&#8221;]<\/p>\n<p><strong>\u00c9vangile selon Saint-Mathieu 25, 31-40<\/strong><\/p>\n<p>Lorsque le Fils de l&#8217;homme viendra dans sa gloire, accompagn\u00e9 de tous les anges, alors il si\u00e9gera sur son tr\u00f4ne de gloire. Toutes les nations seront assembl\u00e9es devant lui. Il s\u00e9parera les hommes les uns des autres, comme le berger s\u00e9pare les brebis des ch\u00e8vres. Il placera les brebis \u00e0 sa droite et les ch\u00e8vres \u00e0 sa gauche.<\/p>\n<p>Alors le roi dira \u00e0 ceux qui seront \u00e0 sa droite: \u00ab Venez, les b\u00e9nis de mon P\u00e8re, recevez en partage le Royaume qui a \u00e9t\u00e9 pr\u00e9par\u00e9 pour vous depuis la fondation du monde. Car j&#8217;ai eu faim, et vous m&#8217;avez donn\u00e9 \u00e0 manger; j&#8217;ai eu soif, et vous m&#8217;avez donn\u00e9 \u00e0 boire; j&#8217;\u00e9tais un \u00e9tranger, et vous m&#8217;avez recueilli; nu, et vous m&#8217;avez v\u00eatu; <em>malade, et vous m&#8217;avez visit\u00e9<\/em>; en prison, et vous \u00eates venus \u00e0 moi \u00bb.<\/p>\n<p>Alors les justes lui r\u00e9pondront: \u00ab Seigneur, quand nous est-il arriv\u00e9 de te voir affam\u00e9 et de te nourrir, assoiff\u00e9 <span>\u00a0<\/span>et de te donner \u00e0 boire? Quand nous est-il arriv\u00e9 de te voir \u00e9tranger et de te recueillir; nu et de te v\u00eatir? Quand nous est-il arriv\u00e9 de te voir malade ou en prison et de venir jusqu\u2019\u00e0 toi? \u00bb<\/p>\n<p>&nbsp;<\/p>\n<p>Et le roi leur r\u00e9pondra: \u00ab En v\u00e9rit\u00e9, je vous le d\u00e9clare, chaque fois que vous l\u2019avez fait \u00e0 l&#8217;un de ces plus petits qui sont mes fr\u00e8res, c&#8217;est \u00e0 moi que vous l\u2019avez fait! \u00bb<\/p>\n<p>[\/et_pb_text][\/et_pb_column][\/et_pb_section]<\/p>\n","protected":false},"excerpt":{"rendered":"<p>\u00c9vangile fondateur\u00c9vangile selon Saint-Mathieu 25, 31-40 Lorsque le Fils de l&#8217;homme viendra dans sa gloire, accompagn\u00e9 de tous les anges, alors il si\u00e9gera sur son tr\u00f4ne de gloire. Toutes les nations seront assembl\u00e9es devant lui. Il s\u00e9parera les hommes les uns des autres, comme le berger s\u00e9pare les brebis des ch\u00e8vres. Il placera les brebis [&hellip;]<\/p>\n","protected":false},"author":196,"featured_media":0,"parent":0,"menu_order":0,"comment_status":"closed","ping_status":"closed","template":"","meta":{"_et_pb_use_builder":"on","_et_pb_old_content":"","_et_gb_content_width":"","_monsterinsights_skip_tracking":false,"_monsterinsights_sitenote_active":false,"_monsterinsights_sitenote_note":"","_monsterinsights_sitenote_category":0,"footnotes":""},"class_list":["post-401","page","type-page","status-publish","hentry"],"_links":{"self":[{"href":"https:\/\/microsites.diocesemontreal.org\/microsites\/sasmad\/wp-json\/wp\/v2\/pages\/401","targetHints":{"allow":["GET"]}}],"collection":[{"href":"https:\/\/microsites.diocesemontreal.org\/microsites\/sasmad\/wp-json\/wp\/v2\/pages"}],"about":[{"href":"https:\/\/microsites.diocesemontreal.org\/microsites\/sasmad\/wp-json\/wp\/v2\/types\/page"}],"author":[{"embeddable":true,"href":"https:\/\/microsites.diocesemontreal.org\/microsites\/sasmad\/wp-json\/wp\/v2\/users\/196"}],"replies":[{"embeddable":true,"href":"https:\/\/microsites.diocesemontreal.org\/microsites\/sasmad\/wp-json\/wp\/v2\/comments?post=401"}],"version-history":[{"count":10,"href":"https:\/\/microsites.diocesemontreal.org\/microsites\/sasmad\/wp-json\/wp\/v2\/pages\/401\/revisions"}],"predecessor-version":[{"id":422,"href":"https:\/\/microsites.diocesemontreal.org\/microsites\/sasmad\/wp-json\/wp\/v2\/pages\/401\/revisions\/422"}],"wp:attachment":[{"href":"https:\/\/microsites.diocesemontreal.org\/microsites\/sasmad\/wp-json\/wp\/v2\/media?parent=401"}],"curies":[{"name":"wp","href":"https:\/\/api.w.org\/{rel}","templated":true}]}}