{"id":41,"date":"2019-08-20T23:33:02","date_gmt":"2019-08-20T21:33:02","guid":{"rendered":"http:\/\/microsites.diocesemontreal.org\/microsites\/sasmad\/?page_id=41"},"modified":"2023-09-28T12:47:16","modified_gmt":"2023-09-28T16:47:16","slug":"faire-un-don","status":"publish","type":"page","link":"https:\/\/microsites.diocesemontreal.org\/microsites\/sasmad\/faire-un-don\/","title":{"rendered":"Faire un don"},"content":{"rendered":"<p>[et_pb_section fb_built=&#8221;1&#8243; inner_shadow=&#8221;on&#8221; specialty=&#8221;on&#8221; padding_top_1=&#8221;6vw&#8221; padding_top_2=&#8221;5vw&#8221; padding_2_tablet=&#8221;0px|||&#8221; padding_2_phone=&#8221;&#8221; padding_2_last_edited=&#8221;on|tablet&#8221; admin_label=&#8221;Header&#8221; _builder_version=&#8221;4.16&#8243; width=&#8221;91.6%&#8221; inner_max_width=&#8221;1280px&#8221; min_height=&#8221;1192px&#8221; custom_margin=&#8221;|-35px|80px|||&#8221; custom_padding=&#8221;0px||0px|||&#8221; locked=&#8221;off&#8221; global_colors_info=&#8221;{}&#8221;][et_pb_column type=&#8221;1_2&#8243; _builder_version=&#8221;4.16&#8243; custom_padding=&#8221;|||&#8221; global_colors_info=&#8221;{}&#8221; custom_padding__hover=&#8221;|||&#8221;][et_pb_image src=&#8221;https:\/\/microsites.diocesemontreal.org\/microsites\/sasmad\/wp-content\/uploads\/sites\/27\/2023\/03\/Logo.les-amis-de-JM.png&#8221; title_text=&#8221;Logo.les amis de JM&#8221; _builder_version=&#8221;4.18.0&#8243; width=&#8221;102.5%&#8221; max_width_tablet=&#8221;400px&#8221; max_width_phone=&#8221;300px&#8221; max_width_last_edited=&#8221;on|desktop&#8221; min_height=&#8221;237px&#8221; custom_margin=&#8221;|-2px||-6vw||&#8221; custom_margin_tablet=&#8221;|||0vw&#8221; custom_margin_phone=&#8221;&#8221; custom_margin_last_edited=&#8221;on|tablet&#8221; custom_padding=&#8221;|3px|0px|||&#8221; box_shadow_style=&#8221;preset4&#8243; box_shadow_horizontal=&#8221;-6vw&#8221; box_shadow_vertical=&#8221;-6vw&#8221; box_shadow_color=&#8221;#ff5f24&#8243; global_colors_info=&#8221;{}&#8221;][\/et_pb_image][et_pb_text _builder_version=&#8221;4.16&#8243; _module_preset=&#8221;default&#8221; text_font=&#8221;||||||||&#8221; text_text_color=&#8221;#000000&#8243; text_font_size=&#8221;18px&#8221; text_line_height=&#8221;2em&#8221; header_2_font=&#8221;Gentium Basic|700|||||||&#8221; header_2_font_size=&#8221;50px&#8221; header_2_line_height=&#8221;1.2em&#8221; width=&#8221;100%&#8221; max_width=&#8221;100%&#8221; custom_margin=&#8221;|-406px|-179px|||&#8221; custom_padding=&#8221;|0px|0px|0px||&#8221; text_font_size_tablet=&#8221;&#8221; text_font_size_phone=&#8221;15px&#8221; text_font_size_last_edited=&#8221;on|desktop&#8221; header_2_font_size_tablet=&#8221;40px&#8221; header_2_font_size_phone=&#8221;25px&#8221; header_2_font_size_last_edited=&#8221;on|phone&#8221; global_colors_info=&#8221;{}&#8221;]<\/p>\n<p><strong>Information suppl\u00e9mentaire pour nos donateurs (Condition pr\u00e9alable des donateurs de la fondation) <\/strong><span>\u00a0<\/span><\/p>\n<p><span data-contrast=\"auto\">\u00c0 travers le temps, la fondation \u00ab\u202f Les amis de Jeanne Mance\u202f\u00bb a eu plusieurs donateurs <\/span><span data-contrast=\"auto\">dont\u00a0<\/span><span data-contrast=\"auto\">\u202f:<\/span> <span data-contrast=\"auto\">L<\/span><span data-contrast=\"auto\">\u2018Association d<\/span><span data-contrast=\"auto\">es sup\u00e9rieures majeures<\/span><span data-contrast=\"auto\"> de Montr\u00e9al (ASMDM)<\/span><span data-contrast=\"auto\">, l&#8217;\u00c9glise c<\/span><span data-contrast=\"auto\">atholique \u00e0 Montr\u00e9al,<\/span><span data-contrast=\"auto\">\u00a0des paroisses<\/span><span data-contrast=\"auto\">\u00a0et plusieurs donateurs p<\/span><span data-contrast=\"auto\">riv\u00e9s.<\/span><span data-contrast=\"auto\"> Gr\u00e2ce \u00e0 votre don la fondation &#8220;Les amis de Jeanne Mance&#8221; apportera son soutien financier pour la mise en place et le maintien actif des services indispensables du SASMAD.<\/span><\/p>\n<p><span data-contrast=\"auto\"><\/span><\/p>\n<p><span data-contrast=\"auto\"><\/span><\/p>\n<p><span data-contrast=\"auto\"><\/span><\/p>\n<p><span data-contrast=\"auto\"><\/span><\/p>\n<p><span data-contrast=\"auto\"><\/span><\/p>\n<p><span data-contrast=\"auto\"><\/span><\/p>\n<p><span data-contrast=\"auto\"><\/span><\/p>\n<p><span data-contrast=\"auto\"><\/span><\/p>\n<p><span data-contrast=\"auto\"><\/span><\/p>\n<p><span data-contrast=\"auto\"><\/span><\/p>\n<p><span data-contrast=\"auto\"><\/span><\/p>\n<p>&nbsp;<\/p>\n<p>[\/et_pb_text][et_pb_button button_url=&#8221;@ET-DC@eyJkeW5hbWljIjp0cnVlLCJjb250ZW50IjoicG9zdF9saW5rX3VybF9wYWdlIiwic2V0dGluZ3MiOnsicG9zdF9pZCI6IjM3NSJ9fQ==@&#8221; button_text=&#8221;Retourner \u00e0 %22notre histoire%22&#8243; button_alignment=&#8221;right&#8221; _builder_version=&#8221;4.16&#8243; _dynamic_attributes=&#8221;button_url&#8221; custom_button=&#8221;on&#8221; button_text_size=&#8221;23px&#8221; button_bg_color=&#8221;#0d8de8&#8243; button_border_color=&#8221;rgba(0,0,0,0)&#8221; button_border_radius=&#8221;0px&#8221; button_font=&#8221;Karla|700|||||||&#8221; button_icon=&#8221;&#x35;||divi||400&#8243; button_icon_color=&#8221;#ffffff&#8221; background_layout=&#8221;dark&#8221; custom_padding=&#8221;14px|20px|14px|20px|true|false&#8221; global_colors_info=&#8221;{}&#8221; button_bg_color__hover_enabled=&#8221;on&#8221; button_bg_color__hover=&#8221;#000000&#8243; button_bg_enable_color__hover=&#8221;on&#8221; custom_padding__hover_enabled=&#8221;on&#8221; custom_padding__hover=&#8221;|30px||&#8221;][\/et_pb_button][et_pb_button button_url=&#8221;https:\/\/lesamisdejeannemance.com\/join-us\/&#8221; url_new_window=&#8221;on&#8221; button_text=&#8221;Visiter le siteweb de                                                        Les amis de Jeanne-Mance&#8221; button_alignment=&#8221;right&#8221; _builder_version=&#8221;4.18.0&#8243; custom_button=&#8221;on&#8221; button_text_size=&#8221;23px&#8221; button_bg_color=&#8221;#0d8de8&#8243; button_border_color=&#8221;rgba(0,0,0,0)&#8221; button_border_radius=&#8221;0px&#8221; button_font=&#8221;Karla|700|||||||&#8221; button_icon=&#8221;&#x35;||divi||400&#8243; button_icon_color=&#8221;#ffffff&#8221; background_layout=&#8221;dark&#8221; custom_margin=&#8221;||51px|||&#8221; custom_padding=&#8221;14px|20px|14px|20px|true|false&#8221; global_colors_info=&#8221;{}&#8221; button_bg_color__hover_enabled=&#8221;on&#8221; button_bg_color__hover=&#8221;#000000&#8243; button_bg_enable_color__hover=&#8221;on&#8221; custom_padding__hover_enabled=&#8221;on&#8221; custom_padding__hover=&#8221;|30px||&#8221;][\/et_pb_button][et_pb_button button_url=&#8221;@ET-DC@eyJkeW5hbWljIjp0cnVlLCJjb250ZW50IjoicG9zdF9saW5rX3VybF9wYWdlIiwic2V0dGluZ3MiOnsicG9zdF9pZCI6IjI3In19@&#8221; button_text=&#8221;Contactez-nous&#8221; button_alignment=&#8221;right&#8221; _builder_version=&#8221;4.16&#8243; _dynamic_attributes=&#8221;button_url&#8221; custom_button=&#8221;on&#8221; button_text_size=&#8221;23px&#8221; button_bg_color=&#8221;#ff5f24&#8243; button_border_color=&#8221;rgba(0,0,0,0)&#8221; button_border_radius=&#8221;0px&#8221; button_font=&#8221;Karla|700|||||||&#8221; button_icon=&#8221;&#x35;||divi||400&#8243; background_layout=&#8221;dark&#8221; custom_padding=&#8221;14px|20px|14px|20px|true|false&#8221; global_colors_info=&#8221;{}&#8221; button_bg_color__hover_enabled=&#8221;on&#8221; button_bg_color__hover=&#8221;#000000&#8243; button_bg_enable_color__hover=&#8221;on&#8221; custom_padding__hover_enabled=&#8221;on&#8221; custom_padding__hover=&#8221;|30px||&#8221;][\/et_pb_button][\/et_pb_column][et_pb_column type=&#8221;1_2&#8243; specialty_columns=&#8221;2&#8243; _builder_version=&#8221;4.16&#8243; custom_padding=&#8221;|||&#8221; global_colors_info=&#8221;{}&#8221; custom_padding__hover=&#8221;|||&#8221;][et_pb_row_inner _builder_version=&#8221;4.16&#8243; min_height=&#8221;710px&#8221; custom_margin=&#8221;||-269px|||&#8221; custom_padding=&#8221;||0px|||&#8221; global_colors_info=&#8221;{}&#8221;][et_pb_column_inner saved_specialty_column_type=&#8221;1_2&#8243; _builder_version=&#8221;4.16&#8243; custom_padding=&#8221;|||&#8221; global_colors_info=&#8221;{}&#8221; custom_padding__hover=&#8221;|||&#8221;][et_pb_text _builder_version=&#8221;4.16&#8243; _module_preset=&#8221;default&#8221; text_font=&#8221;||||||||&#8221; text_text_color=&#8221;#000000&#8243; text_font_size=&#8221;18px&#8221; text_line_height=&#8221;2em&#8221; header_2_font=&#8221;Gentium Basic|700|||||||&#8221; header_2_font_size=&#8221;50px&#8221; header_2_line_height=&#8221;1.2em&#8221; width=&#8221;101.1%&#8221; custom_margin=&#8221;|-57px|-430px|||&#8221; custom_padding=&#8221;|15px|0px|0px||&#8221; text_font_size_tablet=&#8221;&#8221; text_font_size_phone=&#8221;15px&#8221; text_font_size_last_edited=&#8221;on|desktop&#8221; header_2_font_size_tablet=&#8221;40px&#8221; header_2_font_size_phone=&#8221;25px&#8221; header_2_font_size_last_edited=&#8221;on|phone&#8221; global_colors_info=&#8221;{}&#8221;]<\/p>\n<p>Merci de consulter cette section de notre site web. Voici quelques informations sur La Fondation &#8220;Les Amis de Jeanne Mance&#8221; et sur la fa\u00e7on de faire un don.<\/p>\n<p><strong><\/strong><\/p>\n<p><strong>Un don \u00e0 la Fondation <\/strong><strong>\u00ab\u202fLes amis de Jeanne Mance\u202f\u00bb \u00a0est un don au SASMAD\u00a0<\/strong><span data-ccp-props=\"{&quot;201341983&quot;:0,&quot;335551550&quot;:6,&quot;335551620&quot;:6,&quot;335559739&quot;:160,&quot;335559740&quot;:240}\">\u00a0<\/span><\/p>\n<p><span data-contrast=\"auto\">Que votre d\u00e9sir de redonner espoir <\/span><span data-contrast=\"auto\">aux<\/span><span data-contrast=\"auto\"> personnes<\/span><span data-contrast=\"auto\"> qu<\/span><span data-contrast=\"auto\">i sollicitent un accompagnement<\/span><span data-contrast=\"auto\">\u00a0spirituel vous apporte la joie du partage. <\/span><span data-contrast=\"auto\">Votre <\/span><span data-contrast=\"auto\">don permettra de mettre du soleil dans le quotidien des personnes visit\u00e9es. <\/span><span data-contrast=\"auto\">Merci \u00e0 l\u2019avance.<\/span><span data-ccp-props=\"{&quot;201341983&quot;:0,&quot;335551550&quot;:6,&quot;335551620&quot;:6,&quot;335559739&quot;:160,&quot;335559740&quot;:240}\">\u00a0<\/span><\/p>\n<p><strong style=\"font-size: 16px\"><\/strong><\/p>\n<p><strong style=\"font-size: 16px\">Fonctionnement de la Fondation<\/strong><span data-ccp-props=\"{&quot;201341983&quot;:0,&quot;335551550&quot;:6,&quot;335551620&quot;:6,&quot;335559739&quot;:160,&quot;335559740&quot;:240}\" style=\"font-size: 16px\">\u00a0<\/span><span style=\"font-size: 16px\">\u00a0<\/span><\/p>\n<p><span data-contrast=\"auto\">Les Lettres patentes ont \u00e9t\u00e9 <\/span><span data-contrast=\"auto\">re\u00e7ues<\/span><span data-contrast=\"auto\"> en novembre 1999. La fondation<\/span><span data-contrast=\"auto\">\u00a0a \u00e9t\u00e9 mise sur pied en 2001. Le <\/span><span data-contrast=\"auto\">num\u00e9ro <\/span><span data-contrast=\"auto\">d\u2019entreprise <\/span><span data-contrast=\"auto\">de bienfaisance <\/span><span data-contrast=\"auto\">est\u202f: 89061 4910 RR0001<\/span><span data-contrast=\"auto\">. <\/span><span data-contrast=\"auto\">La fondation est <\/span><span data-contrast=\"auto\">depuis <\/span><span data-contrast=\"auto\">r\u00e9gie par un Conseil d\u2019administration d<\/span><span data-contrast=\"auto\">\u00fbment \u00e9tabli et<\/span><span data-contrast=\"auto\"> fonctionne sur la \u00abLoi sur les \u00e9v\u00eaques catholiques romains\u00bb<\/span><span data-contrast=\"auto\">. <\/span><span data-contrast=\"auto\">Le si\u00e8ge social de la f<\/span><span data-contrast=\"auto\">ondation <\/span><span data-contrast=\"auto\">est situ\u00e9<\/span><span data-contrast=\"auto\"> dans les m\u00eames locaux que le SASMAD.<\/span><span data-ccp-props=\"{&quot;201341983&quot;:0,&quot;335551550&quot;:6,&quot;335551620&quot;:6,&quot;335559739&quot;:160,&quot;335559740&quot;:240}\">\u00a0<\/span><\/p>\n<p><span data-ccp-props=\"{&quot;201341983&quot;:0,&quot;335551550&quot;:6,&quot;335551620&quot;:6,&quot;335559739&quot;:160,&quot;335559740&quot;:240}\"><\/span><\/p>\n<p>&nbsp;<\/p>\n<p><strong>Pour faire un don \u00e0 la Fondation \u202f:\u00a0\u00a0\u00a0<\/strong><\/p>\n<p class=\"has-medium-font-size\">Nous avons deux modalit\u00e9s disponibles \u00e0 votre choix :<\/p>\n<blockquote>\n<p>1. \u00c0 travers<span>\u00a0<\/span><a href=\"https:\/\/www.canadahelps.org\/fr\/organismesdebienfaisance\/les-amis-de-jeanne-mance\/\" target=\"_blank\" rel=\"noreferrer noopener\">CanaDon<\/a><\/p>\n<\/blockquote>\n<p>2. Par ch\u00e8que<\/p>\n<p>&nbsp;<\/p>\n<blockquote>\n<p>&nbsp;<\/p>\n<\/blockquote>\n<p>[\/et_pb_text][\/et_pb_column_inner][\/et_pb_row_inner][et_pb_row_inner column_structure=&#8221;1_3,1_3,1_3&#8243; _builder_version=&#8221;4.16&#8243; width=&#8221;100%&#8221; min_height=&#8221;646px&#8221; global_colors_info=&#8221;{}&#8221;][et_pb_column_inner type=&#8221;1_3&#8243; saved_specialty_column_type=&#8221;1_2&#8243; _builder_version=&#8221;4.16&#8243; _module_preset=&#8221;default&#8221; global_colors_info=&#8221;{}&#8221;][\/et_pb_column_inner][et_pb_column_inner type=&#8221;1_3&#8243; saved_specialty_column_type=&#8221;1_2&#8243; _builder_version=&#8221;4.16&#8243; custom_padding=&#8221;|||&#8221; global_colors_info=&#8221;{}&#8221; custom_padding__hover=&#8221;|||&#8221;][\/et_pb_column_inner][et_pb_column_inner type=&#8221;1_3&#8243; saved_specialty_column_type=&#8221;1_2&#8243; _builder_version=&#8221;4.16&#8243; custom_padding=&#8221;|||&#8221; global_colors_info=&#8221;{}&#8221; custom_padding__hover=&#8221;|||&#8221;][et_pb_text _builder_version=&#8221;4.16&#8243; text_font=&#8221;|700|||||||&#8221; text_font_size=&#8221;16px&#8221; text_line_height=&#8221;2em&#8221; custom_margin=&#8221;||16px&#8221; global_colors_info=&#8221;{}&#8221;][\/et_pb_text][\/et_pb_column_inner][\/et_pb_row_inner][\/et_pb_column][\/et_pb_section][et_pb_section fb_built=&#8221;1&#8243; _builder_version=&#8221;4.18.0&#8243; _module_preset=&#8221;default&#8221; custom_margin=&#8221;-110px|||||&#8221; custom_padding=&#8221;10px|66px||||&#8221; global_colors_info=&#8221;{}&#8221;][et_pb_row column_structure=&#8221;1_2,1_2&#8243; _builder_version=&#8221;4.18.0&#8243; _module_preset=&#8221;default&#8221; global_colors_info=&#8221;{}&#8221;][et_pb_column type=&#8221;1_2&#8243; _builder_version=&#8221;4.18.0&#8243; _module_preset=&#8221;default&#8221; global_colors_info=&#8221;{}&#8221;][et_pb_text _builder_version=&#8221;4.18.0&#8243; _module_preset=&#8221;default&#8221; text_text_color=&#8221;#FFFFFF&#8221; background_color=&#8221;#FC5400&#8243; global_colors_info=&#8221;{}&#8221;]<\/p>\n<p><span style=\"font-size: x-large;text-align: center\">Par ch\u00e8que :<\/span><span data-contrast=\"auto\" style=\"font-size: large\"><\/span><\/p>\n<p><span data-contrast=\"auto\" style=\"font-size: large\"><\/span><\/p>\n<p style=\"text-align: center\"><span style=\"font-size: large;text-align: center\">Faites parvenir votre ch\u00e8que au nom de :<\/span><span data-contrast=\"auto\" style=\"font-size: large\"><\/span><\/p>\n<p style=\"text-align: center\"><span data-contrast=\"auto\" style=\"font-size: large\"><\/span><\/p>\n<p style=\"text-align: center\"><span style=\"font-size: large;text-align: center\">\u00ab\u202fLes amis de Jeanne Mance\u00bb\u00a0<\/span><span data-contrast=\"auto\" style=\"font-size: large\"><\/span><\/p>\n<p style=\"text-align: center\"><span data-contrast=\"auto\" style=\"font-size: large\"><\/span><\/p>\n<p style=\"text-align: center\"><span style=\"font-size: large;text-align: center\">1335 Chabanel Est, Montr\u00e9al, Qu\u00e9bec, H2M 2N8\u00a0<\/span><span data-contrast=\"auto\" style=\"font-size: large\"><\/span><\/p>\n<p style=\"text-align: center\"><span data-contrast=\"auto\" style=\"font-size: large\"><\/span><\/p>\n<p style=\"text-align: center\"><span style=\"font-size: large;text-align: center\">T\u00e9l\u00e9phone\u202f: 514-358-6630 ; T\u00e9l\u00e9copieur\u202f: 514-272-7456\u00a0<\/span><span data-contrast=\"auto\" style=\"font-size: large\"><\/span><\/p>\n<p style=\"text-align: center\"><span data-contrast=\"auto\" style=\"font-size: large\"><\/span><\/p>\n<p style=\"text-align: center\"><span style=\"font-size: large\">Un re\u00e7u\u00a0 aux fins de l\u2019imp\u00f4t vous sera \u00e9mis<\/span><span data-contrast=\"auto\" style=\"font-size: large\"><\/span><\/p>\n<p style=\"text-align: center\"><span data-contrast=\"auto\" style=\"font-size: large\"><\/span><\/p>\n<p style=\"text-align: center\"><span style=\"font-size: large\">pour les dons de $20.00 et plus.\u00a0<\/span><\/p>\n<p>[\/et_pb_text][\/et_pb_column][et_pb_column type=&#8221;1_2&#8243; _builder_version=&#8221;4.18.0&#8243; _module_preset=&#8221;default&#8221; global_colors_info=&#8221;{}&#8221;][et_pb_cta title=&#8221;\u00c0 travers CanaDon :&#8221; button_text=&#8221;Visiter CanaDon section Les amis de Jeanne Mance&#8221; _builder_version=&#8221;4.18.0&#8243; _module_preset=&#8221;default&#8221; background_color=&#8221;gcid-a8b5883a-6e8d-4b1d-98a1-6f6adc5e86d6&#8243; global_colors_info=&#8221;{%22gcid-a8b5883a-6e8d-4b1d-98a1-6f6adc5e86d6%22:%91%22background_color%22%93}&#8221;]<\/p>\n<p class=\"has-medium-font-size\">\n<p class=\"has-medium-font-size\">CanaDon est un organisme de bienfaisance qui aide tous les organismes de bienfaisance canadiens.<\/p>\n<p class=\"has-medium-font-size\">Depuis plus de 22 ans, CanaDon est l\u2019organisme de confiance pour informer, inspirer et mettre en contact les donateurs et les organismes de bienfaisance au profit des causes qui leur sont ch\u00e8res. CanaDon a facilit\u00e9 plus de 2 milliard de dollars en dons.<\/p>\n<p class=\"has-medium-font-size\">De plus, CanaDon vous offre des options de paiement s\u00e9curis\u00e9 incluant :\u00a0Paypal, GooglePay, des cartes cadeaux ou bien une Carte de cr\u00e9dit.<\/p>\n<p>&nbsp;<\/p>\n<p class=\"has-medium-font-size\">Vous pouvez choisir entre faire un seul don ou automatiser vos dons mensuellement. Vous pouvez aussi obtenir un re\u00e7u pour vos imp\u00f4ts de fa\u00e7on facile et automatis\u00e9.<\/p>\n<p>[\/et_pb_cta][\/et_pb_column][\/et_pb_row][et_pb_row column_structure=&#8221;1_3,1_3,1_3&#8243; _builder_version=&#8221;4.18.0&#8243; _module_preset=&#8221;default&#8221; custom_padding=&#8221;0px||0px|5px||&#8221; global_colors_info=&#8221;{}&#8221;][et_pb_column type=&#8221;1_3&#8243; _builder_version=&#8221;4.18.0&#8243; _module_preset=&#8221;default&#8221; global_colors_info=&#8221;{}&#8221;][\/et_pb_column][et_pb_column type=&#8221;1_3&#8243; _builder_version=&#8221;4.18.0&#8243; _module_preset=&#8221;default&#8221; global_colors_info=&#8221;{}&#8221;][\/et_pb_column][et_pb_column type=&#8221;1_3&#8243; _builder_version=&#8221;4.18.0&#8243; _module_preset=&#8221;default&#8221; global_colors_info=&#8221;{}&#8221;][et_pb_button button_url=&#8221;https:\/\/www.canadahelps.org\/fr\/organismesdebienfaisance\/les-amis-de-jeanne-mance\/&#8221; button_text=&#8221;Faire un don \u00e0 travers CanaDon&#8221; _builder_version=&#8221;4.18.0&#8243; _module_preset=&#8221;default&#8221; custom_margin=&#8221;18px|||||&#8221; global_colors_info=&#8221;{}&#8221;][\/et_pb_button][\/et_pb_column][\/et_pb_row][\/et_pb_section]<\/p>\n","protected":false},"excerpt":{"rendered":"<p>Information suppl\u00e9mentaire pour nos donateurs (Condition pr\u00e9alable des donateurs de la fondation) \u00a0 \u00c0 travers le temps, la fondation \u00ab\u202f Les amis de Jeanne Mance\u202f\u00bb a eu plusieurs donateurs dont\u00a0\u202f: L\u2018Association des sup\u00e9rieures majeures de Montr\u00e9al (ASMDM), l&#8217;\u00c9glise catholique \u00e0 Montr\u00e9al,\u00a0des paroisses\u00a0et plusieurs donateurs priv\u00e9s. Gr\u00e2ce \u00e0 votre don la fondation &#8220;Les amis de Jeanne [&hellip;]<\/p>\n","protected":false},"author":196,"featured_media":0,"parent":0,"menu_order":0,"comment_status":"closed","ping_status":"closed","template":"","meta":{"_et_pb_use_builder":"on","_et_pb_old_content":"","_et_gb_content_width":"","_monsterinsights_skip_tracking":false,"_monsterinsights_sitenote_active":false,"_monsterinsights_sitenote_note":"","_monsterinsights_sitenote_category":0,"footnotes":""},"class_list":["post-41","page","type-page","status-publish","hentry"],"_links":{"self":[{"href":"https:\/\/microsites.diocesemontreal.org\/microsites\/sasmad\/wp-json\/wp\/v2\/pages\/41","targetHints":{"allow":["GET"]}}],"collection":[{"href":"https:\/\/microsites.diocesemontreal.org\/microsites\/sasmad\/wp-json\/wp\/v2\/pages"}],"about":[{"href":"https:\/\/microsites.diocesemontreal.org\/microsites\/sasmad\/wp-json\/wp\/v2\/types\/page"}],"author":[{"embeddable":true,"href":"https:\/\/microsites.diocesemontreal.org\/microsites\/sasmad\/wp-json\/wp\/v2\/users\/196"}],"replies":[{"embeddable":true,"href":"https:\/\/microsites.diocesemontreal.org\/microsites\/sasmad\/wp-json\/wp\/v2\/comments?post=41"}],"version-history":[{"count":57,"href":"https:\/\/microsites.diocesemontreal.org\/microsites\/sasmad\/wp-json\/wp\/v2\/pages\/41\/revisions"}],"predecessor-version":[{"id":6400,"href":"https:\/\/microsites.diocesemontreal.org\/microsites\/sasmad\/wp-json\/wp\/v2\/pages\/41\/revisions\/6400"}],"wp:attachment":[{"href":"https:\/\/microsites.diocesemontreal.org\/microsites\/sasmad\/wp-json\/wp\/v2\/media?parent=41"}],"curies":[{"name":"wp","href":"https:\/\/api.w.org\/{rel}","templated":true}]}}