{"id":95,"date":"2019-08-22T17:20:29","date_gmt":"2019-08-22T15:20:29","guid":{"rendered":"http:\/\/microsites.diocesemontreal.org\/microsites\/sasmad\/?page_id=95"},"modified":"2024-06-10T21:30:54","modified_gmt":"2024-06-11T01:30:54","slug":"laccompagnement-spirituel","status":"publish","type":"page","link":"https:\/\/microsites.diocesemontreal.org\/microsites\/sasmad\/laccompagnement-spirituel\/","title":{"rendered":"L&#8217;accompagnement spirituel"},"content":{"rendered":"<p>[et_pb_section fb_built=&#8221;1&#8243; admin_label=&#8221;section&#8221; _builder_version=&#8221;4.18.0&#8243; background_color=&#8221;rgba(0,0,0,0.11)&#8221; use_background_color_gradient=&#8221;on&#8221; background_color_gradient_stops=&#8221;#ccddff 52%|rgba(216,29,244,0.17) 99%&#8221; background_color_gradient_overlays_image=&#8221;on&#8221; background_image=&#8221;https:\/\/microsites.diocesemontreal.org\/microsites\/sasmad\/wp-content\/uploads\/sites\/27\/2024\/06\/dreamstime_s_39918166.jpg&#8221; parallax=&#8221;on&#8221; background_blend=&#8221;soft-light&#8221; background_enable_video_mp4=&#8221;off&#8221; min_height=&#8221;859px&#8221; custom_padding=&#8221;||5px|||&#8221; global_colors_info=&#8221;{}&#8221;][et_pb_row admin_label=&#8221;row&#8221; _builder_version=&#8221;4.18.0&#8243; background_size=&#8221;initial&#8221; background_position=&#8221;top_left&#8221; background_repeat=&#8221;repeat&#8221; custom_margin=&#8221;0px|auto||auto||&#8221; custom_padding=&#8221;||42px|||&#8221; global_colors_info=&#8221;{}&#8221;][et_pb_column type=&#8221;4_4&#8243; _builder_version=&#8221;4.16&#8243; custom_padding=&#8221;|||&#8221; global_colors_info=&#8221;{}&#8221; custom_padding__hover=&#8221;|||&#8221;][et_pb_text _builder_version=&#8221;4.18.0&#8243; background_color=&#8221;rgba(214,214,214,0)&#8221; min_height=&#8221;281px&#8221; custom_margin=&#8221;||13px|||&#8221; custom_padding=&#8221;|0px||||&#8221; text_text_shadow_style=&#8221;preset1&#8243; header_text_shadow_style=&#8221;preset1&#8243; global_colors_info=&#8221;{}&#8221;]<\/p>\n<p><span style=\"color: #000000\"><span style=\"font-size: large\"><strong><\/strong><\/span><\/span><\/p>\n<p><span style=\"color: #000000\"><span style=\"font-size: large\"><strong><\/strong><\/span><\/span><\/p>\n<p style=\"text-align: justify\"><span style=\"color: #000000\"><span style=\"font-size: large\"><strong>L&#8217;accompagnement spirituel SASMAD<\/strong><\/span><strong>\u00a0<\/strong><span style=\"font-size: medium\">repose sur les qualit\u00e9s d\u2019int\u00e9riorit\u00e9 et d\u2019accueil de l\u2019accompagnateur, sa fa\u00e7on d\u2019\u00eatre pr\u00e9sent et sa fa\u00e7on d\u2019agir. Ce dernier doit prendre le temps de se situer int\u00e9rieurement afin de se lib\u00e9rer de ses propres pens\u00e9es. Il \u00e9vite de laisser monter en lui des attentes personnelles et se centre plut\u00f4t sur la personne qu\u2019il accompagne.<\/span><\/span><\/p>\n<p style=\"text-align: justify\"><span style=\"color: #000000\"><span style=\"font-size: large\"><span style=\"font-size: medium\">Il faut \u00e0 tout prix <\/span><strong>privil\u00e9gier l\u2019attention et l\u2019\u00e9coute<\/strong><\/span> <span style=\"font-size: medium\">qui sont si n\u00e9cessaires pour satisfaire la personne aid\u00e9e et son besoin. Un silence qui \u00e9coute, une parole qui est le reflet de l\u2019autre, un geste si petit soit-il peuvent devenir source d\u2019esp\u00e9rance et de vie pour la personne aid\u00e9e.<\/span><\/span><span style=\"color: #000000;font-size: 14px\">\u00a0<\/span><\/p>\n<p style=\"text-align: justify\"><span style=\"color: #000000\"><span style=\"font-size: large\"><strong>Les besoins spirituels<\/strong><\/span> <span style=\"font-size: medium\">sont ceux de l&#8217;esprit de la personne, et sont li\u00e9s \u00e0 la qu\u00eate de sens et \u00e0 une recherche d&#8217;appartenance en relation avec des valeurs fondamentales ou avec un \u00eatre transcendant. (Minist\u00e8re de la sant\u00e9 et des Services sociaux, 1997).\u00a0<\/span><\/span><span style=\"color: #000000;font-size: 14px\">\u00a0<\/span><\/p>\n<p style=\"text-align: justify\"><span style=\"color: #000000\"><span style=\"font-size: large\"><strong>L&#8217;objectif d&#8217;un accompagnement spirituel selon SASMAD comprend:<\/strong><\/span><span style=\"font-size: 14px\">\u00a0<\/span><\/span><\/p>\n<p style=\"text-align: justify\"><span style=\"color: #000000;font-size: medium\">* \u00c9tablir un contact humain s\u00e9curisant qui permet un climat d&#8217;ouverture et de confiance.<\/span><\/p>\n<p style=\"text-align: justify\"><span style=\"color: #000000;font-size: medium\">* \u00catre, pour la personne visit\u00e9e, une occasion de sortir de sa solitude et de son isolement.<\/span><\/p>\n<p style=\"text-align: justify\"><span style=\"color: #000000;font-size: medium\">* Favoriser des \u00e9changes en profondeur qui lib\u00e8rent, rassurent et redonnent sens \u00e0 la vie.<\/span><\/p>\n<p>&nbsp;<\/p>\n<p>[\/et_pb_text][\/et_pb_column][\/et_pb_row][et_pb_row _builder_version=&#8221;4.16&#8243; _module_preset=&#8221;default&#8221; global_colors_info=&#8221;{}&#8221;][et_pb_column type=&#8221;4_4&#8243; _builder_version=&#8221;4.16&#8243; _module_preset=&#8221;default&#8221; global_colors_info=&#8221;{}&#8221;][et_pb_text _builder_version=&#8221;4.18.0&#8243; _module_preset=&#8221;default&#8221; text_text_color=&#8221;#61f902&#8243; text_font_size=&#8221;30px&#8221; hover_enabled=&#8221;0&#8243; text_text_shadow_style=&#8221;preset1&#8243; global_colors_info=&#8221;{}&#8221; sticky_enabled=&#8221;0&#8243;]<\/p>\n<p><strong>J&#8217;aimerais&#8230;.<\/strong><\/p>\n<p>[\/et_pb_text][\/et_pb_column][\/et_pb_row][\/et_pb_section][et_pb_section fb_built=&#8221;1&#8243; _builder_version=&#8221;4.16&#8243; _module_preset=&#8221;default&#8221; global_colors_info=&#8221;{}&#8221;][et_pb_row column_structure=&#8221;1_3,1_3,1_3&#8243; _builder_version=&#8221;4.16&#8243; _module_preset=&#8221;default&#8221; custom_padding=&#8221;|106px||150px||&#8221; global_colors_info=&#8221;{}&#8221;][et_pb_column type=&#8221;1_3&#8243; _builder_version=&#8221;4.16&#8243; _module_preset=&#8221;default&#8221; global_colors_info=&#8221;{}&#8221;][et_pb_button button_url=&#8221;@ET-DC@eyJkeW5hbWljIjp0cnVlLCJjb250ZW50IjoicG9zdF9saW5rX3VybF9wYWdlIiwic2V0dGluZ3MiOnsicG9zdF9pZCI6IjIxIn19@&#8221; url_new_window=&#8221;on&#8221; button_text=&#8221;M&#8217;inscrire \u00e0 votre service d&#8217;accompagnement spirituel gratuit et confidentiel ou r\u00e9f\u00e9rer quelqu&#8217;un.&#8221; _builder_version=&#8221;4.16&#8243; _dynamic_attributes=&#8221;button_url&#8221; _module_preset=&#8221;default&#8221; global_colors_info=&#8221;{}&#8221;][\/et_pb_button][\/et_pb_column][et_pb_column type=&#8221;1_3&#8243; _builder_version=&#8221;4.16&#8243; _module_preset=&#8221;default&#8221; global_colors_info=&#8221;{}&#8221;][et_pb_button button_url=&#8221;@ET-DC@eyJkeW5hbWljIjp0cnVlLCJjb250ZW50IjoicG9zdF9saW5rX3VybF9wYWdlIiwic2V0dGluZ3MiOnsicG9zdF9pZCI6IjM3In19@&#8221; url_new_window=&#8221;on&#8221; button_text=&#8221;Devenir b\u00e9n\u00e9vole au SASMAD et accompagner des personnes malades et\/ou \u00e2g\u00e9es.&#8221; _builder_version=&#8221;4.16&#8243; _dynamic_attributes=&#8221;button_url&#8221; _module_preset=&#8221;default&#8221; global_colors_info=&#8221;{}&#8221;][\/et_pb_button][\/et_pb_column][et_pb_column type=&#8221;1_3&#8243; _builder_version=&#8221;4.16&#8243; _module_preset=&#8221;default&#8221; global_colors_info=&#8221;{}&#8221;][et_pb_button button_url=&#8221;@ET-DC@eyJkeW5hbWljIjp0cnVlLCJjb250ZW50IjoicG9zdF9saW5rX3VybF9wYWdlIiwic2V0dGluZ3MiOnsicG9zdF9pZCI6IjEwNyJ9fQ==@&#8221; url_new_window=&#8221;on&#8221; button_text=&#8221;Prier pour le SASMAD, vos b\u00e9n\u00e9voles et les personnes que vous accompagnez.&#8221; _builder_version=&#8221;4.16&#8243; _dynamic_attributes=&#8221;button_url&#8221; _module_preset=&#8221;default&#8221; global_colors_info=&#8221;{}&#8221;][\/et_pb_button][\/et_pb_column][\/et_pb_row][\/et_pb_section][et_pb_section fb_built=&#8221;1&#8243; _builder_version=&#8221;4.16&#8243; _module_preset=&#8221;default&#8221; global_colors_info=&#8221;{}&#8221;][et_pb_row column_structure=&#8221;1_2,1_2&#8243; _builder_version=&#8221;4.16&#8243; _module_preset=&#8221;default&#8221; custom_padding=&#8221;|0px||||&#8221; global_colors_info=&#8221;{}&#8221;][et_pb_column type=&#8221;1_2&#8243; _builder_version=&#8221;4.16&#8243; _module_preset=&#8221;default&#8221; global_colors_info=&#8221;{}&#8221;][et_pb_blurb title=&#8221;Votre confidentialit\u00e9 est notre priorit\u00e9&#8221; image=&#8221;https:\/\/microsites.diocesemontreal.org\/microsites\/sasmad\/wp-content\/uploads\/sites\/27\/2024\/06\/dreamstime_s_221242248.jpg&#8221; alt=&#8221;Photo by Kristina Flour on Unsplash&#8221; _builder_version=&#8221;4.18.0&#8243; _module_preset=&#8221;default&#8221; header_font=&#8221;|700|||||||&#8221; header_text_color=&#8221;#000000&#8243; body_text_color=&#8221;#000000&#8243; text_orientation=&#8221;center&#8221; animation=&#8221;off&#8221; hover_enabled=&#8221;0&#8243; global_colors_info=&#8221;{}&#8221; title_text=&#8221;dreamstime_s_221242248&#8243; sticky_enabled=&#8221;0&#8243;]<\/p>\n<p style=\"text-align: center\"><span style=\"font-size: medium\">Ce service confidentiel est offert par le dioc\u00e8se gr\u00e2ce aux visites de centaines de b\u00e9n\u00e9voles qui ont re\u00e7u une formation sp\u00e9cifique. Le b\u00e9n\u00e9vole s\u2019engage \u00e0 garder pour lui le contenu des entretiens dans l\u2019exercice de son accompagnement.<\/span><\/p>\n<p>[\/et_pb_blurb][\/et_pb_column][et_pb_column type=&#8221;1_2&#8243; _builder_version=&#8221;4.16&#8243; _module_preset=&#8221;default&#8221; global_colors_info=&#8221;{}&#8221;][et_pb_blurb title=&#8221;Gratuit\u00e9 du service SASMAD &#8221; image=&#8221;https:\/\/microsites.diocesemontreal.org\/microsites\/sasmad\/wp-content\/uploads\/sites\/27\/2023\/03\/Logo.les-amis-de-JM.png&#8221; _builder_version=&#8221;4.18.0&#8243; _module_preset=&#8221;default&#8221; header_font=&#8221;|700|||||||&#8221; header_text_color=&#8221;#000000&#8243; body_text_color=&#8221;#000000&#8243; text_orientation=&#8221;center&#8221; animation=&#8221;off&#8221; global_colors_info=&#8221;{}&#8221;]<\/p>\n<p style=\"text-align: center\"><span style=\"font-size: medium\">Le service SASMAD est gratuit. La p\u00e9rennit\u00e9 du service SASMAD est garantie gr\u00e2ce \u00e0 l\u2019aide financi\u00e8re de la Fondation \u201cLes Amis de Jeanne-Mance\u201d en partenariat avec l\u2019\u00c9glise Catholique \u00e0 Montr\u00e9al.<\/span><\/p>\n<p>[\/et_pb_blurb][\/et_pb_column][\/et_pb_row][\/et_pb_section]<\/p>\n","protected":false},"excerpt":{"rendered":"<p>L&#8217;accompagnement spirituel SASMAD\u00a0repose sur les qualit\u00e9s d\u2019int\u00e9riorit\u00e9 et d\u2019accueil de l\u2019accompagnateur, sa fa\u00e7on d\u2019\u00eatre pr\u00e9sent et sa fa\u00e7on d\u2019agir. Ce dernier doit prendre le temps de se situer int\u00e9rieurement afin de se lib\u00e9rer de ses propres pens\u00e9es. Il \u00e9vite de laisser monter en lui des attentes personnelles et se centre plut\u00f4t sur la personne qu\u2019il [&hellip;]<\/p>\n","protected":false},"author":196,"featured_media":0,"parent":0,"menu_order":0,"comment_status":"closed","ping_status":"closed","template":"","meta":{"_et_pb_use_builder":"on","_et_pb_old_content":"","_et_gb_content_width":"","_monsterinsights_skip_tracking":false,"_monsterinsights_sitenote_active":false,"_monsterinsights_sitenote_note":"","_monsterinsights_sitenote_category":0,"footnotes":""},"class_list":["post-95","page","type-page","status-publish","hentry"],"_links":{"self":[{"href":"https:\/\/microsites.diocesemontreal.org\/microsites\/sasmad\/wp-json\/wp\/v2\/pages\/95","targetHints":{"allow":["GET"]}}],"collection":[{"href":"https:\/\/microsites.diocesemontreal.org\/microsites\/sasmad\/wp-json\/wp\/v2\/pages"}],"about":[{"href":"https:\/\/microsites.diocesemontreal.org\/microsites\/sasmad\/wp-json\/wp\/v2\/types\/page"}],"author":[{"embeddable":true,"href":"https:\/\/microsites.diocesemontreal.org\/microsites\/sasmad\/wp-json\/wp\/v2\/users\/196"}],"replies":[{"embeddable":true,"href":"https:\/\/microsites.diocesemontreal.org\/microsites\/sasmad\/wp-json\/wp\/v2\/comments?post=95"}],"version-history":[{"count":48,"href":"https:\/\/microsites.diocesemontreal.org\/microsites\/sasmad\/wp-json\/wp\/v2\/pages\/95\/revisions"}],"predecessor-version":[{"id":6739,"href":"https:\/\/microsites.diocesemontreal.org\/microsites\/sasmad\/wp-json\/wp\/v2\/pages\/95\/revisions\/6739"}],"wp:attachment":[{"href":"https:\/\/microsites.diocesemontreal.org\/microsites\/sasmad\/wp-json\/wp\/v2\/media?parent=95"}],"curies":[{"name":"wp","href":"https:\/\/api.w.org\/{rel}","templated":true}]}}