{"id":529,"date":"2020-11-13T02:31:49","date_gmt":"2020-11-13T01:31:49","guid":{"rendered":"https:\/\/microsites.diocesemontreal.org\/microsites\/semaine-sainte-et-paques\/?page_id=529"},"modified":"2021-03-22T22:06:57","modified_gmt":"2021-03-22T21:06:57","slug":"ecouter-en-famille","status":"publish","type":"page","link":"https:\/\/microsites.diocesemontreal.org\/microsites\/semaine-sainte-et-paques\/enfants-famille\/ecouter-en-famille\/","title":{"rendered":"\u00c9couter en famille"},"content":{"rendered":"<p>[et_pb_section fb_built=\u00a0\u00bb1&Prime; fullwidth=\u00a0\u00bbon\u00a0\u00bb admin_label=\u00a0\u00bbHeader\u00a0\u00bb _builder_version=\u00a0\u00bb4.9.2&Prime; background_image=\u00a0\u00bbhttps:\/\/microsites.diocesemontreal.org\/microsites\/semaine-sainte-et-paques\/wp-content\/uploads\/sites\/47\/2021\/03\/ecouter-famille-scaled.jpg\u00a0\u00bb hover_enabled=\u00a0\u00bb0&Prime; disabled_on=\u00a0\u00bbon|off|off\u00a0\u00bb sticky_enabled=\u00a0\u00bb0&Prime;][et_pb_fullwidth_header title=\u00a0\u00bb\u00c9couter\u00a0\u00bb subhead=\u00a0\u00bbMusique ou podcasts, de quoi \u00e9lever l\u2019\u00e2me!\u00a0\u00bb text_orientation=\u00a0\u00bbcenter\u00a0\u00bb button_one_text=\u00a0\u00bbSemaine Sainte\u00a0\u00bb button_one_url=\u00a0\u00bb#ecouter-famille-ss\u00a0\u00bb button_two_text=\u00a0\u00bbP\u00e2ques\u00a0\u00bb button_two_url=\u00a0\u00bb#ecouter-famille-paques\u00a0\u00bb _builder_version=\u00a0\u00bb4.8.2&Prime; title_font=\u00a0\u00bbAcme|700|||||||\u00a0\u00bb title_font_size=\u00a0\u00bb120px\u00a0\u00bb title_line_height=\u00a0\u00bb1.3em\u00a0\u00bb content_font=\u00a0\u00bb||||||||\u00a0\u00bb content_font_size=\u00a0\u00bb16px\u00a0\u00bb content_line_height=\u00a0\u00bb2em\u00a0\u00bb subhead_font=\u00a0\u00bbABeeZee||||||||\u00a0\u00bb subhead_font_size=\u00a0\u00bb24px\u00a0\u00bb subhead_line_height=\u00a0\u00bb1.5em\u00a0\u00bb background_color=\u00a0\u00bbrgba(0,0,0,0)\u00a0\u00bb use_background_color_gradient=\u00a0\u00bbon\u00a0\u00bb background_color_gradient_start=\u00a0\u00bbrgba(102,133,221,0.37)\u00a0\u00bb background_color_gradient_end=\u00a0\u00bbrgba(31,31,71,0.81)\u00a0\u00bb background_color_gradient_type=\u00a0\u00bbradial\u00a0\u00bb background_color_gradient_end_position=\u00a0\u00bb53%\u00a0\u00bb custom_button_one=\u00a0\u00bbon\u00a0\u00bb button_one_text_size=\u00a0\u00bb40px\u00a0\u00bb button_one_text_color=\u00a0\u00bb#ffffff\u00a0\u00bb button_one_bg_color=\u00a0\u00bb#7e1a7f\u00a0\u00bb button_one_border_width=\u00a0\u00bb2px\u00a0\u00bb button_one_border_color=\u00a0\u00bbrgba(0,0,0,0)\u00a0\u00bb button_one_border_radius=\u00a0\u00bb21px\u00a0\u00bb button_one_letter_spacing=\u00a0\u00bb3px\u00a0\u00bb button_one_font=\u00a0\u00bbDidact Gothic|700||on|||||\u00a0\u00bb button_one_use_icon=\u00a0\u00bboff\u00a0\u00bb custom_button_two=\u00a0\u00bbon\u00a0\u00bb button_two_text_size=\u00a0\u00bb40px\u00a0\u00bb button_two_text_color=\u00a0\u00bb#FFFFFF\u00a0\u00bb button_two_bg_color=\u00a0\u00bb#E09900&Prime; button_two_border_width=\u00a0\u00bb0px\u00a0\u00bb button_two_border_color=\u00a0\u00bb#ffffff\u00a0\u00bb button_two_border_radius=\u00a0\u00bb19px\u00a0\u00bb button_two_letter_spacing=\u00a0\u00bb3px\u00a0\u00bb button_two_font=\u00a0\u00bbDidact Gothic|700||on|||||\u00a0\u00bb button_two_use_icon=\u00a0\u00bboff\u00a0\u00bb custom_padding=\u00a0\u00bb10vw||7vw|||\u00a0\u00bb custom_padding_tablet=\u00a0\u00bb\u00a0\u00bb custom_padding_phone=\u00a0\u00bb||80px\u00a0\u00bb custom_padding_last_edited=\u00a0\u00bbon|phone\u00a0\u00bb animation_style=\u00a0\u00bbfade\u00a0\u00bb animation_starting_opacity=\u00a0\u00bb45%\u00a0\u00bb title_font_size_tablet=\u00a0\u00bb40px\u00a0\u00bb title_font_size_phone=\u00a0\u00bb30px\u00a0\u00bb title_font_size_last_edited=\u00a0\u00bbon|phone\u00a0\u00bb title_text_shadow_style=\u00a0\u00bbpreset1&Prime; button_one_text_shadow_style=\u00a0\u00bbpreset1&Prime; button_two_text_shadow_style=\u00a0\u00bbpreset1&Prime;][\/et_pb_fullwidth_header][\/et_pb_section][et_pb_section fb_built=\u00a0\u00bb1&Prime; fullwidth=\u00a0\u00bbon\u00a0\u00bb admin_label=\u00a0\u00bbHeader\u00a0\u00bb _builder_version=\u00a0\u00bb4.9.2&Prime; background_image=\u00a0\u00bbhttps:\/\/microsites.diocesemontreal.org\/microsites\/semaine-sainte-et-paques\/wp-content\/uploads\/sites\/47\/2021\/03\/ecouter-famille-scaled.jpg\u00a0\u00bb hover_enabled=\u00a0\u00bb0&Prime; disabled_on=\u00a0\u00bboff|on|on\u00a0\u00bb sticky_enabled=\u00a0\u00bb0&Prime;][et_pb_fullwidth_header title=\u00a0\u00bb\u00c9couter\u00a0\u00bb subhead=\u00a0\u00bbMusique ou podcasts, de quoi \u00e9lever l\u2019\u00e2me!\u00a0\u00bb text_orientation=\u00a0\u00bbcenter\u00a0\u00bb button_one_text=\u00a0\u00bbSemaine Sainte\u00a0\u00bb button_one_url=\u00a0\u00bb#ecouter-famille-ss\u00a0\u00bb button_two_text=\u00a0\u00bbP\u00e2ques\u00a0\u00bb button_two_url=\u00a0\u00bb#ecouter-famille-paques\u00a0\u00bb _builder_version=\u00a0\u00bb4.9.2&Prime; title_font=\u00a0\u00bbAcme|700|||||||\u00a0\u00bb title_font_size=\u00a0\u00bb120px\u00a0\u00bb title_line_height=\u00a0\u00bb1.3em\u00a0\u00bb content_font=\u00a0\u00bb||||||||\u00a0\u00bb content_font_size=\u00a0\u00bb16px\u00a0\u00bb content_line_height=\u00a0\u00bb2em\u00a0\u00bb subhead_font=\u00a0\u00bbABeeZee||||||||\u00a0\u00bb subhead_font_size=\u00a0\u00bb24px\u00a0\u00bb subhead_line_height=\u00a0\u00bb1.5em\u00a0\u00bb background_color=\u00a0\u00bbrgba(0,0,0,0)\u00a0\u00bb use_background_color_gradient=\u00a0\u00bbon\u00a0\u00bb background_color_gradient_start=\u00a0\u00bbrgba(102,133,221,0.37)\u00a0\u00bb background_color_gradient_end=\u00a0\u00bbrgba(31,31,71,0.81)\u00a0\u00bb background_color_gradient_type=\u00a0\u00bbradial\u00a0\u00bb background_color_gradient_end_position=\u00a0\u00bb53%\u00a0\u00bb custom_button_one=\u00a0\u00bbon\u00a0\u00bb button_one_text_size=\u00a0\u00bb21px\u00a0\u00bb button_one_text_color=\u00a0\u00bb#ffffff\u00a0\u00bb button_one_bg_color=\u00a0\u00bb#7e1a7f\u00a0\u00bb button_one_border_width=\u00a0\u00bb2px\u00a0\u00bb button_one_border_color=\u00a0\u00bbrgba(0,0,0,0)\u00a0\u00bb button_one_border_radius=\u00a0\u00bb21px\u00a0\u00bb button_one_letter_spacing=\u00a0\u00bb3px\u00a0\u00bb button_one_font=\u00a0\u00bbDidact Gothic|700||on|||||\u00a0\u00bb button_one_use_icon=\u00a0\u00bboff\u00a0\u00bb custom_button_two=\u00a0\u00bbon\u00a0\u00bb button_two_text_size=\u00a0\u00bb23px\u00a0\u00bb button_two_text_color=\u00a0\u00bb#FFFFFF\u00a0\u00bb button_two_bg_color=\u00a0\u00bb#E09900&Prime; button_two_border_width=\u00a0\u00bb0px\u00a0\u00bb button_two_border_color=\u00a0\u00bb#ffffff\u00a0\u00bb button_two_border_radius=\u00a0\u00bb19px\u00a0\u00bb button_two_letter_spacing=\u00a0\u00bb3px\u00a0\u00bb button_two_font=\u00a0\u00bbDidact Gothic|700||on|||||\u00a0\u00bb button_two_use_icon=\u00a0\u00bboff\u00a0\u00bb custom_padding=\u00a0\u00bb10vw||7vw|||\u00a0\u00bb custom_padding_tablet=\u00a0\u00bb\u00a0\u00bb custom_padding_phone=\u00a0\u00bb||80px\u00a0\u00bb custom_padding_last_edited=\u00a0\u00bbon|phone\u00a0\u00bb animation_style=\u00a0\u00bbfade\u00a0\u00bb animation_starting_opacity=\u00a0\u00bb45%\u00a0\u00bb hover_enabled=\u00a0\u00bb0&Prime; title_font_size_tablet=\u00a0\u00bb40px\u00a0\u00bb title_font_size_phone=\u00a0\u00bb30px\u00a0\u00bb title_font_size_last_edited=\u00a0\u00bbon|phone\u00a0\u00bb title_text_shadow_style=\u00a0\u00bbpreset1&Prime; button_one_text_shadow_style=\u00a0\u00bbpreset1&Prime; button_two_text_shadow_style=\u00a0\u00bbpreset1&Prime; sticky_enabled=\u00a0\u00bb0&Prime;][\/et_pb_fullwidth_header][\/et_pb_section][et_pb_section fb_built=\u00a0\u00bb1&Prime; module_id=\u00a0\u00bbecouter-famille-ss\u00a0\u00bb _builder_version=\u00a0\u00bb4.8.2&Prime; _module_preset=\u00a0\u00bbdefault\u00a0\u00bb min_height=\u00a0\u00bb257px\u00a0\u00bb][et_pb_row _builder_version=\u00a0\u00bb4.6.0&Prime; _module_preset=\u00a0\u00bbdefault\u00a0\u00bb][et_pb_column type=\u00a0\u00bb4_4&Prime; _builder_version=\u00a0\u00bb4.6.0&Prime; _module_preset=\u00a0\u00bbdefault\u00a0\u00bb][et_pb_text _builder_version=\u00a0\u00bb4.8.2&Prime; _module_preset=\u00a0\u00bbdefault\u00a0\u00bb text_text_color=\u00a0\u00bb#8300e9&Prime; header_font=\u00a0\u00bbABeeZee||||||||\u00a0\u00bb header_text_align=\u00a0\u00bbleft\u00a0\u00bb header_text_color=\u00a0\u00bb#7e1a7f\u00a0\u00bb header_font_size=\u00a0\u00bb66px\u00a0\u00bb header_2_font=\u00a0\u00bbABeeZee|700|||||||\u00a0\u00bb header_2_text_color=\u00a0\u00bb#7e1a7f\u00a0\u00bb header_2_font_size=\u00a0\u00bb35px\u00a0\u00bb header_4_font=\u00a0\u00bbABeeZee||||||||\u00a0\u00bb header_4_text_color=\u00a0\u00bb#6b6b6b\u00a0\u00bb header_4_line_height=\u00a0\u00bb1.6em\u00a0\u00bb filter_saturate=\u00a0\u00bb103%\u00a0\u00bb]<\/p>\n<h1><em><strong>SEMAINE SAINTE<\/strong><\/em><\/h1>\n<p><em><strong><\/strong><\/em><\/p>\n<h2><b>\u00c9couter dans la confiance<\/b><\/h2>\n<p>[\/et_pb_text][\/et_pb_column][\/et_pb_row][et_pb_row column_structure=\u00a0\u00bb1_2,1_2&Prime; _builder_version=\u00a0\u00bb4.6.0&Prime; _module_preset=\u00a0\u00bbdefault\u00a0\u00bb][et_pb_column type=\u00a0\u00bb1_2&Prime; _builder_version=\u00a0\u00bb4.6.0&Prime; _module_preset=\u00a0\u00bbdefault\u00a0\u00bb][et_pb_video src=\u00a0\u00bbhttps:\/\/youtu.be\/BYoWVyFGaX4&Prime; _builder_version=\u00a0\u00bb4.8.2&Prime; _module_preset=\u00a0\u00bbdefault\u00a0\u00bb][\/et_pb_video][et_pb_blurb alt=\u00a0\u00bbchurch-11-enfants\u00a0\u00bb _builder_version=\u00a0\u00bb4.9.2&Prime; _module_preset=\u00a0\u00bbdefault\u00a0\u00bb header_font=\u00a0\u00bbABeeZee|700|||||||\u00a0\u00bb body_font=\u00a0\u00bbABeeZee||||||||\u00a0\u00bb body_font_size=\u00a0\u00bb15px\u00a0\u00bb]<\/p>\n<p><strong><span style=\"color: #800080;\"><span>P\u00e2ques : 1 heure de r\u00e9cits et de chants pour se pr\u00e9parer \u00e0 P\u00e2ques<\/span><\/span><\/strong><br \/>Une heure de r\u00e9cits et de chants chr\u00e9tiens qui racontent la Semaine sainte et P\u00e2ques pour les enfants de 5 \u00e0 10 ans.<\/p>\n<p>&nbsp;<\/p>\n<p>[\/et_pb_blurb][\/et_pb_column][et_pb_column type=\u00a0\u00bb1_2&Prime; _builder_version=\u00a0\u00bb4.6.0&Prime; _module_preset=\u00a0\u00bbdefault\u00a0\u00bb][et_pb_video src=\u00a0\u00bbhttps:\/\/www.youtube.com\/watch?v=j8DTcoKvbKE\u00a0\u00bb _builder_version=\u00a0\u00bb4.9.2&Prime; _module_preset=\u00a0\u00bbdefault\u00a0\u00bb][\/et_pb_video][et_pb_blurb alt=\u00a0\u00bbchurch-11-enfants\u00a0\u00bb _builder_version=\u00a0\u00bb4.9.2&Prime; _module_preset=\u00a0\u00bbdefault\u00a0\u00bb header_font=\u00a0\u00bbABeeZee|700|||||||\u00a0\u00bb body_font=\u00a0\u00bbABeeZee||||||||\u00a0\u00bb body_font_size=\u00a0\u00bb15px\u00a0\u00bb]<strong><span style=\"color: #800080;\"><span>Les plus beaux chants chr\u00e9tiens pour les enfants<\/span><\/span><\/strong><br \/>\nLes plus belles louanges et chansons religieuses avec leurs instrumentaux pour accompagner vos enfants dans la foi chr\u00e9tienne.<\/span><\/p>\n<p>&nbsp;[\/et_pb_blurb][\/et_pb_column][\/et_pb_row][et_pb_row column_structure=\u00a0\u00bb1_2,1_2&Prime; _builder_version=\u00a0\u00bb4.6.0&Prime; _module_preset=\u00a0\u00bbdefault\u00a0\u00bb][et_pb_column type=\u00a0\u00bb1_2&Prime; _builder_version=\u00a0\u00bb4.6.0&Prime; _module_preset=\u00a0\u00bbdefault\u00a0\u00bb][et_pb_video src=\u00a0\u00bbhttps:\/\/youtu.be\/d0J0qCDvXZw\u00a0\u00bb _builder_version=\u00a0\u00bb4.9.2&Prime; _module_preset=\u00a0\u00bbdefault\u00a0\u00bb][\/et_pb_video][et_pb_blurb alt=\u00a0\u00bbchurch-11-enfants\u00a0\u00bb _builder_version=\u00a0\u00bb4.9.2&Prime; _module_preset=\u00a0\u00bbdefault\u00a0\u00bb header_font=\u00a0\u00bbABeeZee|700|||||||\u00a0\u00bb body_font=\u00a0\u00bbABeeZee||||||||\u00a0\u00bb body_font_size=\u00a0\u00bb15px\u00a0\u00bb]<\/p>\n<p><strong><span style=\"color: #800080;\"><span>\u00ab Merci, d&rsquo;un coeur reconnaissant \u00bb<\/span><\/span><\/strong><br \/>Chant de Jeunesse en Mission avec paroles pour P\u00e2ques.<\/p>\n<p>&nbsp;<\/p>\n<p>[\/et_pb_blurb][\/et_pb_column][et_pb_column type=\u00a0\u00bb1_2&Prime; _builder_version=\u00a0\u00bb4.6.0&Prime; _module_preset=\u00a0\u00bbdefault\u00a0\u00bb][et_pb_video src=\u00a0\u00bbhttps:\/\/youtu.be\/n3Ed9BK6_WA\u00a0\u00bb _builder_version=\u00a0\u00bb4.9.2&Prime; _module_preset=\u00a0\u00bbdefault\u00a0\u00bb][\/et_pb_video][et_pb_blurb alt=\u00a0\u00bbchurch-11-enfants\u00a0\u00bb _builder_version=\u00a0\u00bb4.9.2&Prime; _module_preset=\u00a0\u00bbdefault\u00a0\u00bb header_font=\u00a0\u00bbABeeZee|700|||||||\u00a0\u00bb body_font=\u00a0\u00bbABeeZee||||||||\u00a0\u00bb body_font_size=\u00a0\u00bb15px\u00a0\u00bb]<\/p>\n<p><strong><span style=\"color: #800080;\"><span>La premi\u00e8re en chemin, Marie<\/span><\/span><\/strong><br \/>Chant avec paroles pour P\u00e2ques.<\/p>\n<p>[\/et_pb_blurb][\/et_pb_column][\/et_pb_row][\/et_pb_section][et_pb_section fb_built=\u00a0\u00bb1&Prime; module_id=\u00a0\u00bbecouter-famille-paques\u00a0\u00bb _builder_version=\u00a0\u00bb4.8.2&Prime; _module_preset=\u00a0\u00bbdefault\u00a0\u00bb min_height=\u00a0\u00bb257px\u00a0\u00bb][et_pb_row _builder_version=\u00a0\u00bb4.6.0&Prime; _module_preset=\u00a0\u00bbdefault\u00a0\u00bb][et_pb_column type=\u00a0\u00bb4_4&Prime; _builder_version=\u00a0\u00bb4.6.0&Prime; _module_preset=\u00a0\u00bbdefault\u00a0\u00bb][et_pb_text _builder_version=\u00a0\u00bb4.8.2&Prime; _module_preset=\u00a0\u00bbdefault\u00a0\u00bb text_text_color=\u00a0\u00bb#8300e9&Prime; header_font=\u00a0\u00bbABeeZee||||||||\u00a0\u00bb header_text_align=\u00a0\u00bbleft\u00a0\u00bb header_text_color=\u00a0\u00bb#E09900&Prime; header_font_size=\u00a0\u00bb66px\u00a0\u00bb header_2_font=\u00a0\u00bbABeeZee|700|||||||\u00a0\u00bb header_2_text_color=\u00a0\u00bb#E09900&Prime; header_2_font_size=\u00a0\u00bb35px\u00a0\u00bb header_4_font=\u00a0\u00bbABeeZee||||||||\u00a0\u00bb header_4_text_color=\u00a0\u00bb#6b6b6b\u00a0\u00bb header_4_line_height=\u00a0\u00bb1.6em\u00a0\u00bb filter_saturate=\u00a0\u00bb103%\u00a0\u00bb]<\/p>\n<h1><em><strong>P\u00c2QUES<\/strong><\/em><\/h1>\n<p><em><strong><\/strong><\/em><\/p>\n<h2><b>\u00c9couter dans la joie<\/b><\/h2>\n<p>[\/et_pb_text][\/et_pb_column][\/et_pb_row][et_pb_row column_structure=\u00a0\u00bb1_3,1_3,1_3&Prime; _builder_version=\u00a0\u00bb4.6.0&Prime; _module_preset=\u00a0\u00bbdefault\u00a0\u00bb][et_pb_column type=\u00a0\u00bb1_3&Prime; _builder_version=\u00a0\u00bb4.6.0&Prime; _module_preset=\u00a0\u00bbdefault\u00a0\u00bb][et_pb_video src=\u00a0\u00bbhttps:\/\/youtu.be\/b1RUDB2z200&Prime; _builder_version=\u00a0\u00bb4.8.2&Prime; _module_preset=\u00a0\u00bbdefault\u00a0\u00bb][\/et_pb_video][et_pb_blurb alt=\u00a0\u00bbchurch-11-enfants\u00a0\u00bb _builder_version=\u00a0\u00bb4.9.2&Prime; _module_preset=\u00a0\u00bbdefault\u00a0\u00bb header_font=\u00a0\u00bbABeeZee|700|||||||\u00a0\u00bb body_font=\u00a0\u00bbABeeZee||||||||\u00a0\u00bb body_font_size=\u00a0\u00bb15px\u00a0\u00bb]<\/p>\n<p><strong><span style=\"color: #800080;\"><span>Je te louerai<\/span><\/span><\/strong><br \/>Chant de louange pour les enfants.<\/p>\n<p>&nbsp;<\/p>\n<p>[\/et_pb_blurb][\/et_pb_column][et_pb_column type=\u00a0\u00bb1_3&Prime; _builder_version=\u00a0\u00bb4.6.0&Prime; _module_preset=\u00a0\u00bbdefault\u00a0\u00bb][et_pb_video src=\u00a0\u00bbhttps:\/\/youtu.be\/usfiAsWR4qU\u00a0\u00bb _builder_version=\u00a0\u00bb4.8.2&Prime; _module_preset=\u00a0\u00bbdefault\u00a0\u00bb][\/et_pb_video][et_pb_blurb alt=\u00a0\u00bbchurch-11-enfants\u00a0\u00bb _builder_version=\u00a0\u00bb4.9.2&Prime; _module_preset=\u00a0\u00bbdefault\u00a0\u00bb header_font=\u00a0\u00bbABeeZee|700|||||||\u00a0\u00bb body_font=\u00a0\u00bbABeeZee||||||||\u00a0\u00bb body_font_size=\u00a0\u00bb15px\u00a0\u00bb]<strong><span style=\"color: #800080;\"><span>Le Messie de H\u00e4ndel<\/span><\/span><\/strong><br \/>\nLe matin de P\u00e2ques, commencez une nouvelle tradition et r\u00e9veillez vos enfants (s&rsquo;ils ne vous ont pas d\u00e9j\u00e0 r\u00e9veill\u00e9 !) avec la musique de Georg Friedrich H\u00e4ndel pour c\u00e9l\u00e9brer la joie de la R\u00e9surrection !<\/p>\n<p>&nbsp;[\/et_pb_blurb][\/et_pb_column][et_pb_column type=\u00a0\u00bb1_3&Prime; _builder_version=\u00a0\u00bb4.6.0&Prime; _module_preset=\u00a0\u00bbdefault\u00a0\u00bb][et_pb_video src=\u00a0\u00bbhttps:\/\/youtu.be\/jqZnGQLrffk\u00a0\u00bb _builder_version=\u00a0\u00bb4.9.2&Prime; _module_preset=\u00a0\u00bbdefault\u00a0\u00bb][\/et_pb_video][et_pb_blurb alt=\u00a0\u00bbchurch-11-enfants\u00a0\u00bb _builder_version=\u00a0\u00bb4.9.2&Prime; _module_preset=\u00a0\u00bbdefault\u00a0\u00bb header_font=\u00a0\u00bbABeeZee|700|||||||\u00a0\u00bb body_font=\u00a0\u00bbABeeZee||||||||\u00a0\u00bb body_font_size=\u00a0\u00bb15px\u00a0\u00bb]<\/p>\n<p><strong><span style=\"color: #800080;\"><span>L&rsquo;histoire de P\u00e2ques<\/span><\/span><\/strong><br \/>Voil\u00e0 l&rsquo;histoire de P\u00e2ques, une histoire d&rsquo;amour de notre Dieu qui nous a envoy\u00e9 son fils, car il nous aime beaucoup !<\/p>\n<p>[\/et_pb_blurb][\/et_pb_column][\/et_pb_row][\/et_pb_section]<\/p>\n","protected":false},"excerpt":{"rendered":"<p>SEMAINE SAINTE \u00c9couter dans la confianceP\u00e2ques : 1 heure de r\u00e9cits et de chants pour se pr\u00e9parer \u00e0 P\u00e2quesUne heure de r\u00e9cits et de chants chr\u00e9tiens qui racontent la Semaine sainte et P\u00e2ques pour les enfants de 5 \u00e0 10 ans. &nbsp;Les plus beaux chants chr\u00e9tiens pour les enfants Les plus belles louanges et chansons [&hellip;]<\/p>\n","protected":false},"author":359,"featured_media":0,"parent":489,"menu_order":0,"comment_status":"closed","ping_status":"closed","template":"","meta":{"_et_pb_use_builder":"on","_et_pb_old_content":"","_et_gb_content_width":"","_monsterinsights_skip_tracking":false,"_monsterinsights_sitenote_active":false,"_monsterinsights_sitenote_note":"","_monsterinsights_sitenote_category":0,"footnotes":""},"class_list":["post-529","page","type-page","status-publish","hentry"],"yoast_head":"<!-- This site is optimized with the Yoast SEO plugin v26.4 - https:\/\/yoast.com\/wordpress\/plugins\/seo\/ -->\n<title>\u00c9couter en famille - Un site pour vivre la semaine Sainte et P\u00e2ques<\/title>\n<meta name=\"robots\" content=\"index, follow, max-snippet:-1, max-image-preview:large, max-video-preview:-1\" \/>\n<link rel=\"canonical\" href=\"https:\/\/microsites.diocesemontreal.org\/microsites\/semaine-sainte-et-paques\/enfants-famille\/ecouter-en-famille\/\" \/>\n<meta property=\"og:locale\" content=\"fr_FR\" \/>\n<meta property=\"og:type\" content=\"article\" \/>\n<meta property=\"og:title\" content=\"\u00c9couter en famille - Un site pour vivre la semaine Sainte et P\u00e2ques\" \/>\n<meta property=\"og:description\" content=\"SEMAINE SAINTE \u00c9couter dans la confianceP\u00e2ques : 1 heure de r\u00e9cits et de chants pour se pr\u00e9parer \u00e0 P\u00e2quesUne heure de r\u00e9cits et de chants chr\u00e9tiens qui racontent la Semaine sainte et P\u00e2ques pour les enfants de 5 \u00e0 10 ans. &nbsp;Les plus beaux chants chr\u00e9tiens pour les enfants Les plus belles louanges et chansons [&hellip;]\" \/>\n<meta property=\"og:url\" content=\"https:\/\/microsites.diocesemontreal.org\/microsites\/semaine-sainte-et-paques\/enfants-famille\/ecouter-en-famille\/\" \/>\n<meta property=\"og:site_name\" content=\"Un site pour vivre la semaine Sainte et P\u00e2ques\" \/>\n<meta property=\"article:modified_time\" content=\"2021-03-22T21:06:57+00:00\" \/>\n<meta name=\"twitter:card\" content=\"summary_large_image\" \/>\n<meta name=\"twitter:label1\" content=\"Dur\u00e9e de lecture estim\u00e9e\" \/>\n\t<meta name=\"twitter:data1\" content=\"7 minutes\" \/>\n<script type=\"application\/ld+json\" class=\"yoast-schema-graph\">{\"@context\":\"https:\/\/schema.org\",\"@graph\":[{\"@type\":\"WebPage\",\"@id\":\"https:\/\/microsites.diocesemontreal.org\/microsites\/semaine-sainte-et-paques\/enfants-famille\/ecouter-en-famille\/\",\"url\":\"https:\/\/microsites.diocesemontreal.org\/microsites\/semaine-sainte-et-paques\/enfants-famille\/ecouter-en-famille\/\",\"name\":\"\u00c9couter en famille - Un site pour vivre la semaine Sainte et P\u00e2ques\",\"isPartOf\":{\"@id\":\"https:\/\/microsites.diocesemontreal.org\/microsites\/semaine-sainte-et-paques\/#website\"},\"datePublished\":\"2020-11-13T01:31:49+00:00\",\"dateModified\":\"2021-03-22T21:06:57+00:00\",\"breadcrumb\":{\"@id\":\"https:\/\/microsites.diocesemontreal.org\/microsites\/semaine-sainte-et-paques\/enfants-famille\/ecouter-en-famille\/#breadcrumb\"},\"inLanguage\":\"fr-FR\",\"potentialAction\":[{\"@type\":\"ReadAction\",\"target\":[\"https:\/\/microsites.diocesemontreal.org\/microsites\/semaine-sainte-et-paques\/enfants-famille\/ecouter-en-famille\/\"]}]},{\"@type\":\"BreadcrumbList\",\"@id\":\"https:\/\/microsites.diocesemontreal.org\/microsites\/semaine-sainte-et-paques\/enfants-famille\/ecouter-en-famille\/#breadcrumb\",\"itemListElement\":[{\"@type\":\"ListItem\",\"position\":1,\"name\":\"Accueil\",\"item\":\"https:\/\/microsites.diocesemontreal.org\/microsites\/semaine-sainte-et-paques\/\"},{\"@type\":\"ListItem\",\"position\":2,\"name\":\"Enfants et familles\",\"item\":\"https:\/\/microsites.diocesemontreal.org\/microsites\/semaine-sainte-et-paques\/enfants-famille\/\"},{\"@type\":\"ListItem\",\"position\":3,\"name\":\"\u00c9couter en famille\"}]},{\"@type\":\"WebSite\",\"@id\":\"https:\/\/microsites.diocesemontreal.org\/microsites\/semaine-sainte-et-paques\/#website\",\"url\":\"https:\/\/microsites.diocesemontreal.org\/microsites\/semaine-sainte-et-paques\/\",\"name\":\"Un site pour vivre la semaine Sainte et P\u00e2ques\",\"description\":\"En pr\u00e9paration \u00e0 la f\u00eate de P\u00e2ques\",\"potentialAction\":[{\"@type\":\"SearchAction\",\"target\":{\"@type\":\"EntryPoint\",\"urlTemplate\":\"https:\/\/microsites.diocesemontreal.org\/microsites\/semaine-sainte-et-paques\/?s={search_term_string}\"},\"query-input\":{\"@type\":\"PropertyValueSpecification\",\"valueRequired\":true,\"valueName\":\"search_term_string\"}}],\"inLanguage\":\"fr-FR\"}]}<\/script>\n<!-- \/ Yoast SEO plugin. -->","yoast_head_json":{"title":"\u00c9couter en famille - Un site pour vivre la semaine Sainte et P\u00e2ques","robots":{"index":"index","follow":"follow","max-snippet":"max-snippet:-1","max-image-preview":"max-image-preview:large","max-video-preview":"max-video-preview:-1"},"canonical":"https:\/\/microsites.diocesemontreal.org\/microsites\/semaine-sainte-et-paques\/enfants-famille\/ecouter-en-famille\/","og_locale":"fr_FR","og_type":"article","og_title":"\u00c9couter en famille - Un site pour vivre la semaine Sainte et P\u00e2ques","og_description":"SEMAINE SAINTE \u00c9couter dans la confianceP\u00e2ques : 1 heure de r\u00e9cits et de chants pour se pr\u00e9parer \u00e0 P\u00e2quesUne heure de r\u00e9cits et de chants chr\u00e9tiens qui racontent la Semaine sainte et P\u00e2ques pour les enfants de 5 \u00e0 10 ans. &nbsp;Les plus beaux chants chr\u00e9tiens pour les enfants Les plus belles louanges et chansons [&hellip;]","og_url":"https:\/\/microsites.diocesemontreal.org\/microsites\/semaine-sainte-et-paques\/enfants-famille\/ecouter-en-famille\/","og_site_name":"Un site pour vivre la semaine Sainte et P\u00e2ques","article_modified_time":"2021-03-22T21:06:57+00:00","twitter_card":"summary_large_image","twitter_misc":{"Dur\u00e9e de lecture estim\u00e9e":"7 minutes"},"schema":{"@context":"https:\/\/schema.org","@graph":[{"@type":"WebPage","@id":"https:\/\/microsites.diocesemontreal.org\/microsites\/semaine-sainte-et-paques\/enfants-famille\/ecouter-en-famille\/","url":"https:\/\/microsites.diocesemontreal.org\/microsites\/semaine-sainte-et-paques\/enfants-famille\/ecouter-en-famille\/","name":"\u00c9couter en famille - Un site pour vivre la semaine Sainte et P\u00e2ques","isPartOf":{"@id":"https:\/\/microsites.diocesemontreal.org\/microsites\/semaine-sainte-et-paques\/#website"},"datePublished":"2020-11-13T01:31:49+00:00","dateModified":"2021-03-22T21:06:57+00:00","breadcrumb":{"@id":"https:\/\/microsites.diocesemontreal.org\/microsites\/semaine-sainte-et-paques\/enfants-famille\/ecouter-en-famille\/#breadcrumb"},"inLanguage":"fr-FR","potentialAction":[{"@type":"ReadAction","target":["https:\/\/microsites.diocesemontreal.org\/microsites\/semaine-sainte-et-paques\/enfants-famille\/ecouter-en-famille\/"]}]},{"@type":"BreadcrumbList","@id":"https:\/\/microsites.diocesemontreal.org\/microsites\/semaine-sainte-et-paques\/enfants-famille\/ecouter-en-famille\/#breadcrumb","itemListElement":[{"@type":"ListItem","position":1,"name":"Accueil","item":"https:\/\/microsites.diocesemontreal.org\/microsites\/semaine-sainte-et-paques\/"},{"@type":"ListItem","position":2,"name":"Enfants et familles","item":"https:\/\/microsites.diocesemontreal.org\/microsites\/semaine-sainte-et-paques\/enfants-famille\/"},{"@type":"ListItem","position":3,"name":"\u00c9couter en famille"}]},{"@type":"WebSite","@id":"https:\/\/microsites.diocesemontreal.org\/microsites\/semaine-sainte-et-paques\/#website","url":"https:\/\/microsites.diocesemontreal.org\/microsites\/semaine-sainte-et-paques\/","name":"Un site pour vivre la semaine Sainte et P\u00e2ques","description":"En pr\u00e9paration \u00e0 la f\u00eate de P\u00e2ques","potentialAction":[{"@type":"SearchAction","target":{"@type":"EntryPoint","urlTemplate":"https:\/\/microsites.diocesemontreal.org\/microsites\/semaine-sainte-et-paques\/?s={search_term_string}"},"query-input":{"@type":"PropertyValueSpecification","valueRequired":true,"valueName":"search_term_string"}}],"inLanguage":"fr-FR"}]}},"_links":{"self":[{"href":"https:\/\/microsites.diocesemontreal.org\/microsites\/semaine-sainte-et-paques\/wp-json\/wp\/v2\/pages\/529","targetHints":{"allow":["GET"]}}],"collection":[{"href":"https:\/\/microsites.diocesemontreal.org\/microsites\/semaine-sainte-et-paques\/wp-json\/wp\/v2\/pages"}],"about":[{"href":"https:\/\/microsites.diocesemontreal.org\/microsites\/semaine-sainte-et-paques\/wp-json\/wp\/v2\/types\/page"}],"author":[{"embeddable":true,"href":"https:\/\/microsites.diocesemontreal.org\/microsites\/semaine-sainte-et-paques\/wp-json\/wp\/v2\/users\/359"}],"replies":[{"embeddable":true,"href":"https:\/\/microsites.diocesemontreal.org\/microsites\/semaine-sainte-et-paques\/wp-json\/wp\/v2\/comments?post=529"}],"version-history":[{"count":40,"href":"https:\/\/microsites.diocesemontreal.org\/microsites\/semaine-sainte-et-paques\/wp-json\/wp\/v2\/pages\/529\/revisions"}],"predecessor-version":[{"id":4858,"href":"https:\/\/microsites.diocesemontreal.org\/microsites\/semaine-sainte-et-paques\/wp-json\/wp\/v2\/pages\/529\/revisions\/4858"}],"up":[{"embeddable":true,"href":"https:\/\/microsites.diocesemontreal.org\/microsites\/semaine-sainte-et-paques\/wp-json\/wp\/v2\/pages\/489"}],"wp:attachment":[{"href":"https:\/\/microsites.diocesemontreal.org\/microsites\/semaine-sainte-et-paques\/wp-json\/wp\/v2\/media?parent=529"}],"curies":[{"name":"wp","href":"https:\/\/api.w.org\/{rel}","templated":true}]}}