{"id":2102,"date":"2023-04-13T12:52:35","date_gmt":"2023-04-13T16:52:35","guid":{"rendered":"https:\/\/microsites.diocesemontreal.org\/microsites\/synode\/?page_id=2102"},"modified":"2023-05-12T13:22:22","modified_gmt":"2023-05-12T17:22:22","slug":"outils-missionnaires","status":"publish","type":"page","link":"https:\/\/microsites.diocesemontreal.org\/microsites\/synode\/boite-a-outils\/outils-missionnaires\/","title":{"rendered":"Outils Missionnaires"},"content":{"rendered":"<p>[et_pb_section fb_built=\u00a0\u00bb1&Prime; disabled_on=\u00a0\u00bbon|off|off\u00a0\u00bb admin_label=\u00a0\u00bbSection\u00a0\u00bb _builder_version=\u00a0\u00bb4.16&Prime; _module_preset=\u00a0\u00bbdefault\u00a0\u00bb background_color=\u00a0\u00bb#ffffff\u00a0\u00bb background_image=\u00a0\u00bbhttps:\/\/microsites.diocesemontreal.org\/microsites\/synode\/wp-content\/uploads\/sites\/50\/2021\/10\/fond-video.png\u00a0\u00bb background_blend=\u00a0\u00bbhard-light\u00a0\u00bb custom_margin=\u00a0\u00bb-60px|||||\u00a0\u00bb top_divider_color=\u00a0\u00bb#F9ED7F\u00a0\u00bb top_divider_height=\u00a0\u00bb98px\u00a0\u00bb top_divider_repeat=\u00a0\u00bb1x\u00a0\u00bb saved_tabs=\u00a0\u00bball\u00a0\u00bb locked=\u00a0\u00bboff\u00a0\u00bb global_colors_info=\u00a0\u00bb{}\u00a0\u00bb][et_pb_row _builder_version=\u00a0\u00bb4.16&Prime; _module_preset=\u00a0\u00bbdefault\u00a0\u00bb global_colors_info=\u00a0\u00bb{}\u00a0\u00bb][et_pb_column type=\u00a0\u00bb4_4&Prime; _builder_version=\u00a0\u00bb4.16&Prime; _module_preset=\u00a0\u00bbdefault\u00a0\u00bb global_colors_info=\u00a0\u00bb{}\u00a0\u00bb][\/et_pb_column][\/et_pb_row][et_pb_row _builder_version=\u00a0\u00bb4.16&Prime; _module_preset=\u00a0\u00bbdefault\u00a0\u00bb global_colors_info=\u00a0\u00bb{}\u00a0\u00bb][et_pb_column type=\u00a0\u00bb4_4&Prime; _builder_version=\u00a0\u00bb4.16&Prime; _module_preset=\u00a0\u00bbdefault\u00a0\u00bb global_colors_info=\u00a0\u00bb{}\u00a0\u00bb][et_pb_text _builder_version=\u00a0\u00bb4.16&Prime; _module_preset=\u00a0\u00bbdefault\u00a0\u00bb text_font=\u00a0\u00bbSchoolbell||||||||\u00a0\u00bb text_text_color=\u00a0\u00bb#BCCB41&Prime; text_font_size=\u00a0\u00bb45px\u00a0\u00bb header_font=\u00a0\u00bbSchoolbell||||||||\u00a0\u00bb header_text_align=\u00a0\u00bbleft\u00a0\u00bb header_text_color=\u00a0\u00bb#A42946&Prime; header_font_size=\u00a0\u00bb59px\u00a0\u00bb header_line_height=\u00a0\u00bb1.2em\u00a0\u00bb custom_margin=\u00a0\u00bb-20px|||||\u00a0\u00bb custom_padding=\u00a0\u00bb0px|||||\u00a0\u00bb locked=\u00a0\u00bboff\u00a0\u00bb global_colors_info=\u00a0\u00bb{}\u00a0\u00bb]<\/p>\n<h1 style=\"text-align: center\"><strong>Quelques ressources pour aider les d\u00e9marches missionaires locales\u00a0<\/strong><\/h1>\n<p>[\/et_pb_text][\/et_pb_column][\/et_pb_row][et_pb_row _builder_version=\u00a0\u00bb4.16&Prime; _module_preset=\u00a0\u00bbdefault\u00a0\u00bb locked=\u00a0\u00bboff\u00a0\u00bb global_colors_info=\u00a0\u00bb{}\u00a0\u00bb][et_pb_column type=\u00a0\u00bb4_4&Prime; _builder_version=\u00a0\u00bb4.16&Prime; _module_preset=\u00a0\u00bbdefault\u00a0\u00bb global_colors_info=\u00a0\u00bb{}\u00a0\u00bb][et_pb_text _builder_version=\u00a0\u00bb4.16&Prime; _module_preset=\u00a0\u00bbdefault\u00a0\u00bb text_font=\u00a0\u00bbCardo|700|||||||\u00a0\u00bb text_text_color=\u00a0\u00bb#000000&Prime; text_font_size=\u00a0\u00bb19px\u00a0\u00bb text_line_height=\u00a0\u00bb1.8em\u00a0\u00bb global_colors_info=\u00a0\u00bb{}\u00a0\u00bb]<\/p>\n<p>L\u2019archev\u00each\u00e9 de Montr\u00e9al souhaite vous soutenir dans ce chemin synodal et missionnaire. Nous vous proposons diff\u00e9rents outils qui peuvent venir compl\u00e9ter les rencontres synodales et missionnaires que vous mettrez en place gr\u00e2ce au Guide dioc\u00e9sain. Nous avons pens\u00e9 cette <em>Bo\u00eete \u00e0 outils<\/em> pour r\u00e9pondre \u00e0 vos besoins et vos questions sp\u00e9cifiques. Nous continuerons \u00e0 la compl\u00e9ter au fur \u00e0 mesure que nous avancerons ensemble sur ce chemin synodal et missionnaire.<\/p>\n<p><em>Pour rappel, les questions du synode et la proposition d\u2019une rencontre synodale type sont pr\u00e9sent\u00e9es dans le <a href=\"https:\/\/diocesemontreal.org\/sites\/default\/files\/ressources\/2021-11\/Guide-diocesain-Montreal-Synode-2021-2023.pdf\">Guide dioc\u00e9sain<\/a>. <\/em><\/p>\n<p>[\/et_pb_text][\/et_pb_column][\/et_pb_row][et_pb_row _builder_version=\u00a0\u00bb4.16&Prime; _module_preset=\u00a0\u00bbdefault\u00a0\u00bb global_colors_info=\u00a0\u00bb{}\u00a0\u00bb][et_pb_column type=\u00a0\u00bb4_4&Prime; _builder_version=\u00a0\u00bb4.16&Prime; _module_preset=\u00a0\u00bbdefault\u00a0\u00bb global_colors_info=\u00a0\u00bb{}\u00a0\u00bb][et_pb_accordion module_class=\u00a0\u00bbcustom-accordion\u00a0\u00bb _builder_version=\u00a0\u00bb4.18.0&Prime; _module_preset=\u00a0\u00bbdefault\u00a0\u00bb toggle_font=\u00a0\u00bbCardo|700|||||||\u00a0\u00bb toggle_font_size=\u00a0\u00bb17px\u00a0\u00bb toggle_line_height=\u00a0\u00bb1.2em\u00a0\u00bb closed_toggle_font_size=\u00a0\u00bb21px\u00a0\u00bb body_font=\u00a0\u00bb|600|||||||\u00a0\u00bb body_text_color=\u00a0\u00bb#000000&Prime; body_font_size=\u00a0\u00bb17px\u00a0\u00bb custom_css_after=\u00a0\u00bb.et_pb_accordion.custom-accordion:before {||  \tposition: relative;||}||||.et_pb_accordion.custom-accordion:before {||    content: \u00a0\u00bb;||    width: 1px;||    height: 100%;||    background-color: #a42946;||    position: absolute;||    top: 0;||    left: 0;||}||||.et_pb_accordion.custom-accordion.et_pb_text_align_right:before {||    right: 0;||    left: auto;||}||||.et_pb_accordion.custom-accordion .et_pb_toggle {||    margin: 0;||    padding: 0;||    border: none;||    background-color: transparent;||}||||.et_pb_accordion.custom-accordion.et_pb_text_align_right .et_pb_toggle {||    text-align: right;||}||||.et_pb_accordion.custom-accordion .et_pb_toggle .et_pb_toggle_title {||    color: #a42946;||    padding: 15px 0 15px 65px;||    -webkit-transition: all .5s ease;||       -moz-transition: all .5s ease;||        -ms-transition: all .5s ease;||         -o-transition: all .5s ease;||            transition: all .5s ease;||}||||.et_pb_accordion.custom-accordion.et_pb_text_align_right .et_pb_toggle .et_pb_toggle_title {||    padding: 15px 65px 15px 0;||}||||.et_pb_accordion.custom-accordion .et_pb_toggle .et_pb_toggle_title:before {||    overflow: hidden;||    border-radius: 50%;||    background-color: #FFF;||    border: 1px solid #a42946;||    color: transparent;||    left: -9px;||    right: auto;||}||||.et_pb_accordion.custom-accordion.et_pb_text_align_right .et_pb_toggle .et_pb_toggle_title:before {||    left: auto;||    right: 0;||}||||.et_pb_accordion.custom-accordion .et_pb_toggle .et_pb_toggle_title:hover {||    color: #a42946;||}||||.et_pb_accordion.custom-accordion .et_pb_toggle.et_pb_toggle_open .et_pb_toggle_title {||    font-size: 30px;||    font-weight: bold;||    color: #a42946 !important;||}||||.et_pb_accordion.custom-accordion .et_pb_toggle.et_pb_toggle_open .et_pb_toggle_title:before {||    display: block;||    padding: 5px;||    margin: -15px 0 0 -14px;||    color: #FFF;||  ||    background-color: #a42946;||    left: 0;||    right: auto;||    -webkit-transform: scale(3);||       -moz-transform: scale(3);||        -ms-transform: scale(3);||         -o-transform: scale(3);||            transform: scale(3);||    -webkit-transition: all .5s ease;||       -moz-transition: all .5s ease;||        -ms-transition: all .5s ease;||         -o-transition: all .5s ease;||            transition: all .5s ease;||}||||.et_pb_accordion.custom-accordion.et_pb_text_align_right .et_pb_toggle.et_pb_toggle_open .et_pb_toggle_title:before {||    margin: -15px -14px 0 0;||    left: auto;||    right: 0;||}||||.et_pb_accordion.custom-accordion .et_pb_toggle .et_pb_toggle_content {||    padding: 0 0 15px 65px;||}||||.et_pb_accordion.custom-accordion.et_pb_text_align_right .et_pb_toggle .et_pb_toggle_content {||    padding: 0 65px 15px 0;||||||\u00a0\u00bb custom_css_toggle_content=\u00a0\u00bbvideo,||iframe {||  width: 100% !important;||  height: auto !important;||}||||main {||  background: white;||  height: 100vh;||  max-width: 400px;||  margin: 0 auto;||  padding: 1rem;||}||||body {||  margin: 0;||  background-color: #eee;||  background-image: url(&lsquo;data:image\/svg+xml,%3Csvg width=%2252%22 height=%2226%22 viewBox=%220 0 52 26%22 xmlns=%22http:\/\/www.w3.org\/2000\/svg%22%3E%3Cg fill=%22none%22 fill-rule=%22evenodd%22%3E%3Cg fill=%22%239C92AC%22 fill-opacity=%220.4%22%3E%3Cpath d=%22M10 10c0-2.21-1.79-4-4-4-3.314 0-6-2.686-6-6h2c0 2.21 1.79 4 4 4 3.314 0 6 2.686 6 6 0 2.21 1.79 4 4 4 3.314 0 6 2.686 6 6 0 2.21 1.79 4 4 4v2c-3.314 0-6-2.686-6-6 0-2.21-1.79-4-4-4-3.314 0-6-2.686-6-6zm25.464-1.95l8.486 8.486-1.414 1.414-8.486-8.486 1.414-1.414z%22 \/%3E%3C\/g%3E%3C\/g%3E%3C\/svg%3E&rsquo;);||}\u00a0\u00bb global_colors_info=\u00a0\u00bb{}\u00a0\u00bb custom_css_toggle_content__hover_enabled=\u00a0\u00bbon|desktop\u00a0\u00bb custom_css_toggle_content__hover=\u00a0\u00bbvideo,||iframe {||  width: 100% !important;||  height: auto !important;||}||||main {||  background: white;||  height: 100vh;||  max-width: 400px;||  margin: 0 auto;||  padding: 1rem;||}||||body {||  margin: 0;||  background-color: #eee;||  background-image: url(&lsquo;data:image\/svg+xml,%3Csvg width=%2252%22 height=%2226%22 viewBox=%220 0 52 26%22 xmlns=%22http:\/\/www.w3.org\/2000\/svg%22%3E%3Cg fill=%22none%22 fill-rule=%22evenodd%22%3E%3Cg fill=%22%239C92AC%22 fill-opacity=%220.4%22%3E%3Cpath d=%22M10 10c0-2.21-1.79-4-4-4-3.314 0-6-2.686-6-6h2c0 2.21 1.79 4 4 4 3.314 0 6 2.686 6 6 0 2.21 1.79 4 4 4 3.314 0 6 2.686 6 6 0 2.21 1.79 4 4 4v2c-3.314 0-6-2.686-6-6 0-2.21-1.79-4-4-4-3.314 0-6-2.686-6-6zm25.464-1.95l8.486 8.486-1.414 1.414-8.486-8.486 1.414-1.414z%22 \/%3E%3C\/g%3E%3C\/g%3E%3C\/svg%3E&rsquo;);||}\u00a0\u00bb][et_pb_accordion_item title=\u00a0\u00bb1.\tLa d\u00e9marche d&rsquo;animation\u00a0\u00bb open=\u00a0\u00bbon\u00a0\u00bb _builder_version=\u00a0\u00bb4.18.0&Prime; _module_preset=\u00a0\u00bbdefault\u00a0\u00bb body_font=\u00a0\u00bbCardo||||||||\u00a0\u00bb body_font_size=\u00a0\u00bb19px\u00a0\u00bb body_line_height=\u00a0\u00bb1.8em\u00a0\u00bb link_option_url_new_window=\u00a0\u00bbon\u00a0\u00bb global_colors_info=\u00a0\u00bb{}\u00a0\u00bb closed_toggle_font=\u00a0\u00bbCardo||||||||\u00a0\u00bb closed_toggle_font_size=\u00a0\u00bb19px\u00a0\u00bb]<\/p>\n<div class=\"page\" title=\"Page 1\">\n<div class=\"layoutArea\">\n<div class=\"column\">\n<p><span>Ce document d\u2019animation vous permettra d\u2019entamer, avec votre communaute\u0301 ou votre groupe, une re\u0301flexion qui pourrait mener a\u0300 des initiatives missionnaires dans votre milieu, offrant ainsi une pre\u0301sence d\u2019E\u0301glise sur des terrains connus ou nouveaux. Votre de\u0301marche est d\u2019autant plus importante qu\u2019elle constituera aussi une balise qui alimentera les orientations missionnaires dioce\u0301saines a\u0300 venir. Cette de\u0301marche est souple et facilement adaptable au profil de votre communaute\u0301 et au type d\u2019animation souhaite\u0301e.<\/span><\/p>\n<p><a href=\"https:\/\/microsites.diocesemontreal.org\/microsites\/synode\/wp-content\/uploads\/sites\/50\/2023\/02\/ECM_Synode_Fevrier2023_Demarche-proposee_V5.pdf\" target=\"_blank\" rel=\"noopener\"><span>T\u00e9l\u00e9charger la d\u00e9marche d&rsquo;animation<\/span><\/a><\/p>\n<\/div>\n<\/div>\n<\/div>\n<p>[\/et_pb_accordion_item][et_pb_accordion_item title=\u00a0\u00bb2.\tLe document de r\u00e9f\u00e9rence\u00a0\u00bb _builder_version=\u00a0\u00bb4.18.0&Prime; _module_preset=\u00a0\u00bbdefault\u00a0\u00bb body_font=\u00a0\u00bbCardo||||||||\u00a0\u00bb body_font_size=\u00a0\u00bb19px\u00a0\u00bb body_line_height=\u00a0\u00bb1.8em\u00a0\u00bb global_colors_info=\u00a0\u00bb{}\u00a0\u00bb closed_toggle_font=\u00a0\u00bbCardo||||||||\u00a0\u00bb closed_toggle_font_size=\u00a0\u00bb19px\u00a0\u00bb open=\u00a0\u00bboff\u00a0\u00bb]<\/p>\n<div class=\"page\" title=\"Page 1\">\n<div class=\"section\">\n<div class=\"layoutArea\">\n<div class=\"column\">\n<p><span>La mission de l\u2019ensemble de l\u2019E\u0301glise de\u0301finit sa raison d\u2019e\u0302tre, il s\u2019agit de son ADN (unique et de toujours). La mission de\u0301finit pourquoi et pour qui l\u2019E\u0301glise a e\u0301te\u0301 cre\u0301e\u0301e : ses buts fondamentaux, le c\u0153ur de ses activite\u0301s. Ce document prend sa source dans l&rsquo;ensemble des contributions synodales qui ont mis en avant des actions missionnaires.\u00a0<\/span><\/p>\n<p><a href=\"https:\/\/microsites.diocesemontreal.org\/microsites\/synode\/wp-content\/uploads\/sites\/50\/2023\/02\/ECM_Synode_22.02.2023_Document_Reference_V2.1.pdf\" target=\"_blank\" rel=\"noopener\"><span>T\u00e9l\u00e9charger le document de r\u00e9f\u00e9rence<\/span><\/a><\/p>\n<\/div>\n<\/div>\n<\/div>\n<\/div>\n<p>[\/et_pb_accordion_item][\/et_pb_accordion][\/et_pb_column][\/et_pb_row][\/et_pb_section]<\/p>\n","protected":false},"excerpt":{"rendered":"<p>Quelques ressources pour aider les d\u00e9marches missionaires locales\u00a0L\u2019archev\u00each\u00e9 de Montr\u00e9al souhaite vous soutenir dans ce chemin synodal et missionnaire. Nous vous proposons diff\u00e9rents outils qui peuvent venir compl\u00e9ter les rencontres synodales et missionnaires que vous mettrez en place gr\u00e2ce au Guide dioc\u00e9sain. Nous avons pens\u00e9 cette Bo\u00eete \u00e0 outils pour r\u00e9pondre \u00e0 vos besoins et [&hellip;]<\/p>\n","protected":false},"author":369,"featured_media":0,"parent":744,"menu_order":0,"comment_status":"closed","ping_status":"closed","template":"","meta":{"_et_pb_use_builder":"on","_et_pb_old_content":"","_et_gb_content_width":"","_monsterinsights_skip_tracking":false,"_monsterinsights_sitenote_active":false,"_monsterinsights_sitenote_note":"","_monsterinsights_sitenote_category":0,"footnotes":""},"class_list":["post-2102","page","type-page","status-publish","hentry"],"yoast_head":"<!-- This site is optimized with the Yoast SEO plugin v26.4 - https:\/\/yoast.com\/wordpress\/plugins\/seo\/ -->\n<title>Outils Missionnaires<\/title>\n<meta name=\"robots\" content=\"index, follow, max-snippet:-1, max-image-preview:large, max-video-preview:-1\" \/>\n<link rel=\"canonical\" href=\"https:\/\/microsites.diocesemontreal.org\/microsites\/synode\/boite-a-outils\/outils-missionnaires\/\" \/>\n<meta property=\"og:locale\" content=\"fr_CA\" \/>\n<meta property=\"og:type\" content=\"article\" \/>\n<meta property=\"og:title\" content=\"Outils Missionnaires\" \/>\n<meta property=\"og:description\" content=\"Quelques ressources pour aider les d\u00e9marches missionaires locales\u00a0L\u2019archev\u00each\u00e9 de Montr\u00e9al souhaite vous soutenir dans ce chemin synodal et missionnaire. Nous vous proposons diff\u00e9rents outils qui peuvent venir compl\u00e9ter les rencontres synodales et missionnaires que vous mettrez en place gr\u00e2ce au Guide dioc\u00e9sain. Nous avons pens\u00e9 cette Bo\u00eete \u00e0 outils pour r\u00e9pondre \u00e0 vos besoins et [&hellip;]\" \/>\n<meta property=\"og:url\" content=\"https:\/\/microsites.diocesemontreal.org\/microsites\/synode\/boite-a-outils\/outils-missionnaires\/\" \/>\n<meta property=\"og:site_name\" content=\"Synode\" \/>\n<meta property=\"article:publisher\" content=\"https:\/\/www.facebook.com\/diocesemontreal\" \/>\n<meta property=\"article:modified_time\" content=\"2023-05-12T17:22:22+00:00\" \/>\n<meta name=\"twitter:card\" content=\"summary_large_image\" \/>\n<meta name=\"twitter:site\" content=\"@diocesemontreal\" \/>\n<script type=\"application\/ld+json\" class=\"yoast-schema-graph\">{\"@context\":\"https:\/\/schema.org\",\"@graph\":[{\"@type\":\"WebPage\",\"@id\":\"https:\/\/microsites.diocesemontreal.org\/microsites\/synode\/boite-a-outils\/outils-missionnaires\/\",\"url\":\"https:\/\/microsites.diocesemontreal.org\/microsites\/synode\/boite-a-outils\/outils-missionnaires\/\",\"name\":\"Outils Missionnaires\",\"isPartOf\":{\"@id\":\"https:\/\/microsites.diocesemontreal.org\/microsites\/synode\/#website\"},\"datePublished\":\"2023-04-13T16:52:35+00:00\",\"dateModified\":\"2023-05-12T17:22:22+00:00\",\"breadcrumb\":{\"@id\":\"https:\/\/microsites.diocesemontreal.org\/microsites\/synode\/boite-a-outils\/outils-missionnaires\/#breadcrumb\"},\"inLanguage\":\"fr-CA\",\"potentialAction\":[{\"@type\":\"ReadAction\",\"target\":[\"https:\/\/microsites.diocesemontreal.org\/microsites\/synode\/boite-a-outils\/outils-missionnaires\/\"]}]},{\"@type\":\"BreadcrumbList\",\"@id\":\"https:\/\/microsites.diocesemontreal.org\/microsites\/synode\/boite-a-outils\/outils-missionnaires\/#breadcrumb\",\"itemListElement\":[{\"@type\":\"ListItem\",\"position\":1,\"name\":\"Accueil\",\"item\":\"https:\/\/microsites.diocesemontreal.org\/microsites\/synode\/\"},{\"@type\":\"ListItem\",\"position\":2,\"name\":\"Bo\u00eete \u00e0 Outils\",\"item\":\"https:\/\/microsites.diocesemontreal.org\/microsites\/synode\/boite-a-outils\/\"},{\"@type\":\"ListItem\",\"position\":3,\"name\":\"Outils Missionnaires\"}]},{\"@type\":\"WebSite\",\"@id\":\"https:\/\/microsites.diocesemontreal.org\/microsites\/synode\/#website\",\"url\":\"https:\/\/microsites.diocesemontreal.org\/microsites\/synode\/\",\"name\":\"Synode sur la Synodalit\u00e9\",\"description\":\"Synode sur la synodalit\u00e9\",\"publisher\":{\"@id\":\"https:\/\/microsites.diocesemontreal.org\/microsites\/synode\/#organization\"},\"alternateName\":\"Pour une \u00e9glise Synodale Communion-Participation-Mission\",\"potentialAction\":[{\"@type\":\"SearchAction\",\"target\":{\"@type\":\"EntryPoint\",\"urlTemplate\":\"https:\/\/microsites.diocesemontreal.org\/microsites\/synode\/?s={search_term_string}\"},\"query-input\":{\"@type\":\"PropertyValueSpecification\",\"valueRequired\":true,\"valueName\":\"search_term_string\"}}],\"inLanguage\":\"fr-CA\"},{\"@type\":\"Organization\",\"@id\":\"https:\/\/microsites.diocesemontreal.org\/microsites\/synode\/#organization\",\"name\":\"Archev\u00each\u00e9 de Montr\u00e9al\",\"alternateName\":\"Archev\u00each\u00e9 de Montr\u00e9al\",\"url\":\"https:\/\/microsites.diocesemontreal.org\/microsites\/synode\/\",\"logo\":{\"@type\":\"ImageObject\",\"inLanguage\":\"fr-CA\",\"@id\":\"https:\/\/microsites.diocesemontreal.org\/microsites\/synode\/#\/schema\/logo\/image\/\",\"url\":\"https:\/\/microsites.diocesemontreal.org\/microsites\/synode\/wp-content\/uploads\/sites\/50\/2022\/05\/Eglise_catholique_Mtl_horizontal_FR_RGB.png\",\"contentUrl\":\"https:\/\/microsites.diocesemontreal.org\/microsites\/synode\/wp-content\/uploads\/sites\/50\/2022\/05\/Eglise_catholique_Mtl_horizontal_FR_RGB.png\",\"width\":2634,\"height\":720,\"caption\":\"Archev\u00each\u00e9 de Montr\u00e9al\"},\"image\":{\"@id\":\"https:\/\/microsites.diocesemontreal.org\/microsites\/synode\/#\/schema\/logo\/image\/\"},\"sameAs\":[\"https:\/\/www.facebook.com\/diocesemontreal\",\"https:\/\/x.com\/diocesemontreal\",\"https:\/\/www.instagram.com\/diocesemontreal\/\",\"https:\/\/www.youtube.com\/user\/diocesemtl\"]}]}<\/script>\n<!-- \/ Yoast SEO plugin. -->","yoast_head_json":{"title":"Outils Missionnaires","robots":{"index":"index","follow":"follow","max-snippet":"max-snippet:-1","max-image-preview":"max-image-preview:large","max-video-preview":"max-video-preview:-1"},"canonical":"https:\/\/microsites.diocesemontreal.org\/microsites\/synode\/boite-a-outils\/outils-missionnaires\/","og_locale":"fr_CA","og_type":"article","og_title":"Outils Missionnaires","og_description":"Quelques ressources pour aider les d\u00e9marches missionaires locales\u00a0L\u2019archev\u00each\u00e9 de Montr\u00e9al souhaite vous soutenir dans ce chemin synodal et missionnaire. Nous vous proposons diff\u00e9rents outils qui peuvent venir compl\u00e9ter les rencontres synodales et missionnaires que vous mettrez en place gr\u00e2ce au Guide dioc\u00e9sain. Nous avons pens\u00e9 cette Bo\u00eete \u00e0 outils pour r\u00e9pondre \u00e0 vos besoins et [&hellip;]","og_url":"https:\/\/microsites.diocesemontreal.org\/microsites\/synode\/boite-a-outils\/outils-missionnaires\/","og_site_name":"Synode","article_publisher":"https:\/\/www.facebook.com\/diocesemontreal","article_modified_time":"2023-05-12T17:22:22+00:00","twitter_card":"summary_large_image","twitter_site":"@diocesemontreal","schema":{"@context":"https:\/\/schema.org","@graph":[{"@type":"WebPage","@id":"https:\/\/microsites.diocesemontreal.org\/microsites\/synode\/boite-a-outils\/outils-missionnaires\/","url":"https:\/\/microsites.diocesemontreal.org\/microsites\/synode\/boite-a-outils\/outils-missionnaires\/","name":"Outils Missionnaires","isPartOf":{"@id":"https:\/\/microsites.diocesemontreal.org\/microsites\/synode\/#website"},"datePublished":"2023-04-13T16:52:35+00:00","dateModified":"2023-05-12T17:22:22+00:00","breadcrumb":{"@id":"https:\/\/microsites.diocesemontreal.org\/microsites\/synode\/boite-a-outils\/outils-missionnaires\/#breadcrumb"},"inLanguage":"fr-CA","potentialAction":[{"@type":"ReadAction","target":["https:\/\/microsites.diocesemontreal.org\/microsites\/synode\/boite-a-outils\/outils-missionnaires\/"]}]},{"@type":"BreadcrumbList","@id":"https:\/\/microsites.diocesemontreal.org\/microsites\/synode\/boite-a-outils\/outils-missionnaires\/#breadcrumb","itemListElement":[{"@type":"ListItem","position":1,"name":"Accueil","item":"https:\/\/microsites.diocesemontreal.org\/microsites\/synode\/"},{"@type":"ListItem","position":2,"name":"Bo\u00eete \u00e0 Outils","item":"https:\/\/microsites.diocesemontreal.org\/microsites\/synode\/boite-a-outils\/"},{"@type":"ListItem","position":3,"name":"Outils Missionnaires"}]},{"@type":"WebSite","@id":"https:\/\/microsites.diocesemontreal.org\/microsites\/synode\/#website","url":"https:\/\/microsites.diocesemontreal.org\/microsites\/synode\/","name":"Synode sur la Synodalit\u00e9","description":"Synode sur la synodalit\u00e9","publisher":{"@id":"https:\/\/microsites.diocesemontreal.org\/microsites\/synode\/#organization"},"alternateName":"Pour une \u00e9glise Synodale Communion-Participation-Mission","potentialAction":[{"@type":"SearchAction","target":{"@type":"EntryPoint","urlTemplate":"https:\/\/microsites.diocesemontreal.org\/microsites\/synode\/?s={search_term_string}"},"query-input":{"@type":"PropertyValueSpecification","valueRequired":true,"valueName":"search_term_string"}}],"inLanguage":"fr-CA"},{"@type":"Organization","@id":"https:\/\/microsites.diocesemontreal.org\/microsites\/synode\/#organization","name":"Archev\u00each\u00e9 de Montr\u00e9al","alternateName":"Archev\u00each\u00e9 de Montr\u00e9al","url":"https:\/\/microsites.diocesemontreal.org\/microsites\/synode\/","logo":{"@type":"ImageObject","inLanguage":"fr-CA","@id":"https:\/\/microsites.diocesemontreal.org\/microsites\/synode\/#\/schema\/logo\/image\/","url":"https:\/\/microsites.diocesemontreal.org\/microsites\/synode\/wp-content\/uploads\/sites\/50\/2022\/05\/Eglise_catholique_Mtl_horizontal_FR_RGB.png","contentUrl":"https:\/\/microsites.diocesemontreal.org\/microsites\/synode\/wp-content\/uploads\/sites\/50\/2022\/05\/Eglise_catholique_Mtl_horizontal_FR_RGB.png","width":2634,"height":720,"caption":"Archev\u00each\u00e9 de Montr\u00e9al"},"image":{"@id":"https:\/\/microsites.diocesemontreal.org\/microsites\/synode\/#\/schema\/logo\/image\/"},"sameAs":["https:\/\/www.facebook.com\/diocesemontreal","https:\/\/x.com\/diocesemontreal","https:\/\/www.instagram.com\/diocesemontreal\/","https:\/\/www.youtube.com\/user\/diocesemtl"]}]}},"_links":{"self":[{"href":"https:\/\/microsites.diocesemontreal.org\/microsites\/synode\/wp-json\/wp\/v2\/pages\/2102","targetHints":{"allow":["GET"]}}],"collection":[{"href":"https:\/\/microsites.diocesemontreal.org\/microsites\/synode\/wp-json\/wp\/v2\/pages"}],"about":[{"href":"https:\/\/microsites.diocesemontreal.org\/microsites\/synode\/wp-json\/wp\/v2\/types\/page"}],"author":[{"embeddable":true,"href":"https:\/\/microsites.diocesemontreal.org\/microsites\/synode\/wp-json\/wp\/v2\/users\/369"}],"replies":[{"embeddable":true,"href":"https:\/\/microsites.diocesemontreal.org\/microsites\/synode\/wp-json\/wp\/v2\/comments?post=2102"}],"version-history":[{"count":6,"href":"https:\/\/microsites.diocesemontreal.org\/microsites\/synode\/wp-json\/wp\/v2\/pages\/2102\/revisions"}],"predecessor-version":[{"id":2305,"href":"https:\/\/microsites.diocesemontreal.org\/microsites\/synode\/wp-json\/wp\/v2\/pages\/2102\/revisions\/2305"}],"up":[{"embeddable":true,"href":"https:\/\/microsites.diocesemontreal.org\/microsites\/synode\/wp-json\/wp\/v2\/pages\/744"}],"wp:attachment":[{"href":"https:\/\/microsites.diocesemontreal.org\/microsites\/synode\/wp-json\/wp\/v2\/media?parent=2102"}],"curies":[{"name":"wp","href":"https:\/\/api.w.org\/{rel}","templated":true}]}}