{"id":2178,"date":"2023-04-17T14:46:05","date_gmt":"2023-04-17T18:46:05","guid":{"rendered":"https:\/\/microsites.diocesemontreal.org\/microsites\/synode\/?page_id=2178"},"modified":"2023-04-18T17:31:31","modified_gmt":"2023-04-18T21:31:31","slug":"become-visitor","status":"publish","type":"page","link":"https:\/\/microsites.diocesemontreal.org\/microsites\/synode\/become-visitor\/","title":{"rendered":"Become visitor"},"content":{"rendered":"<p>[et_pb_section fb_built=\u00a0\u00bb1&Prime; _builder_version=\u00a0\u00bb4.18.0&Prime; _module_preset=\u00a0\u00bbdefault\u00a0\u00bb global_colors_info=\u00a0\u00bb{}\u00a0\u00bb][et_pb_row admin_label=\u00a0\u00bbRow\u00a0\u00bb _builder_version=\u00a0\u00bb4.18.0&Prime; _module_preset=\u00a0\u00bbdefault\u00a0\u00bb global_colors_info=\u00a0\u00bb{}\u00a0\u00bb][et_pb_column type=\u00a0\u00bb4_4&Prime; _builder_version=\u00a0\u00bb4.18.0&Prime; _module_preset=\u00a0\u00bbdefault\u00a0\u00bb global_colors_info=\u00a0\u00bb{}\u00a0\u00bb][et_pb_text _builder_version=\u00a0\u00bb4.18.0&Prime; _module_preset=\u00a0\u00bbdefault\u00a0\u00bb global_colors_info=\u00a0\u00bb{}\u00a0\u00bb]<\/p>\n<p>To become a visitor and a contributor to the synodal and missionary transformation project, is to live the mission by visiting 3 or 4 parishes\/communities\/missions in order to listen and see the steps of progress taken. It will be a revelation to see our Church fill the deficits experienced so that each one finds his place and lives the real presence of the risen Christ.<\/p>\n<\/p>\n<p>[\/et_pb_text][\/et_pb_column][\/et_pb_row][et_pb_row _builder_version=\u00a0\u00bb4.18.0&Prime; _module_preset=\u00a0\u00bbdefault\u00a0\u00bb global_colors_info=\u00a0\u00bb{}\u00a0\u00bb][et_pb_column type=\u00a0\u00bb4_4&Prime; _builder_version=\u00a0\u00bb4.18.0&Prime; _module_preset=\u00a0\u00bbdefault\u00a0\u00bb global_colors_info=\u00a0\u00bb{}\u00a0\u00bb][et_pb_code _builder_version=\u00a0\u00bb4.18.0&Prime; _module_preset=\u00a0\u00bbdefault\u00a0\u00bb global_colors_info=\u00a0\u00bb{}\u00a0\u00bb]<script type=\"text\/javascript\">\n\/* <![CDATA[ *\/\nvar gform;gform||(document.addEventListener(\"gform_main_scripts_loaded\",function(){gform.scriptsLoaded=!0}),document.addEventListener(\"gform\/theme\/scripts_loaded\",function(){gform.themeScriptsLoaded=!0}),window.addEventListener(\"DOMContentLoaded\",function(){gform.domLoaded=!0}),gform={domLoaded:!1,scriptsLoaded:!1,themeScriptsLoaded:!1,isFormEditor:()=>\"function\"==typeof InitializeEditor,callIfLoaded:function(o){return!(!gform.domLoaded||!gform.scriptsLoaded||!gform.themeScriptsLoaded&&!gform.isFormEditor()||(gform.isFormEditor()&&console.warn(\"The use of gform.initializeOnLoaded() is deprecated in the form editor context and will be removed in Gravity Forms 3.1.\"),o(),0))},initializeOnLoaded:function(o){gform.callIfLoaded(o)||(document.addEventListener(\"gform_main_scripts_loaded\",()=>{gform.scriptsLoaded=!0,gform.callIfLoaded(o)}),document.addEventListener(\"gform\/theme\/scripts_loaded\",()=>{gform.themeScriptsLoaded=!0,gform.callIfLoaded(o)}),window.addEventListener(\"DOMContentLoaded\",()=>{gform.domLoaded=!0,gform.callIfLoaded(o)}))},hooks:{action:{},filter:{}},addAction:function(o,r,e,t){gform.addHook(\"action\",o,r,e,t)},addFilter:function(o,r,e,t){gform.addHook(\"filter\",o,r,e,t)},doAction:function(o){gform.doHook(\"action\",o,arguments)},applyFilters:function(o){return gform.doHook(\"filter\",o,arguments)},removeAction:function(o,r){gform.removeHook(\"action\",o,r)},removeFilter:function(o,r,e){gform.removeHook(\"filter\",o,r,e)},addHook:function(o,r,e,t,n){null==gform.hooks[o][r]&&(gform.hooks[o][r]=[]);var d=gform.hooks[o][r];null==n&&(n=r+\"_\"+d.length),gform.hooks[o][r].push({tag:n,callable:e,priority:t=null==t?10:t})},doHook:function(r,o,e){var t;if(e=Array.prototype.slice.call(e,1),null!=gform.hooks[r][o]&&((o=gform.hooks[r][o]).sort(function(o,r){return o.priority-r.priority}),o.forEach(function(o){\"function\"!=typeof(t=o.callable)&&(t=window[t]),\"action\"==r?t.apply(null,e):e[0]=t.apply(null,e)})),\"filter\"==r)return e[0]},removeHook:function(o,r,t,n){var e;null!=gform.hooks[o][r]&&(e=(e=gform.hooks[o][r]).filter(function(o,r,e){return!!(null!=n&&n!=o.tag||null!=t&&t!=o.priority)}),gform.hooks[o][r]=e)}});\n\/* ]]> *\/\n<\/script>\n\n                <div class='gf_browser_gecko gform_wrapper gravity-theme gform-theme--no-framework' data-form-theme='gravity-theme' data-form-index='0' id='gform_wrapper_8' >\n                        <div class='gform_heading'>\n                            <h2 class=\"gform_title\">Become a visitor<\/h2>\n                            <p class='gform_description'><\/p>\n                        <\/div><form method='post' enctype='multipart\/form-data'  id='gform_8'  action='\/microsites\/synode\/wp-json\/wp\/v2\/pages\/2178' data-formid='8' novalidate>\n                        <div class='gform-body gform_body'><div id='gform_fields_8' class='gform_fields top_label form_sublabel_below description_below validation_below'><div id=\"field_8_1\" class=\"gfield gfield--type-text gfield_contains_required field_sublabel_below gfield--no-description field_description_below field_validation_below gfield_visibility_visible\"  ><label class='gfield_label gform-field-label' for='input_8_1'>Your name<span class=\"gfield_required\"><span class=\"gfield_required gfield_required_text\">(N\u00e9cessaire)<\/span><\/span><\/label><div class='ginput_container ginput_container_text'><input name='input_1' id='input_8_1' type='text' value='' class='large'     aria-required=\"true\" aria-invalid=\"false\"   \/><\/div><\/div><fieldset id=\"field_8_3\" class=\"gfield gfield--type-radio gfield--type-choice gfield_contains_required field_sublabel_below gfield--no-description field_description_below field_validation_below gfield_visibility_visible\"  ><legend class='gfield_label gform-field-label' >Who are you?<span class=\"gfield_required\"><span class=\"gfield_required gfield_required_text\">(N\u00e9cessaire)<\/span><\/span><\/legend><div class='ginput_container ginput_container_radio'><div class='gfield_radio' id='input_8_3'>\n\t\t\t<div class='gchoice gchoice_8_3_0'>\n\t\t\t\t\t<input class='gfield-choice-input' name='input_3' type='radio' value='Lay person attached to a parish\/community\/mission'  id='choice_8_3_0' onchange='gformToggleRadioOther( this )'    \/>\n\t\t\t\t\t<label for='choice_8_3_0' id='label_8_3_0' class='gform-field-label gform-field-label--type-inline'>Lay person attached to a parish\/community\/mission<\/label>\n\t\t\t<\/div>\n\t\t\t<div class='gchoice gchoice_8_3_1'>\n\t\t\t\t\t<input class='gfield-choice-input' name='input_3' type='radio' value='Deacon'  id='choice_8_3_1' onchange='gformToggleRadioOther( this )'    \/>\n\t\t\t\t\t<label for='choice_8_3_1' id='label_8_3_1' class='gform-field-label gform-field-label--type-inline'>Deacon<\/label>\n\t\t\t<\/div>\n\t\t\t<div class='gchoice gchoice_8_3_2'>\n\t\t\t\t\t<input class='gfield-choice-input' name='input_3' type='radio' value='Applicant to the diaconate'  id='choice_8_3_2' onchange='gformToggleRadioOther( this )'    \/>\n\t\t\t\t\t<label for='choice_8_3_2' id='label_8_3_2' class='gform-field-label gform-field-label--type-inline'>Applicant to the diaconate<\/label>\n\t\t\t<\/div>\n\t\t\t<div class='gchoice gchoice_8_3_3'>\n\t\t\t\t\t<input class='gfield-choice-input' name='input_3' type='radio' value='Priest'  id='choice_8_3_3' onchange='gformToggleRadioOther( this )'    \/>\n\t\t\t\t\t<label for='choice_8_3_3' id='label_8_3_3' class='gform-field-label gform-field-label--type-inline'>Priest<\/label>\n\t\t\t<\/div>\n\t\t\t<div class='gchoice gchoice_8_3_4'>\n\t\t\t\t\t<input class='gfield-choice-input' name='input_3' type='radio' value='Religious'  id='choice_8_3_4' onchange='gformToggleRadioOther( this )'    \/>\n\t\t\t\t\t<label for='choice_8_3_4' id='label_8_3_4' class='gform-field-label gform-field-label--type-inline'>Religious<\/label>\n\t\t\t<\/div><\/div><\/div><\/fieldset><div id=\"field_8_4\" class=\"gfield gfield--type-select gfield_contains_required field_sublabel_below gfield--no-description field_description_below field_validation_below gfield_visibility_visible\"  ><label class='gfield_label gform-field-label' for='input_8_4'>What is your parish\/community\/mission ?<span class=\"gfield_required\"><span class=\"gfield_required gfield_required_text\">(N\u00e9cessaire)<\/span><\/span><\/label><div class='ginput_container ginput_container_select'><select name='input_4' id='input_8_4' class='large gfield_select'    aria-required=\"true\" aria-invalid=\"false\" ><option value='Saint-Nicholas-Tavelic ; Mission' >Saint-Nicholas-Tavelic ; Mission<\/option><option value='St. Michael&#039;s and St. Anthony&#039;s ; Mission' >St. Michael&#039;s and St. Anthony&#039;s ; Mission<\/option><option value='Notre-Dame-d&#039;\u00c9gypte ; Mission' >Notre-Dame-d&#039;\u00c9gypte ; Mission<\/option><option value='Autre' >Autre<\/option><\/select><\/div><\/div><div id=\"field_8_5\" class=\"gfield gfield--type-textarea field_sublabel_below gfield--no-description field_description_below field_validation_below gfield_visibility_visible\"  ><label class='gfield_label gform-field-label' for='input_8_5'>Why did you wish to become a visitor?<\/label><div class='ginput_container ginput_container_textarea'><textarea name='input_5' id='input_8_5' class='textarea large'      aria-invalid=\"false\"   rows='10' cols='50'><\/textarea><\/div><\/div><\/div><\/div>\n        <div class='gform-footer gform_footer top_label'> <input type='submit' id='gform_submit_button_8' class='gform_button button' onclick='gform.submission.handleButtonClick(this);' data-submission-type='submit' value='Envoyer'  \/> \n            <input type='hidden' class='gform_hidden' name='gform_submission_method' data-js='gform_submission_method_8' value='postback' \/>\n            <input type='hidden' class='gform_hidden' name='gform_theme' data-js='gform_theme_8' id='gform_theme_8' value='gravity-theme' \/>\n            <input type='hidden' class='gform_hidden' name='gform_style_settings' data-js='gform_style_settings_8' id='gform_style_settings_8' value='[]' \/>\n            <input type='hidden' class='gform_hidden' name='is_submit_8' value='1' \/>\n            <input type='hidden' class='gform_hidden' name='gform_submit' value='8' \/>\n            \n            <input type='hidden' class='gform_hidden' name='gform_currency' data-currency='CAD' value='x7cbP3gXZWxAbm+qFPNGbhm0reBtRu7bd63ttChHwMTNK4PYGea4p3IZCCFGBTkv+BYJS3Zb\/pJ6zI++VxLyRpRbbb8RGIykDebZxk6hBmWtSK0=' \/>\n            <input type='hidden' class='gform_hidden' name='gform_unique_id' value='' \/>\n            <input type='hidden' class='gform_hidden' name='state_8' value='WyJ7XCIzXCI6W1wiZmEyYTdjMTMwMmY3NjExNTg2OTlhNjk5ZDE5NzMwMmRcIixcIjMwOWQ3ZjlkNTQ4N2ViODFlZDk1OTY0NGJiYWNmZTg2XCIsXCIxOTlhYjFmZGY4MzM4NmMzZDQ2MTI4NTM1ODI2ZWU1NFwiLFwiNDAxNzU5MmQ5ZDcxY2M0OTI4NzI5NGNmZDcxOTQzODdcIixcIjhkN2YzMDc4YzE5YjU3ZTlmZjA2MDA3OTkwZmZlYjhlXCJdLFwiNFwiOltcIjQxN2NjYTQzZTVjMjU3MzBmNGZiNjM1NGZjMjhlMDg2XCIsXCI2NGY2MDU5MGVlNDM5MTNhZDZhZDYyMjZlYWJkN2UwOFwiLFwiZmQyMjUwYzA0Mjg4MjBkY2Y1M2I3YTUzZWZjMDBhMDlcIixcIjc5MjgwNWM5Y2E5ZDgyZTQ3MzQ2NDhiZDk5ZGI4Yjk3XCJdfSIsIjE5NGNiYjFmZjk2MzI3MmYxZWM0YjAwMmQyMzk2YzM2Il0=' \/>\n            <input type='hidden' autocomplete='off' class='gform_hidden' name='gform_target_page_number_8' id='gform_target_page_number_8' value='0' \/>\n            <input type='hidden' autocomplete='off' class='gform_hidden' name='gform_source_page_number_8' id='gform_source_page_number_8' value='1' \/>\n            <input type='hidden' name='gform_field_values' value='' \/>\n            \n        <\/div>\n                        <p style=\"display: none !important;\" class=\"akismet-fields-container\" data-prefix=\"ak_\"><label>&#916;<textarea name=\"ak_hp_textarea\" cols=\"45\" rows=\"8\" maxlength=\"100\"><\/textarea><\/label><input type=\"hidden\" id=\"ak_js_1\" name=\"ak_js\" value=\"79\"\/><script>document.getElementById( \"ak_js_1\" ).setAttribute( \"value\", ( new Date() ).getTime() );<\/script><\/p><\/form>\n                        <\/div><script type=\"text\/javascript\">\n\/* <![CDATA[ *\/\n gform.initializeOnLoaded( function() {gformInitSpinner( 8, 'https:\/\/microsites.diocesemontreal.org\/microsites\/synode\/wp-content\/plugins\/gravityforms\/images\/spinner.svg', true );jQuery('#gform_ajax_frame_8').on('load',function(){var contents = jQuery(this).contents().find('*').html();var is_postback = contents.indexOf('GF_AJAX_POSTBACK') >= 0;if(!is_postback){return;}var form_content = jQuery(this).contents().find('#gform_wrapper_8');var is_confirmation = jQuery(this).contents().find('#gform_confirmation_wrapper_8').length > 0;var is_redirect = contents.indexOf('gformRedirect(){') >= 0;var is_form = form_content.length > 0 && ! is_redirect && ! is_confirmation;var mt = parseInt(jQuery('html').css('margin-top'), 10) + parseInt(jQuery('body').css('margin-top'), 10) + 100;if(is_form){jQuery('#gform_wrapper_8').html(form_content.html());if(form_content.hasClass('gform_validation_error')){jQuery('#gform_wrapper_8').addClass('gform_validation_error');} else {jQuery('#gform_wrapper_8').removeClass('gform_validation_error');}setTimeout( function() { \/* delay the scroll by 50 milliseconds to fix a bug in chrome *\/  }, 50 );if(window['gformInitDatepicker']) {gformInitDatepicker();}if(window['gformInitPriceFields']) {gformInitPriceFields();}var current_page = jQuery('#gform_source_page_number_8').val();gformInitSpinner( 8, 'https:\/\/microsites.diocesemontreal.org\/microsites\/synode\/wp-content\/plugins\/gravityforms\/images\/spinner.svg', true );jQuery(document).trigger('gform_page_loaded', [8, current_page]);window['gf_submitting_8'] = false;}else if(!is_redirect){var confirmation_content = jQuery(this).contents().find('.GF_AJAX_POSTBACK').html();if(!confirmation_content){confirmation_content = contents;}jQuery('#gform_wrapper_8').replaceWith(confirmation_content);jQuery(document).trigger('gform_confirmation_loaded', [8]);window['gf_submitting_8'] = false;wp.a11y.speak(jQuery('#gform_confirmation_message_8').text());}else{jQuery('#gform_8').append(contents);if(window['gformRedirect']) {gformRedirect();}}jQuery(document).trigger(\"gform_pre_post_render\", [{ formId: \"8\", currentPage: \"current_page\", abort: function() { this.preventDefault(); } }]);        if (event && event.defaultPrevented) {                return;        }        const gformWrapperDiv = document.getElementById( \"gform_wrapper_8\" );        if ( gformWrapperDiv ) {            const visibilitySpan = document.createElement( \"span\" );            visibilitySpan.id = \"gform_visibility_test_8\";            gformWrapperDiv.insertAdjacentElement( \"afterend\", visibilitySpan );        }        const visibilityTestDiv = document.getElementById( \"gform_visibility_test_8\" );        let postRenderFired = false;        function triggerPostRender() {            if ( postRenderFired ) {                return;            }            postRenderFired = true;            gform.core.triggerPostRenderEvents( 8, current_page );            if ( visibilityTestDiv ) {                visibilityTestDiv.parentNode.removeChild( visibilityTestDiv );            }        }        function debounce( func, wait, immediate ) {            var timeout;            return function() {                var context = this, args = arguments;                var later = function() {                    timeout = null;                    if ( !immediate ) func.apply( context, args );                };                var callNow = immediate && !timeout;                clearTimeout( timeout );                timeout = setTimeout( later, wait );                if ( callNow ) func.apply( context, args );            };        }        const debouncedTriggerPostRender = debounce( function() {            triggerPostRender();        }, 200 );        if ( visibilityTestDiv && visibilityTestDiv.offsetParent === null ) {            const observer = new MutationObserver( ( mutations ) => {                mutations.forEach( ( mutation ) => {                    if ( mutation.type === 'attributes' && visibilityTestDiv.offsetParent !== null ) {                        debouncedTriggerPostRender();                        observer.disconnect();                    }                });            });            observer.observe( document.body, {                attributes: true,                childList: false,                subtree: true,                attributeFilter: [ 'style', 'class' ],            });        } else {            triggerPostRender();        }    } );} ); \n\/* ]]> *\/\n<\/script>\n[\/et_pb_code][\/et_pb_column][\/et_pb_row][\/et_pb_section]<\/p>\n","protected":false},"excerpt":{"rendered":"<p>To become a visitor and a contributor to the synodal and missionary transformation project, is to live the mission by visiting 3 or 4 parishes\/communities\/missions in order to listen and see the steps of progress taken. It will be a revelation to see our Church fill the deficits experienced so that each one finds his [&hellip;]<\/p>\n","protected":false},"author":369,"featured_media":0,"parent":0,"menu_order":0,"comment_status":"closed","ping_status":"closed","template":"","meta":{"_et_pb_use_builder":"on","_et_pb_old_content":"","_et_gb_content_width":"","_monsterinsights_skip_tracking":false,"_monsterinsights_sitenote_active":false,"_monsterinsights_sitenote_note":"","_monsterinsights_sitenote_category":0,"footnotes":""},"class_list":["post-2178","page","type-page","status-publish","hentry"],"yoast_head":"<!-- This site is optimized with the Yoast SEO plugin v26.4 - https:\/\/yoast.com\/wordpress\/plugins\/seo\/ -->\n<title>Become visitor<\/title>\n<meta name=\"robots\" content=\"index, follow, max-snippet:-1, max-image-preview:large, max-video-preview:-1\" \/>\n<link rel=\"canonical\" href=\"https:\/\/microsites.diocesemontreal.org\/microsites\/synode\/become-visitor\/\" \/>\n<meta property=\"og:locale\" content=\"fr_CA\" \/>\n<meta property=\"og:type\" content=\"article\" \/>\n<meta property=\"og:title\" content=\"Become visitor\" \/>\n<meta property=\"og:description\" content=\"To become a visitor and a contributor to the synodal and missionary transformation project, is to live the mission by visiting 3 or 4 parishes\/communities\/missions in order to listen and see the steps of progress taken. It will be a revelation to see our Church fill the deficits experienced so that each one finds his [&hellip;]\" \/>\n<meta property=\"og:url\" content=\"https:\/\/microsites.diocesemontreal.org\/microsites\/synode\/become-visitor\/\" \/>\n<meta property=\"og:site_name\" content=\"Synode\" \/>\n<meta property=\"article:publisher\" content=\"https:\/\/www.facebook.com\/diocesemontreal\" \/>\n<meta property=\"article:modified_time\" content=\"2023-04-18T21:31:31+00:00\" \/>\n<meta name=\"twitter:card\" content=\"summary_large_image\" \/>\n<meta name=\"twitter:site\" content=\"@diocesemontreal\" \/>\n<script type=\"application\/ld+json\" class=\"yoast-schema-graph\">{\"@context\":\"https:\/\/schema.org\",\"@graph\":[{\"@type\":\"WebPage\",\"@id\":\"https:\/\/microsites.diocesemontreal.org\/microsites\/synode\/become-visitor\/\",\"url\":\"https:\/\/microsites.diocesemontreal.org\/microsites\/synode\/become-visitor\/\",\"name\":\"Become visitor\",\"isPartOf\":{\"@id\":\"https:\/\/microsites.diocesemontreal.org\/microsites\/synode\/#website\"},\"datePublished\":\"2023-04-17T18:46:05+00:00\",\"dateModified\":\"2023-04-18T21:31:31+00:00\",\"breadcrumb\":{\"@id\":\"https:\/\/microsites.diocesemontreal.org\/microsites\/synode\/become-visitor\/#breadcrumb\"},\"inLanguage\":\"fr-CA\",\"potentialAction\":[{\"@type\":\"ReadAction\",\"target\":[\"https:\/\/microsites.diocesemontreal.org\/microsites\/synode\/become-visitor\/\"]}]},{\"@type\":\"BreadcrumbList\",\"@id\":\"https:\/\/microsites.diocesemontreal.org\/microsites\/synode\/become-visitor\/#breadcrumb\",\"itemListElement\":[{\"@type\":\"ListItem\",\"position\":1,\"name\":\"Accueil\",\"item\":\"https:\/\/microsites.diocesemontreal.org\/microsites\/synode\/\"},{\"@type\":\"ListItem\",\"position\":2,\"name\":\"Become visitor\"}]},{\"@type\":\"WebSite\",\"@id\":\"https:\/\/microsites.diocesemontreal.org\/microsites\/synode\/#website\",\"url\":\"https:\/\/microsites.diocesemontreal.org\/microsites\/synode\/\",\"name\":\"Synode sur la Synodalit\u00e9\",\"description\":\"Synode sur la synodalit\u00e9\",\"publisher\":{\"@id\":\"https:\/\/microsites.diocesemontreal.org\/microsites\/synode\/#organization\"},\"alternateName\":\"Pour une \u00e9glise Synodale Communion-Participation-Mission\",\"potentialAction\":[{\"@type\":\"SearchAction\",\"target\":{\"@type\":\"EntryPoint\",\"urlTemplate\":\"https:\/\/microsites.diocesemontreal.org\/microsites\/synode\/?s={search_term_string}\"},\"query-input\":{\"@type\":\"PropertyValueSpecification\",\"valueRequired\":true,\"valueName\":\"search_term_string\"}}],\"inLanguage\":\"fr-CA\"},{\"@type\":\"Organization\",\"@id\":\"https:\/\/microsites.diocesemontreal.org\/microsites\/synode\/#organization\",\"name\":\"Archev\u00each\u00e9 de Montr\u00e9al\",\"alternateName\":\"Archev\u00each\u00e9 de Montr\u00e9al\",\"url\":\"https:\/\/microsites.diocesemontreal.org\/microsites\/synode\/\",\"logo\":{\"@type\":\"ImageObject\",\"inLanguage\":\"fr-CA\",\"@id\":\"https:\/\/microsites.diocesemontreal.org\/microsites\/synode\/#\/schema\/logo\/image\/\",\"url\":\"https:\/\/microsites.diocesemontreal.org\/microsites\/synode\/wp-content\/uploads\/sites\/50\/2022\/05\/Eglise_catholique_Mtl_horizontal_FR_RGB.png\",\"contentUrl\":\"https:\/\/microsites.diocesemontreal.org\/microsites\/synode\/wp-content\/uploads\/sites\/50\/2022\/05\/Eglise_catholique_Mtl_horizontal_FR_RGB.png\",\"width\":2634,\"height\":720,\"caption\":\"Archev\u00each\u00e9 de Montr\u00e9al\"},\"image\":{\"@id\":\"https:\/\/microsites.diocesemontreal.org\/microsites\/synode\/#\/schema\/logo\/image\/\"},\"sameAs\":[\"https:\/\/www.facebook.com\/diocesemontreal\",\"https:\/\/x.com\/diocesemontreal\",\"https:\/\/www.instagram.com\/diocesemontreal\/\",\"https:\/\/www.youtube.com\/user\/diocesemtl\"]}]}<\/script>\n<!-- \/ Yoast SEO plugin. -->","yoast_head_json":{"title":"Become visitor","robots":{"index":"index","follow":"follow","max-snippet":"max-snippet:-1","max-image-preview":"max-image-preview:large","max-video-preview":"max-video-preview:-1"},"canonical":"https:\/\/microsites.diocesemontreal.org\/microsites\/synode\/become-visitor\/","og_locale":"fr_CA","og_type":"article","og_title":"Become visitor","og_description":"To become a visitor and a contributor to the synodal and missionary transformation project, is to live the mission by visiting 3 or 4 parishes\/communities\/missions in order to listen and see the steps of progress taken. It will be a revelation to see our Church fill the deficits experienced so that each one finds his [&hellip;]","og_url":"https:\/\/microsites.diocesemontreal.org\/microsites\/synode\/become-visitor\/","og_site_name":"Synode","article_publisher":"https:\/\/www.facebook.com\/diocesemontreal","article_modified_time":"2023-04-18T21:31:31+00:00","twitter_card":"summary_large_image","twitter_site":"@diocesemontreal","schema":{"@context":"https:\/\/schema.org","@graph":[{"@type":"WebPage","@id":"https:\/\/microsites.diocesemontreal.org\/microsites\/synode\/become-visitor\/","url":"https:\/\/microsites.diocesemontreal.org\/microsites\/synode\/become-visitor\/","name":"Become visitor","isPartOf":{"@id":"https:\/\/microsites.diocesemontreal.org\/microsites\/synode\/#website"},"datePublished":"2023-04-17T18:46:05+00:00","dateModified":"2023-04-18T21:31:31+00:00","breadcrumb":{"@id":"https:\/\/microsites.diocesemontreal.org\/microsites\/synode\/become-visitor\/#breadcrumb"},"inLanguage":"fr-CA","potentialAction":[{"@type":"ReadAction","target":["https:\/\/microsites.diocesemontreal.org\/microsites\/synode\/become-visitor\/"]}]},{"@type":"BreadcrumbList","@id":"https:\/\/microsites.diocesemontreal.org\/microsites\/synode\/become-visitor\/#breadcrumb","itemListElement":[{"@type":"ListItem","position":1,"name":"Accueil","item":"https:\/\/microsites.diocesemontreal.org\/microsites\/synode\/"},{"@type":"ListItem","position":2,"name":"Become visitor"}]},{"@type":"WebSite","@id":"https:\/\/microsites.diocesemontreal.org\/microsites\/synode\/#website","url":"https:\/\/microsites.diocesemontreal.org\/microsites\/synode\/","name":"Synode sur la Synodalit\u00e9","description":"Synode sur la synodalit\u00e9","publisher":{"@id":"https:\/\/microsites.diocesemontreal.org\/microsites\/synode\/#organization"},"alternateName":"Pour une \u00e9glise Synodale Communion-Participation-Mission","potentialAction":[{"@type":"SearchAction","target":{"@type":"EntryPoint","urlTemplate":"https:\/\/microsites.diocesemontreal.org\/microsites\/synode\/?s={search_term_string}"},"query-input":{"@type":"PropertyValueSpecification","valueRequired":true,"valueName":"search_term_string"}}],"inLanguage":"fr-CA"},{"@type":"Organization","@id":"https:\/\/microsites.diocesemontreal.org\/microsites\/synode\/#organization","name":"Archev\u00each\u00e9 de Montr\u00e9al","alternateName":"Archev\u00each\u00e9 de Montr\u00e9al","url":"https:\/\/microsites.diocesemontreal.org\/microsites\/synode\/","logo":{"@type":"ImageObject","inLanguage":"fr-CA","@id":"https:\/\/microsites.diocesemontreal.org\/microsites\/synode\/#\/schema\/logo\/image\/","url":"https:\/\/microsites.diocesemontreal.org\/microsites\/synode\/wp-content\/uploads\/sites\/50\/2022\/05\/Eglise_catholique_Mtl_horizontal_FR_RGB.png","contentUrl":"https:\/\/microsites.diocesemontreal.org\/microsites\/synode\/wp-content\/uploads\/sites\/50\/2022\/05\/Eglise_catholique_Mtl_horizontal_FR_RGB.png","width":2634,"height":720,"caption":"Archev\u00each\u00e9 de Montr\u00e9al"},"image":{"@id":"https:\/\/microsites.diocesemontreal.org\/microsites\/synode\/#\/schema\/logo\/image\/"},"sameAs":["https:\/\/www.facebook.com\/diocesemontreal","https:\/\/x.com\/diocesemontreal","https:\/\/www.instagram.com\/diocesemontreal\/","https:\/\/www.youtube.com\/user\/diocesemtl"]}]}},"_links":{"self":[{"href":"https:\/\/microsites.diocesemontreal.org\/microsites\/synode\/wp-json\/wp\/v2\/pages\/2178","targetHints":{"allow":["GET"]}}],"collection":[{"href":"https:\/\/microsites.diocesemontreal.org\/microsites\/synode\/wp-json\/wp\/v2\/pages"}],"about":[{"href":"https:\/\/microsites.diocesemontreal.org\/microsites\/synode\/wp-json\/wp\/v2\/types\/page"}],"author":[{"embeddable":true,"href":"https:\/\/microsites.diocesemontreal.org\/microsites\/synode\/wp-json\/wp\/v2\/users\/369"}],"replies":[{"embeddable":true,"href":"https:\/\/microsites.diocesemontreal.org\/microsites\/synode\/wp-json\/wp\/v2\/comments?post=2178"}],"version-history":[{"count":8,"href":"https:\/\/microsites.diocesemontreal.org\/microsites\/synode\/wp-json\/wp\/v2\/pages\/2178\/revisions"}],"predecessor-version":[{"id":2238,"href":"https:\/\/microsites.diocesemontreal.org\/microsites\/synode\/wp-json\/wp\/v2\/pages\/2178\/revisions\/2238"}],"wp:attachment":[{"href":"https:\/\/microsites.diocesemontreal.org\/microsites\/synode\/wp-json\/wp\/v2\/media?parent=2178"}],"curies":[{"name":"wp","href":"https:\/\/api.w.org\/{rel}","templated":true}]}}