{"id":2272,"date":"2023-05-12T09:40:31","date_gmt":"2023-05-12T13:40:31","guid":{"rendered":"https:\/\/microsites.diocesemontreal.org\/microsites\/synode\/?page_id=2272"},"modified":"2023-05-15T19:33:48","modified_gmt":"2023-05-15T23:33:48","slug":"missionary-toolbox","status":"publish","type":"page","link":"https:\/\/microsites.diocesemontreal.org\/microsites\/synode\/toolbox\/missionary-toolbox\/","title":{"rendered":"Missionary Toolbox"},"content":{"rendered":"<p>[et_pb_section fb_built=\u00a0\u00bb1&Prime; disabled_on=\u00a0\u00bbon|off|off\u00a0\u00bb admin_label=\u00a0\u00bbSection\u00a0\u00bb _builder_version=\u00a0\u00bb4.16&Prime; _module_preset=\u00a0\u00bbdefault\u00a0\u00bb background_color=\u00a0\u00bb#ffffff\u00a0\u00bb background_image=\u00a0\u00bbhttps:\/\/microsites.diocesemontreal.org\/microsites\/synode\/wp-content\/uploads\/sites\/50\/2021\/10\/fond-video.png\u00a0\u00bb background_blend=\u00a0\u00bbhard-light\u00a0\u00bb custom_margin=\u00a0\u00bb-60px|||||\u00a0\u00bb top_divider_color=\u00a0\u00bb#F9ED7F\u00a0\u00bb top_divider_height=\u00a0\u00bb98px\u00a0\u00bb top_divider_repeat=\u00a0\u00bb1x\u00a0\u00bb saved_tabs=\u00a0\u00bball\u00a0\u00bb locked=\u00a0\u00bboff\u00a0\u00bb global_colors_info=\u00a0\u00bb{}\u00a0\u00bb][et_pb_row _builder_version=\u00a0\u00bb4.16&Prime; _module_preset=\u00a0\u00bbdefault\u00a0\u00bb global_colors_info=\u00a0\u00bb{}\u00a0\u00bb][et_pb_column type=\u00a0\u00bb4_4&Prime; _builder_version=\u00a0\u00bb4.16&Prime; _module_preset=\u00a0\u00bbdefault\u00a0\u00bb global_colors_info=\u00a0\u00bb{}\u00a0\u00bb][\/et_pb_column][\/et_pb_row][et_pb_row _builder_version=\u00a0\u00bb4.16&Prime; _module_preset=\u00a0\u00bbdefault\u00a0\u00bb global_colors_info=\u00a0\u00bb{}\u00a0\u00bb][et_pb_column type=\u00a0\u00bb4_4&Prime; _builder_version=\u00a0\u00bb4.16&Prime; _module_preset=\u00a0\u00bbdefault\u00a0\u00bb global_colors_info=\u00a0\u00bb{}\u00a0\u00bb][et_pb_text _builder_version=\u00a0\u00bb4.18.0&Prime; _module_preset=\u00a0\u00bbdefault\u00a0\u00bb text_font=\u00a0\u00bbSchoolbell||||||||\u00a0\u00bb text_text_color=\u00a0\u00bb#BCCB41&Prime; text_font_size=\u00a0\u00bb45px\u00a0\u00bb header_font=\u00a0\u00bbSchoolbell||||||||\u00a0\u00bb header_text_align=\u00a0\u00bbleft\u00a0\u00bb header_text_color=\u00a0\u00bb#A42946&Prime; header_font_size=\u00a0\u00bb59px\u00a0\u00bb header_line_height=\u00a0\u00bb1.2em\u00a0\u00bb custom_margin=\u00a0\u00bb-20px|||||\u00a0\u00bb custom_padding=\u00a0\u00bb0px|||||\u00a0\u00bb locked=\u00a0\u00bboff\u00a0\u00bb global_colors_info=\u00a0\u00bb{}\u00a0\u00bb]<\/p>\n<h1 style=\"text-align: center\"><strong>Resources to assist us in the diocesan missionary journey<\/strong><\/h1>\n<p>[\/et_pb_text][\/et_pb_column][\/et_pb_row][et_pb_row _builder_version=\u00a0\u00bb4.16&Prime; _module_preset=\u00a0\u00bbdefault\u00a0\u00bb locked=\u00a0\u00bboff\u00a0\u00bb global_colors_info=\u00a0\u00bb{}\u00a0\u00bb][et_pb_column type=\u00a0\u00bb4_4&Prime; _builder_version=\u00a0\u00bb4.16&Prime; _module_preset=\u00a0\u00bbdefault\u00a0\u00bb global_colors_info=\u00a0\u00bb{}\u00a0\u00bb][et_pb_text _builder_version=\u00a0\u00bb4.18.0&Prime; _module_preset=\u00a0\u00bbdefault\u00a0\u00bb text_font=\u00a0\u00bbCardo|700|||||||\u00a0\u00bb text_text_color=\u00a0\u00bb#000000&Prime; text_font_size=\u00a0\u00bb19px\u00a0\u00bb hover_enabled=\u00a0\u00bb0&Prime; global_colors_info=\u00a0\u00bb{}\u00a0\u00bb sticky_enabled=\u00a0\u00bb0&Prime;]<\/p>\n<p><span>As our work continues, in a synodal manner, on the Missionary Transformation Project begun in 2018, we offer you some resources that focus upon the Church&rsquo;s mission, its rationale and its scope.\u00a0<\/span><span class=\"ContentPasted1\">\u00a0We hope they will contribute to the fruitfulness of your discussions.<\/span><\/p>\n<p><em>As a reminder, the synod questions and the proposed structure for synodal meetings are included in the <a href=\"https:\/\/diocesemontreal.org\/sites\/default\/files\/ressources\/2021-11\/Diocesan-Handbook-Synod-2021-2023.pdf?_ga=2.127509261.1803699004.1646624025-518696514.1633361116\">Diocesan Handbook<\/a>.<\/em><\/p>\n<p>&nbsp;<\/p>\n<\/p>\n<p>[\/et_pb_text][\/et_pb_column][\/et_pb_row][et_pb_row _builder_version=\u00a0\u00bb4.16&Prime; _module_preset=\u00a0\u00bbdefault\u00a0\u00bb global_colors_info=\u00a0\u00bb{}\u00a0\u00bb][et_pb_column type=\u00a0\u00bb4_4&Prime; _builder_version=\u00a0\u00bb4.16&Prime; _module_preset=\u00a0\u00bbdefault\u00a0\u00bb global_colors_info=\u00a0\u00bb{}\u00a0\u00bb][et_pb_accordion module_class=\u00a0\u00bbcustom-accordion\u00a0\u00bb _builder_version=\u00a0\u00bb4.18.0&Prime; _module_preset=\u00a0\u00bbdefault\u00a0\u00bb toggle_font=\u00a0\u00bbCardo|700|||||||\u00a0\u00bb toggle_font_size=\u00a0\u00bb17px\u00a0\u00bb toggle_line_height=\u00a0\u00bb1.2em\u00a0\u00bb closed_toggle_font_size=\u00a0\u00bb21px\u00a0\u00bb body_font=\u00a0\u00bb|600|||||||\u00a0\u00bb body_text_color=\u00a0\u00bb#000000&Prime; body_font_size=\u00a0\u00bb17px\u00a0\u00bb custom_css_after=\u00a0\u00bb.et_pb_accordion.custom-accordion:before {||  \tposition: relative;||}||||.et_pb_accordion.custom-accordion:before {||    content: \u00a0\u00bb;||    width: 1px;||    height: 100%;||    background-color: #a42946;||    position: absolute;||    top: 0;||    left: 0;||}||||.et_pb_accordion.custom-accordion.et_pb_text_align_right:before {||    right: 0;||    left: auto;||}||||.et_pb_accordion.custom-accordion .et_pb_toggle {||    margin: 0;||    padding: 0;||    border: none;||    background-color: transparent;||}||||.et_pb_accordion.custom-accordion.et_pb_text_align_right .et_pb_toggle {||    text-align: right;||}||||.et_pb_accordion.custom-accordion .et_pb_toggle .et_pb_toggle_title {||    color: #a42946;||    padding: 15px 0 15px 65px;||    -webkit-transition: all .5s ease;||       -moz-transition: all .5s ease;||        -ms-transition: all .5s ease;||         -o-transition: all .5s ease;||            transition: all .5s ease;||}||||.et_pb_accordion.custom-accordion.et_pb_text_align_right .et_pb_toggle .et_pb_toggle_title {||    padding: 15px 65px 15px 0;||}||||.et_pb_accordion.custom-accordion .et_pb_toggle .et_pb_toggle_title:before {||    overflow: hidden;||    border-radius: 50%;||    background-color: #FFF;||    border: 1px solid #a42946;||    color: transparent;||    left: -9px;||    right: auto;||}||||.et_pb_accordion.custom-accordion.et_pb_text_align_right .et_pb_toggle .et_pb_toggle_title:before {||    left: auto;||    right: 0;||}||||.et_pb_accordion.custom-accordion .et_pb_toggle .et_pb_toggle_title:hover {||    color: #a42946;||}||||.et_pb_accordion.custom-accordion .et_pb_toggle.et_pb_toggle_open .et_pb_toggle_title {||    font-size: 30px;||    font-weight: bold;||    color: #a42946 !important;||}||||.et_pb_accordion.custom-accordion .et_pb_toggle.et_pb_toggle_open .et_pb_toggle_title:before {||    display: block;||    padding: 5px;||    margin: -15px 0 0 -14px;||    color: #FFF;||  ||    background-color: #a42946;||    left: 0;||    right: auto;||    -webkit-transform: scale(3);||       -moz-transform: scale(3);||        -ms-transform: scale(3);||         -o-transform: scale(3);||            transform: scale(3);||    -webkit-transition: all .5s ease;||       -moz-transition: all .5s ease;||        -ms-transition: all .5s ease;||         -o-transition: all .5s ease;||            transition: all .5s ease;||}||||.et_pb_accordion.custom-accordion.et_pb_text_align_right .et_pb_toggle.et_pb_toggle_open .et_pb_toggle_title:before {||    margin: -15px -14px 0 0;||    left: auto;||    right: 0;||}||||.et_pb_accordion.custom-accordion .et_pb_toggle .et_pb_toggle_content {||    padding: 0 0 15px 65px;||}||||.et_pb_accordion.custom-accordion.et_pb_text_align_right .et_pb_toggle .et_pb_toggle_content {||    padding: 0 65px 15px 0;||||||\u00a0\u00bb global_colors_info=\u00a0\u00bb{}\u00a0\u00bb custom_css_toggle_content__hover_enabled=\u00a0\u00bbon|desktop\u00a0\u00bb][et_pb_accordion_item title=\u00a0\u00bb1.\tThe facilitation document\u00a0\u00bb open=\u00a0\u00bbon\u00a0\u00bb _builder_version=\u00a0\u00bb4.18.0&Prime; _module_preset=\u00a0\u00bbdefault\u00a0\u00bb body_font=\u00a0\u00bbCardo||||||||\u00a0\u00bb body_font_size=\u00a0\u00bb19px\u00a0\u00bb link_option_url_new_window=\u00a0\u00bbon\u00a0\u00bb global_colors_info=\u00a0\u00bb{}\u00a0\u00bb toggle_level=\u00a0\u00bbh3&Prime; toggle_font=\u00a0\u00bbCardo|700|||||||\u00a0\u00bb closed_toggle_font=\u00a0\u00bbCardo||||||||\u00a0\u00bb closed_toggle_font_size=\u00a0\u00bb19px\u00a0\u00bb]<\/p>\n<p><span>This facilitation document will allow you to begin, with your community or group, a reflection that could lead to missionary initiatives in your milieu, thus offering a Church presence in known or new areas. Your approach is all the more important since it will also be a beacon that will feed the diocesan missionary orientations to come. This approach is flexible and easily adaptable to the profile of your community and to the type of animation desired.<\/span><\/p>\n<p><a href=\"https:\/\/microsites.diocesemontreal.org\/microsites\/synode\/wp-content\/uploads\/sites\/50\/2023\/05\/CCM_Synod_February2023_Proposed-process_ENG-V2.pdf\" target=\"_blank\" rel=\"noopener\" title=\"Facilitation Document\"><span>Download the facilitation document<\/span><\/a><\/p>\n<p>[\/et_pb_accordion_item][et_pb_accordion_item title=\u00a0\u00bb2.\tThe reference document\u00a0\u00bb _builder_version=\u00a0\u00bb4.18.0&Prime; _module_preset=\u00a0\u00bbdefault\u00a0\u00bb body_font=\u00a0\u00bbCardo||||||||\u00a0\u00bb body_font_size=\u00a0\u00bb19px\u00a0\u00bb global_colors_info=\u00a0\u00bb{}\u00a0\u00bb closed_toggle_font=\u00a0\u00bbCardo||||||||\u00a0\u00bb closed_toggle_font_size=\u00a0\u00bb19px\u00a0\u00bb open=\u00a0\u00bboff\u00a0\u00bb]<\/p>\n<p>The mission of the church as a whole defines its reason for being, its DNA (unique and enduring). The mission defines why and for whom the church was created: its fundamental purposes, the core of its activities. This document is based on all the synodal contributions that have highlighted missionary actions.\u00a0<\/p>\n<p><a href=\"https:\/\/microsites.diocesemontreal.org\/microsites\/synode\/wp-content\/uploads\/sites\/50\/2023\/05\/ECM_Synod_22.02.2023_Reference_Document_V2.1.pdf\" target=\"_blank\" rel=\"noopener\" title=\"The Reference Document\">Download the reference document<\/a><\/p>\n<p>[\/et_pb_accordion_item][\/et_pb_accordion][\/et_pb_column][\/et_pb_row][\/et_pb_section]<\/p>\n","protected":false},"excerpt":{"rendered":"<p>Resources to assist us in the diocesan missionary journeyAs our work continues, in a synodal manner, on the Missionary Transformation Project begun in 2018, we offer you some resources that focus upon the Church&rsquo;s mission, its rationale and its scope.\u00a0\u00a0We hope they will contribute to the fruitfulness of your discussions. As a reminder, the synod [&hellip;]<\/p>\n","protected":false},"author":369,"featured_media":0,"parent":812,"menu_order":0,"comment_status":"closed","ping_status":"closed","template":"","meta":{"_et_pb_use_builder":"on","_et_pb_old_content":"","_et_gb_content_width":"","_monsterinsights_skip_tracking":false,"_monsterinsights_sitenote_active":false,"_monsterinsights_sitenote_note":"","_monsterinsights_sitenote_category":0,"footnotes":""},"class_list":["post-2272","page","type-page","status-publish","hentry"],"yoast_head":"<!-- This site is optimized with the Yoast SEO plugin v26.4 - https:\/\/yoast.com\/wordpress\/plugins\/seo\/ -->\n<title>Missionary Toolbox<\/title>\n<meta name=\"robots\" content=\"index, follow, max-snippet:-1, max-image-preview:large, max-video-preview:-1\" \/>\n<link rel=\"canonical\" href=\"https:\/\/microsites.diocesemontreal.org\/microsites\/synode\/toolbox\/missionary-toolbox\/\" \/>\n<meta property=\"og:locale\" content=\"fr_CA\" \/>\n<meta property=\"og:type\" content=\"article\" \/>\n<meta property=\"og:title\" content=\"Missionary Toolbox\" \/>\n<meta property=\"og:description\" content=\"Resources to assist us in the diocesan missionary journeyAs our work continues, in a synodal manner, on the Missionary Transformation Project begun in 2018, we offer you some resources that focus upon the Church&#039;s mission, its rationale and its scope.\u00a0\u00a0We hope they will contribute to the fruitfulness of your discussions. As a reminder, the synod [&hellip;]\" \/>\n<meta property=\"og:url\" content=\"https:\/\/microsites.diocesemontreal.org\/microsites\/synode\/toolbox\/missionary-toolbox\/\" \/>\n<meta property=\"og:site_name\" content=\"Synode\" \/>\n<meta property=\"article:publisher\" content=\"https:\/\/www.facebook.com\/diocesemontreal\" \/>\n<meta property=\"article:modified_time\" content=\"2023-05-15T23:33:48+00:00\" \/>\n<meta name=\"twitter:card\" content=\"summary_large_image\" \/>\n<meta name=\"twitter:site\" content=\"@diocesemontreal\" \/>\n<script type=\"application\/ld+json\" class=\"yoast-schema-graph\">{\"@context\":\"https:\/\/schema.org\",\"@graph\":[{\"@type\":\"WebPage\",\"@id\":\"https:\/\/microsites.diocesemontreal.org\/microsites\/synode\/toolbox\/missionary-toolbox\/\",\"url\":\"https:\/\/microsites.diocesemontreal.org\/microsites\/synode\/toolbox\/missionary-toolbox\/\",\"name\":\"Missionary Toolbox\",\"isPartOf\":{\"@id\":\"https:\/\/microsites.diocesemontreal.org\/microsites\/synode\/#website\"},\"datePublished\":\"2023-05-12T13:40:31+00:00\",\"dateModified\":\"2023-05-15T23:33:48+00:00\",\"breadcrumb\":{\"@id\":\"https:\/\/microsites.diocesemontreal.org\/microsites\/synode\/toolbox\/missionary-toolbox\/#breadcrumb\"},\"inLanguage\":\"fr-CA\",\"potentialAction\":[{\"@type\":\"ReadAction\",\"target\":[\"https:\/\/microsites.diocesemontreal.org\/microsites\/synode\/toolbox\/missionary-toolbox\/\"]}]},{\"@type\":\"BreadcrumbList\",\"@id\":\"https:\/\/microsites.diocesemontreal.org\/microsites\/synode\/toolbox\/missionary-toolbox\/#breadcrumb\",\"itemListElement\":[{\"@type\":\"ListItem\",\"position\":1,\"name\":\"Accueil\",\"item\":\"https:\/\/microsites.diocesemontreal.org\/microsites\/synode\/\"},{\"@type\":\"ListItem\",\"position\":2,\"name\":\"Toolbox\",\"item\":\"https:\/\/microsites.diocesemontreal.org\/microsites\/synode\/toolbox\/\"},{\"@type\":\"ListItem\",\"position\":3,\"name\":\"Missionary Toolbox\"}]},{\"@type\":\"WebSite\",\"@id\":\"https:\/\/microsites.diocesemontreal.org\/microsites\/synode\/#website\",\"url\":\"https:\/\/microsites.diocesemontreal.org\/microsites\/synode\/\",\"name\":\"Synode sur la Synodalit\u00e9\",\"description\":\"Synode sur la synodalit\u00e9\",\"publisher\":{\"@id\":\"https:\/\/microsites.diocesemontreal.org\/microsites\/synode\/#organization\"},\"alternateName\":\"Pour une \u00e9glise Synodale Communion-Participation-Mission\",\"potentialAction\":[{\"@type\":\"SearchAction\",\"target\":{\"@type\":\"EntryPoint\",\"urlTemplate\":\"https:\/\/microsites.diocesemontreal.org\/microsites\/synode\/?s={search_term_string}\"},\"query-input\":{\"@type\":\"PropertyValueSpecification\",\"valueRequired\":true,\"valueName\":\"search_term_string\"}}],\"inLanguage\":\"fr-CA\"},{\"@type\":\"Organization\",\"@id\":\"https:\/\/microsites.diocesemontreal.org\/microsites\/synode\/#organization\",\"name\":\"Archev\u00each\u00e9 de Montr\u00e9al\",\"alternateName\":\"Archev\u00each\u00e9 de Montr\u00e9al\",\"url\":\"https:\/\/microsites.diocesemontreal.org\/microsites\/synode\/\",\"logo\":{\"@type\":\"ImageObject\",\"inLanguage\":\"fr-CA\",\"@id\":\"https:\/\/microsites.diocesemontreal.org\/microsites\/synode\/#\/schema\/logo\/image\/\",\"url\":\"https:\/\/microsites.diocesemontreal.org\/microsites\/synode\/wp-content\/uploads\/sites\/50\/2022\/05\/Eglise_catholique_Mtl_horizontal_FR_RGB.png\",\"contentUrl\":\"https:\/\/microsites.diocesemontreal.org\/microsites\/synode\/wp-content\/uploads\/sites\/50\/2022\/05\/Eglise_catholique_Mtl_horizontal_FR_RGB.png\",\"width\":2634,\"height\":720,\"caption\":\"Archev\u00each\u00e9 de Montr\u00e9al\"},\"image\":{\"@id\":\"https:\/\/microsites.diocesemontreal.org\/microsites\/synode\/#\/schema\/logo\/image\/\"},\"sameAs\":[\"https:\/\/www.facebook.com\/diocesemontreal\",\"https:\/\/x.com\/diocesemontreal\",\"https:\/\/www.instagram.com\/diocesemontreal\/\",\"https:\/\/www.youtube.com\/user\/diocesemtl\"]}]}<\/script>\n<!-- \/ Yoast SEO plugin. -->","yoast_head_json":{"title":"Missionary Toolbox","robots":{"index":"index","follow":"follow","max-snippet":"max-snippet:-1","max-image-preview":"max-image-preview:large","max-video-preview":"max-video-preview:-1"},"canonical":"https:\/\/microsites.diocesemontreal.org\/microsites\/synode\/toolbox\/missionary-toolbox\/","og_locale":"fr_CA","og_type":"article","og_title":"Missionary Toolbox","og_description":"Resources to assist us in the diocesan missionary journeyAs our work continues, in a synodal manner, on the Missionary Transformation Project begun in 2018, we offer you some resources that focus upon the Church's mission, its rationale and its scope.\u00a0\u00a0We hope they will contribute to the fruitfulness of your discussions. As a reminder, the synod [&hellip;]","og_url":"https:\/\/microsites.diocesemontreal.org\/microsites\/synode\/toolbox\/missionary-toolbox\/","og_site_name":"Synode","article_publisher":"https:\/\/www.facebook.com\/diocesemontreal","article_modified_time":"2023-05-15T23:33:48+00:00","twitter_card":"summary_large_image","twitter_site":"@diocesemontreal","schema":{"@context":"https:\/\/schema.org","@graph":[{"@type":"WebPage","@id":"https:\/\/microsites.diocesemontreal.org\/microsites\/synode\/toolbox\/missionary-toolbox\/","url":"https:\/\/microsites.diocesemontreal.org\/microsites\/synode\/toolbox\/missionary-toolbox\/","name":"Missionary Toolbox","isPartOf":{"@id":"https:\/\/microsites.diocesemontreal.org\/microsites\/synode\/#website"},"datePublished":"2023-05-12T13:40:31+00:00","dateModified":"2023-05-15T23:33:48+00:00","breadcrumb":{"@id":"https:\/\/microsites.diocesemontreal.org\/microsites\/synode\/toolbox\/missionary-toolbox\/#breadcrumb"},"inLanguage":"fr-CA","potentialAction":[{"@type":"ReadAction","target":["https:\/\/microsites.diocesemontreal.org\/microsites\/synode\/toolbox\/missionary-toolbox\/"]}]},{"@type":"BreadcrumbList","@id":"https:\/\/microsites.diocesemontreal.org\/microsites\/synode\/toolbox\/missionary-toolbox\/#breadcrumb","itemListElement":[{"@type":"ListItem","position":1,"name":"Accueil","item":"https:\/\/microsites.diocesemontreal.org\/microsites\/synode\/"},{"@type":"ListItem","position":2,"name":"Toolbox","item":"https:\/\/microsites.diocesemontreal.org\/microsites\/synode\/toolbox\/"},{"@type":"ListItem","position":3,"name":"Missionary Toolbox"}]},{"@type":"WebSite","@id":"https:\/\/microsites.diocesemontreal.org\/microsites\/synode\/#website","url":"https:\/\/microsites.diocesemontreal.org\/microsites\/synode\/","name":"Synode sur la Synodalit\u00e9","description":"Synode sur la synodalit\u00e9","publisher":{"@id":"https:\/\/microsites.diocesemontreal.org\/microsites\/synode\/#organization"},"alternateName":"Pour une \u00e9glise Synodale Communion-Participation-Mission","potentialAction":[{"@type":"SearchAction","target":{"@type":"EntryPoint","urlTemplate":"https:\/\/microsites.diocesemontreal.org\/microsites\/synode\/?s={search_term_string}"},"query-input":{"@type":"PropertyValueSpecification","valueRequired":true,"valueName":"search_term_string"}}],"inLanguage":"fr-CA"},{"@type":"Organization","@id":"https:\/\/microsites.diocesemontreal.org\/microsites\/synode\/#organization","name":"Archev\u00each\u00e9 de Montr\u00e9al","alternateName":"Archev\u00each\u00e9 de Montr\u00e9al","url":"https:\/\/microsites.diocesemontreal.org\/microsites\/synode\/","logo":{"@type":"ImageObject","inLanguage":"fr-CA","@id":"https:\/\/microsites.diocesemontreal.org\/microsites\/synode\/#\/schema\/logo\/image\/","url":"https:\/\/microsites.diocesemontreal.org\/microsites\/synode\/wp-content\/uploads\/sites\/50\/2022\/05\/Eglise_catholique_Mtl_horizontal_FR_RGB.png","contentUrl":"https:\/\/microsites.diocesemontreal.org\/microsites\/synode\/wp-content\/uploads\/sites\/50\/2022\/05\/Eglise_catholique_Mtl_horizontal_FR_RGB.png","width":2634,"height":720,"caption":"Archev\u00each\u00e9 de Montr\u00e9al"},"image":{"@id":"https:\/\/microsites.diocesemontreal.org\/microsites\/synode\/#\/schema\/logo\/image\/"},"sameAs":["https:\/\/www.facebook.com\/diocesemontreal","https:\/\/x.com\/diocesemontreal","https:\/\/www.instagram.com\/diocesemontreal\/","https:\/\/www.youtube.com\/user\/diocesemtl"]}]}},"_links":{"self":[{"href":"https:\/\/microsites.diocesemontreal.org\/microsites\/synode\/wp-json\/wp\/v2\/pages\/2272","targetHints":{"allow":["GET"]}}],"collection":[{"href":"https:\/\/microsites.diocesemontreal.org\/microsites\/synode\/wp-json\/wp\/v2\/pages"}],"about":[{"href":"https:\/\/microsites.diocesemontreal.org\/microsites\/synode\/wp-json\/wp\/v2\/types\/page"}],"author":[{"embeddable":true,"href":"https:\/\/microsites.diocesemontreal.org\/microsites\/synode\/wp-json\/wp\/v2\/users\/369"}],"replies":[{"embeddable":true,"href":"https:\/\/microsites.diocesemontreal.org\/microsites\/synode\/wp-json\/wp\/v2\/comments?post=2272"}],"version-history":[{"count":8,"href":"https:\/\/microsites.diocesemontreal.org\/microsites\/synode\/wp-json\/wp\/v2\/pages\/2272\/revisions"}],"predecessor-version":[{"id":2316,"href":"https:\/\/microsites.diocesemontreal.org\/microsites\/synode\/wp-json\/wp\/v2\/pages\/2272\/revisions\/2316"}],"up":[{"embeddable":true,"href":"https:\/\/microsites.diocesemontreal.org\/microsites\/synode\/wp-json\/wp\/v2\/pages\/812"}],"wp:attachment":[{"href":"https:\/\/microsites.diocesemontreal.org\/microsites\/synode\/wp-json\/wp\/v2\/media?parent=2272"}],"curies":[{"name":"wp","href":"https:\/\/api.w.org\/{rel}","templated":true}]}}